{"id":9685,"date":"2021-03-31T10:23:19","date_gmt":"2021-03-31T08:32:52","guid":{"rendered":"https:\/\/www.arteartesania.com\/?post_type=product&#038;p=9685"},"modified":"2021-08-28T12:34:53","modified_gmt":"2021-08-28T10:34:53","slug":"silver-ebony-and-mother-of-pearl-cufflinks-and-tie-clips-set","status":"publish","type":"product","link":"https:\/\/www.arteartesania.com\/en\/product\/silver-ebony-and-mother-of-pearl-cufflinks-and-tie-clips-set\/","title":{"rendered":"Silver, ebony and mother-of-pearl cufflinks and tie clips set"},"content":{"rendered":"<p style=\"text-align: center\">Silver, ebony and mother-of-pearl cufflinks and tie clips set<\/p>\n<p style=\"text-align: center\">Pieces worked in sterling silver with ebony and mother-of-pearl inlays.<\/p>\n<p style=\"text-align: center\">Handmade by <a href=\"https:\/\/www.arteartesania.com\/en\/artists\/carlos-tellechea\/\">Carlos Tellechea<\/a>.<\/p>\n<p style=\"text-align: center\">\n","protected":false},"excerpt":{"rendered":"<p>PIECE: Cufflinks and tie clips<br \/>\nMATERIALS: 925 sterling silver, ebony and mother-of-pearl<br \/>\nAUTHOR: Carlos Tellechea<\/p>\n<p>TIE CLIP<br \/>\nSIZE: 1 x1 x 0.4cm front box, 5.7cm pin<br \/>\nWEIGHT: 7.7g<\/p>\n<p>CUFFLINKS<br \/>\nSIZE: front 1 x1 x 0.4cm, pin 1.3cm<br \/>\nWEIGHT: 4.1g per twin<\/p>\n","protected":false},"featured_media":11150,"comment_status":"closed","ping_status":"closed","template":"","meta":{"_acf_changed":false,"inline_featured_image":false},"product_cat":[129,128,110,114],"product_tag":[588],"class_list":{"0":"post-9685","1":"product","2":"type-product","3":"status-publish","4":"has-post-thumbnail","6":"product_cat-artists","7":"product_cat-carlostellechea","8":"product_cat-jewelry","9":"product_cat-men","10":"product_tag-carlostellechea-arteartesania-soller-mallorca-confinamiento-en","12":"first","13":"instock","14":"shipping-taxable","15":"purchasable","16":"product-type-simple"},"acf":[],"yoast_head":"<!-- This site is optimized with the Yoast SEO plugin v23.6 - https:\/\/yoast.com\/wordpress\/plugins\/seo\/ -->\n<title>Silver, ebony and mother-of-pearl cufflinks and tie clips set - Arteartesania<\/title>\n<meta name=\"description\" content=\"Set of cufflinks and tie clips worked in sterling silver with ebony and mother-of-pearl inlays. Handmade pieces by Carlos Tellechea.\" \/>\n<meta name=\"robots\" content=\"index, follow, max-snippet:-1, max-image-preview:large, max-video-preview:-1\" \/>\n<link rel=\"canonical\" href=\"https:\/\/www.arteartesania.com\/en\/product\/silver-ebony-and-mother-of-pearl-cufflinks-and-tie-clips-set\/\" \/>\n<meta property=\"og:locale\" content=\"en_US\" \/>\n<meta property=\"og:type\" content=\"article\" \/>\n<meta property=\"og:title\" content=\"Silver, ebony and mother-of-pearl cufflinks and tie clips set - Arteartesania\" \/>\n<meta property=\"og:description\" content=\"Set of cufflinks and tie clips worked in sterling silver with ebony and mother-of-pearl inlays. Handmade pieces by Carlos Tellechea.\" \/>\n<meta property=\"og:url\" content=\"https:\/\/www.arteartesania.com\/en\/product\/silver-ebony-and-mother-of-pearl-cufflinks-and-tie-clips-set\/\" \/>\n<meta property=\"og:site_name\" content=\"Arteartesania\" \/>\n<meta property=\"article:modified_time\" content=\"2021-08-28T10:34:53+00:00\" \/>\n<meta property=\"og:image\" content=\"https:\/\/www.arteartesania.com\/wp-content\/uploads\/2021\/03\/converted-IMG_3057.jpeg\" \/>\n\t<meta property=\"og:image:width\" content=\"2271\" \/>\n\t<meta property=\"og:image:height\" content=\"1619\" \/>\n\t<meta property=\"og:image:type\" content=\"image\/jpeg\" \/>\n<meta name=\"twitter:card\" content=\"summary_large_image\" \/>\n<script type=\"application\/ld+json\" class=\"yoast-schema-graph\">{\"@context\":\"https:\/\/schema.org\",\"@graph\":[{\"@type\":\"WebPage\",\"@id\":\"https:\/\/www.arteartesania.com\/en\/product\/silver-ebony-and-mother-of-pearl-cufflinks-and-tie-clips-set\/\",\"url\":\"https:\/\/www.arteartesania.com\/en\/product\/silver-ebony-and-mother-of-pearl-cufflinks-and-tie-clips-set\/\",\"name\":\"Silver, ebony and mother-of-pearl cufflinks and tie clips set - Arteartesania\",\"isPartOf\":{\"@id\":\"https:\/\/www.arteartesania.com\/en\/#website\"},\"primaryImageOfPage\":{\"@id\":\"https:\/\/www.arteartesania.com\/en\/product\/silver-ebony-and-mother-of-pearl-cufflinks-and-tie-clips-set\/#primaryimage\"},\"image\":{\"@id\":\"https:\/\/www.arteartesania.com\/en\/product\/silver-ebony-and-mother-of-pearl-cufflinks-and-tie-clips-set\/#primaryimage\"},\"thumbnailUrl\":\"https:\/\/www.arteartesania.com\/wp-content\/uploads\/2021\/03\/converted-IMG_3057.jpeg\",\"datePublished\":\"2021-03-31T08:32:52+00:00\",\"dateModified\":\"2021-08-28T10:34:53+00:00\",\"description\":\"Set of cufflinks and tie clips worked in sterling silver with ebony and mother-of-pearl inlays. Handmade pieces by Carlos Tellechea.\",\"breadcrumb\":{\"@id\":\"https:\/\/www.arteartesania.com\/en\/product\/silver-ebony-and-mother-of-pearl-cufflinks-and-tie-clips-set\/#breadcrumb\"},\"inLanguage\":\"en-US\",\"potentialAction\":[{\"@type\":\"ReadAction\",\"target\":[\"https:\/\/www.arteartesania.com\/en\/product\/silver-ebony-and-mother-of-pearl-cufflinks-and-tie-clips-set\/\"]}]},{\"@type\":\"ImageObject\",\"inLanguage\":\"en-US\",\"@id\":\"https:\/\/www.arteartesania.com\/en\/product\/silver-ebony-and-mother-of-pearl-cufflinks-and-tie-clips-set\/#primaryimage\",\"url\":\"https:\/\/www.arteartesania.com\/wp-content\/uploads\/2021\/03\/converted-IMG_3057.jpeg\",\"contentUrl\":\"https:\/\/www.arteartesania.com\/wp-content\/uploads\/2021\/03\/converted-IMG_3057.jpeg\",\"width\":2271,\"height\":1619,\"caption\":\"gemelos originales plata,\"},{\"@type\":\"BreadcrumbList\",\"@id\":\"https:\/\/www.arteartesania.com\/en\/product\/silver-ebony-and-mother-of-pearl-cufflinks-and-tie-clips-set\/#breadcrumb\",\"itemListElement\":[{\"@type\":\"ListItem\",\"position\":1,\"name\":\"Portada\",\"item\":\"https:\/\/www.arteartesania.com\/en\/\"},{\"@type\":\"ListItem\",\"position\":2,\"name\":\"Shop online\",\"item\":\"https:\/\/www.arteartesania.com\/en\/shop\/\"},{\"@type\":\"ListItem\",\"position\":3,\"name\":\"Silver, ebony and mother-of-pearl cufflinks and tie clips set\"}]},{\"@type\":\"WebSite\",\"@id\":\"https:\/\/www.arteartesania.com\/en\/#website\",\"url\":\"https:\/\/www.arteartesania.com\/en\/\",\"name\":\"Arteartesania\",\"description\":\"Original selecci\u00f3n de Artesan\u00eda Contempor\u00e1nea de Autor\",\"publisher\":{\"@id\":\"https:\/\/www.arteartesania.com\/en\/#organization\"},\"potentialAction\":[{\"@type\":\"SearchAction\",\"target\":{\"@type\":\"EntryPoint\",\"urlTemplate\":\"https:\/\/www.arteartesania.com\/en\/?s={search_term_string}\"},\"query-input\":{\"@type\":\"PropertyValueSpecification\",\"valueRequired\":true,\"valueName\":\"search_term_string\"}}],\"inLanguage\":\"en-US\"},{\"@type\":\"Organization\",\"@id\":\"https:\/\/www.arteartesania.com\/en\/#organization\",\"name\":\"Arteartesania\",\"url\":\"https:\/\/www.arteartesania.com\/en\/\",\"logo\":{\"@type\":\"ImageObject\",\"inLanguage\":\"en-US\",\"@id\":\"https:\/\/www.arteartesania.com\/en\/#\/schema\/logo\/image\/\",\"url\":\"https:\/\/www.arteartesania.com\/wp-content\/uploads\/2019\/12\/cropped-logofooter.png\",\"contentUrl\":\"https:\/\/www.arteartesania.com\/wp-content\/uploads\/2019\/12\/cropped-logofooter.png\",\"width\":539,\"height\":58,\"caption\":\"Arteartesania\"},\"image\":{\"@id\":\"https:\/\/www.arteartesania.com\/en\/#\/schema\/logo\/image\/\"}}]}<\/script>\n<!-- \/ Yoast SEO plugin. -->","yoast_head_json":{"title":"Silver, ebony and mother-of-pearl cufflinks and tie clips set - Arteartesania","description":"Set of cufflinks and tie clips worked in sterling silver with ebony and mother-of-pearl inlays. Handmade pieces by Carlos Tellechea.","robots":{"index":"index","follow":"follow","max-snippet":"max-snippet:-1","max-image-preview":"max-image-preview:large","max-video-preview":"max-video-preview:-1"},"canonical":"https:\/\/www.arteartesania.com\/en\/product\/silver-ebony-and-mother-of-pearl-cufflinks-and-tie-clips-set\/","og_locale":"en_US","og_type":"article","og_title":"Silver, ebony and mother-of-pearl cufflinks and tie clips set - Arteartesania","og_description":"Set of cufflinks and tie clips worked in sterling silver with ebony and mother-of-pearl inlays. Handmade pieces by Carlos Tellechea.","og_url":"https:\/\/www.arteartesania.com\/en\/product\/silver-ebony-and-mother-of-pearl-cufflinks-and-tie-clips-set\/","og_site_name":"Arteartesania","article_modified_time":"2021-08-28T10:34:53+00:00","og_image":[{"width":2271,"height":1619,"url":"https:\/\/www.arteartesania.com\/wp-content\/uploads\/2021\/03\/converted-IMG_3057.jpeg","type":"image\/jpeg"}],"twitter_card":"summary_large_image","schema":{"@context":"https:\/\/schema.org","@graph":[{"@type":"WebPage","@id":"https:\/\/www.arteartesania.com\/en\/product\/silver-ebony-and-mother-of-pearl-cufflinks-and-tie-clips-set\/","url":"https:\/\/www.arteartesania.com\/en\/product\/silver-ebony-and-mother-of-pearl-cufflinks-and-tie-clips-set\/","name":"Silver, ebony and mother-of-pearl cufflinks and tie clips set - Arteartesania","isPartOf":{"@id":"https:\/\/www.arteartesania.com\/en\/#website"},"primaryImageOfPage":{"@id":"https:\/\/www.arteartesania.com\/en\/product\/silver-ebony-and-mother-of-pearl-cufflinks-and-tie-clips-set\/#primaryimage"},"image":{"@id":"https:\/\/www.arteartesania.com\/en\/product\/silver-ebony-and-mother-of-pearl-cufflinks-and-tie-clips-set\/#primaryimage"},"thumbnailUrl":"https:\/\/www.arteartesania.com\/wp-content\/uploads\/2021\/03\/converted-IMG_3057.jpeg","datePublished":"2021-03-31T08:32:52+00:00","dateModified":"2021-08-28T10:34:53+00:00","description":"Set of cufflinks and tie clips worked in sterling silver with ebony and mother-of-pearl inlays. Handmade pieces by Carlos Tellechea.","breadcrumb":{"@id":"https:\/\/www.arteartesania.com\/en\/product\/silver-ebony-and-mother-of-pearl-cufflinks-and-tie-clips-set\/#breadcrumb"},"inLanguage":"en-US","potentialAction":[{"@type":"ReadAction","target":["https:\/\/www.arteartesania.com\/en\/product\/silver-ebony-and-mother-of-pearl-cufflinks-and-tie-clips-set\/"]}]},{"@type":"ImageObject","inLanguage":"en-US","@id":"https:\/\/www.arteartesania.com\/en\/product\/silver-ebony-and-mother-of-pearl-cufflinks-and-tie-clips-set\/#primaryimage","url":"https:\/\/www.arteartesania.com\/wp-content\/uploads\/2021\/03\/converted-IMG_3057.jpeg","contentUrl":"https:\/\/www.arteartesania.com\/wp-content\/uploads\/2021\/03\/converted-IMG_3057.jpeg","width":2271,"height":1619,"caption":"gemelos originales plata,"},{"@type":"BreadcrumbList","@id":"https:\/\/www.arteartesania.com\/en\/product\/silver-ebony-and-mother-of-pearl-cufflinks-and-tie-clips-set\/#breadcrumb","itemListElement":[{"@type":"ListItem","position":1,"name":"Portada","item":"https:\/\/www.arteartesania.com\/en\/"},{"@type":"ListItem","position":2,"name":"Shop online","item":"https:\/\/www.arteartesania.com\/en\/shop\/"},{"@type":"ListItem","position":3,"name":"Silver, ebony and mother-of-pearl cufflinks and tie clips set"}]},{"@type":"WebSite","@id":"https:\/\/www.arteartesania.com\/en\/#website","url":"https:\/\/www.arteartesania.com\/en\/","name":"Arteartesania","description":"Original selecci\u00f3n de Artesan\u00eda Contempor\u00e1nea de Autor","publisher":{"@id":"https:\/\/www.arteartesania.com\/en\/#organization"},"potentialAction":[{"@type":"SearchAction","target":{"@type":"EntryPoint","urlTemplate":"https:\/\/www.arteartesania.com\/en\/?s={search_term_string}"},"query-input":{"@type":"PropertyValueSpecification","valueRequired":true,"valueName":"search_term_string"}}],"inLanguage":"en-US"},{"@type":"Organization","@id":"https:\/\/www.arteartesania.com\/en\/#organization","name":"Arteartesania","url":"https:\/\/www.arteartesania.com\/en\/","logo":{"@type":"ImageObject","inLanguage":"en-US","@id":"https:\/\/www.arteartesania.com\/en\/#\/schema\/logo\/image\/","url":"https:\/\/www.arteartesania.com\/wp-content\/uploads\/2019\/12\/cropped-logofooter.png","contentUrl":"https:\/\/www.arteartesania.com\/wp-content\/uploads\/2019\/12\/cropped-logofooter.png","width":539,"height":58,"caption":"Arteartesania"},"image":{"@id":"https:\/\/www.arteartesania.com\/en\/#\/schema\/logo\/image\/"}}]}},"_links":{"self":[{"href":"https:\/\/www.arteartesania.com\/en\/wp-json\/wp\/v2\/product\/9685"}],"collection":[{"href":"https:\/\/www.arteartesania.com\/en\/wp-json\/wp\/v2\/product"}],"about":[{"href":"https:\/\/www.arteartesania.com\/en\/wp-json\/wp\/v2\/types\/product"}],"replies":[{"embeddable":true,"href":"https:\/\/www.arteartesania.com\/en\/wp-json\/wp\/v2\/comments?post=9685"}],"wp:featuredmedia":[{"embeddable":true,"href":"https:\/\/www.arteartesania.com\/en\/wp-json\/wp\/v2\/media\/11150"}],"wp:attachment":[{"href":"https:\/\/www.arteartesania.com\/en\/wp-json\/wp\/v2\/media?parent=9685"}],"wp:term":[{"taxonomy":"product_cat","embeddable":true,"href":"https:\/\/www.arteartesania.com\/en\/wp-json\/wp\/v2\/product_cat?post=9685"},{"taxonomy":"product_tag","embeddable":true,"href":"https:\/\/www.arteartesania.com\/en\/wp-json\/wp\/v2\/product_tag?post=9685"}],"curies":[{"name":"wp","href":"https:\/\/api.w.org\/{rel}","templated":true}]}}