{"id":9136,"date":"2021-01-15T22:25:41","date_gmt":"2021-01-15T21:33:35","guid":{"rendered":"https:\/\/www.arteartesania.com\/?post_type=product&#038;p=9136"},"modified":"2021-01-15T22:33:36","modified_gmt":"2021-01-15T21:33:36","slug":"tables-painted-in-oil-author-jordi-carreras","status":"publish","type":"product","link":"https:\/\/www.arteartesania.com\/en\/product\/tables-painted-in-oil-author-jordi-carreras\/","title":{"rendered":"Tables Painted in Oil  Author: Jordi Carreras"},"content":{"rendered":"<p>Tables Painted in Oil JORDI CARRERAS<\/p>\n<p>&#8220;Tree&#8221;<\/p>\n<p>Measurements: 11 X 21 cm<\/p>\n<p>Year: 2020<\/p>\n<p>Author: Jordi Carreras<\/p>\n<p>Jordi Carreras is able to effectively maneuver his artistic expressiveness, almost naked of resources, his approach to the simplest part of beauty is so elementary that the names of many classical painters quickly pass through your mind, when trying to explain, for example, the use of color in your work<\/p>\n","protected":false},"excerpt":{"rendered":"<p>Author: Jordi Carreras<\/p>\n<p>Jordi Carreras is able to effectively maneuver his artistic expressiveness, almost naked of resources, his approach to the simplest part of beauty is so elementary that the names of many classical painters quickly pass through your mind, when trying to explain, for example, the use of color in your work<\/p>\n","protected":false},"featured_media":9133,"comment_status":"closed","ping_status":"closed","template":"","meta":{"_acf_changed":false,"inline_featured_image":false},"product_cat":[108,133,258],"product_tag":[451,452,453,454],"class_list":{"0":"post-9136","1":"product","2":"type-product","3":"status-publish","4":"has-post-thumbnail","6":"product_cat-art","7":"product_cat-jordicarreras","8":"product_cat-picture","9":"product_tag-arte-en","10":"product_tag-jordi-carreras-en","11":"product_tag-oleo-en","12":"product_tag-pintura-en","14":"first","15":"outofstock","16":"shipping-taxable","17":"purchasable","18":"product-type-simple"},"acf":[],"yoast_head":"<!-- This site is optimized with the Yoast SEO plugin v23.6 - https:\/\/yoast.com\/wordpress\/plugins\/seo\/ -->\n<title>Tables Painted in Oil Author: Jordi Carreras - Arteartesania<\/title>\n<meta name=\"robots\" content=\"index, follow, max-snippet:-1, max-image-preview:large, max-video-preview:-1\" \/>\n<link rel=\"canonical\" href=\"https:\/\/www.arteartesania.com\/en\/product\/tables-painted-in-oil-author-jordi-carreras\/\" \/>\n<meta property=\"og:locale\" content=\"en_US\" \/>\n<meta property=\"og:type\" content=\"article\" \/>\n<meta property=\"og:title\" content=\"Tables Painted in Oil Author: Jordi Carreras - Arteartesania\" \/>\n<meta property=\"og:description\" content=\"Author: Jordi Carreras  Jordi Carreras is able to effectively maneuver his artistic expressiveness, almost naked of resources, his approach to the simplest part of beauty is so elementary that the names of many classical painters quickly pass through your mind, when trying to explain, for example, the use of color in your work\" \/>\n<meta property=\"og:url\" content=\"https:\/\/www.arteartesania.com\/en\/product\/tables-painted-in-oil-author-jordi-carreras\/\" \/>\n<meta property=\"og:site_name\" content=\"Arteartesania\" \/>\n<meta property=\"article:modified_time\" content=\"2021-01-15T21:33:36+00:00\" \/>\n<meta property=\"og:image\" content=\"https:\/\/www.arteartesania.com\/wp-content\/uploads\/2021\/01\/JORDI_CARRERAS.jpg\" \/>\n\t<meta property=\"og:image:width\" content=\"1983\" \/>\n\t<meta property=\"og:image:height\" content=\"2560\" \/>\n\t<meta property=\"og:image:type\" content=\"image\/jpeg\" \/>\n<meta name=\"twitter:card\" content=\"summary_large_image\" \/>\n<script type=\"application\/ld+json\" class=\"yoast-schema-graph\">{\"@context\":\"https:\/\/schema.org\",\"@graph\":[{\"@type\":\"WebPage\",\"@id\":\"https:\/\/www.arteartesania.com\/en\/product\/tables-painted-in-oil-author-jordi-carreras\/\",\"url\":\"https:\/\/www.arteartesania.com\/en\/product\/tables-painted-in-oil-author-jordi-carreras\/\",\"name\":\"Tables Painted in Oil Author: Jordi Carreras - Arteartesania\",\"isPartOf\":{\"@id\":\"https:\/\/www.arteartesania.com\/en\/#website\"},\"primaryImageOfPage\":{\"@id\":\"https:\/\/www.arteartesania.com\/en\/product\/tables-painted-in-oil-author-jordi-carreras\/#primaryimage\"},\"image\":{\"@id\":\"https:\/\/www.arteartesania.com\/en\/product\/tables-painted-in-oil-author-jordi-carreras\/#primaryimage\"},\"thumbnailUrl\":\"https:\/\/www.arteartesania.com\/wp-content\/uploads\/2021\/01\/JORDI_CARRERAS.jpg\",\"datePublished\":\"2021-01-15T21:33:35+00:00\",\"dateModified\":\"2021-01-15T21:33:36+00:00\",\"breadcrumb\":{\"@id\":\"https:\/\/www.arteartesania.com\/en\/product\/tables-painted-in-oil-author-jordi-carreras\/#breadcrumb\"},\"inLanguage\":\"en-US\",\"potentialAction\":[{\"@type\":\"ReadAction\",\"target\":[\"https:\/\/www.arteartesania.com\/en\/product\/tables-painted-in-oil-author-jordi-carreras\/\"]}]},{\"@type\":\"ImageObject\",\"inLanguage\":\"en-US\",\"@id\":\"https:\/\/www.arteartesania.com\/en\/product\/tables-painted-in-oil-author-jordi-carreras\/#primaryimage\",\"url\":\"https:\/\/www.arteartesania.com\/wp-content\/uploads\/2021\/01\/JORDI_CARRERAS.jpg\",\"contentUrl\":\"https:\/\/www.arteartesania.com\/wp-content\/uploads\/2021\/01\/JORDI_CARRERAS.jpg\",\"width\":1983,\"height\":2560,\"caption\":\"JORDI CARRERAS\"},{\"@type\":\"BreadcrumbList\",\"@id\":\"https:\/\/www.arteartesania.com\/en\/product\/tables-painted-in-oil-author-jordi-carreras\/#breadcrumb\",\"itemListElement\":[{\"@type\":\"ListItem\",\"position\":1,\"name\":\"Portada\",\"item\":\"https:\/\/www.arteartesania.com\/en\/\"},{\"@type\":\"ListItem\",\"position\":2,\"name\":\"Shop online\",\"item\":\"https:\/\/www.arteartesania.com\/en\/shop\/\"},{\"@type\":\"ListItem\",\"position\":3,\"name\":\"Tables Painted in Oil Author: Jordi Carreras\"}]},{\"@type\":\"WebSite\",\"@id\":\"https:\/\/www.arteartesania.com\/en\/#website\",\"url\":\"https:\/\/www.arteartesania.com\/en\/\",\"name\":\"Arteartesania\",\"description\":\"Original selecci\u00f3n de Artesan\u00eda Contempor\u00e1nea de Autor\",\"publisher\":{\"@id\":\"https:\/\/www.arteartesania.com\/en\/#organization\"},\"potentialAction\":[{\"@type\":\"SearchAction\",\"target\":{\"@type\":\"EntryPoint\",\"urlTemplate\":\"https:\/\/www.arteartesania.com\/en\/?s={search_term_string}\"},\"query-input\":{\"@type\":\"PropertyValueSpecification\",\"valueRequired\":true,\"valueName\":\"search_term_string\"}}],\"inLanguage\":\"en-US\"},{\"@type\":\"Organization\",\"@id\":\"https:\/\/www.arteartesania.com\/en\/#organization\",\"name\":\"Arteartesania\",\"url\":\"https:\/\/www.arteartesania.com\/en\/\",\"logo\":{\"@type\":\"ImageObject\",\"inLanguage\":\"en-US\",\"@id\":\"https:\/\/www.arteartesania.com\/en\/#\/schema\/logo\/image\/\",\"url\":\"https:\/\/www.arteartesania.com\/wp-content\/uploads\/2019\/12\/cropped-logofooter.png\",\"contentUrl\":\"https:\/\/www.arteartesania.com\/wp-content\/uploads\/2019\/12\/cropped-logofooter.png\",\"width\":539,\"height\":58,\"caption\":\"Arteartesania\"},\"image\":{\"@id\":\"https:\/\/www.arteartesania.com\/en\/#\/schema\/logo\/image\/\"}}]}<\/script>\n<!-- \/ Yoast SEO plugin. -->","yoast_head_json":{"title":"Tables Painted in Oil Author: Jordi Carreras - Arteartesania","robots":{"index":"index","follow":"follow","max-snippet":"max-snippet:-1","max-image-preview":"max-image-preview:large","max-video-preview":"max-video-preview:-1"},"canonical":"https:\/\/www.arteartesania.com\/en\/product\/tables-painted-in-oil-author-jordi-carreras\/","og_locale":"en_US","og_type":"article","og_title":"Tables Painted in Oil Author: Jordi Carreras - Arteartesania","og_description":"Author: Jordi Carreras  Jordi Carreras is able to effectively maneuver his artistic expressiveness, almost naked of resources, his approach to the simplest part of beauty is so elementary that the names of many classical painters quickly pass through your mind, when trying to explain, for example, the use of color in your work","og_url":"https:\/\/www.arteartesania.com\/en\/product\/tables-painted-in-oil-author-jordi-carreras\/","og_site_name":"Arteartesania","article_modified_time":"2021-01-15T21:33:36+00:00","og_image":[{"width":1983,"height":2560,"url":"https:\/\/www.arteartesania.com\/wp-content\/uploads\/2021\/01\/JORDI_CARRERAS.jpg","type":"image\/jpeg"}],"twitter_card":"summary_large_image","schema":{"@context":"https:\/\/schema.org","@graph":[{"@type":"WebPage","@id":"https:\/\/www.arteartesania.com\/en\/product\/tables-painted-in-oil-author-jordi-carreras\/","url":"https:\/\/www.arteartesania.com\/en\/product\/tables-painted-in-oil-author-jordi-carreras\/","name":"Tables Painted in Oil Author: Jordi Carreras - Arteartesania","isPartOf":{"@id":"https:\/\/www.arteartesania.com\/en\/#website"},"primaryImageOfPage":{"@id":"https:\/\/www.arteartesania.com\/en\/product\/tables-painted-in-oil-author-jordi-carreras\/#primaryimage"},"image":{"@id":"https:\/\/www.arteartesania.com\/en\/product\/tables-painted-in-oil-author-jordi-carreras\/#primaryimage"},"thumbnailUrl":"https:\/\/www.arteartesania.com\/wp-content\/uploads\/2021\/01\/JORDI_CARRERAS.jpg","datePublished":"2021-01-15T21:33:35+00:00","dateModified":"2021-01-15T21:33:36+00:00","breadcrumb":{"@id":"https:\/\/www.arteartesania.com\/en\/product\/tables-painted-in-oil-author-jordi-carreras\/#breadcrumb"},"inLanguage":"en-US","potentialAction":[{"@type":"ReadAction","target":["https:\/\/www.arteartesania.com\/en\/product\/tables-painted-in-oil-author-jordi-carreras\/"]}]},{"@type":"ImageObject","inLanguage":"en-US","@id":"https:\/\/www.arteartesania.com\/en\/product\/tables-painted-in-oil-author-jordi-carreras\/#primaryimage","url":"https:\/\/www.arteartesania.com\/wp-content\/uploads\/2021\/01\/JORDI_CARRERAS.jpg","contentUrl":"https:\/\/www.arteartesania.com\/wp-content\/uploads\/2021\/01\/JORDI_CARRERAS.jpg","width":1983,"height":2560,"caption":"JORDI CARRERAS"},{"@type":"BreadcrumbList","@id":"https:\/\/www.arteartesania.com\/en\/product\/tables-painted-in-oil-author-jordi-carreras\/#breadcrumb","itemListElement":[{"@type":"ListItem","position":1,"name":"Portada","item":"https:\/\/www.arteartesania.com\/en\/"},{"@type":"ListItem","position":2,"name":"Shop online","item":"https:\/\/www.arteartesania.com\/en\/shop\/"},{"@type":"ListItem","position":3,"name":"Tables Painted in Oil Author: Jordi Carreras"}]},{"@type":"WebSite","@id":"https:\/\/www.arteartesania.com\/en\/#website","url":"https:\/\/www.arteartesania.com\/en\/","name":"Arteartesania","description":"Original selecci\u00f3n de Artesan\u00eda Contempor\u00e1nea de Autor","publisher":{"@id":"https:\/\/www.arteartesania.com\/en\/#organization"},"potentialAction":[{"@type":"SearchAction","target":{"@type":"EntryPoint","urlTemplate":"https:\/\/www.arteartesania.com\/en\/?s={search_term_string}"},"query-input":{"@type":"PropertyValueSpecification","valueRequired":true,"valueName":"search_term_string"}}],"inLanguage":"en-US"},{"@type":"Organization","@id":"https:\/\/www.arteartesania.com\/en\/#organization","name":"Arteartesania","url":"https:\/\/www.arteartesania.com\/en\/","logo":{"@type":"ImageObject","inLanguage":"en-US","@id":"https:\/\/www.arteartesania.com\/en\/#\/schema\/logo\/image\/","url":"https:\/\/www.arteartesania.com\/wp-content\/uploads\/2019\/12\/cropped-logofooter.png","contentUrl":"https:\/\/www.arteartesania.com\/wp-content\/uploads\/2019\/12\/cropped-logofooter.png","width":539,"height":58,"caption":"Arteartesania"},"image":{"@id":"https:\/\/www.arteartesania.com\/en\/#\/schema\/logo\/image\/"}}]}},"_links":{"self":[{"href":"https:\/\/www.arteartesania.com\/en\/wp-json\/wp\/v2\/product\/9136"}],"collection":[{"href":"https:\/\/www.arteartesania.com\/en\/wp-json\/wp\/v2\/product"}],"about":[{"href":"https:\/\/www.arteartesania.com\/en\/wp-json\/wp\/v2\/types\/product"}],"replies":[{"embeddable":true,"href":"https:\/\/www.arteartesania.com\/en\/wp-json\/wp\/v2\/comments?post=9136"}],"wp:featuredmedia":[{"embeddable":true,"href":"https:\/\/www.arteartesania.com\/en\/wp-json\/wp\/v2\/media\/9133"}],"wp:attachment":[{"href":"https:\/\/www.arteartesania.com\/en\/wp-json\/wp\/v2\/media?parent=9136"}],"wp:term":[{"taxonomy":"product_cat","embeddable":true,"href":"https:\/\/www.arteartesania.com\/en\/wp-json\/wp\/v2\/product_cat?post=9136"},{"taxonomy":"product_tag","embeddable":true,"href":"https:\/\/www.arteartesania.com\/en\/wp-json\/wp\/v2\/product_tag?post=9136"}],"curies":[{"name":"wp","href":"https:\/\/api.w.org\/{rel}","templated":true}]}}