{"id":8886,"date":"2020-12-22T14:49:29","date_gmt":"2020-12-22T13:53:02","guid":{"rendered":"https:\/\/www.arteartesania.com\/?post_type=product&#038;p=8886"},"modified":"2021-01-21T14:47:29","modified_gmt":"2021-01-21T13:47:29","slug":"bronze-patina-bracelet-chumberas-collection-wide","status":"publish","type":"product","link":"https:\/\/www.arteartesania.com\/en\/product\/bronze-patina-bracelet-chumberas-collection-wide\/","title":{"rendered":"Bronze Patina Bracelet &#8220;CHUMBERAS Collection&#8221; (Wide)"},"content":{"rendered":"<p>Bronze Patina Bracelet &#8220;CHUMBERAS Collection&#8221; (Wide)<\/p>\n<p>Material: Patinated brass<\/p>\n<p>Handmade pieces<\/p>\n<p>Author: Carlos Tellechea<\/p>\n","protected":false},"excerpt":{"rendered":"<p>Bronze Patina Bracelet &#8220;CHUMBERAS Collection&#8221; (Wide)<\/p>\n<p>Material: Patinated brass<\/p>\n<p>Handmade pieces<\/p>\n<p>Author: Carlos Tellechea<\/p>\n","protected":false},"featured_media":15962,"comment_status":"closed","ping_status":"closed","template":"","meta":{"_acf_changed":false,"inline_featured_image":false},"product_cat":[245,128,110],"product_tag":[349,438],"class_list":{"0":"post-8886","1":"product","2":"type-product","3":"status-publish","4":"has-post-thumbnail","6":"product_cat-bangles","7":"product_cat-carlostellechea","8":"product_cat-jewelry","9":"product_tag-carlostellechea-soller-mallorca-joyeria-arteartesania-en","10":"product_tag-chumbera-en","12":"first","13":"instock","14":"shipping-taxable","15":"purchasable","16":"product-type-variable","17":"has-default-attributes"},"acf":[],"yoast_head":"<!-- This site is optimized with the Yoast SEO plugin v23.6 - https:\/\/yoast.com\/wordpress\/plugins\/seo\/ -->\n<title>Bronze Patina Bracelet &quot;CHUMBERAS Collection&quot; (Wide) - Arteartesania<\/title>\n<meta name=\"robots\" content=\"index, follow, max-snippet:-1, max-image-preview:large, max-video-preview:-1\" \/>\n<link rel=\"canonical\" href=\"https:\/\/www.arteartesania.com\/en\/product\/bronze-patina-bracelet-chumberas-collection-wide\/\" \/>\n<meta property=\"og:locale\" content=\"en_US\" \/>\n<meta property=\"og:type\" content=\"article\" \/>\n<meta property=\"og:title\" content=\"Bronze Patina Bracelet &quot;CHUMBERAS Collection&quot; (Wide) - Arteartesania\" \/>\n<meta property=\"og:description\" content=\"Bronze Patina Bracelet &quot;CHUMBERAS Collection&quot; (Wide)  Material: Patinated brass  Handmade pieces  Author: Carlos Tellechea\" \/>\n<meta property=\"og:url\" content=\"https:\/\/www.arteartesania.com\/en\/product\/bronze-patina-bracelet-chumberas-collection-wide\/\" \/>\n<meta property=\"og:site_name\" content=\"Arteartesania\" \/>\n<meta property=\"article:modified_time\" content=\"2021-01-21T13:47:29+00:00\" \/>\n<meta property=\"og:image\" content=\"https:\/\/www.arteartesania.com\/wp-content\/uploads\/2020\/12\/BRAZALETE-BRONCE-CHUMBERA-4-scaled.jpeg\" \/>\n\t<meta property=\"og:image:width\" content=\"1719\" \/>\n\t<meta property=\"og:image:height\" content=\"2560\" \/>\n\t<meta property=\"og:image:type\" content=\"image\/jpeg\" \/>\n<meta name=\"twitter:card\" content=\"summary_large_image\" \/>\n<script type=\"application\/ld+json\" class=\"yoast-schema-graph\">{\"@context\":\"https:\/\/schema.org\",\"@graph\":[{\"@type\":\"WebPage\",\"@id\":\"https:\/\/www.arteartesania.com\/en\/product\/bronze-patina-bracelet-chumberas-collection-wide\/\",\"url\":\"https:\/\/www.arteartesania.com\/en\/product\/bronze-patina-bracelet-chumberas-collection-wide\/\",\"name\":\"Bronze Patina Bracelet \\\"CHUMBERAS Collection\\\" (Wide) - Arteartesania\",\"isPartOf\":{\"@id\":\"https:\/\/www.arteartesania.com\/en\/#website\"},\"primaryImageOfPage\":{\"@id\":\"https:\/\/www.arteartesania.com\/en\/product\/bronze-patina-bracelet-chumberas-collection-wide\/#primaryimage\"},\"image\":{\"@id\":\"https:\/\/www.arteartesania.com\/en\/product\/bronze-patina-bracelet-chumberas-collection-wide\/#primaryimage\"},\"thumbnailUrl\":\"https:\/\/www.arteartesania.com\/wp-content\/uploads\/2020\/12\/BRAZALETE-BRONCE-CHUMBERA-4-scaled.jpeg\",\"datePublished\":\"2020-12-22T13:53:02+00:00\",\"dateModified\":\"2021-01-21T13:47:29+00:00\",\"breadcrumb\":{\"@id\":\"https:\/\/www.arteartesania.com\/en\/product\/bronze-patina-bracelet-chumberas-collection-wide\/#breadcrumb\"},\"inLanguage\":\"en-US\",\"potentialAction\":[{\"@type\":\"ReadAction\",\"target\":[\"https:\/\/www.arteartesania.com\/en\/product\/bronze-patina-bracelet-chumberas-collection-wide\/\"]}]},{\"@type\":\"ImageObject\",\"inLanguage\":\"en-US\",\"@id\":\"https:\/\/www.arteartesania.com\/en\/product\/bronze-patina-bracelet-chumberas-collection-wide\/#primaryimage\",\"url\":\"https:\/\/www.arteartesania.com\/wp-content\/uploads\/2020\/12\/BRAZALETE-BRONCE-CHUMBERA-4-scaled.jpeg\",\"contentUrl\":\"https:\/\/www.arteartesania.com\/wp-content\/uploads\/2020\/12\/BRAZALETE-BRONCE-CHUMBERA-4-scaled.jpeg\",\"width\":1719,\"height\":2560,\"caption\":\"ARTEARTESANIA BRAZALETE BRONCE CHUMBERA.JPEG\"},{\"@type\":\"BreadcrumbList\",\"@id\":\"https:\/\/www.arteartesania.com\/en\/product\/bronze-patina-bracelet-chumberas-collection-wide\/#breadcrumb\",\"itemListElement\":[{\"@type\":\"ListItem\",\"position\":1,\"name\":\"Portada\",\"item\":\"https:\/\/www.arteartesania.com\/en\/\"},{\"@type\":\"ListItem\",\"position\":2,\"name\":\"Shop online\",\"item\":\"https:\/\/www.arteartesania.com\/en\/shop\/\"},{\"@type\":\"ListItem\",\"position\":3,\"name\":\"Bronze Patina Bracelet \u00abCHUMBERAS Collection\u00bb (Wide)\"}]},{\"@type\":\"WebSite\",\"@id\":\"https:\/\/www.arteartesania.com\/en\/#website\",\"url\":\"https:\/\/www.arteartesania.com\/en\/\",\"name\":\"Arteartesania\",\"description\":\"Original selecci\u00f3n de Artesan\u00eda Contempor\u00e1nea de Autor\",\"publisher\":{\"@id\":\"https:\/\/www.arteartesania.com\/en\/#organization\"},\"potentialAction\":[{\"@type\":\"SearchAction\",\"target\":{\"@type\":\"EntryPoint\",\"urlTemplate\":\"https:\/\/www.arteartesania.com\/en\/?s={search_term_string}\"},\"query-input\":{\"@type\":\"PropertyValueSpecification\",\"valueRequired\":true,\"valueName\":\"search_term_string\"}}],\"inLanguage\":\"en-US\"},{\"@type\":\"Organization\",\"@id\":\"https:\/\/www.arteartesania.com\/en\/#organization\",\"name\":\"Arteartesania\",\"url\":\"https:\/\/www.arteartesania.com\/en\/\",\"logo\":{\"@type\":\"ImageObject\",\"inLanguage\":\"en-US\",\"@id\":\"https:\/\/www.arteartesania.com\/en\/#\/schema\/logo\/image\/\",\"url\":\"https:\/\/www.arteartesania.com\/wp-content\/uploads\/2019\/12\/cropped-logofooter.png\",\"contentUrl\":\"https:\/\/www.arteartesania.com\/wp-content\/uploads\/2019\/12\/cropped-logofooter.png\",\"width\":539,\"height\":58,\"caption\":\"Arteartesania\"},\"image\":{\"@id\":\"https:\/\/www.arteartesania.com\/en\/#\/schema\/logo\/image\/\"}}]}<\/script>\n<!-- \/ Yoast SEO plugin. -->","yoast_head_json":{"title":"Bronze Patina Bracelet \"CHUMBERAS Collection\" (Wide) - Arteartesania","robots":{"index":"index","follow":"follow","max-snippet":"max-snippet:-1","max-image-preview":"max-image-preview:large","max-video-preview":"max-video-preview:-1"},"canonical":"https:\/\/www.arteartesania.com\/en\/product\/bronze-patina-bracelet-chumberas-collection-wide\/","og_locale":"en_US","og_type":"article","og_title":"Bronze Patina Bracelet \"CHUMBERAS Collection\" (Wide) - Arteartesania","og_description":"Bronze Patina Bracelet \"CHUMBERAS Collection\" (Wide)  Material: Patinated brass  Handmade pieces  Author: Carlos Tellechea","og_url":"https:\/\/www.arteartesania.com\/en\/product\/bronze-patina-bracelet-chumberas-collection-wide\/","og_site_name":"Arteartesania","article_modified_time":"2021-01-21T13:47:29+00:00","og_image":[{"width":1719,"height":2560,"url":"https:\/\/www.arteartesania.com\/wp-content\/uploads\/2020\/12\/BRAZALETE-BRONCE-CHUMBERA-4-scaled.jpeg","type":"image\/jpeg"}],"twitter_card":"summary_large_image","schema":{"@context":"https:\/\/schema.org","@graph":[{"@type":"WebPage","@id":"https:\/\/www.arteartesania.com\/en\/product\/bronze-patina-bracelet-chumberas-collection-wide\/","url":"https:\/\/www.arteartesania.com\/en\/product\/bronze-patina-bracelet-chumberas-collection-wide\/","name":"Bronze Patina Bracelet \"CHUMBERAS Collection\" (Wide) - Arteartesania","isPartOf":{"@id":"https:\/\/www.arteartesania.com\/en\/#website"},"primaryImageOfPage":{"@id":"https:\/\/www.arteartesania.com\/en\/product\/bronze-patina-bracelet-chumberas-collection-wide\/#primaryimage"},"image":{"@id":"https:\/\/www.arteartesania.com\/en\/product\/bronze-patina-bracelet-chumberas-collection-wide\/#primaryimage"},"thumbnailUrl":"https:\/\/www.arteartesania.com\/wp-content\/uploads\/2020\/12\/BRAZALETE-BRONCE-CHUMBERA-4-scaled.jpeg","datePublished":"2020-12-22T13:53:02+00:00","dateModified":"2021-01-21T13:47:29+00:00","breadcrumb":{"@id":"https:\/\/www.arteartesania.com\/en\/product\/bronze-patina-bracelet-chumberas-collection-wide\/#breadcrumb"},"inLanguage":"en-US","potentialAction":[{"@type":"ReadAction","target":["https:\/\/www.arteartesania.com\/en\/product\/bronze-patina-bracelet-chumberas-collection-wide\/"]}]},{"@type":"ImageObject","inLanguage":"en-US","@id":"https:\/\/www.arteartesania.com\/en\/product\/bronze-patina-bracelet-chumberas-collection-wide\/#primaryimage","url":"https:\/\/www.arteartesania.com\/wp-content\/uploads\/2020\/12\/BRAZALETE-BRONCE-CHUMBERA-4-scaled.jpeg","contentUrl":"https:\/\/www.arteartesania.com\/wp-content\/uploads\/2020\/12\/BRAZALETE-BRONCE-CHUMBERA-4-scaled.jpeg","width":1719,"height":2560,"caption":"ARTEARTESANIA BRAZALETE BRONCE CHUMBERA.JPEG"},{"@type":"BreadcrumbList","@id":"https:\/\/www.arteartesania.com\/en\/product\/bronze-patina-bracelet-chumberas-collection-wide\/#breadcrumb","itemListElement":[{"@type":"ListItem","position":1,"name":"Portada","item":"https:\/\/www.arteartesania.com\/en\/"},{"@type":"ListItem","position":2,"name":"Shop online","item":"https:\/\/www.arteartesania.com\/en\/shop\/"},{"@type":"ListItem","position":3,"name":"Bronze Patina Bracelet \u00abCHUMBERAS Collection\u00bb (Wide)"}]},{"@type":"WebSite","@id":"https:\/\/www.arteartesania.com\/en\/#website","url":"https:\/\/www.arteartesania.com\/en\/","name":"Arteartesania","description":"Original selecci\u00f3n de Artesan\u00eda Contempor\u00e1nea de Autor","publisher":{"@id":"https:\/\/www.arteartesania.com\/en\/#organization"},"potentialAction":[{"@type":"SearchAction","target":{"@type":"EntryPoint","urlTemplate":"https:\/\/www.arteartesania.com\/en\/?s={search_term_string}"},"query-input":{"@type":"PropertyValueSpecification","valueRequired":true,"valueName":"search_term_string"}}],"inLanguage":"en-US"},{"@type":"Organization","@id":"https:\/\/www.arteartesania.com\/en\/#organization","name":"Arteartesania","url":"https:\/\/www.arteartesania.com\/en\/","logo":{"@type":"ImageObject","inLanguage":"en-US","@id":"https:\/\/www.arteartesania.com\/en\/#\/schema\/logo\/image\/","url":"https:\/\/www.arteartesania.com\/wp-content\/uploads\/2019\/12\/cropped-logofooter.png","contentUrl":"https:\/\/www.arteartesania.com\/wp-content\/uploads\/2019\/12\/cropped-logofooter.png","width":539,"height":58,"caption":"Arteartesania"},"image":{"@id":"https:\/\/www.arteartesania.com\/en\/#\/schema\/logo\/image\/"}}]}},"_links":{"self":[{"href":"https:\/\/www.arteartesania.com\/en\/wp-json\/wp\/v2\/product\/8886"}],"collection":[{"href":"https:\/\/www.arteartesania.com\/en\/wp-json\/wp\/v2\/product"}],"about":[{"href":"https:\/\/www.arteartesania.com\/en\/wp-json\/wp\/v2\/types\/product"}],"replies":[{"embeddable":true,"href":"https:\/\/www.arteartesania.com\/en\/wp-json\/wp\/v2\/comments?post=8886"}],"wp:featuredmedia":[{"embeddable":true,"href":"https:\/\/www.arteartesania.com\/en\/wp-json\/wp\/v2\/media\/15962"}],"wp:attachment":[{"href":"https:\/\/www.arteartesania.com\/en\/wp-json\/wp\/v2\/media?parent=8886"}],"wp:term":[{"taxonomy":"product_cat","embeddable":true,"href":"https:\/\/www.arteartesania.com\/en\/wp-json\/wp\/v2\/product_cat?post=8886"},{"taxonomy":"product_tag","embeddable":true,"href":"https:\/\/www.arteartesania.com\/en\/wp-json\/wp\/v2\/product_tag?post=8886"}],"curies":[{"name":"wp","href":"https:\/\/api.w.org\/{rel}","templated":true}]}}