{"id":7057,"date":"2020-06-18T17:19:27","date_gmt":"2020-06-18T15:23:30","guid":{"rendered":"https:\/\/www.arteartesania.com\/?post_type=product&#038;p=7057"},"modified":"2020-06-18T17:40:31","modified_gmt":"2020-06-18T15:40:31","slug":"ring-soller-no-89-author-ramon-puig-cuyas","status":"publish","type":"product","link":"https:\/\/www.arteartesania.com\/en\/product\/ring-soller-no-89-author-ramon-puig-cuyas\/","title":{"rendered":"Ring &#8220;SOLLER&#8221; No. 89  AUTHOR: RAMON PUIG CUYAS"},"content":{"rendered":"<p>Ring &#8220;SOLLER&#8221; No. 89<\/p>\n<p>AUTHOR: RAMON PUIG CUYAS<\/p>\n<p>YEAR 2012<\/p>\n<p>MATERIALS: Silver, Quartz, Paper, Resin<\/p>\n<p>SIZE: 17. \/. Circumference: 57 mm<\/p>\n","protected":false},"excerpt":{"rendered":"<p>Ring &#8220;SOLLER&#8221; No. 89<\/p>\n<p>AUTHOR: RAMON PUIG CUYAS<\/p>\n<p>YEAR 2012<\/p>\n<p>MATERIALS: Silver, Quartz, Paper, Resin<\/p>\n<p>SIZE: 17. \/. Circumference: 57 mm<\/p>\n","protected":false},"featured_media":16993,"comment_status":"closed","ping_status":"closed","template":"","meta":{"_acf_changed":false,"inline_featured_image":false},"product_cat":[129,110,231,111],"product_tag":[349,360],"class_list":{"0":"post-7057","1":"product","2":"type-product","3":"status-publish","4":"has-post-thumbnail","6":"product_cat-artists","7":"product_cat-jewelry","8":"product_cat-ramon-puig-cuyas-en","9":"product_cat-rings","10":"product_tag-carlostellechea-soller-mallorca-joyeria-arteartesania-en","11":"product_tag-ramonpuigcuyas-en","13":"first","14":"instock","15":"shipping-taxable","16":"purchasable","17":"product-type-simple"},"acf":[],"yoast_head":"<!-- This site is optimized with the Yoast SEO plugin v23.6 - https:\/\/yoast.com\/wordpress\/plugins\/seo\/ -->\n<title>Ring &quot;SOLLER&quot; No. 89 AUTHOR: RAMON PUIG CUYAS - Arteartesania<\/title>\n<meta name=\"robots\" content=\"index, follow, max-snippet:-1, max-image-preview:large, max-video-preview:-1\" \/>\n<link rel=\"canonical\" href=\"https:\/\/www.arteartesania.com\/en\/product\/ring-soller-no-89-author-ramon-puig-cuyas\/\" \/>\n<meta property=\"og:locale\" content=\"en_US\" \/>\n<meta property=\"og:type\" content=\"article\" \/>\n<meta property=\"og:title\" content=\"Ring &quot;SOLLER&quot; No. 89 AUTHOR: RAMON PUIG CUYAS - Arteartesania\" \/>\n<meta property=\"og:description\" content=\"Ring &quot;SOLLER&quot; No. 89  AUTHOR: RAMON PUIG CUYAS  YEAR 2012  MATERIALS: Silver, Quartz, Paper, Resin  SIZE: 17. \/. Circumference: 57 mm\" \/>\n<meta property=\"og:url\" content=\"https:\/\/www.arteartesania.com\/en\/product\/ring-soller-no-89-author-ramon-puig-cuyas\/\" \/>\n<meta property=\"og:site_name\" content=\"Arteartesania\" \/>\n<meta property=\"article:modified_time\" content=\"2020-06-18T15:40:31+00:00\" \/>\n<meta property=\"og:image\" content=\"https:\/\/www.arteartesania.com\/wp-content\/uploads\/2020\/06\/soller-89-primer-plano.jpg\" \/>\n\t<meta property=\"og:image:width\" content=\"1540\" \/>\n\t<meta property=\"og:image:height\" content=\"1540\" \/>\n\t<meta property=\"og:image:type\" content=\"image\/jpeg\" \/>\n<meta name=\"twitter:card\" content=\"summary_large_image\" \/>\n<script type=\"application\/ld+json\" class=\"yoast-schema-graph\">{\"@context\":\"https:\/\/schema.org\",\"@graph\":[{\"@type\":\"WebPage\",\"@id\":\"https:\/\/www.arteartesania.com\/en\/product\/ring-soller-no-89-author-ramon-puig-cuyas\/\",\"url\":\"https:\/\/www.arteartesania.com\/en\/product\/ring-soller-no-89-author-ramon-puig-cuyas\/\",\"name\":\"Ring \\\"SOLLER\\\" No. 89 AUTHOR: RAMON PUIG CUYAS - Arteartesania\",\"isPartOf\":{\"@id\":\"https:\/\/www.arteartesania.com\/en\/#website\"},\"primaryImageOfPage\":{\"@id\":\"https:\/\/www.arteartesania.com\/en\/product\/ring-soller-no-89-author-ramon-puig-cuyas\/#primaryimage\"},\"image\":{\"@id\":\"https:\/\/www.arteartesania.com\/en\/product\/ring-soller-no-89-author-ramon-puig-cuyas\/#primaryimage\"},\"thumbnailUrl\":\"https:\/\/www.arteartesania.com\/wp-content\/uploads\/2020\/06\/soller-89-primer-plano.jpg\",\"datePublished\":\"2020-06-18T15:23:30+00:00\",\"dateModified\":\"2020-06-18T15:40:31+00:00\",\"breadcrumb\":{\"@id\":\"https:\/\/www.arteartesania.com\/en\/product\/ring-soller-no-89-author-ramon-puig-cuyas\/#breadcrumb\"},\"inLanguage\":\"en-US\",\"potentialAction\":[{\"@type\":\"ReadAction\",\"target\":[\"https:\/\/www.arteartesania.com\/en\/product\/ring-soller-no-89-author-ramon-puig-cuyas\/\"]}]},{\"@type\":\"ImageObject\",\"inLanguage\":\"en-US\",\"@id\":\"https:\/\/www.arteartesania.com\/en\/product\/ring-soller-no-89-author-ramon-puig-cuyas\/#primaryimage\",\"url\":\"https:\/\/www.arteartesania.com\/wp-content\/uploads\/2020\/06\/soller-89-primer-plano.jpg\",\"contentUrl\":\"https:\/\/www.arteartesania.com\/wp-content\/uploads\/2020\/06\/soller-89-primer-plano.jpg\",\"width\":1540,\"height\":1540},{\"@type\":\"BreadcrumbList\",\"@id\":\"https:\/\/www.arteartesania.com\/en\/product\/ring-soller-no-89-author-ramon-puig-cuyas\/#breadcrumb\",\"itemListElement\":[{\"@type\":\"ListItem\",\"position\":1,\"name\":\"Portada\",\"item\":\"https:\/\/www.arteartesania.com\/en\/\"},{\"@type\":\"ListItem\",\"position\":2,\"name\":\"Shop online\",\"item\":\"https:\/\/www.arteartesania.com\/en\/shop\/\"},{\"@type\":\"ListItem\",\"position\":3,\"name\":\"Ring \u00abSOLLER\u00bb No. 89 AUTHOR: RAMON PUIG CUYAS\"}]},{\"@type\":\"WebSite\",\"@id\":\"https:\/\/www.arteartesania.com\/en\/#website\",\"url\":\"https:\/\/www.arteartesania.com\/en\/\",\"name\":\"Arteartesania\",\"description\":\"Original selecci\u00f3n de Artesan\u00eda Contempor\u00e1nea de Autor\",\"publisher\":{\"@id\":\"https:\/\/www.arteartesania.com\/en\/#organization\"},\"potentialAction\":[{\"@type\":\"SearchAction\",\"target\":{\"@type\":\"EntryPoint\",\"urlTemplate\":\"https:\/\/www.arteartesania.com\/en\/?s={search_term_string}\"},\"query-input\":{\"@type\":\"PropertyValueSpecification\",\"valueRequired\":true,\"valueName\":\"search_term_string\"}}],\"inLanguage\":\"en-US\"},{\"@type\":\"Organization\",\"@id\":\"https:\/\/www.arteartesania.com\/en\/#organization\",\"name\":\"Arteartesania\",\"url\":\"https:\/\/www.arteartesania.com\/en\/\",\"logo\":{\"@type\":\"ImageObject\",\"inLanguage\":\"en-US\",\"@id\":\"https:\/\/www.arteartesania.com\/en\/#\/schema\/logo\/image\/\",\"url\":\"https:\/\/www.arteartesania.com\/wp-content\/uploads\/2019\/12\/cropped-logofooter.png\",\"contentUrl\":\"https:\/\/www.arteartesania.com\/wp-content\/uploads\/2019\/12\/cropped-logofooter.png\",\"width\":539,\"height\":58,\"caption\":\"Arteartesania\"},\"image\":{\"@id\":\"https:\/\/www.arteartesania.com\/en\/#\/schema\/logo\/image\/\"}}]}<\/script>\n<!-- \/ Yoast SEO plugin. -->","yoast_head_json":{"title":"Ring \"SOLLER\" No. 89 AUTHOR: RAMON PUIG CUYAS - Arteartesania","robots":{"index":"index","follow":"follow","max-snippet":"max-snippet:-1","max-image-preview":"max-image-preview:large","max-video-preview":"max-video-preview:-1"},"canonical":"https:\/\/www.arteartesania.com\/en\/product\/ring-soller-no-89-author-ramon-puig-cuyas\/","og_locale":"en_US","og_type":"article","og_title":"Ring \"SOLLER\" No. 89 AUTHOR: RAMON PUIG CUYAS - Arteartesania","og_description":"Ring \"SOLLER\" No. 89  AUTHOR: RAMON PUIG CUYAS  YEAR 2012  MATERIALS: Silver, Quartz, Paper, Resin  SIZE: 17. \/. Circumference: 57 mm","og_url":"https:\/\/www.arteartesania.com\/en\/product\/ring-soller-no-89-author-ramon-puig-cuyas\/","og_site_name":"Arteartesania","article_modified_time":"2020-06-18T15:40:31+00:00","og_image":[{"width":1540,"height":1540,"url":"https:\/\/www.arteartesania.com\/wp-content\/uploads\/2020\/06\/soller-89-primer-plano.jpg","type":"image\/jpeg"}],"twitter_card":"summary_large_image","schema":{"@context":"https:\/\/schema.org","@graph":[{"@type":"WebPage","@id":"https:\/\/www.arteartesania.com\/en\/product\/ring-soller-no-89-author-ramon-puig-cuyas\/","url":"https:\/\/www.arteartesania.com\/en\/product\/ring-soller-no-89-author-ramon-puig-cuyas\/","name":"Ring \"SOLLER\" No. 89 AUTHOR: RAMON PUIG CUYAS - Arteartesania","isPartOf":{"@id":"https:\/\/www.arteartesania.com\/en\/#website"},"primaryImageOfPage":{"@id":"https:\/\/www.arteartesania.com\/en\/product\/ring-soller-no-89-author-ramon-puig-cuyas\/#primaryimage"},"image":{"@id":"https:\/\/www.arteartesania.com\/en\/product\/ring-soller-no-89-author-ramon-puig-cuyas\/#primaryimage"},"thumbnailUrl":"https:\/\/www.arteartesania.com\/wp-content\/uploads\/2020\/06\/soller-89-primer-plano.jpg","datePublished":"2020-06-18T15:23:30+00:00","dateModified":"2020-06-18T15:40:31+00:00","breadcrumb":{"@id":"https:\/\/www.arteartesania.com\/en\/product\/ring-soller-no-89-author-ramon-puig-cuyas\/#breadcrumb"},"inLanguage":"en-US","potentialAction":[{"@type":"ReadAction","target":["https:\/\/www.arteartesania.com\/en\/product\/ring-soller-no-89-author-ramon-puig-cuyas\/"]}]},{"@type":"ImageObject","inLanguage":"en-US","@id":"https:\/\/www.arteartesania.com\/en\/product\/ring-soller-no-89-author-ramon-puig-cuyas\/#primaryimage","url":"https:\/\/www.arteartesania.com\/wp-content\/uploads\/2020\/06\/soller-89-primer-plano.jpg","contentUrl":"https:\/\/www.arteartesania.com\/wp-content\/uploads\/2020\/06\/soller-89-primer-plano.jpg","width":1540,"height":1540},{"@type":"BreadcrumbList","@id":"https:\/\/www.arteartesania.com\/en\/product\/ring-soller-no-89-author-ramon-puig-cuyas\/#breadcrumb","itemListElement":[{"@type":"ListItem","position":1,"name":"Portada","item":"https:\/\/www.arteartesania.com\/en\/"},{"@type":"ListItem","position":2,"name":"Shop online","item":"https:\/\/www.arteartesania.com\/en\/shop\/"},{"@type":"ListItem","position":3,"name":"Ring \u00abSOLLER\u00bb No. 89 AUTHOR: RAMON PUIG CUYAS"}]},{"@type":"WebSite","@id":"https:\/\/www.arteartesania.com\/en\/#website","url":"https:\/\/www.arteartesania.com\/en\/","name":"Arteartesania","description":"Original selecci\u00f3n de Artesan\u00eda Contempor\u00e1nea de Autor","publisher":{"@id":"https:\/\/www.arteartesania.com\/en\/#organization"},"potentialAction":[{"@type":"SearchAction","target":{"@type":"EntryPoint","urlTemplate":"https:\/\/www.arteartesania.com\/en\/?s={search_term_string}"},"query-input":{"@type":"PropertyValueSpecification","valueRequired":true,"valueName":"search_term_string"}}],"inLanguage":"en-US"},{"@type":"Organization","@id":"https:\/\/www.arteartesania.com\/en\/#organization","name":"Arteartesania","url":"https:\/\/www.arteartesania.com\/en\/","logo":{"@type":"ImageObject","inLanguage":"en-US","@id":"https:\/\/www.arteartesania.com\/en\/#\/schema\/logo\/image\/","url":"https:\/\/www.arteartesania.com\/wp-content\/uploads\/2019\/12\/cropped-logofooter.png","contentUrl":"https:\/\/www.arteartesania.com\/wp-content\/uploads\/2019\/12\/cropped-logofooter.png","width":539,"height":58,"caption":"Arteartesania"},"image":{"@id":"https:\/\/www.arteartesania.com\/en\/#\/schema\/logo\/image\/"}}]}},"_links":{"self":[{"href":"https:\/\/www.arteartesania.com\/en\/wp-json\/wp\/v2\/product\/7057"}],"collection":[{"href":"https:\/\/www.arteartesania.com\/en\/wp-json\/wp\/v2\/product"}],"about":[{"href":"https:\/\/www.arteartesania.com\/en\/wp-json\/wp\/v2\/types\/product"}],"replies":[{"embeddable":true,"href":"https:\/\/www.arteartesania.com\/en\/wp-json\/wp\/v2\/comments?post=7057"}],"wp:featuredmedia":[{"embeddable":true,"href":"https:\/\/www.arteartesania.com\/en\/wp-json\/wp\/v2\/media\/16993"}],"wp:attachment":[{"href":"https:\/\/www.arteartesania.com\/en\/wp-json\/wp\/v2\/media?parent=7057"}],"wp:term":[{"taxonomy":"product_cat","embeddable":true,"href":"https:\/\/www.arteartesania.com\/en\/wp-json\/wp\/v2\/product_cat?post=7057"},{"taxonomy":"product_tag","embeddable":true,"href":"https:\/\/www.arteartesania.com\/en\/wp-json\/wp\/v2\/product_tag?post=7057"}],"curies":[{"name":"wp","href":"https:\/\/api.w.org\/{rel}","templated":true}]}}