{"id":6869,"date":"2020-05-22T14:41:35","date_gmt":"2020-05-22T12:42:36","guid":{"rendered":"https:\/\/www.arteartesania.com\/?post_type=product&#038;p=6869"},"modified":"2020-05-22T14:42:37","modified_gmt":"2020-05-22T12:42:37","slug":"necklace-2-x-reds-enamelled-steel-silvia-walz","status":"publish","type":"product","link":"https:\/\/www.arteartesania.com\/en\/product\/necklace-2-x-reds-enamelled-steel-silvia-walz\/","title":{"rendered":"Necklace &#8211; 2 x Reds   Enamelled Steel  SILVIA WALZ"},"content":{"rendered":"<p>Necklace &#8211; 2 x Reds<\/p>\n<p>Series: Enamelled Steel<\/p>\n<p>Materials Steel, Enamel<\/p>\n<p>Author: SILVIA WALZ<\/p>\n<p>YEAR 2018<\/p>\n","protected":false},"excerpt":{"rendered":"<p>Necklace &#8211; 2 x Reds<\/p>\n<p>Series: Enamelled Steel<\/p>\n<p>Materials Steel, Enamel<\/p>\n<p>Author: SILVIA WALZ<\/p>\n<p>YEAR 2018<\/p>\n","protected":false},"featured_media":6860,"comment_status":"closed","ping_status":"closed","template":"","meta":{"_acf_changed":false,"inline_featured_image":false},"product_cat":[110,113,139],"product_tag":[349,366],"class_list":{"0":"post-6869","1":"product","2":"type-product","3":"status-publish","4":"has-post-thumbnail","6":"product_cat-jewelry","7":"product_cat-necklaces","8":"product_cat-silviawalz","9":"product_tag-carlostellechea-soller-mallorca-joyeria-arteartesania-en","10":"product_tag-silviawalz-2-en","12":"first","13":"instock","14":"shipping-taxable","15":"purchasable","16":"product-type-simple"},"acf":[],"yoast_head":"<!-- This site is optimized with the Yoast SEO plugin v23.6 - https:\/\/yoast.com\/wordpress\/plugins\/seo\/ -->\n<title>Necklace - 2 x Reds  Enamelled Steel SILVIA WALZ - Arteartesania<\/title>\n<meta name=\"robots\" content=\"index, follow, max-snippet:-1, max-image-preview:large, max-video-preview:-1\" \/>\n<link rel=\"canonical\" href=\"https:\/\/www.arteartesania.com\/en\/product\/necklace-2-x-reds-enamelled-steel-silvia-walz\/\" \/>\n<meta property=\"og:locale\" content=\"en_US\" \/>\n<meta property=\"og:type\" content=\"article\" \/>\n<meta property=\"og:title\" content=\"Necklace - 2 x Reds  Enamelled Steel SILVIA WALZ - Arteartesania\" \/>\n<meta property=\"og:description\" content=\"Necklace - 2 x Reds  Series: Enamelled Steel  Materials Steel, Enamel  Author: SILVIA WALZ  YEAR 2018\" \/>\n<meta property=\"og:url\" content=\"https:\/\/www.arteartesania.com\/en\/product\/necklace-2-x-reds-enamelled-steel-silvia-walz\/\" \/>\n<meta property=\"og:site_name\" content=\"Arteartesania\" \/>\n<meta property=\"article:modified_time\" content=\"2020-05-22T12:42:37+00:00\" \/>\n<meta property=\"og:image\" content=\"https:\/\/www.arteartesania.com\/wp-content\/uploads\/2020\/05\/COLLARES-ACERO-ESMALTADO-2-x-ROJO-SILVIA-WALZ.-3-1.jpeg\" \/>\n\t<meta property=\"og:image:width\" content=\"2035\" \/>\n\t<meta property=\"og:image:height\" content=\"2560\" \/>\n\t<meta property=\"og:image:type\" content=\"image\/jpeg\" \/>\n<meta name=\"twitter:card\" content=\"summary_large_image\" \/>\n<script type=\"application\/ld+json\" class=\"yoast-schema-graph\">{\"@context\":\"https:\/\/schema.org\",\"@graph\":[{\"@type\":\"WebPage\",\"@id\":\"https:\/\/www.arteartesania.com\/en\/product\/necklace-2-x-reds-enamelled-steel-silvia-walz\/\",\"url\":\"https:\/\/www.arteartesania.com\/en\/product\/necklace-2-x-reds-enamelled-steel-silvia-walz\/\",\"name\":\"Necklace - 2 x Reds Enamelled Steel SILVIA WALZ - Arteartesania\",\"isPartOf\":{\"@id\":\"https:\/\/www.arteartesania.com\/en\/#website\"},\"primaryImageOfPage\":{\"@id\":\"https:\/\/www.arteartesania.com\/en\/product\/necklace-2-x-reds-enamelled-steel-silvia-walz\/#primaryimage\"},\"image\":{\"@id\":\"https:\/\/www.arteartesania.com\/en\/product\/necklace-2-x-reds-enamelled-steel-silvia-walz\/#primaryimage\"},\"thumbnailUrl\":\"https:\/\/www.arteartesania.com\/wp-content\/uploads\/2020\/05\/COLLARES-ACERO-ESMALTADO-2-x-ROJO-SILVIA-WALZ.-3-1.jpeg\",\"datePublished\":\"2020-05-22T12:42:36+00:00\",\"dateModified\":\"2020-05-22T12:42:37+00:00\",\"breadcrumb\":{\"@id\":\"https:\/\/www.arteartesania.com\/en\/product\/necklace-2-x-reds-enamelled-steel-silvia-walz\/#breadcrumb\"},\"inLanguage\":\"en-US\",\"potentialAction\":[{\"@type\":\"ReadAction\",\"target\":[\"https:\/\/www.arteartesania.com\/en\/product\/necklace-2-x-reds-enamelled-steel-silvia-walz\/\"]}]},{\"@type\":\"ImageObject\",\"inLanguage\":\"en-US\",\"@id\":\"https:\/\/www.arteartesania.com\/en\/product\/necklace-2-x-reds-enamelled-steel-silvia-walz\/#primaryimage\",\"url\":\"https:\/\/www.arteartesania.com\/wp-content\/uploads\/2020\/05\/COLLARES-ACERO-ESMALTADO-2-x-ROJO-SILVIA-WALZ.-3-1.jpeg\",\"contentUrl\":\"https:\/\/www.arteartesania.com\/wp-content\/uploads\/2020\/05\/COLLARES-ACERO-ESMALTADO-2-x-ROJO-SILVIA-WALZ.-3-1.jpeg\",\"width\":2035,\"height\":2560,\"caption\":\"COLLARES ACERO ESMALTADO (2 x ROJO) SILVIA WALZ\"},{\"@type\":\"BreadcrumbList\",\"@id\":\"https:\/\/www.arteartesania.com\/en\/product\/necklace-2-x-reds-enamelled-steel-silvia-walz\/#breadcrumb\",\"itemListElement\":[{\"@type\":\"ListItem\",\"position\":1,\"name\":\"Portada\",\"item\":\"https:\/\/www.arteartesania.com\/en\/\"},{\"@type\":\"ListItem\",\"position\":2,\"name\":\"Shop online\",\"item\":\"https:\/\/www.arteartesania.com\/en\/shop\/\"},{\"@type\":\"ListItem\",\"position\":3,\"name\":\"Necklace &#8211; 2 x Reds Enamelled Steel SILVIA WALZ\"}]},{\"@type\":\"WebSite\",\"@id\":\"https:\/\/www.arteartesania.com\/en\/#website\",\"url\":\"https:\/\/www.arteartesania.com\/en\/\",\"name\":\"Arteartesania\",\"description\":\"Original selecci\u00f3n de Artesan\u00eda Contempor\u00e1nea de Autor\",\"publisher\":{\"@id\":\"https:\/\/www.arteartesania.com\/en\/#organization\"},\"potentialAction\":[{\"@type\":\"SearchAction\",\"target\":{\"@type\":\"EntryPoint\",\"urlTemplate\":\"https:\/\/www.arteartesania.com\/en\/?s={search_term_string}\"},\"query-input\":{\"@type\":\"PropertyValueSpecification\",\"valueRequired\":true,\"valueName\":\"search_term_string\"}}],\"inLanguage\":\"en-US\"},{\"@type\":\"Organization\",\"@id\":\"https:\/\/www.arteartesania.com\/en\/#organization\",\"name\":\"Arteartesania\",\"url\":\"https:\/\/www.arteartesania.com\/en\/\",\"logo\":{\"@type\":\"ImageObject\",\"inLanguage\":\"en-US\",\"@id\":\"https:\/\/www.arteartesania.com\/en\/#\/schema\/logo\/image\/\",\"url\":\"https:\/\/www.arteartesania.com\/wp-content\/uploads\/2019\/12\/cropped-logofooter.png\",\"contentUrl\":\"https:\/\/www.arteartesania.com\/wp-content\/uploads\/2019\/12\/cropped-logofooter.png\",\"width\":539,\"height\":58,\"caption\":\"Arteartesania\"},\"image\":{\"@id\":\"https:\/\/www.arteartesania.com\/en\/#\/schema\/logo\/image\/\"}}]}<\/script>\n<!-- \/ Yoast SEO plugin. -->","yoast_head_json":{"title":"Necklace - 2 x Reds  Enamelled Steel SILVIA WALZ - Arteartesania","robots":{"index":"index","follow":"follow","max-snippet":"max-snippet:-1","max-image-preview":"max-image-preview:large","max-video-preview":"max-video-preview:-1"},"canonical":"https:\/\/www.arteartesania.com\/en\/product\/necklace-2-x-reds-enamelled-steel-silvia-walz\/","og_locale":"en_US","og_type":"article","og_title":"Necklace - 2 x Reds  Enamelled Steel SILVIA WALZ - Arteartesania","og_description":"Necklace - 2 x Reds  Series: Enamelled Steel  Materials Steel, Enamel  Author: SILVIA WALZ  YEAR 2018","og_url":"https:\/\/www.arteartesania.com\/en\/product\/necklace-2-x-reds-enamelled-steel-silvia-walz\/","og_site_name":"Arteartesania","article_modified_time":"2020-05-22T12:42:37+00:00","og_image":[{"width":2035,"height":2560,"url":"https:\/\/www.arteartesania.com\/wp-content\/uploads\/2020\/05\/COLLARES-ACERO-ESMALTADO-2-x-ROJO-SILVIA-WALZ.-3-1.jpeg","type":"image\/jpeg"}],"twitter_card":"summary_large_image","schema":{"@context":"https:\/\/schema.org","@graph":[{"@type":"WebPage","@id":"https:\/\/www.arteartesania.com\/en\/product\/necklace-2-x-reds-enamelled-steel-silvia-walz\/","url":"https:\/\/www.arteartesania.com\/en\/product\/necklace-2-x-reds-enamelled-steel-silvia-walz\/","name":"Necklace - 2 x Reds Enamelled Steel SILVIA WALZ - Arteartesania","isPartOf":{"@id":"https:\/\/www.arteartesania.com\/en\/#website"},"primaryImageOfPage":{"@id":"https:\/\/www.arteartesania.com\/en\/product\/necklace-2-x-reds-enamelled-steel-silvia-walz\/#primaryimage"},"image":{"@id":"https:\/\/www.arteartesania.com\/en\/product\/necklace-2-x-reds-enamelled-steel-silvia-walz\/#primaryimage"},"thumbnailUrl":"https:\/\/www.arteartesania.com\/wp-content\/uploads\/2020\/05\/COLLARES-ACERO-ESMALTADO-2-x-ROJO-SILVIA-WALZ.-3-1.jpeg","datePublished":"2020-05-22T12:42:36+00:00","dateModified":"2020-05-22T12:42:37+00:00","breadcrumb":{"@id":"https:\/\/www.arteartesania.com\/en\/product\/necklace-2-x-reds-enamelled-steel-silvia-walz\/#breadcrumb"},"inLanguage":"en-US","potentialAction":[{"@type":"ReadAction","target":["https:\/\/www.arteartesania.com\/en\/product\/necklace-2-x-reds-enamelled-steel-silvia-walz\/"]}]},{"@type":"ImageObject","inLanguage":"en-US","@id":"https:\/\/www.arteartesania.com\/en\/product\/necklace-2-x-reds-enamelled-steel-silvia-walz\/#primaryimage","url":"https:\/\/www.arteartesania.com\/wp-content\/uploads\/2020\/05\/COLLARES-ACERO-ESMALTADO-2-x-ROJO-SILVIA-WALZ.-3-1.jpeg","contentUrl":"https:\/\/www.arteartesania.com\/wp-content\/uploads\/2020\/05\/COLLARES-ACERO-ESMALTADO-2-x-ROJO-SILVIA-WALZ.-3-1.jpeg","width":2035,"height":2560,"caption":"COLLARES ACERO ESMALTADO (2 x ROJO) SILVIA WALZ"},{"@type":"BreadcrumbList","@id":"https:\/\/www.arteartesania.com\/en\/product\/necklace-2-x-reds-enamelled-steel-silvia-walz\/#breadcrumb","itemListElement":[{"@type":"ListItem","position":1,"name":"Portada","item":"https:\/\/www.arteartesania.com\/en\/"},{"@type":"ListItem","position":2,"name":"Shop online","item":"https:\/\/www.arteartesania.com\/en\/shop\/"},{"@type":"ListItem","position":3,"name":"Necklace &#8211; 2 x Reds Enamelled Steel SILVIA WALZ"}]},{"@type":"WebSite","@id":"https:\/\/www.arteartesania.com\/en\/#website","url":"https:\/\/www.arteartesania.com\/en\/","name":"Arteartesania","description":"Original selecci\u00f3n de Artesan\u00eda Contempor\u00e1nea de Autor","publisher":{"@id":"https:\/\/www.arteartesania.com\/en\/#organization"},"potentialAction":[{"@type":"SearchAction","target":{"@type":"EntryPoint","urlTemplate":"https:\/\/www.arteartesania.com\/en\/?s={search_term_string}"},"query-input":{"@type":"PropertyValueSpecification","valueRequired":true,"valueName":"search_term_string"}}],"inLanguage":"en-US"},{"@type":"Organization","@id":"https:\/\/www.arteartesania.com\/en\/#organization","name":"Arteartesania","url":"https:\/\/www.arteartesania.com\/en\/","logo":{"@type":"ImageObject","inLanguage":"en-US","@id":"https:\/\/www.arteartesania.com\/en\/#\/schema\/logo\/image\/","url":"https:\/\/www.arteartesania.com\/wp-content\/uploads\/2019\/12\/cropped-logofooter.png","contentUrl":"https:\/\/www.arteartesania.com\/wp-content\/uploads\/2019\/12\/cropped-logofooter.png","width":539,"height":58,"caption":"Arteartesania"},"image":{"@id":"https:\/\/www.arteartesania.com\/en\/#\/schema\/logo\/image\/"}}]}},"_links":{"self":[{"href":"https:\/\/www.arteartesania.com\/en\/wp-json\/wp\/v2\/product\/6869"}],"collection":[{"href":"https:\/\/www.arteartesania.com\/en\/wp-json\/wp\/v2\/product"}],"about":[{"href":"https:\/\/www.arteartesania.com\/en\/wp-json\/wp\/v2\/types\/product"}],"replies":[{"embeddable":true,"href":"https:\/\/www.arteartesania.com\/en\/wp-json\/wp\/v2\/comments?post=6869"}],"wp:featuredmedia":[{"embeddable":true,"href":"https:\/\/www.arteartesania.com\/en\/wp-json\/wp\/v2\/media\/6860"}],"wp:attachment":[{"href":"https:\/\/www.arteartesania.com\/en\/wp-json\/wp\/v2\/media?parent=6869"}],"wp:term":[{"taxonomy":"product_cat","embeddable":true,"href":"https:\/\/www.arteartesania.com\/en\/wp-json\/wp\/v2\/product_cat?post=6869"},{"taxonomy":"product_tag","embeddable":true,"href":"https:\/\/www.arteartesania.com\/en\/wp-json\/wp\/v2\/product_tag?post=6869"}],"curies":[{"name":"wp","href":"https:\/\/api.w.org\/{rel}","templated":true}]}}