{"id":6750,"date":"2020-05-21T15:12:21","date_gmt":"2020-05-21T13:13:36","guid":{"rendered":"https:\/\/www.arteartesania.com\/?post_type=product&#038;p=6750"},"modified":"2021-07-06T14:09:33","modified_gmt":"2021-07-06T12:09:33","slug":"necklace-dots-handmade-by-ana-hagopian","status":"publish","type":"product","link":"https:\/\/www.arteartesania.com\/en\/product\/necklace-dots-handmade-by-ana-hagopian\/","title":{"rendered":"Necklace &#8220;Dots&#8221; Handmade by ANA HAGOPIAN"},"content":{"rendered":"<p>PIECE: Necklace &#8220;Dots&#8221;<\/p>\n<p>Materials: Paper mache and Rope<\/p>\n<p>Length: 90cm<\/p>\n<p>Handmade by ANA HAGOPIAN<\/p>\n","protected":false},"excerpt":{"rendered":"<p>PIECE: Necklace &#8220;Dots&#8221;<\/p>\n<p>Materials: Paper mache and Rope<\/p>\n<p>Length: 90cm<\/p>\n<p>Handmade by ANA HAGOPIAN<\/p>\n<p><em><strong>About Ana:<\/strong><\/em><\/p>\n<p>Playing with paper, cutting and pasting to create volumes and shapes. The source of inspiration is nature and its infinite creations, its unlimited colors, its surprising textures. \u201cThe role is contradictory, provocative and humble because it is ephemeral.\u201d When she creates her works, she unconsciously seeks the primordial contact, the constant wonder of childhood, the magical vision that transforms the prosaic and everyday into something new and wonderful.<\/p>\n","protected":false},"featured_media":6739,"comment_status":"closed","ping_status":"closed","template":"","meta":{"_acf_changed":false,"inline_featured_image":false},"product_brand":[],"product_cat":[141,110,113],"product_tag":[349],"class_list":{"0":"post-6750","1":"product","2":"type-product","3":"status-publish","4":"has-post-thumbnail","6":"product_cat-ana-hagopian-en","7":"product_cat-jewelry","8":"product_cat-necklaces","9":"product_tag-carlostellechea-soller-mallorca-joyeria-arteartesania-en","11":"first","12":"instock","13":"shipping-taxable","14":"purchasable","15":"product-type-variable"},"acf":[],"yoast_head":"<!-- This site is optimized with the Yoast SEO plugin v27.6 - https:\/\/yoast.com\/product\/yoast-seo-wordpress\/ -->\n<title>Necklace &quot;Dots&quot; Handmade by ANA HAGOPIAN - Arteartesania<\/title>\n<meta name=\"robots\" content=\"index, follow, max-snippet:-1, max-image-preview:large, max-video-preview:-1\" \/>\n<link rel=\"canonical\" href=\"https:\/\/www.arteartesania.com\/en\/product\/necklace-dots-handmade-by-ana-hagopian\/\" \/>\n<meta property=\"og:locale\" content=\"en_US\" \/>\n<meta property=\"og:type\" content=\"article\" \/>\n<meta property=\"og:title\" content=\"Necklace &quot;Dots&quot; Handmade by ANA HAGOPIAN - Arteartesania\" \/>\n<meta property=\"og:description\" content=\"PIECE: Necklace &quot;Dots&quot;  Materials: Paper mache and Rope  Length: 90cm  Handmade by ANA HAGOPIAN  About Ana:  Playing with paper, cutting and pasting to create volumes and shapes. The source of inspiration is nature and its infinite creations, its unlimited colors, its surprising textures. \u201cThe role is contradictory, provocative and humble because it is ephemeral.\u201d When she creates her works, she unconsciously seeks the primordial contact, the constant wonder of childhood, the magical vision that transforms the prosaic and everyday into something new and wonderful.\" \/>\n<meta property=\"og:url\" content=\"https:\/\/www.arteartesania.com\/en\/product\/necklace-dots-handmade-by-ana-hagopian\/\" \/>\n<meta property=\"og:site_name\" content=\"Arteartesania\" \/>\n<meta property=\"article:modified_time\" content=\"2021-07-06T12:09:33+00:00\" \/>\n<meta property=\"og:image\" content=\"https:\/\/www.arteartesania.com\/wp-content\/uploads\/2020\/05\/COLLAR-DOTS-ANA-HAGOPIAN-2.jpeg\" \/>\n\t<meta property=\"og:image:width\" content=\"1928\" \/>\n\t<meta property=\"og:image:height\" content=\"2560\" \/>\n\t<meta property=\"og:image:type\" content=\"image\/jpeg\" \/>\n<meta name=\"twitter:card\" content=\"summary_large_image\" \/>\n<script type=\"application\/ld+json\" class=\"yoast-schema-graph\">{\"@context\":\"https:\\\/\\\/schema.org\",\"@graph\":[{\"@type\":\"WebPage\",\"@id\":\"https:\\\/\\\/www.arteartesania.com\\\/en\\\/product\\\/necklace-dots-handmade-by-ana-hagopian\\\/\",\"url\":\"https:\\\/\\\/www.arteartesania.com\\\/en\\\/product\\\/necklace-dots-handmade-by-ana-hagopian\\\/\",\"name\":\"Necklace \\\"Dots\\\" Handmade by ANA HAGOPIAN - Arteartesania\",\"isPartOf\":{\"@id\":\"https:\\\/\\\/www.arteartesania.com\\\/en\\\/#website\"},\"primaryImageOfPage\":{\"@id\":\"https:\\\/\\\/www.arteartesania.com\\\/en\\\/product\\\/necklace-dots-handmade-by-ana-hagopian\\\/#primaryimage\"},\"image\":{\"@id\":\"https:\\\/\\\/www.arteartesania.com\\\/en\\\/product\\\/necklace-dots-handmade-by-ana-hagopian\\\/#primaryimage\"},\"thumbnailUrl\":\"https:\\\/\\\/www.arteartesania.com\\\/wp-content\\\/uploads\\\/2020\\\/05\\\/COLLAR-DOTS-ANA-HAGOPIAN-2.jpeg\",\"datePublished\":\"2020-05-21T13:13:36+00:00\",\"dateModified\":\"2021-07-06T12:09:33+00:00\",\"breadcrumb\":{\"@id\":\"https:\\\/\\\/www.arteartesania.com\\\/en\\\/product\\\/necklace-dots-handmade-by-ana-hagopian\\\/#breadcrumb\"},\"inLanguage\":\"en-US\",\"potentialAction\":[{\"@type\":\"ReadAction\",\"target\":[\"https:\\\/\\\/www.arteartesania.com\\\/en\\\/product\\\/necklace-dots-handmade-by-ana-hagopian\\\/\"]}]},{\"@type\":\"ImageObject\",\"inLanguage\":\"en-US\",\"@id\":\"https:\\\/\\\/www.arteartesania.com\\\/en\\\/product\\\/necklace-dots-handmade-by-ana-hagopian\\\/#primaryimage\",\"url\":\"https:\\\/\\\/www.arteartesania.com\\\/wp-content\\\/uploads\\\/2020\\\/05\\\/COLLAR-DOTS-ANA-HAGOPIAN-2.jpeg\",\"contentUrl\":\"https:\\\/\\\/www.arteartesania.com\\\/wp-content\\\/uploads\\\/2020\\\/05\\\/COLLAR-DOTS-ANA-HAGOPIAN-2.jpeg\",\"width\":1928,\"height\":2560},{\"@type\":\"BreadcrumbList\",\"@id\":\"https:\\\/\\\/www.arteartesania.com\\\/en\\\/product\\\/necklace-dots-handmade-by-ana-hagopian\\\/#breadcrumb\",\"itemListElement\":[{\"@type\":\"ListItem\",\"position\":1,\"name\":\"Portada\",\"item\":\"https:\\\/\\\/www.arteartesania.com\\\/en\\\/\"},{\"@type\":\"ListItem\",\"position\":2,\"name\":\"Shop online\",\"item\":\"https:\\\/\\\/www.arteartesania.com\\\/en\\\/shop\\\/\"},{\"@type\":\"ListItem\",\"position\":3,\"name\":\"Necklace \u00abDots\u00bb Handmade by ANA HAGOPIAN\"}]},{\"@type\":\"WebSite\",\"@id\":\"https:\\\/\\\/www.arteartesania.com\\\/en\\\/#website\",\"url\":\"https:\\\/\\\/www.arteartesania.com\\\/en\\\/\",\"name\":\"Arteartesania\",\"description\":\"Original selecci\u00f3n de Artesan\u00eda Contempor\u00e1nea de Autor\",\"publisher\":{\"@id\":\"https:\\\/\\\/www.arteartesania.com\\\/en\\\/#organization\"},\"potentialAction\":[{\"@type\":\"SearchAction\",\"target\":{\"@type\":\"EntryPoint\",\"urlTemplate\":\"https:\\\/\\\/www.arteartesania.com\\\/en\\\/?s={search_term_string}\"},\"query-input\":{\"@type\":\"PropertyValueSpecification\",\"valueRequired\":true,\"valueName\":\"search_term_string\"}}],\"inLanguage\":\"en-US\"},{\"@type\":\"Organization\",\"@id\":\"https:\\\/\\\/www.arteartesania.com\\\/en\\\/#organization\",\"name\":\"Arteartesania\",\"url\":\"https:\\\/\\\/www.arteartesania.com\\\/en\\\/\",\"logo\":{\"@type\":\"ImageObject\",\"inLanguage\":\"en-US\",\"@id\":\"https:\\\/\\\/www.arteartesania.com\\\/en\\\/#\\\/schema\\\/logo\\\/image\\\/\",\"url\":\"https:\\\/\\\/www.arteartesania.com\\\/wp-content\\\/uploads\\\/2019\\\/12\\\/cropped-logofooter.png\",\"contentUrl\":\"https:\\\/\\\/www.arteartesania.com\\\/wp-content\\\/uploads\\\/2019\\\/12\\\/cropped-logofooter.png\",\"width\":539,\"height\":58,\"caption\":\"Arteartesania\"},\"image\":{\"@id\":\"https:\\\/\\\/www.arteartesania.com\\\/en\\\/#\\\/schema\\\/logo\\\/image\\\/\"}}]}<\/script>\n<!-- \/ Yoast SEO plugin. -->","yoast_head_json":{"title":"Necklace \"Dots\" Handmade by ANA HAGOPIAN - Arteartesania","robots":{"index":"index","follow":"follow","max-snippet":"max-snippet:-1","max-image-preview":"max-image-preview:large","max-video-preview":"max-video-preview:-1"},"canonical":"https:\/\/www.arteartesania.com\/en\/product\/necklace-dots-handmade-by-ana-hagopian\/","og_locale":"en_US","og_type":"article","og_title":"Necklace \"Dots\" Handmade by ANA HAGOPIAN - Arteartesania","og_description":"PIECE: Necklace \"Dots\"  Materials: Paper mache and Rope  Length: 90cm  Handmade by ANA HAGOPIAN  About Ana:  Playing with paper, cutting and pasting to create volumes and shapes. The source of inspiration is nature and its infinite creations, its unlimited colors, its surprising textures. \u201cThe role is contradictory, provocative and humble because it is ephemeral.\u201d When she creates her works, she unconsciously seeks the primordial contact, the constant wonder of childhood, the magical vision that transforms the prosaic and everyday into something new and wonderful.","og_url":"https:\/\/www.arteartesania.com\/en\/product\/necklace-dots-handmade-by-ana-hagopian\/","og_site_name":"Arteartesania","article_modified_time":"2021-07-06T12:09:33+00:00","og_image":[{"width":1928,"height":2560,"url":"https:\/\/www.arteartesania.com\/wp-content\/uploads\/2020\/05\/COLLAR-DOTS-ANA-HAGOPIAN-2.jpeg","type":"image\/jpeg"}],"twitter_card":"summary_large_image","schema":{"@context":"https:\/\/schema.org","@graph":[{"@type":"WebPage","@id":"https:\/\/www.arteartesania.com\/en\/product\/necklace-dots-handmade-by-ana-hagopian\/","url":"https:\/\/www.arteartesania.com\/en\/product\/necklace-dots-handmade-by-ana-hagopian\/","name":"Necklace \"Dots\" Handmade by ANA HAGOPIAN - Arteartesania","isPartOf":{"@id":"https:\/\/www.arteartesania.com\/en\/#website"},"primaryImageOfPage":{"@id":"https:\/\/www.arteartesania.com\/en\/product\/necklace-dots-handmade-by-ana-hagopian\/#primaryimage"},"image":{"@id":"https:\/\/www.arteartesania.com\/en\/product\/necklace-dots-handmade-by-ana-hagopian\/#primaryimage"},"thumbnailUrl":"https:\/\/www.arteartesania.com\/wp-content\/uploads\/2020\/05\/COLLAR-DOTS-ANA-HAGOPIAN-2.jpeg","datePublished":"2020-05-21T13:13:36+00:00","dateModified":"2021-07-06T12:09:33+00:00","breadcrumb":{"@id":"https:\/\/www.arteartesania.com\/en\/product\/necklace-dots-handmade-by-ana-hagopian\/#breadcrumb"},"inLanguage":"en-US","potentialAction":[{"@type":"ReadAction","target":["https:\/\/www.arteartesania.com\/en\/product\/necklace-dots-handmade-by-ana-hagopian\/"]}]},{"@type":"ImageObject","inLanguage":"en-US","@id":"https:\/\/www.arteartesania.com\/en\/product\/necklace-dots-handmade-by-ana-hagopian\/#primaryimage","url":"https:\/\/www.arteartesania.com\/wp-content\/uploads\/2020\/05\/COLLAR-DOTS-ANA-HAGOPIAN-2.jpeg","contentUrl":"https:\/\/www.arteartesania.com\/wp-content\/uploads\/2020\/05\/COLLAR-DOTS-ANA-HAGOPIAN-2.jpeg","width":1928,"height":2560},{"@type":"BreadcrumbList","@id":"https:\/\/www.arteartesania.com\/en\/product\/necklace-dots-handmade-by-ana-hagopian\/#breadcrumb","itemListElement":[{"@type":"ListItem","position":1,"name":"Portada","item":"https:\/\/www.arteartesania.com\/en\/"},{"@type":"ListItem","position":2,"name":"Shop online","item":"https:\/\/www.arteartesania.com\/en\/shop\/"},{"@type":"ListItem","position":3,"name":"Necklace \u00abDots\u00bb Handmade by ANA HAGOPIAN"}]},{"@type":"WebSite","@id":"https:\/\/www.arteartesania.com\/en\/#website","url":"https:\/\/www.arteartesania.com\/en\/","name":"Arteartesania","description":"Original selecci\u00f3n de Artesan\u00eda Contempor\u00e1nea de Autor","publisher":{"@id":"https:\/\/www.arteartesania.com\/en\/#organization"},"potentialAction":[{"@type":"SearchAction","target":{"@type":"EntryPoint","urlTemplate":"https:\/\/www.arteartesania.com\/en\/?s={search_term_string}"},"query-input":{"@type":"PropertyValueSpecification","valueRequired":true,"valueName":"search_term_string"}}],"inLanguage":"en-US"},{"@type":"Organization","@id":"https:\/\/www.arteartesania.com\/en\/#organization","name":"Arteartesania","url":"https:\/\/www.arteartesania.com\/en\/","logo":{"@type":"ImageObject","inLanguage":"en-US","@id":"https:\/\/www.arteartesania.com\/en\/#\/schema\/logo\/image\/","url":"https:\/\/www.arteartesania.com\/wp-content\/uploads\/2019\/12\/cropped-logofooter.png","contentUrl":"https:\/\/www.arteartesania.com\/wp-content\/uploads\/2019\/12\/cropped-logofooter.png","width":539,"height":58,"caption":"Arteartesania"},"image":{"@id":"https:\/\/www.arteartesania.com\/en\/#\/schema\/logo\/image\/"}}]}},"_links":{"self":[{"href":"https:\/\/www.arteartesania.com\/en\/wp-json\/wp\/v2\/product\/6750","targetHints":{"allow":["GET"]}}],"collection":[{"href":"https:\/\/www.arteartesania.com\/en\/wp-json\/wp\/v2\/product"}],"about":[{"href":"https:\/\/www.arteartesania.com\/en\/wp-json\/wp\/v2\/types\/product"}],"replies":[{"embeddable":true,"href":"https:\/\/www.arteartesania.com\/en\/wp-json\/wp\/v2\/comments?post=6750"}],"wp:featuredmedia":[{"embeddable":true,"href":"https:\/\/www.arteartesania.com\/en\/wp-json\/wp\/v2\/media\/6739"}],"wp:attachment":[{"href":"https:\/\/www.arteartesania.com\/en\/wp-json\/wp\/v2\/media?parent=6750"}],"wp:term":[{"taxonomy":"product_brand","embeddable":true,"href":"https:\/\/www.arteartesania.com\/en\/wp-json\/wp\/v2\/product_brand?post=6750"},{"taxonomy":"product_cat","embeddable":true,"href":"https:\/\/www.arteartesania.com\/en\/wp-json\/wp\/v2\/product_cat?post=6750"},{"taxonomy":"product_tag","embeddable":true,"href":"https:\/\/www.arteartesania.com\/en\/wp-json\/wp\/v2\/product_tag?post=6750"}],"curies":[{"name":"wp","href":"https:\/\/api.w.org\/{rel}","templated":true}]}}