{"id":6115,"date":"2020-04-28T09:17:29","date_gmt":"2020-04-28T07:16:31","guid":{"rendered":"https:\/\/www.arteartesania.com\/?post_type=product&#038;p=6115"},"modified":"2020-05-18T18:17:57","modified_gmt":"2020-05-18T16:17:57","slug":"earrings-with-sapphires-in-silver","status":"publish","type":"product","link":"https:\/\/www.arteartesania.com\/en\/product\/earrings-with-sapphires-in-silver\/","title":{"rendered":"Silver and Gold Earrings w \/ Sapphires set in Silver with 18K Gold application in Koom Boo CARLOS TELLECHEA"},"content":{"rendered":"<p>One Block Silver and Gold Earrings w \/ Sapphires set in Silver<br \/>\nRectangular Silver Box with 18K Gold application in Koom Boo<br \/>\nMATERIAL: 925 Silver &#8211; 18K Gold &#8211; Sapphires<br \/>\nAuthor: Carlos Tellechea<\/p>\n","protected":false},"excerpt":{"rendered":"<p>One block silver and gold earrings with sapphires set in silver<br \/>\nRectangular Silver Box with 18K Gold application in Koom Boo<br \/>\nMATERIAL: 925 Silver &#8211; 18K Gold &#8211; Sapphires<br \/>\nAuthor: Carlos Tellechea<\/p>\n","protected":false},"featured_media":6110,"comment_status":"closed","ping_status":"closed","template":"","meta":{"_acf_changed":false,"inline_featured_image":false},"product_cat":[128,115,110],"product_tag":[],"class_list":{"0":"post-6115","1":"product","2":"type-product","3":"status-publish","4":"has-post-thumbnail","6":"product_cat-carlostellechea","7":"product_cat-earrings","8":"product_cat-jewelry","10":"first","11":"onbackorder","12":"shipping-taxable","13":"purchasable","14":"product-type-simple"},"acf":[],"yoast_head":"<!-- This site is optimized with the Yoast SEO plugin v23.6 - https:\/\/yoast.com\/wordpress\/plugins\/seo\/ -->\n<title>Silver and Gold Earrings w \/ Sapphires set in Silver with 18K Gold application in Koom Boo CARLOS TELLECHEA - Arteartesania<\/title>\n<meta name=\"robots\" content=\"index, follow, max-snippet:-1, max-image-preview:large, max-video-preview:-1\" \/>\n<link rel=\"canonical\" href=\"https:\/\/www.arteartesania.com\/en\/product\/earrings-with-sapphires-in-silver\/\" \/>\n<meta property=\"og:locale\" content=\"en_US\" \/>\n<meta property=\"og:type\" content=\"article\" \/>\n<meta property=\"og:title\" content=\"Silver and Gold Earrings w \/ Sapphires set in Silver with 18K Gold application in Koom Boo CARLOS TELLECHEA - Arteartesania\" \/>\n<meta property=\"og:description\" content=\"One block silver and gold earrings with sapphires set in silver Rectangular Silver Box with 18K Gold application in Koom Boo MATERIAL: 925 Silver - 18K Gold - Sapphires Author: Carlos Tellechea\" \/>\n<meta property=\"og:url\" content=\"https:\/\/www.arteartesania.com\/en\/product\/earrings-with-sapphires-in-silver\/\" \/>\n<meta property=\"og:site_name\" content=\"Arteartesania\" \/>\n<meta property=\"article:modified_time\" content=\"2020-05-18T16:17:57+00:00\" \/>\n<meta property=\"og:image\" content=\"https:\/\/www.arteartesania.com\/wp-content\/uploads\/2020\/04\/w_IMG_1259.jpg\" \/>\n\t<meta property=\"og:image:width\" content=\"1200\" \/>\n\t<meta property=\"og:image:height\" content=\"1145\" \/>\n\t<meta property=\"og:image:type\" content=\"image\/jpeg\" \/>\n<meta name=\"twitter:card\" content=\"summary_large_image\" \/>\n<script type=\"application\/ld+json\" class=\"yoast-schema-graph\">{\"@context\":\"https:\/\/schema.org\",\"@graph\":[{\"@type\":\"WebPage\",\"@id\":\"https:\/\/www.arteartesania.com\/en\/product\/earrings-with-sapphires-in-silver\/\",\"url\":\"https:\/\/www.arteartesania.com\/en\/product\/earrings-with-sapphires-in-silver\/\",\"name\":\"Silver and Gold Earrings w \/ Sapphires set in Silver with 18K Gold application in Koom Boo CARLOS TELLECHEA - Arteartesania\",\"isPartOf\":{\"@id\":\"https:\/\/www.arteartesania.com\/en\/#website\"},\"primaryImageOfPage\":{\"@id\":\"https:\/\/www.arteartesania.com\/en\/product\/earrings-with-sapphires-in-silver\/#primaryimage\"},\"image\":{\"@id\":\"https:\/\/www.arteartesania.com\/en\/product\/earrings-with-sapphires-in-silver\/#primaryimage\"},\"thumbnailUrl\":\"https:\/\/www.arteartesania.com\/wp-content\/uploads\/2020\/04\/w_IMG_1259.jpg\",\"datePublished\":\"2020-04-28T07:16:31+00:00\",\"dateModified\":\"2020-05-18T16:17:57+00:00\",\"breadcrumb\":{\"@id\":\"https:\/\/www.arteartesania.com\/en\/product\/earrings-with-sapphires-in-silver\/#breadcrumb\"},\"inLanguage\":\"en-US\",\"potentialAction\":[{\"@type\":\"ReadAction\",\"target\":[\"https:\/\/www.arteartesania.com\/en\/product\/earrings-with-sapphires-in-silver\/\"]}]},{\"@type\":\"ImageObject\",\"inLanguage\":\"en-US\",\"@id\":\"https:\/\/www.arteartesania.com\/en\/product\/earrings-with-sapphires-in-silver\/#primaryimage\",\"url\":\"https:\/\/www.arteartesania.com\/wp-content\/uploads\/2020\/04\/w_IMG_1259.jpg\",\"contentUrl\":\"https:\/\/www.arteartesania.com\/wp-content\/uploads\/2020\/04\/w_IMG_1259.jpg\",\"width\":1200,\"height\":1145},{\"@type\":\"BreadcrumbList\",\"@id\":\"https:\/\/www.arteartesania.com\/en\/product\/earrings-with-sapphires-in-silver\/#breadcrumb\",\"itemListElement\":[{\"@type\":\"ListItem\",\"position\":1,\"name\":\"Portada\",\"item\":\"https:\/\/www.arteartesania.com\/en\/\"},{\"@type\":\"ListItem\",\"position\":2,\"name\":\"Shop online\",\"item\":\"https:\/\/www.arteartesania.com\/en\/shop\/\"},{\"@type\":\"ListItem\",\"position\":3,\"name\":\"Silver and Gold Earrings w \/ Sapphires set in Silver with 18K Gold application in Koom Boo CARLOS TELLECHEA\"}]},{\"@type\":\"WebSite\",\"@id\":\"https:\/\/www.arteartesania.com\/en\/#website\",\"url\":\"https:\/\/www.arteartesania.com\/en\/\",\"name\":\"Arteartesania\",\"description\":\"Original selecci\u00f3n de Artesan\u00eda Contempor\u00e1nea de Autor\",\"publisher\":{\"@id\":\"https:\/\/www.arteartesania.com\/en\/#organization\"},\"potentialAction\":[{\"@type\":\"SearchAction\",\"target\":{\"@type\":\"EntryPoint\",\"urlTemplate\":\"https:\/\/www.arteartesania.com\/en\/?s={search_term_string}\"},\"query-input\":{\"@type\":\"PropertyValueSpecification\",\"valueRequired\":true,\"valueName\":\"search_term_string\"}}],\"inLanguage\":\"en-US\"},{\"@type\":\"Organization\",\"@id\":\"https:\/\/www.arteartesania.com\/en\/#organization\",\"name\":\"Arteartesania\",\"url\":\"https:\/\/www.arteartesania.com\/en\/\",\"logo\":{\"@type\":\"ImageObject\",\"inLanguage\":\"en-US\",\"@id\":\"https:\/\/www.arteartesania.com\/en\/#\/schema\/logo\/image\/\",\"url\":\"https:\/\/www.arteartesania.com\/wp-content\/uploads\/2019\/12\/cropped-logofooter.png\",\"contentUrl\":\"https:\/\/www.arteartesania.com\/wp-content\/uploads\/2019\/12\/cropped-logofooter.png\",\"width\":539,\"height\":58,\"caption\":\"Arteartesania\"},\"image\":{\"@id\":\"https:\/\/www.arteartesania.com\/en\/#\/schema\/logo\/image\/\"}}]}<\/script>\n<!-- \/ Yoast SEO plugin. -->","yoast_head_json":{"title":"Silver and Gold Earrings w \/ Sapphires set in Silver with 18K Gold application in Koom Boo CARLOS TELLECHEA - Arteartesania","robots":{"index":"index","follow":"follow","max-snippet":"max-snippet:-1","max-image-preview":"max-image-preview:large","max-video-preview":"max-video-preview:-1"},"canonical":"https:\/\/www.arteartesania.com\/en\/product\/earrings-with-sapphires-in-silver\/","og_locale":"en_US","og_type":"article","og_title":"Silver and Gold Earrings w \/ Sapphires set in Silver with 18K Gold application in Koom Boo CARLOS TELLECHEA - Arteartesania","og_description":"One block silver and gold earrings with sapphires set in silver Rectangular Silver Box with 18K Gold application in Koom Boo MATERIAL: 925 Silver - 18K Gold - Sapphires Author: Carlos Tellechea","og_url":"https:\/\/www.arteartesania.com\/en\/product\/earrings-with-sapphires-in-silver\/","og_site_name":"Arteartesania","article_modified_time":"2020-05-18T16:17:57+00:00","og_image":[{"width":1200,"height":1145,"url":"https:\/\/www.arteartesania.com\/wp-content\/uploads\/2020\/04\/w_IMG_1259.jpg","type":"image\/jpeg"}],"twitter_card":"summary_large_image","schema":{"@context":"https:\/\/schema.org","@graph":[{"@type":"WebPage","@id":"https:\/\/www.arteartesania.com\/en\/product\/earrings-with-sapphires-in-silver\/","url":"https:\/\/www.arteartesania.com\/en\/product\/earrings-with-sapphires-in-silver\/","name":"Silver and Gold Earrings w \/ Sapphires set in Silver with 18K Gold application in Koom Boo CARLOS TELLECHEA - Arteartesania","isPartOf":{"@id":"https:\/\/www.arteartesania.com\/en\/#website"},"primaryImageOfPage":{"@id":"https:\/\/www.arteartesania.com\/en\/product\/earrings-with-sapphires-in-silver\/#primaryimage"},"image":{"@id":"https:\/\/www.arteartesania.com\/en\/product\/earrings-with-sapphires-in-silver\/#primaryimage"},"thumbnailUrl":"https:\/\/www.arteartesania.com\/wp-content\/uploads\/2020\/04\/w_IMG_1259.jpg","datePublished":"2020-04-28T07:16:31+00:00","dateModified":"2020-05-18T16:17:57+00:00","breadcrumb":{"@id":"https:\/\/www.arteartesania.com\/en\/product\/earrings-with-sapphires-in-silver\/#breadcrumb"},"inLanguage":"en-US","potentialAction":[{"@type":"ReadAction","target":["https:\/\/www.arteartesania.com\/en\/product\/earrings-with-sapphires-in-silver\/"]}]},{"@type":"ImageObject","inLanguage":"en-US","@id":"https:\/\/www.arteartesania.com\/en\/product\/earrings-with-sapphires-in-silver\/#primaryimage","url":"https:\/\/www.arteartesania.com\/wp-content\/uploads\/2020\/04\/w_IMG_1259.jpg","contentUrl":"https:\/\/www.arteartesania.com\/wp-content\/uploads\/2020\/04\/w_IMG_1259.jpg","width":1200,"height":1145},{"@type":"BreadcrumbList","@id":"https:\/\/www.arteartesania.com\/en\/product\/earrings-with-sapphires-in-silver\/#breadcrumb","itemListElement":[{"@type":"ListItem","position":1,"name":"Portada","item":"https:\/\/www.arteartesania.com\/en\/"},{"@type":"ListItem","position":2,"name":"Shop online","item":"https:\/\/www.arteartesania.com\/en\/shop\/"},{"@type":"ListItem","position":3,"name":"Silver and Gold Earrings w \/ Sapphires set in Silver with 18K Gold application in Koom Boo CARLOS TELLECHEA"}]},{"@type":"WebSite","@id":"https:\/\/www.arteartesania.com\/en\/#website","url":"https:\/\/www.arteartesania.com\/en\/","name":"Arteartesania","description":"Original selecci\u00f3n de Artesan\u00eda Contempor\u00e1nea de Autor","publisher":{"@id":"https:\/\/www.arteartesania.com\/en\/#organization"},"potentialAction":[{"@type":"SearchAction","target":{"@type":"EntryPoint","urlTemplate":"https:\/\/www.arteartesania.com\/en\/?s={search_term_string}"},"query-input":{"@type":"PropertyValueSpecification","valueRequired":true,"valueName":"search_term_string"}}],"inLanguage":"en-US"},{"@type":"Organization","@id":"https:\/\/www.arteartesania.com\/en\/#organization","name":"Arteartesania","url":"https:\/\/www.arteartesania.com\/en\/","logo":{"@type":"ImageObject","inLanguage":"en-US","@id":"https:\/\/www.arteartesania.com\/en\/#\/schema\/logo\/image\/","url":"https:\/\/www.arteartesania.com\/wp-content\/uploads\/2019\/12\/cropped-logofooter.png","contentUrl":"https:\/\/www.arteartesania.com\/wp-content\/uploads\/2019\/12\/cropped-logofooter.png","width":539,"height":58,"caption":"Arteartesania"},"image":{"@id":"https:\/\/www.arteartesania.com\/en\/#\/schema\/logo\/image\/"}}]}},"_links":{"self":[{"href":"https:\/\/www.arteartesania.com\/en\/wp-json\/wp\/v2\/product\/6115"}],"collection":[{"href":"https:\/\/www.arteartesania.com\/en\/wp-json\/wp\/v2\/product"}],"about":[{"href":"https:\/\/www.arteartesania.com\/en\/wp-json\/wp\/v2\/types\/product"}],"replies":[{"embeddable":true,"href":"https:\/\/www.arteartesania.com\/en\/wp-json\/wp\/v2\/comments?post=6115"}],"wp:featuredmedia":[{"embeddable":true,"href":"https:\/\/www.arteartesania.com\/en\/wp-json\/wp\/v2\/media\/6110"}],"wp:attachment":[{"href":"https:\/\/www.arteartesania.com\/en\/wp-json\/wp\/v2\/media?parent=6115"}],"wp:term":[{"taxonomy":"product_cat","embeddable":true,"href":"https:\/\/www.arteartesania.com\/en\/wp-json\/wp\/v2\/product_cat?post=6115"},{"taxonomy":"product_tag","embeddable":true,"href":"https:\/\/www.arteartesania.com\/en\/wp-json\/wp\/v2\/product_tag?post=6115"}],"curies":[{"name":"wp","href":"https:\/\/api.w.org\/{rel}","templated":true}]}}