{"id":6068,"date":"2020-04-23T22:48:38","date_gmt":"2020-04-23T20:48:38","guid":{"rendered":"https:\/\/www.arteartesania.com\/?post_type=product&#038;p=6068"},"modified":"2020-05-17T14:57:15","modified_gmt":"2020-05-17T12:57:15","slug":"exercises-naturaleza-viva-flor-agata","status":"publish","type":"product","link":"https:\/\/www.arteartesania.com\/en\/product\/exercises-naturaleza-viva-flor-agata\/","title":{"rendered":"EXERCISES: NATURALEZA VIVA II Bronze Circular Box with 1 Flower (AGATA)"},"content":{"rendered":"<p>SERIES: &#8220;CONFINEMENT 2020&#8221;<br \/>\n&#8220;EXERCISES: NATURALEZA VIVA II &#8211; FLOR AGATA&#8221;<br \/>\nBronze Circular Box with 1 Flower (AGATA)<br \/>\nMEASURES: 10 X 10 x 41 cm<br \/>\nMATERIAL: Sheet and Bronze Scraps and a slice of AGATA<br \/>\nAuthor: Carlos Tellechea<\/p>\n<p>This series of pieces were made during Confinement 2020 and are inspired by the vegetable kingdom seeking to understand the subtle running of Time in plants in their apparent stillness &#8230;<br \/>\nMade by recycling sheet metal and brass scraps.<\/p>\n","protected":false},"excerpt":{"rendered":"<p>SERIES: &#8220;CONFINEMENT 2020&#8221;<br \/>\n&#8220;EXERCISES: NATURALEZA VIVA II &#8211; FLOR AGATA&#8221;<br \/>\nBronze Circular Box with 1 Flower (AGATA)<br \/>\nMEASURES: 10 X 10 x 41 cm<br \/>\nMATERIAL: Sheet and Bronze Scraps and a slice of AGATA<br \/>\nAuthor: Carlos Tellechea<\/p>\n<p>This series of pieces were made during Confinement 2020 and are inspired by the vegetable kingdom seeking to understand the subtle running of Time in plants in their apparent stillness &#8230;<br \/>\nMade by recycling sheet metal and brass scraps.<\/p>\n","protected":false},"featured_media":6079,"comment_status":"closed","ping_status":"closed","template":"","meta":{"_acf_changed":false,"inline_featured_image":false},"product_cat":[128,509,109,503],"product_tag":[],"class_list":{"0":"post-6068","1":"product","2":"type-product","3":"status-publish","4":"has-post-thumbnail","6":"product_cat-carlostellechea","7":"product_cat-otlet-decoration-sculptural","8":"product_cat-objects","9":"product_cat-promotion-en","11":"first","12":"instock","13":"sale","14":"shipping-taxable","15":"purchasable","16":"product-type-simple"},"acf":[],"yoast_head":"<!-- This site is optimized with the Yoast SEO plugin v23.6 - https:\/\/yoast.com\/wordpress\/plugins\/seo\/ -->\n<title>EXERCISES: NATURALEZA VIVA II Bronze Circular Box with 1 Flower (AGATA) - Arteartesania<\/title>\n<meta name=\"robots\" content=\"index, follow, max-snippet:-1, max-image-preview:large, max-video-preview:-1\" \/>\n<link rel=\"canonical\" href=\"https:\/\/www.arteartesania.com\/en\/product\/exercises-naturaleza-viva-flor-agata\/\" \/>\n<meta property=\"og:locale\" content=\"en_US\" \/>\n<meta property=\"og:type\" content=\"article\" \/>\n<meta property=\"og:title\" content=\"EXERCISES: NATURALEZA VIVA II Bronze Circular Box with 1 Flower (AGATA) - Arteartesania\" \/>\n<meta property=\"og:description\" content=\"SERIES: &quot;CONFINEMENT 2020&quot; &quot;EXERCISES: NATURALEZA VIVA II - FLOR AGATA&quot; Bronze Circular Box with 1 Flower (AGATA) MEASURES: 10 X 10 x 41 cm MATERIAL: Sheet and Bronze Scraps and a slice of AGATA Author: Carlos Tellechea  This series of pieces were made during Confinement 2020 and are inspired by the vegetable kingdom seeking to understand the subtle running of Time in plants in their apparent stillness ... Made by recycling sheet metal and brass scraps.\" \/>\n<meta property=\"og:url\" content=\"https:\/\/www.arteartesania.com\/en\/product\/exercises-naturaleza-viva-flor-agata\/\" \/>\n<meta property=\"og:site_name\" content=\"Arteartesania\" \/>\n<meta property=\"article:modified_time\" content=\"2020-05-17T12:57:15+00:00\" \/>\n<meta property=\"og:image\" content=\"https:\/\/www.arteartesania.com\/wp-content\/uploads\/2020\/04\/w_CONFINAMIENTO-2020-FLOR-AGATA7.jpg\" \/>\n\t<meta property=\"og:image:width\" content=\"1200\" \/>\n\t<meta property=\"og:image:height\" content=\"1925\" \/>\n\t<meta property=\"og:image:type\" content=\"image\/jpeg\" \/>\n<meta name=\"twitter:card\" content=\"summary_large_image\" \/>\n<script type=\"application\/ld+json\" class=\"yoast-schema-graph\">{\"@context\":\"https:\/\/schema.org\",\"@graph\":[{\"@type\":\"WebPage\",\"@id\":\"https:\/\/www.arteartesania.com\/en\/product\/exercises-naturaleza-viva-flor-agata\/\",\"url\":\"https:\/\/www.arteartesania.com\/en\/product\/exercises-naturaleza-viva-flor-agata\/\",\"name\":\"EXERCISES: NATURALEZA VIVA II Bronze Circular Box with 1 Flower (AGATA) - Arteartesania\",\"isPartOf\":{\"@id\":\"https:\/\/www.arteartesania.com\/en\/#website\"},\"primaryImageOfPage\":{\"@id\":\"https:\/\/www.arteartesania.com\/en\/product\/exercises-naturaleza-viva-flor-agata\/#primaryimage\"},\"image\":{\"@id\":\"https:\/\/www.arteartesania.com\/en\/product\/exercises-naturaleza-viva-flor-agata\/#primaryimage\"},\"thumbnailUrl\":\"https:\/\/www.arteartesania.com\/wp-content\/uploads\/2020\/04\/w_CONFINAMIENTO-2020-FLOR-AGATA7.jpg\",\"datePublished\":\"2020-04-23T20:48:38+00:00\",\"dateModified\":\"2020-05-17T12:57:15+00:00\",\"breadcrumb\":{\"@id\":\"https:\/\/www.arteartesania.com\/en\/product\/exercises-naturaleza-viva-flor-agata\/#breadcrumb\"},\"inLanguage\":\"en-US\",\"potentialAction\":[{\"@type\":\"ReadAction\",\"target\":[\"https:\/\/www.arteartesania.com\/en\/product\/exercises-naturaleza-viva-flor-agata\/\"]}]},{\"@type\":\"ImageObject\",\"inLanguage\":\"en-US\",\"@id\":\"https:\/\/www.arteartesania.com\/en\/product\/exercises-naturaleza-viva-flor-agata\/#primaryimage\",\"url\":\"https:\/\/www.arteartesania.com\/wp-content\/uploads\/2020\/04\/w_CONFINAMIENTO-2020-FLOR-AGATA7.jpg\",\"contentUrl\":\"https:\/\/www.arteartesania.com\/wp-content\/uploads\/2020\/04\/w_CONFINAMIENTO-2020-FLOR-AGATA7.jpg\",\"width\":1200,\"height\":1925},{\"@type\":\"BreadcrumbList\",\"@id\":\"https:\/\/www.arteartesania.com\/en\/product\/exercises-naturaleza-viva-flor-agata\/#breadcrumb\",\"itemListElement\":[{\"@type\":\"ListItem\",\"position\":1,\"name\":\"Portada\",\"item\":\"https:\/\/www.arteartesania.com\/en\/\"},{\"@type\":\"ListItem\",\"position\":2,\"name\":\"Shop online\",\"item\":\"https:\/\/www.arteartesania.com\/en\/shop\/\"},{\"@type\":\"ListItem\",\"position\":3,\"name\":\"EXERCISES: NATURALEZA VIVA II Bronze Circular Box with 1 Flower (AGATA)\"}]},{\"@type\":\"WebSite\",\"@id\":\"https:\/\/www.arteartesania.com\/en\/#website\",\"url\":\"https:\/\/www.arteartesania.com\/en\/\",\"name\":\"Arteartesania\",\"description\":\"Original selecci\u00f3n de Artesan\u00eda Contempor\u00e1nea de Autor\",\"publisher\":{\"@id\":\"https:\/\/www.arteartesania.com\/en\/#organization\"},\"potentialAction\":[{\"@type\":\"SearchAction\",\"target\":{\"@type\":\"EntryPoint\",\"urlTemplate\":\"https:\/\/www.arteartesania.com\/en\/?s={search_term_string}\"},\"query-input\":{\"@type\":\"PropertyValueSpecification\",\"valueRequired\":true,\"valueName\":\"search_term_string\"}}],\"inLanguage\":\"en-US\"},{\"@type\":\"Organization\",\"@id\":\"https:\/\/www.arteartesania.com\/en\/#organization\",\"name\":\"Arteartesania\",\"url\":\"https:\/\/www.arteartesania.com\/en\/\",\"logo\":{\"@type\":\"ImageObject\",\"inLanguage\":\"en-US\",\"@id\":\"https:\/\/www.arteartesania.com\/en\/#\/schema\/logo\/image\/\",\"url\":\"https:\/\/www.arteartesania.com\/wp-content\/uploads\/2019\/12\/cropped-logofooter.png\",\"contentUrl\":\"https:\/\/www.arteartesania.com\/wp-content\/uploads\/2019\/12\/cropped-logofooter.png\",\"width\":539,\"height\":58,\"caption\":\"Arteartesania\"},\"image\":{\"@id\":\"https:\/\/www.arteartesania.com\/en\/#\/schema\/logo\/image\/\"}}]}<\/script>\n<!-- \/ Yoast SEO plugin. -->","yoast_head_json":{"title":"EXERCISES: NATURALEZA VIVA II Bronze Circular Box with 1 Flower (AGATA) - Arteartesania","robots":{"index":"index","follow":"follow","max-snippet":"max-snippet:-1","max-image-preview":"max-image-preview:large","max-video-preview":"max-video-preview:-1"},"canonical":"https:\/\/www.arteartesania.com\/en\/product\/exercises-naturaleza-viva-flor-agata\/","og_locale":"en_US","og_type":"article","og_title":"EXERCISES: NATURALEZA VIVA II Bronze Circular Box with 1 Flower (AGATA) - Arteartesania","og_description":"SERIES: \"CONFINEMENT 2020\" \"EXERCISES: NATURALEZA VIVA II - FLOR AGATA\" Bronze Circular Box with 1 Flower (AGATA) MEASURES: 10 X 10 x 41 cm MATERIAL: Sheet and Bronze Scraps and a slice of AGATA Author: Carlos Tellechea  This series of pieces were made during Confinement 2020 and are inspired by the vegetable kingdom seeking to understand the subtle running of Time in plants in their apparent stillness ... Made by recycling sheet metal and brass scraps.","og_url":"https:\/\/www.arteartesania.com\/en\/product\/exercises-naturaleza-viva-flor-agata\/","og_site_name":"Arteartesania","article_modified_time":"2020-05-17T12:57:15+00:00","og_image":[{"width":1200,"height":1925,"url":"https:\/\/www.arteartesania.com\/wp-content\/uploads\/2020\/04\/w_CONFINAMIENTO-2020-FLOR-AGATA7.jpg","type":"image\/jpeg"}],"twitter_card":"summary_large_image","schema":{"@context":"https:\/\/schema.org","@graph":[{"@type":"WebPage","@id":"https:\/\/www.arteartesania.com\/en\/product\/exercises-naturaleza-viva-flor-agata\/","url":"https:\/\/www.arteartesania.com\/en\/product\/exercises-naturaleza-viva-flor-agata\/","name":"EXERCISES: NATURALEZA VIVA II Bronze Circular Box with 1 Flower (AGATA) - Arteartesania","isPartOf":{"@id":"https:\/\/www.arteartesania.com\/en\/#website"},"primaryImageOfPage":{"@id":"https:\/\/www.arteartesania.com\/en\/product\/exercises-naturaleza-viva-flor-agata\/#primaryimage"},"image":{"@id":"https:\/\/www.arteartesania.com\/en\/product\/exercises-naturaleza-viva-flor-agata\/#primaryimage"},"thumbnailUrl":"https:\/\/www.arteartesania.com\/wp-content\/uploads\/2020\/04\/w_CONFINAMIENTO-2020-FLOR-AGATA7.jpg","datePublished":"2020-04-23T20:48:38+00:00","dateModified":"2020-05-17T12:57:15+00:00","breadcrumb":{"@id":"https:\/\/www.arteartesania.com\/en\/product\/exercises-naturaleza-viva-flor-agata\/#breadcrumb"},"inLanguage":"en-US","potentialAction":[{"@type":"ReadAction","target":["https:\/\/www.arteartesania.com\/en\/product\/exercises-naturaleza-viva-flor-agata\/"]}]},{"@type":"ImageObject","inLanguage":"en-US","@id":"https:\/\/www.arteartesania.com\/en\/product\/exercises-naturaleza-viva-flor-agata\/#primaryimage","url":"https:\/\/www.arteartesania.com\/wp-content\/uploads\/2020\/04\/w_CONFINAMIENTO-2020-FLOR-AGATA7.jpg","contentUrl":"https:\/\/www.arteartesania.com\/wp-content\/uploads\/2020\/04\/w_CONFINAMIENTO-2020-FLOR-AGATA7.jpg","width":1200,"height":1925},{"@type":"BreadcrumbList","@id":"https:\/\/www.arteartesania.com\/en\/product\/exercises-naturaleza-viva-flor-agata\/#breadcrumb","itemListElement":[{"@type":"ListItem","position":1,"name":"Portada","item":"https:\/\/www.arteartesania.com\/en\/"},{"@type":"ListItem","position":2,"name":"Shop online","item":"https:\/\/www.arteartesania.com\/en\/shop\/"},{"@type":"ListItem","position":3,"name":"EXERCISES: NATURALEZA VIVA II Bronze Circular Box with 1 Flower (AGATA)"}]},{"@type":"WebSite","@id":"https:\/\/www.arteartesania.com\/en\/#website","url":"https:\/\/www.arteartesania.com\/en\/","name":"Arteartesania","description":"Original selecci\u00f3n de Artesan\u00eda Contempor\u00e1nea de Autor","publisher":{"@id":"https:\/\/www.arteartesania.com\/en\/#organization"},"potentialAction":[{"@type":"SearchAction","target":{"@type":"EntryPoint","urlTemplate":"https:\/\/www.arteartesania.com\/en\/?s={search_term_string}"},"query-input":{"@type":"PropertyValueSpecification","valueRequired":true,"valueName":"search_term_string"}}],"inLanguage":"en-US"},{"@type":"Organization","@id":"https:\/\/www.arteartesania.com\/en\/#organization","name":"Arteartesania","url":"https:\/\/www.arteartesania.com\/en\/","logo":{"@type":"ImageObject","inLanguage":"en-US","@id":"https:\/\/www.arteartesania.com\/en\/#\/schema\/logo\/image\/","url":"https:\/\/www.arteartesania.com\/wp-content\/uploads\/2019\/12\/cropped-logofooter.png","contentUrl":"https:\/\/www.arteartesania.com\/wp-content\/uploads\/2019\/12\/cropped-logofooter.png","width":539,"height":58,"caption":"Arteartesania"},"image":{"@id":"https:\/\/www.arteartesania.com\/en\/#\/schema\/logo\/image\/"}}]}},"_links":{"self":[{"href":"https:\/\/www.arteartesania.com\/en\/wp-json\/wp\/v2\/product\/6068"}],"collection":[{"href":"https:\/\/www.arteartesania.com\/en\/wp-json\/wp\/v2\/product"}],"about":[{"href":"https:\/\/www.arteartesania.com\/en\/wp-json\/wp\/v2\/types\/product"}],"replies":[{"embeddable":true,"href":"https:\/\/www.arteartesania.com\/en\/wp-json\/wp\/v2\/comments?post=6068"}],"wp:featuredmedia":[{"embeddable":true,"href":"https:\/\/www.arteartesania.com\/en\/wp-json\/wp\/v2\/media\/6079"}],"wp:attachment":[{"href":"https:\/\/www.arteartesania.com\/en\/wp-json\/wp\/v2\/media?parent=6068"}],"wp:term":[{"taxonomy":"product_cat","embeddable":true,"href":"https:\/\/www.arteartesania.com\/en\/wp-json\/wp\/v2\/product_cat?post=6068"},{"taxonomy":"product_tag","embeddable":true,"href":"https:\/\/www.arteartesania.com\/en\/wp-json\/wp\/v2\/product_tag?post=6068"}],"curies":[{"name":"wp","href":"https:\/\/api.w.org\/{rel}","templated":true}]}}