{"id":6003,"date":"2020-04-23T00:34:10","date_gmt":"2020-04-22T22:34:11","guid":{"rendered":"https:\/\/www.arteartesania.com\/?post_type=product&#038;p=6003"},"modified":"2020-05-17T15:05:14","modified_gmt":"2020-05-17T13:05:14","slug":"exercises-living-nature-1","status":"publish","type":"product","link":"https:\/\/www.arteartesania.com\/en\/product\/exercises-living-nature-1\/","title":{"rendered":"CONFINEMENT 2020  EXERCISES: LIVING NATURE I   Rectangular Bronze Box with 2 dried Poppies"},"content":{"rendered":"<p>CONFINEMENT 2020<\/p>\n<p>EXERCISES: LIVING NATURE I<\/p>\n<p>MEASURES: 8 X 5 x 31 cm<br \/>\nMATERIAL: Sheet and Bronze Scraps<br \/>\nAuthor: Carlos Tellechea<\/p>\n<p>This series of pieces were made during Confinement 2020 and are inspired by the plant kingdom seeking to understand the subtle running of Time in plants in their apparent stillness &#8230;<br \/>\nMade by recycling sheet metal and brass scraps.<\/p>\n","protected":false},"excerpt":{"rendered":"<div>CONFINEMENT 2020 &#8220;EXERCISES: LIVING NATURE 1<\/div>\n<div>Rectangular Bronze Box with 2 dried Poppies<br \/>\nMEASURES: 8 X 5 x 31 cm<br \/>\nMATERIAL: Sheet and Bronze Scraps<br \/>\nAuthor: Carlos Tellechea<\/div>\n<div><\/div>\n<div>This series of pieces were made in Confinement 2020 and are inspired by the plant kingdom seeking to understand the subtle running of Time in plants in their apparent stillness &#8230;<br \/>\nMade by recycling sheet metal and brass scraps<\/div>\n","protected":false},"featured_media":6005,"comment_status":"closed","ping_status":"closed","template":"","meta":{"_acf_changed":false,"inline_featured_image":false},"product_cat":[128,109],"product_tag":[],"class_list":{"0":"post-6003","1":"product","2":"type-product","3":"status-publish","4":"has-post-thumbnail","6":"product_cat-carlostellechea","7":"product_cat-objects","9":"first","10":"instock","11":"shipping-taxable","12":"purchasable","13":"product-type-simple"},"acf":[],"yoast_head":"<!-- This site is optimized with the Yoast SEO plugin v23.6 - https:\/\/yoast.com\/wordpress\/plugins\/seo\/ -->\n<title>CONFINEMENT 2020 EXERCISES: LIVING NATURE I  Rectangular Bronze Box with 2 dried Poppies - Arteartesania<\/title>\n<meta name=\"robots\" content=\"index, follow, max-snippet:-1, max-image-preview:large, max-video-preview:-1\" \/>\n<link rel=\"canonical\" href=\"https:\/\/www.arteartesania.com\/en\/product\/exercises-living-nature-1\/\" \/>\n<meta property=\"og:locale\" content=\"en_US\" \/>\n<meta property=\"og:type\" content=\"article\" \/>\n<meta property=\"og:title\" content=\"CONFINEMENT 2020 EXERCISES: LIVING NATURE I  Rectangular Bronze Box with 2 dried Poppies - Arteartesania\" \/>\n<meta property=\"og:description\" content=\"CONFINEMENT 2020 &quot;EXERCISES: LIVING NATURE 1 Rectangular Bronze Box with 2 dried Poppies MEASURES: 8 X 5 x 31 cm MATERIAL: Sheet and Bronze Scraps Author: Carlos Tellechea  This series of pieces were made in Confinement 2020 and are inspired by the plant kingdom seeking to understand the subtle running of Time in plants in their apparent stillness ... Made by recycling sheet metal and brass scraps\" \/>\n<meta property=\"og:url\" content=\"https:\/\/www.arteartesania.com\/en\/product\/exercises-living-nature-1\/\" \/>\n<meta property=\"og:site_name\" content=\"Arteartesania\" \/>\n<meta property=\"article:modified_time\" content=\"2020-05-17T13:05:14+00:00\" \/>\n<meta property=\"og:image\" content=\"https:\/\/www.arteartesania.com\/wp-content\/uploads\/2020\/04\/w_CONFINAMIENTO_CAJA_RECTANGULAR_DOS_AMAPOLAS_CASCALLS6.jpg\" \/>\n\t<meta property=\"og:image:width\" content=\"1200\" \/>\n\t<meta property=\"og:image:height\" content=\"1294\" \/>\n\t<meta property=\"og:image:type\" content=\"image\/jpeg\" \/>\n<meta name=\"twitter:card\" content=\"summary_large_image\" \/>\n<script type=\"application\/ld+json\" class=\"yoast-schema-graph\">{\"@context\":\"https:\/\/schema.org\",\"@graph\":[{\"@type\":\"WebPage\",\"@id\":\"https:\/\/www.arteartesania.com\/en\/product\/exercises-living-nature-1\/\",\"url\":\"https:\/\/www.arteartesania.com\/en\/product\/exercises-living-nature-1\/\",\"name\":\"CONFINEMENT 2020 EXERCISES: LIVING NATURE I Rectangular Bronze Box with 2 dried Poppies - Arteartesania\",\"isPartOf\":{\"@id\":\"https:\/\/www.arteartesania.com\/en\/#website\"},\"primaryImageOfPage\":{\"@id\":\"https:\/\/www.arteartesania.com\/en\/product\/exercises-living-nature-1\/#primaryimage\"},\"image\":{\"@id\":\"https:\/\/www.arteartesania.com\/en\/product\/exercises-living-nature-1\/#primaryimage\"},\"thumbnailUrl\":\"https:\/\/www.arteartesania.com\/wp-content\/uploads\/2020\/04\/w_CONFINAMIENTO_CAJA_RECTANGULAR_DOS_AMAPOLAS_CASCALLS6.jpg\",\"datePublished\":\"2020-04-22T22:34:11+00:00\",\"dateModified\":\"2020-05-17T13:05:14+00:00\",\"breadcrumb\":{\"@id\":\"https:\/\/www.arteartesania.com\/en\/product\/exercises-living-nature-1\/#breadcrumb\"},\"inLanguage\":\"en-US\",\"potentialAction\":[{\"@type\":\"ReadAction\",\"target\":[\"https:\/\/www.arteartesania.com\/en\/product\/exercises-living-nature-1\/\"]}]},{\"@type\":\"ImageObject\",\"inLanguage\":\"en-US\",\"@id\":\"https:\/\/www.arteartesania.com\/en\/product\/exercises-living-nature-1\/#primaryimage\",\"url\":\"https:\/\/www.arteartesania.com\/wp-content\/uploads\/2020\/04\/w_CONFINAMIENTO_CAJA_RECTANGULAR_DOS_AMAPOLAS_CASCALLS6.jpg\",\"contentUrl\":\"https:\/\/www.arteartesania.com\/wp-content\/uploads\/2020\/04\/w_CONFINAMIENTO_CAJA_RECTANGULAR_DOS_AMAPOLAS_CASCALLS6.jpg\",\"width\":1200,\"height\":1294},{\"@type\":\"BreadcrumbList\",\"@id\":\"https:\/\/www.arteartesania.com\/en\/product\/exercises-living-nature-1\/#breadcrumb\",\"itemListElement\":[{\"@type\":\"ListItem\",\"position\":1,\"name\":\"Portada\",\"item\":\"https:\/\/www.arteartesania.com\/en\/\"},{\"@type\":\"ListItem\",\"position\":2,\"name\":\"Shop online\",\"item\":\"https:\/\/www.arteartesania.com\/en\/shop\/\"},{\"@type\":\"ListItem\",\"position\":3,\"name\":\"CONFINEMENT 2020 EXERCISES: LIVING NATURE I Rectangular Bronze Box with 2 dried Poppies\"}]},{\"@type\":\"WebSite\",\"@id\":\"https:\/\/www.arteartesania.com\/en\/#website\",\"url\":\"https:\/\/www.arteartesania.com\/en\/\",\"name\":\"Arteartesania\",\"description\":\"Original selecci\u00f3n de Artesan\u00eda Contempor\u00e1nea de Autor\",\"publisher\":{\"@id\":\"https:\/\/www.arteartesania.com\/en\/#organization\"},\"potentialAction\":[{\"@type\":\"SearchAction\",\"target\":{\"@type\":\"EntryPoint\",\"urlTemplate\":\"https:\/\/www.arteartesania.com\/en\/?s={search_term_string}\"},\"query-input\":{\"@type\":\"PropertyValueSpecification\",\"valueRequired\":true,\"valueName\":\"search_term_string\"}}],\"inLanguage\":\"en-US\"},{\"@type\":\"Organization\",\"@id\":\"https:\/\/www.arteartesania.com\/en\/#organization\",\"name\":\"Arteartesania\",\"url\":\"https:\/\/www.arteartesania.com\/en\/\",\"logo\":{\"@type\":\"ImageObject\",\"inLanguage\":\"en-US\",\"@id\":\"https:\/\/www.arteartesania.com\/en\/#\/schema\/logo\/image\/\",\"url\":\"https:\/\/www.arteartesania.com\/wp-content\/uploads\/2019\/12\/cropped-logofooter.png\",\"contentUrl\":\"https:\/\/www.arteartesania.com\/wp-content\/uploads\/2019\/12\/cropped-logofooter.png\",\"width\":539,\"height\":58,\"caption\":\"Arteartesania\"},\"image\":{\"@id\":\"https:\/\/www.arteartesania.com\/en\/#\/schema\/logo\/image\/\"}}]}<\/script>\n<!-- \/ Yoast SEO plugin. -->","yoast_head_json":{"title":"CONFINEMENT 2020 EXERCISES: LIVING NATURE I  Rectangular Bronze Box with 2 dried Poppies - Arteartesania","robots":{"index":"index","follow":"follow","max-snippet":"max-snippet:-1","max-image-preview":"max-image-preview:large","max-video-preview":"max-video-preview:-1"},"canonical":"https:\/\/www.arteartesania.com\/en\/product\/exercises-living-nature-1\/","og_locale":"en_US","og_type":"article","og_title":"CONFINEMENT 2020 EXERCISES: LIVING NATURE I  Rectangular Bronze Box with 2 dried Poppies - Arteartesania","og_description":"CONFINEMENT 2020 \"EXERCISES: LIVING NATURE 1 Rectangular Bronze Box with 2 dried Poppies MEASURES: 8 X 5 x 31 cm MATERIAL: Sheet and Bronze Scraps Author: Carlos Tellechea  This series of pieces were made in Confinement 2020 and are inspired by the plant kingdom seeking to understand the subtle running of Time in plants in their apparent stillness ... Made by recycling sheet metal and brass scraps","og_url":"https:\/\/www.arteartesania.com\/en\/product\/exercises-living-nature-1\/","og_site_name":"Arteartesania","article_modified_time":"2020-05-17T13:05:14+00:00","og_image":[{"width":1200,"height":1294,"url":"https:\/\/www.arteartesania.com\/wp-content\/uploads\/2020\/04\/w_CONFINAMIENTO_CAJA_RECTANGULAR_DOS_AMAPOLAS_CASCALLS6.jpg","type":"image\/jpeg"}],"twitter_card":"summary_large_image","schema":{"@context":"https:\/\/schema.org","@graph":[{"@type":"WebPage","@id":"https:\/\/www.arteartesania.com\/en\/product\/exercises-living-nature-1\/","url":"https:\/\/www.arteartesania.com\/en\/product\/exercises-living-nature-1\/","name":"CONFINEMENT 2020 EXERCISES: LIVING NATURE I Rectangular Bronze Box with 2 dried Poppies - Arteartesania","isPartOf":{"@id":"https:\/\/www.arteartesania.com\/en\/#website"},"primaryImageOfPage":{"@id":"https:\/\/www.arteartesania.com\/en\/product\/exercises-living-nature-1\/#primaryimage"},"image":{"@id":"https:\/\/www.arteartesania.com\/en\/product\/exercises-living-nature-1\/#primaryimage"},"thumbnailUrl":"https:\/\/www.arteartesania.com\/wp-content\/uploads\/2020\/04\/w_CONFINAMIENTO_CAJA_RECTANGULAR_DOS_AMAPOLAS_CASCALLS6.jpg","datePublished":"2020-04-22T22:34:11+00:00","dateModified":"2020-05-17T13:05:14+00:00","breadcrumb":{"@id":"https:\/\/www.arteartesania.com\/en\/product\/exercises-living-nature-1\/#breadcrumb"},"inLanguage":"en-US","potentialAction":[{"@type":"ReadAction","target":["https:\/\/www.arteartesania.com\/en\/product\/exercises-living-nature-1\/"]}]},{"@type":"ImageObject","inLanguage":"en-US","@id":"https:\/\/www.arteartesania.com\/en\/product\/exercises-living-nature-1\/#primaryimage","url":"https:\/\/www.arteartesania.com\/wp-content\/uploads\/2020\/04\/w_CONFINAMIENTO_CAJA_RECTANGULAR_DOS_AMAPOLAS_CASCALLS6.jpg","contentUrl":"https:\/\/www.arteartesania.com\/wp-content\/uploads\/2020\/04\/w_CONFINAMIENTO_CAJA_RECTANGULAR_DOS_AMAPOLAS_CASCALLS6.jpg","width":1200,"height":1294},{"@type":"BreadcrumbList","@id":"https:\/\/www.arteartesania.com\/en\/product\/exercises-living-nature-1\/#breadcrumb","itemListElement":[{"@type":"ListItem","position":1,"name":"Portada","item":"https:\/\/www.arteartesania.com\/en\/"},{"@type":"ListItem","position":2,"name":"Shop online","item":"https:\/\/www.arteartesania.com\/en\/shop\/"},{"@type":"ListItem","position":3,"name":"CONFINEMENT 2020 EXERCISES: LIVING NATURE I Rectangular Bronze Box with 2 dried Poppies"}]},{"@type":"WebSite","@id":"https:\/\/www.arteartesania.com\/en\/#website","url":"https:\/\/www.arteartesania.com\/en\/","name":"Arteartesania","description":"Original selecci\u00f3n de Artesan\u00eda Contempor\u00e1nea de Autor","publisher":{"@id":"https:\/\/www.arteartesania.com\/en\/#organization"},"potentialAction":[{"@type":"SearchAction","target":{"@type":"EntryPoint","urlTemplate":"https:\/\/www.arteartesania.com\/en\/?s={search_term_string}"},"query-input":{"@type":"PropertyValueSpecification","valueRequired":true,"valueName":"search_term_string"}}],"inLanguage":"en-US"},{"@type":"Organization","@id":"https:\/\/www.arteartesania.com\/en\/#organization","name":"Arteartesania","url":"https:\/\/www.arteartesania.com\/en\/","logo":{"@type":"ImageObject","inLanguage":"en-US","@id":"https:\/\/www.arteartesania.com\/en\/#\/schema\/logo\/image\/","url":"https:\/\/www.arteartesania.com\/wp-content\/uploads\/2019\/12\/cropped-logofooter.png","contentUrl":"https:\/\/www.arteartesania.com\/wp-content\/uploads\/2019\/12\/cropped-logofooter.png","width":539,"height":58,"caption":"Arteartesania"},"image":{"@id":"https:\/\/www.arteartesania.com\/en\/#\/schema\/logo\/image\/"}}]}},"_links":{"self":[{"href":"https:\/\/www.arteartesania.com\/en\/wp-json\/wp\/v2\/product\/6003"}],"collection":[{"href":"https:\/\/www.arteartesania.com\/en\/wp-json\/wp\/v2\/product"}],"about":[{"href":"https:\/\/www.arteartesania.com\/en\/wp-json\/wp\/v2\/types\/product"}],"replies":[{"embeddable":true,"href":"https:\/\/www.arteartesania.com\/en\/wp-json\/wp\/v2\/comments?post=6003"}],"wp:featuredmedia":[{"embeddable":true,"href":"https:\/\/www.arteartesania.com\/en\/wp-json\/wp\/v2\/media\/6005"}],"wp:attachment":[{"href":"https:\/\/www.arteartesania.com\/en\/wp-json\/wp\/v2\/media?parent=6003"}],"wp:term":[{"taxonomy":"product_cat","embeddable":true,"href":"https:\/\/www.arteartesania.com\/en\/wp-json\/wp\/v2\/product_cat?post=6003"},{"taxonomy":"product_tag","embeddable":true,"href":"https:\/\/www.arteartesania.com\/en\/wp-json\/wp\/v2\/product_tag?post=6003"}],"curies":[{"name":"wp","href":"https:\/\/api.w.org\/{rel}","templated":true}]}}