{"id":5919,"date":"2020-04-16T14:39:58","date_gmt":"2020-04-16T12:39:58","guid":{"rendered":"https:\/\/www.arteartesania.com\/producto\/ejercicios-sostenibilidad\/"},"modified":"2020-07-09T17:22:27","modified_gmt":"2020-07-09T15:22:27","slug":"sustainability-exercises","status":"publish","type":"product","link":"https:\/\/www.arteartesania.com\/en\/product\/sustainability-exercises\/","title":{"rendered":"&#8220;CONFINEMENT 2020&#8221; SUSTAINABILITY EXERCISES   Bronze, Recycled Glass  Author: Carlos Tellechea"},"content":{"rendered":"<p>SERIES: &#8220;CONFINEMENT 2020&#8221;<br \/>\n&#8220;SUSTAINABILITY EXERCISES&#8221;<br \/>\nMaterial: Brass, Bronze, Recycled Glass<br \/>\nMeasurements: 4 x 4 x 12 cms<br \/>\nAuthor: Carlos Tellechea<\/p>\n<p>These pieces made in the confinement 2020, speak of the difficulty of maintaining balance and values in a prolonged confinement and are made by recycling jars of anchovies and scraps of Bronze<\/p>\n","protected":false},"excerpt":{"rendered":"<p>SERIES: &#8220;CONFINEMENT 2020&#8221;<br \/>\n&#8220;SUSTAINABILITY EXERCISES&#8221;<br \/>\nMaterial: Brass, Bronze, Recycled Glass<br \/>\nMeasurements: 4 x 4 x 12 cms<br \/>\nAuthor: Carlos Tellechea<\/p>\n","protected":false},"featured_media":5905,"comment_status":"closed","ping_status":"closed","template":"","meta":{"_acf_changed":false,"inline_featured_image":false},"product_cat":[128,509,109,503],"product_tag":[],"class_list":{"0":"post-5919","1":"product","2":"type-product","3":"status-publish","4":"has-post-thumbnail","6":"product_cat-carlostellechea","7":"product_cat-otlet-decoration-sculptural","8":"product_cat-objects","9":"product_cat-promotion-en","11":"first","12":"instock","13":"shipping-taxable","14":"purchasable","15":"product-type-simple"},"acf":[],"yoast_head":"<!-- This site is optimized with the Yoast SEO plugin v23.6 - https:\/\/yoast.com\/wordpress\/plugins\/seo\/ -->\n<title>&quot;CONFINEMENT 2020&quot; SUSTAINABILITY EXERCISES  Bronze, Recycled Glass Author: Carlos Tellechea - Arteartesania<\/title>\n<meta name=\"robots\" content=\"index, follow, max-snippet:-1, max-image-preview:large, max-video-preview:-1\" \/>\n<link rel=\"canonical\" href=\"https:\/\/www.arteartesania.com\/en\/product\/sustainability-exercises\/\" \/>\n<meta property=\"og:locale\" content=\"en_US\" \/>\n<meta property=\"og:type\" content=\"article\" \/>\n<meta property=\"og:title\" content=\"&quot;CONFINEMENT 2020&quot; SUSTAINABILITY EXERCISES  Bronze, Recycled Glass Author: Carlos Tellechea - Arteartesania\" \/>\n<meta property=\"og:description\" content=\"SERIES: &quot;CONFINEMENT 2020&quot; &quot;SUSTAINABILITY EXERCISES&quot; Material: Brass, Bronze, Recycled Glass Measurements: 4 x 4 x 12 cms Author: Carlos Tellechea\" \/>\n<meta property=\"og:url\" content=\"https:\/\/www.arteartesania.com\/en\/product\/sustainability-exercises\/\" \/>\n<meta property=\"og:site_name\" content=\"Arteartesania\" \/>\n<meta property=\"article:modified_time\" content=\"2020-07-09T15:22:27+00:00\" \/>\n<meta property=\"og:image\" content=\"https:\/\/www.arteartesania.com\/wp-content\/uploads\/2020\/04\/CONFINAMIENTO_2020__EJERCICIOS_FRASCOS-DE-ANCHOAS2.jpg\" \/>\n\t<meta property=\"og:image:width\" content=\"1200\" \/>\n\t<meta property=\"og:image:height\" content=\"1096\" \/>\n\t<meta property=\"og:image:type\" content=\"image\/jpeg\" \/>\n<meta name=\"twitter:card\" content=\"summary_large_image\" \/>\n<script type=\"application\/ld+json\" class=\"yoast-schema-graph\">{\"@context\":\"https:\/\/schema.org\",\"@graph\":[{\"@type\":\"WebPage\",\"@id\":\"https:\/\/www.arteartesania.com\/en\/product\/sustainability-exercises\/\",\"url\":\"https:\/\/www.arteartesania.com\/en\/product\/sustainability-exercises\/\",\"name\":\"\\\"CONFINEMENT 2020\\\" SUSTAINABILITY EXERCISES Bronze, Recycled Glass Author: Carlos Tellechea - Arteartesania\",\"isPartOf\":{\"@id\":\"https:\/\/www.arteartesania.com\/en\/#website\"},\"primaryImageOfPage\":{\"@id\":\"https:\/\/www.arteartesania.com\/en\/product\/sustainability-exercises\/#primaryimage\"},\"image\":{\"@id\":\"https:\/\/www.arteartesania.com\/en\/product\/sustainability-exercises\/#primaryimage\"},\"thumbnailUrl\":\"https:\/\/www.arteartesania.com\/wp-content\/uploads\/2020\/04\/CONFINAMIENTO_2020__EJERCICIOS_FRASCOS-DE-ANCHOAS2.jpg\",\"datePublished\":\"2020-04-16T12:39:58+00:00\",\"dateModified\":\"2020-07-09T15:22:27+00:00\",\"breadcrumb\":{\"@id\":\"https:\/\/www.arteartesania.com\/en\/product\/sustainability-exercises\/#breadcrumb\"},\"inLanguage\":\"en-US\",\"potentialAction\":[{\"@type\":\"ReadAction\",\"target\":[\"https:\/\/www.arteartesania.com\/en\/product\/sustainability-exercises\/\"]}]},{\"@type\":\"ImageObject\",\"inLanguage\":\"en-US\",\"@id\":\"https:\/\/www.arteartesania.com\/en\/product\/sustainability-exercises\/#primaryimage\",\"url\":\"https:\/\/www.arteartesania.com\/wp-content\/uploads\/2020\/04\/CONFINAMIENTO_2020__EJERCICIOS_FRASCOS-DE-ANCHOAS2.jpg\",\"contentUrl\":\"https:\/\/www.arteartesania.com\/wp-content\/uploads\/2020\/04\/CONFINAMIENTO_2020__EJERCICIOS_FRASCOS-DE-ANCHOAS2.jpg\",\"width\":1200,\"height\":1096},{\"@type\":\"BreadcrumbList\",\"@id\":\"https:\/\/www.arteartesania.com\/en\/product\/sustainability-exercises\/#breadcrumb\",\"itemListElement\":[{\"@type\":\"ListItem\",\"position\":1,\"name\":\"Portada\",\"item\":\"https:\/\/www.arteartesania.com\/en\/\"},{\"@type\":\"ListItem\",\"position\":2,\"name\":\"Shop online\",\"item\":\"https:\/\/www.arteartesania.com\/en\/shop\/\"},{\"@type\":\"ListItem\",\"position\":3,\"name\":\"\u00abCONFINEMENT 2020\u00bb SUSTAINABILITY EXERCISES Bronze, Recycled Glass Author: Carlos Tellechea\"}]},{\"@type\":\"WebSite\",\"@id\":\"https:\/\/www.arteartesania.com\/en\/#website\",\"url\":\"https:\/\/www.arteartesania.com\/en\/\",\"name\":\"Arteartesania\",\"description\":\"Original selecci\u00f3n de Artesan\u00eda Contempor\u00e1nea de Autor\",\"publisher\":{\"@id\":\"https:\/\/www.arteartesania.com\/en\/#organization\"},\"potentialAction\":[{\"@type\":\"SearchAction\",\"target\":{\"@type\":\"EntryPoint\",\"urlTemplate\":\"https:\/\/www.arteartesania.com\/en\/?s={search_term_string}\"},\"query-input\":{\"@type\":\"PropertyValueSpecification\",\"valueRequired\":true,\"valueName\":\"search_term_string\"}}],\"inLanguage\":\"en-US\"},{\"@type\":\"Organization\",\"@id\":\"https:\/\/www.arteartesania.com\/en\/#organization\",\"name\":\"Arteartesania\",\"url\":\"https:\/\/www.arteartesania.com\/en\/\",\"logo\":{\"@type\":\"ImageObject\",\"inLanguage\":\"en-US\",\"@id\":\"https:\/\/www.arteartesania.com\/en\/#\/schema\/logo\/image\/\",\"url\":\"https:\/\/www.arteartesania.com\/wp-content\/uploads\/2019\/12\/cropped-logofooter.png\",\"contentUrl\":\"https:\/\/www.arteartesania.com\/wp-content\/uploads\/2019\/12\/cropped-logofooter.png\",\"width\":539,\"height\":58,\"caption\":\"Arteartesania\"},\"image\":{\"@id\":\"https:\/\/www.arteartesania.com\/en\/#\/schema\/logo\/image\/\"}}]}<\/script>\n<!-- \/ Yoast SEO plugin. -->","yoast_head_json":{"title":"\"CONFINEMENT 2020\" SUSTAINABILITY EXERCISES  Bronze, Recycled Glass Author: Carlos Tellechea - Arteartesania","robots":{"index":"index","follow":"follow","max-snippet":"max-snippet:-1","max-image-preview":"max-image-preview:large","max-video-preview":"max-video-preview:-1"},"canonical":"https:\/\/www.arteartesania.com\/en\/product\/sustainability-exercises\/","og_locale":"en_US","og_type":"article","og_title":"\"CONFINEMENT 2020\" SUSTAINABILITY EXERCISES  Bronze, Recycled Glass Author: Carlos Tellechea - Arteartesania","og_description":"SERIES: \"CONFINEMENT 2020\" \"SUSTAINABILITY EXERCISES\" Material: Brass, Bronze, Recycled Glass Measurements: 4 x 4 x 12 cms Author: Carlos Tellechea","og_url":"https:\/\/www.arteartesania.com\/en\/product\/sustainability-exercises\/","og_site_name":"Arteartesania","article_modified_time":"2020-07-09T15:22:27+00:00","og_image":[{"width":1200,"height":1096,"url":"https:\/\/www.arteartesania.com\/wp-content\/uploads\/2020\/04\/CONFINAMIENTO_2020__EJERCICIOS_FRASCOS-DE-ANCHOAS2.jpg","type":"image\/jpeg"}],"twitter_card":"summary_large_image","schema":{"@context":"https:\/\/schema.org","@graph":[{"@type":"WebPage","@id":"https:\/\/www.arteartesania.com\/en\/product\/sustainability-exercises\/","url":"https:\/\/www.arteartesania.com\/en\/product\/sustainability-exercises\/","name":"\"CONFINEMENT 2020\" SUSTAINABILITY EXERCISES Bronze, Recycled Glass Author: Carlos Tellechea - Arteartesania","isPartOf":{"@id":"https:\/\/www.arteartesania.com\/en\/#website"},"primaryImageOfPage":{"@id":"https:\/\/www.arteartesania.com\/en\/product\/sustainability-exercises\/#primaryimage"},"image":{"@id":"https:\/\/www.arteartesania.com\/en\/product\/sustainability-exercises\/#primaryimage"},"thumbnailUrl":"https:\/\/www.arteartesania.com\/wp-content\/uploads\/2020\/04\/CONFINAMIENTO_2020__EJERCICIOS_FRASCOS-DE-ANCHOAS2.jpg","datePublished":"2020-04-16T12:39:58+00:00","dateModified":"2020-07-09T15:22:27+00:00","breadcrumb":{"@id":"https:\/\/www.arteartesania.com\/en\/product\/sustainability-exercises\/#breadcrumb"},"inLanguage":"en-US","potentialAction":[{"@type":"ReadAction","target":["https:\/\/www.arteartesania.com\/en\/product\/sustainability-exercises\/"]}]},{"@type":"ImageObject","inLanguage":"en-US","@id":"https:\/\/www.arteartesania.com\/en\/product\/sustainability-exercises\/#primaryimage","url":"https:\/\/www.arteartesania.com\/wp-content\/uploads\/2020\/04\/CONFINAMIENTO_2020__EJERCICIOS_FRASCOS-DE-ANCHOAS2.jpg","contentUrl":"https:\/\/www.arteartesania.com\/wp-content\/uploads\/2020\/04\/CONFINAMIENTO_2020__EJERCICIOS_FRASCOS-DE-ANCHOAS2.jpg","width":1200,"height":1096},{"@type":"BreadcrumbList","@id":"https:\/\/www.arteartesania.com\/en\/product\/sustainability-exercises\/#breadcrumb","itemListElement":[{"@type":"ListItem","position":1,"name":"Portada","item":"https:\/\/www.arteartesania.com\/en\/"},{"@type":"ListItem","position":2,"name":"Shop online","item":"https:\/\/www.arteartesania.com\/en\/shop\/"},{"@type":"ListItem","position":3,"name":"\u00abCONFINEMENT 2020\u00bb SUSTAINABILITY EXERCISES Bronze, Recycled Glass Author: Carlos Tellechea"}]},{"@type":"WebSite","@id":"https:\/\/www.arteartesania.com\/en\/#website","url":"https:\/\/www.arteartesania.com\/en\/","name":"Arteartesania","description":"Original selecci\u00f3n de Artesan\u00eda Contempor\u00e1nea de Autor","publisher":{"@id":"https:\/\/www.arteartesania.com\/en\/#organization"},"potentialAction":[{"@type":"SearchAction","target":{"@type":"EntryPoint","urlTemplate":"https:\/\/www.arteartesania.com\/en\/?s={search_term_string}"},"query-input":{"@type":"PropertyValueSpecification","valueRequired":true,"valueName":"search_term_string"}}],"inLanguage":"en-US"},{"@type":"Organization","@id":"https:\/\/www.arteartesania.com\/en\/#organization","name":"Arteartesania","url":"https:\/\/www.arteartesania.com\/en\/","logo":{"@type":"ImageObject","inLanguage":"en-US","@id":"https:\/\/www.arteartesania.com\/en\/#\/schema\/logo\/image\/","url":"https:\/\/www.arteartesania.com\/wp-content\/uploads\/2019\/12\/cropped-logofooter.png","contentUrl":"https:\/\/www.arteartesania.com\/wp-content\/uploads\/2019\/12\/cropped-logofooter.png","width":539,"height":58,"caption":"Arteartesania"},"image":{"@id":"https:\/\/www.arteartesania.com\/en\/#\/schema\/logo\/image\/"}}]}},"_links":{"self":[{"href":"https:\/\/www.arteartesania.com\/en\/wp-json\/wp\/v2\/product\/5919"}],"collection":[{"href":"https:\/\/www.arteartesania.com\/en\/wp-json\/wp\/v2\/product"}],"about":[{"href":"https:\/\/www.arteartesania.com\/en\/wp-json\/wp\/v2\/types\/product"}],"replies":[{"embeddable":true,"href":"https:\/\/www.arteartesania.com\/en\/wp-json\/wp\/v2\/comments?post=5919"}],"wp:featuredmedia":[{"embeddable":true,"href":"https:\/\/www.arteartesania.com\/en\/wp-json\/wp\/v2\/media\/5905"}],"wp:attachment":[{"href":"https:\/\/www.arteartesania.com\/en\/wp-json\/wp\/v2\/media?parent=5919"}],"wp:term":[{"taxonomy":"product_cat","embeddable":true,"href":"https:\/\/www.arteartesania.com\/en\/wp-json\/wp\/v2\/product_cat?post=5919"},{"taxonomy":"product_tag","embeddable":true,"href":"https:\/\/www.arteartesania.com\/en\/wp-json\/wp\/v2\/product_tag?post=5919"}],"curies":[{"name":"wp","href":"https:\/\/api.w.org\/{rel}","templated":true}]}}