{"id":5251,"date":"2020-02-06T08:36:09","date_gmt":"2020-02-06T07:36:09","guid":{"rendered":"http:\/\/www.arteartesania.com\/producto\/camaleon-en-equilibrio-financiero-n-iv\/"},"modified":"2024-11-23T13:55:38","modified_gmt":"2024-11-23T12:55:38","slug":"camaleon-en-equilibrio-financiero-n-iv","status":"publish","type":"product","link":"https:\/\/www.arteartesania.com\/en\/product\/camaleon-en-equilibrio-financiero-n-iv\/","title":{"rendered":"Camale\u00f3n en Equilibrio Financiero N IV"},"content":{"rendered":"","protected":false},"excerpt":{"rendered":"<p>Escultura de la SERIE de 12 Piezas &#8220;Camale\u00f3n en Equilibrio Financiero&#8221;<\/p>\n<p>https:\/\/issuu.com\/carlostellechea3\/docs\/camaleones-notadeprensa<\/p>\n<p>T\u00edtulo: &#8220;Camale\u00f3n en Equilibrio Financiero N IV&#8221;<br \/>\nA\u00f1o: 2008<br \/>\nMaterial: Lat\u00f3n, Corcho y patina.<br \/>\nMedidas: 6 x 10 x 41 cm<br \/>\nAutor: Carlos Tellechea<\/p>\n","protected":false},"featured_media":3873,"comment_status":"closed","ping_status":"closed","template":"","meta":{"_acf_changed":false,"inline_featured_image":false},"product_cat":[129,128,109],"product_tag":[],"class_list":{"0":"post-5251","1":"product","2":"type-product","3":"status-publish","4":"has-post-thumbnail","6":"product_cat-artists","7":"product_cat-carlostellechea","8":"product_cat-objects","9":"product_shipping_class-paquetes-grandes-pesados-en","11":"first","12":"instock","13":"shipping-taxable","14":"purchasable","15":"product-type-simple"},"acf":[],"yoast_head":"<!-- This site is optimized with the Yoast SEO plugin v23.6 - https:\/\/yoast.com\/wordpress\/plugins\/seo\/ -->\n<title>Camale\u00f3n en Equilibrio Financiero N IV, de Carlos Tellechea - Arteartesania<\/title>\n<meta name=\"robots\" content=\"index, follow, max-snippet:-1, max-image-preview:large, max-video-preview:-1\" \/>\n<link rel=\"canonical\" href=\"https:\/\/www.arteartesania.com\/en\/product\/camaleon-en-equilibrio-financiero-n-iv\/\" \/>\n<meta property=\"og:locale\" content=\"en_US\" \/>\n<meta property=\"og:type\" content=\"article\" \/>\n<meta property=\"og:title\" content=\"Camale\u00f3n en Equilibrio Financiero N IV, de Carlos Tellechea - Arteartesania\" \/>\n<meta property=\"og:description\" content=\"Escultura de la SERIE de 12 Piezas &quot;Camale\u00f3n en Equilibrio Financiero&quot;  https:\/\/issuu.com\/carlostellechea3\/docs\/camaleones-notadeprensa  T\u00edtulo: &quot;Camale\u00f3n en Equilibrio Financiero N IV&quot; A\u00f1o: 2008 Material: Lat\u00f3n, Corcho y patina. Medidas: 6 x 10 x 41 cm Autor: Carlos Tellechea\" \/>\n<meta property=\"og:url\" content=\"https:\/\/www.arteartesania.com\/en\/product\/camaleon-en-equilibrio-financiero-n-iv\/\" \/>\n<meta property=\"og:site_name\" content=\"Arteartesania\" \/>\n<meta property=\"article:modified_time\" content=\"2024-11-23T12:55:38+00:00\" \/>\n<meta property=\"og:image\" content=\"https:\/\/www.arteartesania.com\/wp-content\/uploads\/2020\/02\/ESC-CAM-EQUI-IV-5-FOTOS.jpg\" \/>\n\t<meta property=\"og:image:width\" content=\"1654\" \/>\n\t<meta property=\"og:image:height\" content=\"561\" \/>\n\t<meta property=\"og:image:type\" content=\"image\/jpeg\" \/>\n<meta name=\"twitter:card\" content=\"summary_large_image\" \/>\n<script type=\"application\/ld+json\" class=\"yoast-schema-graph\">{\"@context\":\"https:\/\/schema.org\",\"@graph\":[{\"@type\":\"WebPage\",\"@id\":\"https:\/\/www.arteartesania.com\/en\/product\/camaleon-en-equilibrio-financiero-n-iv\/\",\"url\":\"https:\/\/www.arteartesania.com\/en\/product\/camaleon-en-equilibrio-financiero-n-iv\/\",\"name\":\"Camale\u00f3n en Equilibrio Financiero N IV, de Carlos Tellechea - Arteartesania\",\"isPartOf\":{\"@id\":\"https:\/\/www.arteartesania.com\/en\/#website\"},\"primaryImageOfPage\":{\"@id\":\"https:\/\/www.arteartesania.com\/en\/product\/camaleon-en-equilibrio-financiero-n-iv\/#primaryimage\"},\"image\":{\"@id\":\"https:\/\/www.arteartesania.com\/en\/product\/camaleon-en-equilibrio-financiero-n-iv\/#primaryimage\"},\"thumbnailUrl\":\"https:\/\/www.arteartesania.com\/wp-content\/uploads\/2020\/02\/ESC-CAM-EQUI-IV-5-FOTOS.jpg\",\"datePublished\":\"2020-02-06T07:36:09+00:00\",\"dateModified\":\"2024-11-23T12:55:38+00:00\",\"breadcrumb\":{\"@id\":\"https:\/\/www.arteartesania.com\/en\/product\/camaleon-en-equilibrio-financiero-n-iv\/#breadcrumb\"},\"inLanguage\":\"en-US\",\"potentialAction\":[{\"@type\":\"ReadAction\",\"target\":[\"https:\/\/www.arteartesania.com\/en\/product\/camaleon-en-equilibrio-financiero-n-iv\/\"]}]},{\"@type\":\"ImageObject\",\"inLanguage\":\"en-US\",\"@id\":\"https:\/\/www.arteartesania.com\/en\/product\/camaleon-en-equilibrio-financiero-n-iv\/#primaryimage\",\"url\":\"https:\/\/www.arteartesania.com\/wp-content\/uploads\/2020\/02\/ESC-CAM-EQUI-IV-5-FOTOS.jpg\",\"contentUrl\":\"https:\/\/www.arteartesania.com\/wp-content\/uploads\/2020\/02\/ESC-CAM-EQUI-IV-5-FOTOS.jpg\",\"width\":1654,\"height\":561},{\"@type\":\"BreadcrumbList\",\"@id\":\"https:\/\/www.arteartesania.com\/en\/product\/camaleon-en-equilibrio-financiero-n-iv\/#breadcrumb\",\"itemListElement\":[{\"@type\":\"ListItem\",\"position\":1,\"name\":\"Portada\",\"item\":\"https:\/\/www.arteartesania.com\/en\/\"},{\"@type\":\"ListItem\",\"position\":2,\"name\":\"Shop online\",\"item\":\"https:\/\/www.arteartesania.com\/en\/shop\/\"},{\"@type\":\"ListItem\",\"position\":3,\"name\":\"Camale\u00f3n en Equilibrio Financiero N IV\"}]},{\"@type\":\"WebSite\",\"@id\":\"https:\/\/www.arteartesania.com\/en\/#website\",\"url\":\"https:\/\/www.arteartesania.com\/en\/\",\"name\":\"Arteartesania\",\"description\":\"Original selecci\u00f3n de Artesan\u00eda Contempor\u00e1nea de Autor\",\"publisher\":{\"@id\":\"https:\/\/www.arteartesania.com\/en\/#organization\"},\"potentialAction\":[{\"@type\":\"SearchAction\",\"target\":{\"@type\":\"EntryPoint\",\"urlTemplate\":\"https:\/\/www.arteartesania.com\/en\/?s={search_term_string}\"},\"query-input\":{\"@type\":\"PropertyValueSpecification\",\"valueRequired\":true,\"valueName\":\"search_term_string\"}}],\"inLanguage\":\"en-US\"},{\"@type\":\"Organization\",\"@id\":\"https:\/\/www.arteartesania.com\/en\/#organization\",\"name\":\"Arteartesania\",\"url\":\"https:\/\/www.arteartesania.com\/en\/\",\"logo\":{\"@type\":\"ImageObject\",\"inLanguage\":\"en-US\",\"@id\":\"https:\/\/www.arteartesania.com\/en\/#\/schema\/logo\/image\/\",\"url\":\"https:\/\/www.arteartesania.com\/wp-content\/uploads\/2019\/12\/cropped-logofooter.png\",\"contentUrl\":\"https:\/\/www.arteartesania.com\/wp-content\/uploads\/2019\/12\/cropped-logofooter.png\",\"width\":539,\"height\":58,\"caption\":\"Arteartesania\"},\"image\":{\"@id\":\"https:\/\/www.arteartesania.com\/en\/#\/schema\/logo\/image\/\"}}]}<\/script>\n<!-- \/ Yoast SEO plugin. -->","yoast_head_json":{"title":"Camale\u00f3n en Equilibrio Financiero N IV, de Carlos Tellechea - Arteartesania","robots":{"index":"index","follow":"follow","max-snippet":"max-snippet:-1","max-image-preview":"max-image-preview:large","max-video-preview":"max-video-preview:-1"},"canonical":"https:\/\/www.arteartesania.com\/en\/product\/camaleon-en-equilibrio-financiero-n-iv\/","og_locale":"en_US","og_type":"article","og_title":"Camale\u00f3n en Equilibrio Financiero N IV, de Carlos Tellechea - Arteartesania","og_description":"Escultura de la SERIE de 12 Piezas \"Camale\u00f3n en Equilibrio Financiero\"  https:\/\/issuu.com\/carlostellechea3\/docs\/camaleones-notadeprensa  T\u00edtulo: \"Camale\u00f3n en Equilibrio Financiero N IV\" A\u00f1o: 2008 Material: Lat\u00f3n, Corcho y patina. Medidas: 6 x 10 x 41 cm Autor: Carlos Tellechea","og_url":"https:\/\/www.arteartesania.com\/en\/product\/camaleon-en-equilibrio-financiero-n-iv\/","og_site_name":"Arteartesania","article_modified_time":"2024-11-23T12:55:38+00:00","og_image":[{"width":1654,"height":561,"url":"https:\/\/www.arteartesania.com\/wp-content\/uploads\/2020\/02\/ESC-CAM-EQUI-IV-5-FOTOS.jpg","type":"image\/jpeg"}],"twitter_card":"summary_large_image","schema":{"@context":"https:\/\/schema.org","@graph":[{"@type":"WebPage","@id":"https:\/\/www.arteartesania.com\/en\/product\/camaleon-en-equilibrio-financiero-n-iv\/","url":"https:\/\/www.arteartesania.com\/en\/product\/camaleon-en-equilibrio-financiero-n-iv\/","name":"Camale\u00f3n en Equilibrio Financiero N IV, de Carlos Tellechea - Arteartesania","isPartOf":{"@id":"https:\/\/www.arteartesania.com\/en\/#website"},"primaryImageOfPage":{"@id":"https:\/\/www.arteartesania.com\/en\/product\/camaleon-en-equilibrio-financiero-n-iv\/#primaryimage"},"image":{"@id":"https:\/\/www.arteartesania.com\/en\/product\/camaleon-en-equilibrio-financiero-n-iv\/#primaryimage"},"thumbnailUrl":"https:\/\/www.arteartesania.com\/wp-content\/uploads\/2020\/02\/ESC-CAM-EQUI-IV-5-FOTOS.jpg","datePublished":"2020-02-06T07:36:09+00:00","dateModified":"2024-11-23T12:55:38+00:00","breadcrumb":{"@id":"https:\/\/www.arteartesania.com\/en\/product\/camaleon-en-equilibrio-financiero-n-iv\/#breadcrumb"},"inLanguage":"en-US","potentialAction":[{"@type":"ReadAction","target":["https:\/\/www.arteartesania.com\/en\/product\/camaleon-en-equilibrio-financiero-n-iv\/"]}]},{"@type":"ImageObject","inLanguage":"en-US","@id":"https:\/\/www.arteartesania.com\/en\/product\/camaleon-en-equilibrio-financiero-n-iv\/#primaryimage","url":"https:\/\/www.arteartesania.com\/wp-content\/uploads\/2020\/02\/ESC-CAM-EQUI-IV-5-FOTOS.jpg","contentUrl":"https:\/\/www.arteartesania.com\/wp-content\/uploads\/2020\/02\/ESC-CAM-EQUI-IV-5-FOTOS.jpg","width":1654,"height":561},{"@type":"BreadcrumbList","@id":"https:\/\/www.arteartesania.com\/en\/product\/camaleon-en-equilibrio-financiero-n-iv\/#breadcrumb","itemListElement":[{"@type":"ListItem","position":1,"name":"Portada","item":"https:\/\/www.arteartesania.com\/en\/"},{"@type":"ListItem","position":2,"name":"Shop online","item":"https:\/\/www.arteartesania.com\/en\/shop\/"},{"@type":"ListItem","position":3,"name":"Camale\u00f3n en Equilibrio Financiero N IV"}]},{"@type":"WebSite","@id":"https:\/\/www.arteartesania.com\/en\/#website","url":"https:\/\/www.arteartesania.com\/en\/","name":"Arteartesania","description":"Original selecci\u00f3n de Artesan\u00eda Contempor\u00e1nea de Autor","publisher":{"@id":"https:\/\/www.arteartesania.com\/en\/#organization"},"potentialAction":[{"@type":"SearchAction","target":{"@type":"EntryPoint","urlTemplate":"https:\/\/www.arteartesania.com\/en\/?s={search_term_string}"},"query-input":{"@type":"PropertyValueSpecification","valueRequired":true,"valueName":"search_term_string"}}],"inLanguage":"en-US"},{"@type":"Organization","@id":"https:\/\/www.arteartesania.com\/en\/#organization","name":"Arteartesania","url":"https:\/\/www.arteartesania.com\/en\/","logo":{"@type":"ImageObject","inLanguage":"en-US","@id":"https:\/\/www.arteartesania.com\/en\/#\/schema\/logo\/image\/","url":"https:\/\/www.arteartesania.com\/wp-content\/uploads\/2019\/12\/cropped-logofooter.png","contentUrl":"https:\/\/www.arteartesania.com\/wp-content\/uploads\/2019\/12\/cropped-logofooter.png","width":539,"height":58,"caption":"Arteartesania"},"image":{"@id":"https:\/\/www.arteartesania.com\/en\/#\/schema\/logo\/image\/"}}]}},"_links":{"self":[{"href":"https:\/\/www.arteartesania.com\/en\/wp-json\/wp\/v2\/product\/5251"}],"collection":[{"href":"https:\/\/www.arteartesania.com\/en\/wp-json\/wp\/v2\/product"}],"about":[{"href":"https:\/\/www.arteartesania.com\/en\/wp-json\/wp\/v2\/types\/product"}],"replies":[{"embeddable":true,"href":"https:\/\/www.arteartesania.com\/en\/wp-json\/wp\/v2\/comments?post=5251"}],"wp:featuredmedia":[{"embeddable":true,"href":"https:\/\/www.arteartesania.com\/en\/wp-json\/wp\/v2\/media\/3873"}],"wp:attachment":[{"href":"https:\/\/www.arteartesania.com\/en\/wp-json\/wp\/v2\/media?parent=5251"}],"wp:term":[{"taxonomy":"product_cat","embeddable":true,"href":"https:\/\/www.arteartesania.com\/en\/wp-json\/wp\/v2\/product_cat?post=5251"},{"taxonomy":"product_tag","embeddable":true,"href":"https:\/\/www.arteartesania.com\/en\/wp-json\/wp\/v2\/product_tag?post=5251"}],"curies":[{"name":"wp","href":"https:\/\/api.w.org\/{rel}","templated":true}]}}