{"id":5201,"date":"2020-02-07T13:13:53","date_gmt":"2020-02-07T12:13:53","guid":{"rendered":"http:\/\/www.arteartesania.com\/producto\/brazalete-hojas-bronce\/"},"modified":"2020-05-18T14:10:58","modified_gmt":"2020-05-18T12:10:58","slug":"brazalete-hojas-bronce","status":"publish","type":"product","link":"https:\/\/www.arteartesania.com\/en\/product\/brazalete-hojas-bronce\/","title":{"rendered":"BRONZE LEAVES BRACELET Patines  CARLOS TELLECHEA"},"content":{"rendered":"<p>BRONZE LEAVES BRACELET Patines \/ Unique Pieces<br \/>\nAUTHOR: CARLOS TELLECHEA<br \/>\nMATERIALS: Brass &#8211; Patina Copper Oxides<br \/>\nSIZE: 6, cm in the inner width.<br \/>\nWEIGHT: approx. 60 g<br \/>\nUnique piece handmade by CARLOS TELLECHEA<\/p>\n","protected":false},"excerpt":{"rendered":"<p>BRONZE LEAVES BRACELET Patines \/ Unique Pieces<br \/>\nAUTHOR: CARLOS TELLECHEA<br \/>\nMATERIALS: Brass &#8211; Patina Copper Oxides<br \/>\nSIZE: 6, cm in the inner width.<br \/>\nWEIGHT: approx. 60 g<br \/>\nUnique piece handmade by CARLOS TELLECHEA<\/p>\n","protected":false},"featured_media":4023,"comment_status":"closed","ping_status":"closed","template":"","meta":{"_acf_changed":false,"inline_featured_image":false},"product_cat":[129,245,128],"product_tag":[],"class_list":{"0":"post-5201","1":"product","2":"type-product","3":"status-publish","4":"has-post-thumbnail","6":"product_cat-artists","7":"product_cat-bangles","8":"product_cat-carlostellechea","10":"first","11":"instock","12":"shipping-taxable","13":"purchasable","14":"product-type-simple"},"acf":[],"yoast_head":"<!-- This site is optimized with the Yoast SEO plugin v23.6 - https:\/\/yoast.com\/wordpress\/plugins\/seo\/ -->\n<title>Brazalete &#039;Hojas Bronce&#039; creado por Carlos Tellechea - Arteartesania<\/title>\n<meta name=\"robots\" content=\"index, follow, max-snippet:-1, max-image-preview:large, max-video-preview:-1\" \/>\n<link rel=\"canonical\" href=\"https:\/\/www.arteartesania.com\/en\/product\/brazalete-hojas-bronce\/\" \/>\n<meta property=\"og:locale\" content=\"en_US\" \/>\n<meta property=\"og:type\" content=\"article\" \/>\n<meta property=\"og:title\" content=\"Brazalete &#039;Hojas Bronce&#039; creado por Carlos Tellechea - Arteartesania\" \/>\n<meta property=\"og:description\" content=\"BRONZE LEAVES BRACELET Patines \/ Unique Pieces AUTHOR: CARLOS TELLECHEA MATERIALS: Brass - Patina Copper Oxides SIZE: 6, cm in the inner width. WEIGHT: approx. 60 g Unique piece handmade by CARLOS TELLECHEA\" \/>\n<meta property=\"og:url\" content=\"https:\/\/www.arteartesania.com\/en\/product\/brazalete-hojas-bronce\/\" \/>\n<meta property=\"og:site_name\" content=\"Arteartesania\" \/>\n<meta property=\"article:modified_time\" content=\"2020-05-18T12:10:58+00:00\" \/>\n<meta property=\"og:image\" content=\"https:\/\/www.arteartesania.com\/wp-content\/uploads\/2020\/02\/BRAZALETE_HOJA_BRONCE-3.jpg\" \/>\n\t<meta property=\"og:image:width\" content=\"1024\" \/>\n\t<meta property=\"og:image:height\" content=\"1024\" \/>\n\t<meta property=\"og:image:type\" content=\"image\/jpeg\" \/>\n<meta name=\"twitter:card\" content=\"summary_large_image\" \/>\n<script type=\"application\/ld+json\" class=\"yoast-schema-graph\">{\"@context\":\"https:\/\/schema.org\",\"@graph\":[{\"@type\":\"WebPage\",\"@id\":\"https:\/\/www.arteartesania.com\/en\/product\/brazalete-hojas-bronce\/\",\"url\":\"https:\/\/www.arteartesania.com\/en\/product\/brazalete-hojas-bronce\/\",\"name\":\"Brazalete 'Hojas Bronce' creado por Carlos Tellechea - Arteartesania\",\"isPartOf\":{\"@id\":\"https:\/\/www.arteartesania.com\/en\/#website\"},\"primaryImageOfPage\":{\"@id\":\"https:\/\/www.arteartesania.com\/en\/product\/brazalete-hojas-bronce\/#primaryimage\"},\"image\":{\"@id\":\"https:\/\/www.arteartesania.com\/en\/product\/brazalete-hojas-bronce\/#primaryimage\"},\"thumbnailUrl\":\"https:\/\/www.arteartesania.com\/wp-content\/uploads\/2020\/02\/BRAZALETE_HOJA_BRONCE-3.jpg\",\"datePublished\":\"2020-02-07T12:13:53+00:00\",\"dateModified\":\"2020-05-18T12:10:58+00:00\",\"breadcrumb\":{\"@id\":\"https:\/\/www.arteartesania.com\/en\/product\/brazalete-hojas-bronce\/#breadcrumb\"},\"inLanguage\":\"en-US\",\"potentialAction\":[{\"@type\":\"ReadAction\",\"target\":[\"https:\/\/www.arteartesania.com\/en\/product\/brazalete-hojas-bronce\/\"]}]},{\"@type\":\"ImageObject\",\"inLanguage\":\"en-US\",\"@id\":\"https:\/\/www.arteartesania.com\/en\/product\/brazalete-hojas-bronce\/#primaryimage\",\"url\":\"https:\/\/www.arteartesania.com\/wp-content\/uploads\/2020\/02\/BRAZALETE_HOJA_BRONCE-3.jpg\",\"contentUrl\":\"https:\/\/www.arteartesania.com\/wp-content\/uploads\/2020\/02\/BRAZALETE_HOJA_BRONCE-3.jpg\",\"width\":1024,\"height\":1024,\"caption\":\"carlos tellechea, joyer\u00eda de autor, brazalete hojas bronce, brazalete hojas de laurel, joyas con p\u00e1tina\"},{\"@type\":\"BreadcrumbList\",\"@id\":\"https:\/\/www.arteartesania.com\/en\/product\/brazalete-hojas-bronce\/#breadcrumb\",\"itemListElement\":[{\"@type\":\"ListItem\",\"position\":1,\"name\":\"Portada\",\"item\":\"https:\/\/www.arteartesania.com\/en\/\"},{\"@type\":\"ListItem\",\"position\":2,\"name\":\"Shop online\",\"item\":\"https:\/\/www.arteartesania.com\/en\/shop\/\"},{\"@type\":\"ListItem\",\"position\":3,\"name\":\"BRONZE LEAVES BRACELET Patines CARLOS TELLECHEA\"}]},{\"@type\":\"WebSite\",\"@id\":\"https:\/\/www.arteartesania.com\/en\/#website\",\"url\":\"https:\/\/www.arteartesania.com\/en\/\",\"name\":\"Arteartesania\",\"description\":\"Original selecci\u00f3n de Artesan\u00eda Contempor\u00e1nea de Autor\",\"publisher\":{\"@id\":\"https:\/\/www.arteartesania.com\/en\/#organization\"},\"potentialAction\":[{\"@type\":\"SearchAction\",\"target\":{\"@type\":\"EntryPoint\",\"urlTemplate\":\"https:\/\/www.arteartesania.com\/en\/?s={search_term_string}\"},\"query-input\":{\"@type\":\"PropertyValueSpecification\",\"valueRequired\":true,\"valueName\":\"search_term_string\"}}],\"inLanguage\":\"en-US\"},{\"@type\":\"Organization\",\"@id\":\"https:\/\/www.arteartesania.com\/en\/#organization\",\"name\":\"Arteartesania\",\"url\":\"https:\/\/www.arteartesania.com\/en\/\",\"logo\":{\"@type\":\"ImageObject\",\"inLanguage\":\"en-US\",\"@id\":\"https:\/\/www.arteartesania.com\/en\/#\/schema\/logo\/image\/\",\"url\":\"https:\/\/www.arteartesania.com\/wp-content\/uploads\/2019\/12\/cropped-logofooter.png\",\"contentUrl\":\"https:\/\/www.arteartesania.com\/wp-content\/uploads\/2019\/12\/cropped-logofooter.png\",\"width\":539,\"height\":58,\"caption\":\"Arteartesania\"},\"image\":{\"@id\":\"https:\/\/www.arteartesania.com\/en\/#\/schema\/logo\/image\/\"}}]}<\/script>\n<!-- \/ Yoast SEO plugin. -->","yoast_head_json":{"title":"Brazalete 'Hojas Bronce' creado por Carlos Tellechea - Arteartesania","robots":{"index":"index","follow":"follow","max-snippet":"max-snippet:-1","max-image-preview":"max-image-preview:large","max-video-preview":"max-video-preview:-1"},"canonical":"https:\/\/www.arteartesania.com\/en\/product\/brazalete-hojas-bronce\/","og_locale":"en_US","og_type":"article","og_title":"Brazalete 'Hojas Bronce' creado por Carlos Tellechea - Arteartesania","og_description":"BRONZE LEAVES BRACELET Patines \/ Unique Pieces AUTHOR: CARLOS TELLECHEA MATERIALS: Brass - Patina Copper Oxides SIZE: 6, cm in the inner width. WEIGHT: approx. 60 g Unique piece handmade by CARLOS TELLECHEA","og_url":"https:\/\/www.arteartesania.com\/en\/product\/brazalete-hojas-bronce\/","og_site_name":"Arteartesania","article_modified_time":"2020-05-18T12:10:58+00:00","og_image":[{"width":1024,"height":1024,"url":"https:\/\/www.arteartesania.com\/wp-content\/uploads\/2020\/02\/BRAZALETE_HOJA_BRONCE-3.jpg","type":"image\/jpeg"}],"twitter_card":"summary_large_image","schema":{"@context":"https:\/\/schema.org","@graph":[{"@type":"WebPage","@id":"https:\/\/www.arteartesania.com\/en\/product\/brazalete-hojas-bronce\/","url":"https:\/\/www.arteartesania.com\/en\/product\/brazalete-hojas-bronce\/","name":"Brazalete 'Hojas Bronce' creado por Carlos Tellechea - Arteartesania","isPartOf":{"@id":"https:\/\/www.arteartesania.com\/en\/#website"},"primaryImageOfPage":{"@id":"https:\/\/www.arteartesania.com\/en\/product\/brazalete-hojas-bronce\/#primaryimage"},"image":{"@id":"https:\/\/www.arteartesania.com\/en\/product\/brazalete-hojas-bronce\/#primaryimage"},"thumbnailUrl":"https:\/\/www.arteartesania.com\/wp-content\/uploads\/2020\/02\/BRAZALETE_HOJA_BRONCE-3.jpg","datePublished":"2020-02-07T12:13:53+00:00","dateModified":"2020-05-18T12:10:58+00:00","breadcrumb":{"@id":"https:\/\/www.arteartesania.com\/en\/product\/brazalete-hojas-bronce\/#breadcrumb"},"inLanguage":"en-US","potentialAction":[{"@type":"ReadAction","target":["https:\/\/www.arteartesania.com\/en\/product\/brazalete-hojas-bronce\/"]}]},{"@type":"ImageObject","inLanguage":"en-US","@id":"https:\/\/www.arteartesania.com\/en\/product\/brazalete-hojas-bronce\/#primaryimage","url":"https:\/\/www.arteartesania.com\/wp-content\/uploads\/2020\/02\/BRAZALETE_HOJA_BRONCE-3.jpg","contentUrl":"https:\/\/www.arteartesania.com\/wp-content\/uploads\/2020\/02\/BRAZALETE_HOJA_BRONCE-3.jpg","width":1024,"height":1024,"caption":"carlos tellechea, joyer\u00eda de autor, brazalete hojas bronce, brazalete hojas de laurel, joyas con p\u00e1tina"},{"@type":"BreadcrumbList","@id":"https:\/\/www.arteartesania.com\/en\/product\/brazalete-hojas-bronce\/#breadcrumb","itemListElement":[{"@type":"ListItem","position":1,"name":"Portada","item":"https:\/\/www.arteartesania.com\/en\/"},{"@type":"ListItem","position":2,"name":"Shop online","item":"https:\/\/www.arteartesania.com\/en\/shop\/"},{"@type":"ListItem","position":3,"name":"BRONZE LEAVES BRACELET Patines CARLOS TELLECHEA"}]},{"@type":"WebSite","@id":"https:\/\/www.arteartesania.com\/en\/#website","url":"https:\/\/www.arteartesania.com\/en\/","name":"Arteartesania","description":"Original selecci\u00f3n de Artesan\u00eda Contempor\u00e1nea de Autor","publisher":{"@id":"https:\/\/www.arteartesania.com\/en\/#organization"},"potentialAction":[{"@type":"SearchAction","target":{"@type":"EntryPoint","urlTemplate":"https:\/\/www.arteartesania.com\/en\/?s={search_term_string}"},"query-input":{"@type":"PropertyValueSpecification","valueRequired":true,"valueName":"search_term_string"}}],"inLanguage":"en-US"},{"@type":"Organization","@id":"https:\/\/www.arteartesania.com\/en\/#organization","name":"Arteartesania","url":"https:\/\/www.arteartesania.com\/en\/","logo":{"@type":"ImageObject","inLanguage":"en-US","@id":"https:\/\/www.arteartesania.com\/en\/#\/schema\/logo\/image\/","url":"https:\/\/www.arteartesania.com\/wp-content\/uploads\/2019\/12\/cropped-logofooter.png","contentUrl":"https:\/\/www.arteartesania.com\/wp-content\/uploads\/2019\/12\/cropped-logofooter.png","width":539,"height":58,"caption":"Arteartesania"},"image":{"@id":"https:\/\/www.arteartesania.com\/en\/#\/schema\/logo\/image\/"}}]}},"_links":{"self":[{"href":"https:\/\/www.arteartesania.com\/en\/wp-json\/wp\/v2\/product\/5201"}],"collection":[{"href":"https:\/\/www.arteartesania.com\/en\/wp-json\/wp\/v2\/product"}],"about":[{"href":"https:\/\/www.arteartesania.com\/en\/wp-json\/wp\/v2\/types\/product"}],"replies":[{"embeddable":true,"href":"https:\/\/www.arteartesania.com\/en\/wp-json\/wp\/v2\/comments?post=5201"}],"wp:featuredmedia":[{"embeddable":true,"href":"https:\/\/www.arteartesania.com\/en\/wp-json\/wp\/v2\/media\/4023"}],"wp:attachment":[{"href":"https:\/\/www.arteartesania.com\/en\/wp-json\/wp\/v2\/media?parent=5201"}],"wp:term":[{"taxonomy":"product_cat","embeddable":true,"href":"https:\/\/www.arteartesania.com\/en\/wp-json\/wp\/v2\/product_cat?post=5201"},{"taxonomy":"product_tag","embeddable":true,"href":"https:\/\/www.arteartesania.com\/en\/wp-json\/wp\/v2\/product_tag?post=5201"}],"curies":[{"name":"wp","href":"https:\/\/api.w.org\/{rel}","templated":true}]}}