{"id":5117,"date":"2020-02-11T08:46:41","date_gmt":"2020-02-11T07:46:41","guid":{"rendered":"http:\/\/www.arteartesania.com\/producto\/escultura-objeto-happy-surfer\/"},"modified":"2020-10-13T13:24:27","modified_gmt":"2020-10-13T11:24:27","slug":"escultura-objeto-happy-surfer","status":"publish","type":"product","link":"https:\/\/www.arteartesania.com\/en\/product\/escultura-objeto-happy-surfer\/","title":{"rendered":"Sculpture-object \u2018happy surfer\u2019"},"content":{"rendered":"<p>PIECE: Small sculpture &#8220;Happy Surfer&#8221;<\/p>\n<p>MATERIAL: The entire lower part is made of brass with an application of patina (copper oxide), which gives it the turquoise color, while the figure is made of 925 silver.<\/p>\n<p>SIZE: 12 x 2.8 x 4.5 cm<\/p>\n<p>Unique piece handmade by CARLOS TELLECHEA for ArteArtesania<br \/>\nInspired by the work of <a style=\"font-size: 1rem\" href=\"https:\/\/www.stevenappleby.com\/\">Steven Appleby<\/a><\/p>\n","protected":false},"excerpt":{"rendered":"<p>MATERIAL: Brass, patina (copper oxide) and 925 silver.<\/p>\n<p>SIZE: 12 x 2.8 x 4.5 cm<\/p>\n<p>Unique piece handmade by CARLOS TELLECHEA for ArteArtesania<br \/>\nInspired by the work of <a href=\"https:\/\/www.stevenappleby.com\/\" target=\"_blank\" rel=\"noopener noreferrer\">Steven Appleby<\/a><\/p>\n","protected":false},"featured_media":4191,"comment_status":"closed","ping_status":"closed","template":"","meta":{"_acf_changed":false,"inline_featured_image":false},"product_cat":[129,128,109,598],"product_tag":[],"class_list":{"0":"post-5117","1":"product","2":"type-product","3":"status-publish","4":"has-post-thumbnail","6":"product_cat-artists","7":"product_cat-carlostellechea","8":"product_cat-objects","9":"product_cat-patina-en","11":"first","12":"instock","13":"shipping-taxable","14":"purchasable","15":"product-type-simple"},"acf":[],"yoast_head":"<!-- This site is optimized with the Yoast SEO plugin v23.6 - https:\/\/yoast.com\/wordpress\/plugins\/seo\/ -->\n<title>Escultura objeto &#039;happy surfer&#039; - Obra de Carlos Tellechea - Arteartesania<\/title>\n<meta name=\"robots\" content=\"index, follow, max-snippet:-1, max-image-preview:large, max-video-preview:-1\" \/>\n<link rel=\"canonical\" href=\"https:\/\/www.arteartesania.com\/en\/product\/escultura-objeto-happy-surfer\/\" \/>\n<meta property=\"og:locale\" content=\"en_US\" \/>\n<meta property=\"og:type\" content=\"article\" \/>\n<meta property=\"og:title\" content=\"Escultura objeto &#039;happy surfer&#039; - Obra de Carlos Tellechea - Arteartesania\" \/>\n<meta property=\"og:description\" content=\"MATERIAL: Brass, patina (copper oxide) and 925 silver.  SIZE: 12 x 2.8 x 4.5 cm  Unique piece handmade by CARLOS TELLECHEA for ArteArtesania Inspired by the work of Steven Appleby\" \/>\n<meta property=\"og:url\" content=\"https:\/\/www.arteartesania.com\/en\/product\/escultura-objeto-happy-surfer\/\" \/>\n<meta property=\"og:site_name\" content=\"Arteartesania\" \/>\n<meta property=\"article:modified_time\" content=\"2020-10-13T11:24:27+00:00\" \/>\n<meta property=\"og:image\" content=\"https:\/\/www.arteartesania.com\/wp-content\/uploads\/2020\/02\/HAPPY-SURFER-3.jpg\" \/>\n\t<meta property=\"og:image:width\" content=\"500\" \/>\n\t<meta property=\"og:image:height\" content=\"500\" \/>\n\t<meta property=\"og:image:type\" content=\"image\/jpeg\" \/>\n<meta name=\"twitter:card\" content=\"summary_large_image\" \/>\n<script type=\"application\/ld+json\" class=\"yoast-schema-graph\">{\"@context\":\"https:\/\/schema.org\",\"@graph\":[{\"@type\":\"WebPage\",\"@id\":\"https:\/\/www.arteartesania.com\/en\/product\/escultura-objeto-happy-surfer\/\",\"url\":\"https:\/\/www.arteartesania.com\/en\/product\/escultura-objeto-happy-surfer\/\",\"name\":\"Escultura objeto 'happy surfer' - Obra de Carlos Tellechea - Arteartesania\",\"isPartOf\":{\"@id\":\"https:\/\/www.arteartesania.com\/en\/#website\"},\"primaryImageOfPage\":{\"@id\":\"https:\/\/www.arteartesania.com\/en\/product\/escultura-objeto-happy-surfer\/#primaryimage\"},\"image\":{\"@id\":\"https:\/\/www.arteartesania.com\/en\/product\/escultura-objeto-happy-surfer\/#primaryimage\"},\"thumbnailUrl\":\"https:\/\/www.arteartesania.com\/wp-content\/uploads\/2020\/02\/HAPPY-SURFER-3.jpg\",\"datePublished\":\"2020-02-11T07:46:41+00:00\",\"dateModified\":\"2020-10-13T11:24:27+00:00\",\"breadcrumb\":{\"@id\":\"https:\/\/www.arteartesania.com\/en\/product\/escultura-objeto-happy-surfer\/#breadcrumb\"},\"inLanguage\":\"en-US\",\"potentialAction\":[{\"@type\":\"ReadAction\",\"target\":[\"https:\/\/www.arteartesania.com\/en\/product\/escultura-objeto-happy-surfer\/\"]}]},{\"@type\":\"ImageObject\",\"inLanguage\":\"en-US\",\"@id\":\"https:\/\/www.arteartesania.com\/en\/product\/escultura-objeto-happy-surfer\/#primaryimage\",\"url\":\"https:\/\/www.arteartesania.com\/wp-content\/uploads\/2020\/02\/HAPPY-SURFER-3.jpg\",\"contentUrl\":\"https:\/\/www.arteartesania.com\/wp-content\/uploads\/2020\/02\/HAPPY-SURFER-3.jpg\",\"width\":500,\"height\":500,\"caption\":\"carlos tellechea, tabla de surf decoraci\u00f3n, surf decoraci\u00f3n, decoraci\u00f3n casa playa, Estatua surfista , Decoraci\u00f3n para hogar\"},{\"@type\":\"BreadcrumbList\",\"@id\":\"https:\/\/www.arteartesania.com\/en\/product\/escultura-objeto-happy-surfer\/#breadcrumb\",\"itemListElement\":[{\"@type\":\"ListItem\",\"position\":1,\"name\":\"Portada\",\"item\":\"https:\/\/www.arteartesania.com\/en\/\"},{\"@type\":\"ListItem\",\"position\":2,\"name\":\"Shop online\",\"item\":\"https:\/\/www.arteartesania.com\/en\/shop\/\"},{\"@type\":\"ListItem\",\"position\":3,\"name\":\"Sculpture-object \u2018happy surfer\u2019\"}]},{\"@type\":\"WebSite\",\"@id\":\"https:\/\/www.arteartesania.com\/en\/#website\",\"url\":\"https:\/\/www.arteartesania.com\/en\/\",\"name\":\"Arteartesania\",\"description\":\"Original selecci\u00f3n de Artesan\u00eda Contempor\u00e1nea de Autor\",\"publisher\":{\"@id\":\"https:\/\/www.arteartesania.com\/en\/#organization\"},\"potentialAction\":[{\"@type\":\"SearchAction\",\"target\":{\"@type\":\"EntryPoint\",\"urlTemplate\":\"https:\/\/www.arteartesania.com\/en\/?s={search_term_string}\"},\"query-input\":{\"@type\":\"PropertyValueSpecification\",\"valueRequired\":true,\"valueName\":\"search_term_string\"}}],\"inLanguage\":\"en-US\"},{\"@type\":\"Organization\",\"@id\":\"https:\/\/www.arteartesania.com\/en\/#organization\",\"name\":\"Arteartesania\",\"url\":\"https:\/\/www.arteartesania.com\/en\/\",\"logo\":{\"@type\":\"ImageObject\",\"inLanguage\":\"en-US\",\"@id\":\"https:\/\/www.arteartesania.com\/en\/#\/schema\/logo\/image\/\",\"url\":\"https:\/\/www.arteartesania.com\/wp-content\/uploads\/2019\/12\/cropped-logofooter.png\",\"contentUrl\":\"https:\/\/www.arteartesania.com\/wp-content\/uploads\/2019\/12\/cropped-logofooter.png\",\"width\":539,\"height\":58,\"caption\":\"Arteartesania\"},\"image\":{\"@id\":\"https:\/\/www.arteartesania.com\/en\/#\/schema\/logo\/image\/\"}}]}<\/script>\n<!-- \/ Yoast SEO plugin. -->","yoast_head_json":{"title":"Escultura objeto 'happy surfer' - Obra de Carlos Tellechea - Arteartesania","robots":{"index":"index","follow":"follow","max-snippet":"max-snippet:-1","max-image-preview":"max-image-preview:large","max-video-preview":"max-video-preview:-1"},"canonical":"https:\/\/www.arteartesania.com\/en\/product\/escultura-objeto-happy-surfer\/","og_locale":"en_US","og_type":"article","og_title":"Escultura objeto 'happy surfer' - Obra de Carlos Tellechea - Arteartesania","og_description":"MATERIAL: Brass, patina (copper oxide) and 925 silver.  SIZE: 12 x 2.8 x 4.5 cm  Unique piece handmade by CARLOS TELLECHEA for ArteArtesania Inspired by the work of Steven Appleby","og_url":"https:\/\/www.arteartesania.com\/en\/product\/escultura-objeto-happy-surfer\/","og_site_name":"Arteartesania","article_modified_time":"2020-10-13T11:24:27+00:00","og_image":[{"width":500,"height":500,"url":"https:\/\/www.arteartesania.com\/wp-content\/uploads\/2020\/02\/HAPPY-SURFER-3.jpg","type":"image\/jpeg"}],"twitter_card":"summary_large_image","schema":{"@context":"https:\/\/schema.org","@graph":[{"@type":"WebPage","@id":"https:\/\/www.arteartesania.com\/en\/product\/escultura-objeto-happy-surfer\/","url":"https:\/\/www.arteartesania.com\/en\/product\/escultura-objeto-happy-surfer\/","name":"Escultura objeto 'happy surfer' - Obra de Carlos Tellechea - Arteartesania","isPartOf":{"@id":"https:\/\/www.arteartesania.com\/en\/#website"},"primaryImageOfPage":{"@id":"https:\/\/www.arteartesania.com\/en\/product\/escultura-objeto-happy-surfer\/#primaryimage"},"image":{"@id":"https:\/\/www.arteartesania.com\/en\/product\/escultura-objeto-happy-surfer\/#primaryimage"},"thumbnailUrl":"https:\/\/www.arteartesania.com\/wp-content\/uploads\/2020\/02\/HAPPY-SURFER-3.jpg","datePublished":"2020-02-11T07:46:41+00:00","dateModified":"2020-10-13T11:24:27+00:00","breadcrumb":{"@id":"https:\/\/www.arteartesania.com\/en\/product\/escultura-objeto-happy-surfer\/#breadcrumb"},"inLanguage":"en-US","potentialAction":[{"@type":"ReadAction","target":["https:\/\/www.arteartesania.com\/en\/product\/escultura-objeto-happy-surfer\/"]}]},{"@type":"ImageObject","inLanguage":"en-US","@id":"https:\/\/www.arteartesania.com\/en\/product\/escultura-objeto-happy-surfer\/#primaryimage","url":"https:\/\/www.arteartesania.com\/wp-content\/uploads\/2020\/02\/HAPPY-SURFER-3.jpg","contentUrl":"https:\/\/www.arteartesania.com\/wp-content\/uploads\/2020\/02\/HAPPY-SURFER-3.jpg","width":500,"height":500,"caption":"carlos tellechea, tabla de surf decoraci\u00f3n, surf decoraci\u00f3n, decoraci\u00f3n casa playa, Estatua surfista , Decoraci\u00f3n para hogar"},{"@type":"BreadcrumbList","@id":"https:\/\/www.arteartesania.com\/en\/product\/escultura-objeto-happy-surfer\/#breadcrumb","itemListElement":[{"@type":"ListItem","position":1,"name":"Portada","item":"https:\/\/www.arteartesania.com\/en\/"},{"@type":"ListItem","position":2,"name":"Shop online","item":"https:\/\/www.arteartesania.com\/en\/shop\/"},{"@type":"ListItem","position":3,"name":"Sculpture-object \u2018happy surfer\u2019"}]},{"@type":"WebSite","@id":"https:\/\/www.arteartesania.com\/en\/#website","url":"https:\/\/www.arteartesania.com\/en\/","name":"Arteartesania","description":"Original selecci\u00f3n de Artesan\u00eda Contempor\u00e1nea de Autor","publisher":{"@id":"https:\/\/www.arteartesania.com\/en\/#organization"},"potentialAction":[{"@type":"SearchAction","target":{"@type":"EntryPoint","urlTemplate":"https:\/\/www.arteartesania.com\/en\/?s={search_term_string}"},"query-input":{"@type":"PropertyValueSpecification","valueRequired":true,"valueName":"search_term_string"}}],"inLanguage":"en-US"},{"@type":"Organization","@id":"https:\/\/www.arteartesania.com\/en\/#organization","name":"Arteartesania","url":"https:\/\/www.arteartesania.com\/en\/","logo":{"@type":"ImageObject","inLanguage":"en-US","@id":"https:\/\/www.arteartesania.com\/en\/#\/schema\/logo\/image\/","url":"https:\/\/www.arteartesania.com\/wp-content\/uploads\/2019\/12\/cropped-logofooter.png","contentUrl":"https:\/\/www.arteartesania.com\/wp-content\/uploads\/2019\/12\/cropped-logofooter.png","width":539,"height":58,"caption":"Arteartesania"},"image":{"@id":"https:\/\/www.arteartesania.com\/en\/#\/schema\/logo\/image\/"}}]}},"_links":{"self":[{"href":"https:\/\/www.arteartesania.com\/en\/wp-json\/wp\/v2\/product\/5117"}],"collection":[{"href":"https:\/\/www.arteartesania.com\/en\/wp-json\/wp\/v2\/product"}],"about":[{"href":"https:\/\/www.arteartesania.com\/en\/wp-json\/wp\/v2\/types\/product"}],"replies":[{"embeddable":true,"href":"https:\/\/www.arteartesania.com\/en\/wp-json\/wp\/v2\/comments?post=5117"}],"wp:featuredmedia":[{"embeddable":true,"href":"https:\/\/www.arteartesania.com\/en\/wp-json\/wp\/v2\/media\/4191"}],"wp:attachment":[{"href":"https:\/\/www.arteartesania.com\/en\/wp-json\/wp\/v2\/media?parent=5117"}],"wp:term":[{"taxonomy":"product_cat","embeddable":true,"href":"https:\/\/www.arteartesania.com\/en\/wp-json\/wp\/v2\/product_cat?post=5117"},{"taxonomy":"product_tag","embeddable":true,"href":"https:\/\/www.arteartesania.com\/en\/wp-json\/wp\/v2\/product_tag?post=5117"}],"curies":[{"name":"wp","href":"https:\/\/api.w.org\/{rel}","templated":true}]}}