{"id":5086,"date":"2020-02-21T10:42:12","date_gmt":"2020-02-21T09:42:12","guid":{"rendered":"http:\/\/www.arteartesania.com\/producto\/tetera-te-jo\/"},"modified":"2021-01-18T17:34:33","modified_gmt":"2021-01-18T16:34:33","slug":"tetera-te-jo","status":"publish","type":"product","link":"https:\/\/www.arteartesania.com\/en\/product\/tetera-te-jo\/","title":{"rendered":"Ceramic &#8220;Te-Jo Teapot&#8221;  TETEREAS Series   Author: Rosa luis Elordui"},"content":{"rendered":"<p>Ceramic &#8220;Te-Jo Teapot&#8221;<\/p>\n<p>TETEREAS Series<\/p>\n<p>Author: Rosa luis Elordui<\/p>\n<p>Material: ceramic (Refractory stoneware)<\/p>\n<p>Measurements: 42 x 22 x 14 cms<\/p>\n<p>Year 2005<\/p>\n<p>Refractory clay, fired in a gas oven at 1,280\u00ba C<br \/>\nMade with plates and decorated with porcelain slip, metallic oxides and serigraphs.<\/p>\n<p>ROSA LUIS ELORDUI She was born in Mungu\u00eda (Vizcaya) on August 6, 1958. She studies ceramics at the Barcelona Industrial School and at the Madrid Official School of Ceramics, completing her training with seminars and courses.<\/p>\n<p>&nbsp;<\/p>\n","protected":false},"excerpt":{"rendered":"<p>Ceramic &#8220;Te-Jo Teapot&#8221;<\/p>\n<p>TETEREAS Series<\/p>\n<p>Author: Rosa luis Elordui<\/p>\n<p>Material: ceramic (Refractory stoneware)<\/p>\n<p>Measurements: 42 x 22 x 14 cms<\/p>\n<p>Year 2005<\/p>\n","protected":false},"featured_media":4308,"comment_status":"closed","ping_status":"closed","template":"","meta":{"_acf_changed":false,"inline_featured_image":false},"product_cat":[108,255,509,109,503,233],"product_tag":[483,484,485],"class_list":{"0":"post-5086","1":"product","2":"type-product","3":"status-publish","4":"has-post-thumbnail","6":"product_cat-art","7":"product_cat-ceramics","8":"product_cat-otlet-decoration-sculptural","9":"product_cat-objects","10":"product_cat-promotion-en","11":"product_cat-rosa-elordui-en","12":"product_tag-objetos-en","13":"product_tag-ceramica-en","14":"product_tag-rosa-elordui-en","16":"first","17":"instock","18":"sale","19":"shipping-taxable","20":"purchasable","21":"product-type-simple"},"acf":[],"yoast_head":"<!-- This site is optimized with the Yoast SEO plugin v23.6 - https:\/\/yoast.com\/wordpress\/plugins\/seo\/ -->\n<title>Tetera Te-Jo - Pieza de cer\u00e1mica de Rosa Elordui - Arteartesania<\/title>\n<meta name=\"robots\" content=\"index, follow, max-snippet:-1, max-image-preview:large, max-video-preview:-1\" \/>\n<link rel=\"canonical\" href=\"https:\/\/www.arteartesania.com\/en\/product\/tetera-te-jo\/\" \/>\n<meta property=\"og:locale\" content=\"en_US\" \/>\n<meta property=\"og:type\" content=\"article\" \/>\n<meta property=\"og:title\" content=\"Tetera Te-Jo - Pieza de cer\u00e1mica de Rosa Elordui - Arteartesania\" \/>\n<meta property=\"og:description\" content=\"Ceramic &quot;Te-Jo Teapot&quot;  TETEREAS Series  Author: Rosa luis Elordui  Material: ceramic (Refractory stoneware)  Measurements: 42 x 22 x 14 cms  Year 2005\" \/>\n<meta property=\"og:url\" content=\"https:\/\/www.arteartesania.com\/en\/product\/tetera-te-jo\/\" \/>\n<meta property=\"og:site_name\" content=\"Arteartesania\" \/>\n<meta property=\"article:modified_time\" content=\"2021-01-18T16:34:33+00:00\" \/>\n<meta property=\"og:image\" content=\"https:\/\/www.arteartesania.com\/wp-content\/uploads\/2020\/02\/ROSA_TETERA_TE-JO_2.jpg\" \/>\n\t<meta property=\"og:image:width\" content=\"1200\" \/>\n\t<meta property=\"og:image:height\" content=\"1341\" \/>\n\t<meta property=\"og:image:type\" content=\"image\/jpeg\" \/>\n<meta name=\"twitter:card\" content=\"summary_large_image\" \/>\n<script type=\"application\/ld+json\" class=\"yoast-schema-graph\">{\"@context\":\"https:\/\/schema.org\",\"@graph\":[{\"@type\":\"WebPage\",\"@id\":\"https:\/\/www.arteartesania.com\/en\/product\/tetera-te-jo\/\",\"url\":\"https:\/\/www.arteartesania.com\/en\/product\/tetera-te-jo\/\",\"name\":\"Tetera Te-Jo - Pieza de cer\u00e1mica de Rosa Elordui - Arteartesania\",\"isPartOf\":{\"@id\":\"https:\/\/www.arteartesania.com\/en\/#website\"},\"primaryImageOfPage\":{\"@id\":\"https:\/\/www.arteartesania.com\/en\/product\/tetera-te-jo\/#primaryimage\"},\"image\":{\"@id\":\"https:\/\/www.arteartesania.com\/en\/product\/tetera-te-jo\/#primaryimage\"},\"thumbnailUrl\":\"https:\/\/www.arteartesania.com\/wp-content\/uploads\/2020\/02\/ROSA_TETERA_TE-JO_2.jpg\",\"datePublished\":\"2020-02-21T09:42:12+00:00\",\"dateModified\":\"2021-01-18T16:34:33+00:00\",\"breadcrumb\":{\"@id\":\"https:\/\/www.arteartesania.com\/en\/product\/tetera-te-jo\/#breadcrumb\"},\"inLanguage\":\"en-US\",\"potentialAction\":[{\"@type\":\"ReadAction\",\"target\":[\"https:\/\/www.arteartesania.com\/en\/product\/tetera-te-jo\/\"]}]},{\"@type\":\"ImageObject\",\"inLanguage\":\"en-US\",\"@id\":\"https:\/\/www.arteartesania.com\/en\/product\/tetera-te-jo\/#primaryimage\",\"url\":\"https:\/\/www.arteartesania.com\/wp-content\/uploads\/2020\/02\/ROSA_TETERA_TE-JO_2.jpg\",\"contentUrl\":\"https:\/\/www.arteartesania.com\/wp-content\/uploads\/2020\/02\/ROSA_TETERA_TE-JO_2.jpg\",\"width\":1200,\"height\":1341,\"caption\":\"rosa luis elordui cer\u00e1mica\"},{\"@type\":\"BreadcrumbList\",\"@id\":\"https:\/\/www.arteartesania.com\/en\/product\/tetera-te-jo\/#breadcrumb\",\"itemListElement\":[{\"@type\":\"ListItem\",\"position\":1,\"name\":\"Portada\",\"item\":\"https:\/\/www.arteartesania.com\/en\/\"},{\"@type\":\"ListItem\",\"position\":2,\"name\":\"Shop online\",\"item\":\"https:\/\/www.arteartesania.com\/en\/shop\/\"},{\"@type\":\"ListItem\",\"position\":3,\"name\":\"Ceramic \u00abTe-Jo Teapot\u00bb TETEREAS Series Author: Rosa luis Elordui\"}]},{\"@type\":\"WebSite\",\"@id\":\"https:\/\/www.arteartesania.com\/en\/#website\",\"url\":\"https:\/\/www.arteartesania.com\/en\/\",\"name\":\"Arteartesania\",\"description\":\"Original selecci\u00f3n de Artesan\u00eda Contempor\u00e1nea de Autor\",\"publisher\":{\"@id\":\"https:\/\/www.arteartesania.com\/en\/#organization\"},\"potentialAction\":[{\"@type\":\"SearchAction\",\"target\":{\"@type\":\"EntryPoint\",\"urlTemplate\":\"https:\/\/www.arteartesania.com\/en\/?s={search_term_string}\"},\"query-input\":{\"@type\":\"PropertyValueSpecification\",\"valueRequired\":true,\"valueName\":\"search_term_string\"}}],\"inLanguage\":\"en-US\"},{\"@type\":\"Organization\",\"@id\":\"https:\/\/www.arteartesania.com\/en\/#organization\",\"name\":\"Arteartesania\",\"url\":\"https:\/\/www.arteartesania.com\/en\/\",\"logo\":{\"@type\":\"ImageObject\",\"inLanguage\":\"en-US\",\"@id\":\"https:\/\/www.arteartesania.com\/en\/#\/schema\/logo\/image\/\",\"url\":\"https:\/\/www.arteartesania.com\/wp-content\/uploads\/2019\/12\/cropped-logofooter.png\",\"contentUrl\":\"https:\/\/www.arteartesania.com\/wp-content\/uploads\/2019\/12\/cropped-logofooter.png\",\"width\":539,\"height\":58,\"caption\":\"Arteartesania\"},\"image\":{\"@id\":\"https:\/\/www.arteartesania.com\/en\/#\/schema\/logo\/image\/\"}}]}<\/script>\n<!-- \/ Yoast SEO plugin. -->","yoast_head_json":{"title":"Tetera Te-Jo - Pieza de cer\u00e1mica de Rosa Elordui - Arteartesania","robots":{"index":"index","follow":"follow","max-snippet":"max-snippet:-1","max-image-preview":"max-image-preview:large","max-video-preview":"max-video-preview:-1"},"canonical":"https:\/\/www.arteartesania.com\/en\/product\/tetera-te-jo\/","og_locale":"en_US","og_type":"article","og_title":"Tetera Te-Jo - Pieza de cer\u00e1mica de Rosa Elordui - Arteartesania","og_description":"Ceramic \"Te-Jo Teapot\"  TETEREAS Series  Author: Rosa luis Elordui  Material: ceramic (Refractory stoneware)  Measurements: 42 x 22 x 14 cms  Year 2005","og_url":"https:\/\/www.arteartesania.com\/en\/product\/tetera-te-jo\/","og_site_name":"Arteartesania","article_modified_time":"2021-01-18T16:34:33+00:00","og_image":[{"width":1200,"height":1341,"url":"https:\/\/www.arteartesania.com\/wp-content\/uploads\/2020\/02\/ROSA_TETERA_TE-JO_2.jpg","type":"image\/jpeg"}],"twitter_card":"summary_large_image","schema":{"@context":"https:\/\/schema.org","@graph":[{"@type":"WebPage","@id":"https:\/\/www.arteartesania.com\/en\/product\/tetera-te-jo\/","url":"https:\/\/www.arteartesania.com\/en\/product\/tetera-te-jo\/","name":"Tetera Te-Jo - Pieza de cer\u00e1mica de Rosa Elordui - Arteartesania","isPartOf":{"@id":"https:\/\/www.arteartesania.com\/en\/#website"},"primaryImageOfPage":{"@id":"https:\/\/www.arteartesania.com\/en\/product\/tetera-te-jo\/#primaryimage"},"image":{"@id":"https:\/\/www.arteartesania.com\/en\/product\/tetera-te-jo\/#primaryimage"},"thumbnailUrl":"https:\/\/www.arteartesania.com\/wp-content\/uploads\/2020\/02\/ROSA_TETERA_TE-JO_2.jpg","datePublished":"2020-02-21T09:42:12+00:00","dateModified":"2021-01-18T16:34:33+00:00","breadcrumb":{"@id":"https:\/\/www.arteartesania.com\/en\/product\/tetera-te-jo\/#breadcrumb"},"inLanguage":"en-US","potentialAction":[{"@type":"ReadAction","target":["https:\/\/www.arteartesania.com\/en\/product\/tetera-te-jo\/"]}]},{"@type":"ImageObject","inLanguage":"en-US","@id":"https:\/\/www.arteartesania.com\/en\/product\/tetera-te-jo\/#primaryimage","url":"https:\/\/www.arteartesania.com\/wp-content\/uploads\/2020\/02\/ROSA_TETERA_TE-JO_2.jpg","contentUrl":"https:\/\/www.arteartesania.com\/wp-content\/uploads\/2020\/02\/ROSA_TETERA_TE-JO_2.jpg","width":1200,"height":1341,"caption":"rosa luis elordui cer\u00e1mica"},{"@type":"BreadcrumbList","@id":"https:\/\/www.arteartesania.com\/en\/product\/tetera-te-jo\/#breadcrumb","itemListElement":[{"@type":"ListItem","position":1,"name":"Portada","item":"https:\/\/www.arteartesania.com\/en\/"},{"@type":"ListItem","position":2,"name":"Shop online","item":"https:\/\/www.arteartesania.com\/en\/shop\/"},{"@type":"ListItem","position":3,"name":"Ceramic \u00abTe-Jo Teapot\u00bb TETEREAS Series Author: Rosa luis Elordui"}]},{"@type":"WebSite","@id":"https:\/\/www.arteartesania.com\/en\/#website","url":"https:\/\/www.arteartesania.com\/en\/","name":"Arteartesania","description":"Original selecci\u00f3n de Artesan\u00eda Contempor\u00e1nea de Autor","publisher":{"@id":"https:\/\/www.arteartesania.com\/en\/#organization"},"potentialAction":[{"@type":"SearchAction","target":{"@type":"EntryPoint","urlTemplate":"https:\/\/www.arteartesania.com\/en\/?s={search_term_string}"},"query-input":{"@type":"PropertyValueSpecification","valueRequired":true,"valueName":"search_term_string"}}],"inLanguage":"en-US"},{"@type":"Organization","@id":"https:\/\/www.arteartesania.com\/en\/#organization","name":"Arteartesania","url":"https:\/\/www.arteartesania.com\/en\/","logo":{"@type":"ImageObject","inLanguage":"en-US","@id":"https:\/\/www.arteartesania.com\/en\/#\/schema\/logo\/image\/","url":"https:\/\/www.arteartesania.com\/wp-content\/uploads\/2019\/12\/cropped-logofooter.png","contentUrl":"https:\/\/www.arteartesania.com\/wp-content\/uploads\/2019\/12\/cropped-logofooter.png","width":539,"height":58,"caption":"Arteartesania"},"image":{"@id":"https:\/\/www.arteartesania.com\/en\/#\/schema\/logo\/image\/"}}]}},"_links":{"self":[{"href":"https:\/\/www.arteartesania.com\/en\/wp-json\/wp\/v2\/product\/5086"}],"collection":[{"href":"https:\/\/www.arteartesania.com\/en\/wp-json\/wp\/v2\/product"}],"about":[{"href":"https:\/\/www.arteartesania.com\/en\/wp-json\/wp\/v2\/types\/product"}],"replies":[{"embeddable":true,"href":"https:\/\/www.arteartesania.com\/en\/wp-json\/wp\/v2\/comments?post=5086"}],"wp:featuredmedia":[{"embeddable":true,"href":"https:\/\/www.arteartesania.com\/en\/wp-json\/wp\/v2\/media\/4308"}],"wp:attachment":[{"href":"https:\/\/www.arteartesania.com\/en\/wp-json\/wp\/v2\/media?parent=5086"}],"wp:term":[{"taxonomy":"product_cat","embeddable":true,"href":"https:\/\/www.arteartesania.com\/en\/wp-json\/wp\/v2\/product_cat?post=5086"},{"taxonomy":"product_tag","embeddable":true,"href":"https:\/\/www.arteartesania.com\/en\/wp-json\/wp\/v2\/product_tag?post=5086"}],"curies":[{"name":"wp","href":"https:\/\/api.w.org\/{rel}","templated":true}]}}