{"id":5069,"date":"2020-02-21T12:43:57","date_gmt":"2020-02-21T11:43:57","guid":{"rendered":"http:\/\/www.arteartesania.com\/producto\/what-your-future-holds\/"},"modified":"2020-03-31T13:00:02","modified_gmt":"2020-03-31T11:00:02","slug":"what-your-future-holds","status":"publish","type":"product","link":"https:\/\/www.arteartesania.com\/en\/product\/what-your-future-holds\/","title":{"rendered":"What your future holds"},"content":{"rendered":"<p>Obra Original Steven Appleby<br \/>\nA\u00d1O: 2008<br \/>\nMEDIDAS<br \/>\n43 X 33 CM<\/p>\n","protected":false},"excerpt":{"rendered":"<p>Obra Original Steven Appleby A\u00d1O: 2008 MEDIDAS 43 X 33 CM<\/p>\n","protected":false},"featured_media":4343,"comment_status":"closed","ping_status":"closed","template":"","meta":{"_acf_changed":false,"inline_featured_image":false},"product_brand":[],"product_cat":[108,137],"product_tag":[],"class_list":{"0":"post-5069","1":"product","2":"type-product","3":"status-publish","4":"has-post-thumbnail","6":"product_cat-art","7":"product_cat-stevenappleby","9":"first","10":"instock","11":"shipping-taxable","12":"purchasable","13":"product-type-simple"},"acf":[],"yoast_head":"<!-- This site is optimized with the Yoast SEO plugin v27.6 - https:\/\/yoast.com\/product\/yoast-seo-wordpress\/ -->\n<title>What your future holds - Arteartesania<\/title>\n<meta name=\"robots\" content=\"index, follow, max-snippet:-1, max-image-preview:large, max-video-preview:-1\" \/>\n<link rel=\"canonical\" href=\"https:\/\/www.arteartesania.com\/en\/product\/what-your-future-holds\/\" \/>\n<meta property=\"og:locale\" content=\"en_US\" \/>\n<meta property=\"og:type\" content=\"article\" \/>\n<meta property=\"og:title\" content=\"What your future holds - Arteartesania\" \/>\n<meta property=\"og:description\" content=\"Obra Original Steven Appleby A\u00d1O: 2008 MEDIDAS 43 X 33 CM\" \/>\n<meta property=\"og:url\" content=\"https:\/\/www.arteartesania.com\/en\/product\/what-your-future-holds\/\" \/>\n<meta property=\"og:site_name\" content=\"Arteartesania\" \/>\n<meta property=\"article:modified_time\" content=\"2020-03-31T11:00:02+00:00\" \/>\n<meta property=\"og:image\" content=\"https:\/\/www.arteartesania.com\/wp-content\/uploads\/2020\/02\/What-your-future-holds.jpg\" \/>\n\t<meta property=\"og:image:width\" content=\"1379\" \/>\n\t<meta property=\"og:image:height\" content=\"1811\" \/>\n\t<meta property=\"og:image:type\" content=\"image\/jpeg\" \/>\n<meta name=\"twitter:card\" content=\"summary_large_image\" \/>\n<script type=\"application\/ld+json\" class=\"yoast-schema-graph\">{\"@context\":\"https:\\\/\\\/schema.org\",\"@graph\":[{\"@type\":\"WebPage\",\"@id\":\"https:\\\/\\\/www.arteartesania.com\\\/en\\\/product\\\/what-your-future-holds\\\/\",\"url\":\"https:\\\/\\\/www.arteartesania.com\\\/en\\\/product\\\/what-your-future-holds\\\/\",\"name\":\"What your future holds - Arteartesania\",\"isPartOf\":{\"@id\":\"https:\\\/\\\/www.arteartesania.com\\\/en\\\/#website\"},\"primaryImageOfPage\":{\"@id\":\"https:\\\/\\\/www.arteartesania.com\\\/en\\\/product\\\/what-your-future-holds\\\/#primaryimage\"},\"image\":{\"@id\":\"https:\\\/\\\/www.arteartesania.com\\\/en\\\/product\\\/what-your-future-holds\\\/#primaryimage\"},\"thumbnailUrl\":\"https:\\\/\\\/www.arteartesania.com\\\/wp-content\\\/uploads\\\/2020\\\/02\\\/What-your-future-holds.jpg\",\"datePublished\":\"2020-02-21T11:43:57+00:00\",\"dateModified\":\"2020-03-31T11:00:02+00:00\",\"breadcrumb\":{\"@id\":\"https:\\\/\\\/www.arteartesania.com\\\/en\\\/product\\\/what-your-future-holds\\\/#breadcrumb\"},\"inLanguage\":\"en-US\",\"potentialAction\":[{\"@type\":\"ReadAction\",\"target\":[\"https:\\\/\\\/www.arteartesania.com\\\/en\\\/product\\\/what-your-future-holds\\\/\"]}]},{\"@type\":\"ImageObject\",\"inLanguage\":\"en-US\",\"@id\":\"https:\\\/\\\/www.arteartesania.com\\\/en\\\/product\\\/what-your-future-holds\\\/#primaryimage\",\"url\":\"https:\\\/\\\/www.arteartesania.com\\\/wp-content\\\/uploads\\\/2020\\\/02\\\/What-your-future-holds.jpg\",\"contentUrl\":\"https:\\\/\\\/www.arteartesania.com\\\/wp-content\\\/uploads\\\/2020\\\/02\\\/What-your-future-holds.jpg\",\"width\":1379,\"height\":1811,\"caption\":\"steven appleby ilustrador\"},{\"@type\":\"BreadcrumbList\",\"@id\":\"https:\\\/\\\/www.arteartesania.com\\\/en\\\/product\\\/what-your-future-holds\\\/#breadcrumb\",\"itemListElement\":[{\"@type\":\"ListItem\",\"position\":1,\"name\":\"Portada\",\"item\":\"https:\\\/\\\/www.arteartesania.com\\\/en\\\/\"},{\"@type\":\"ListItem\",\"position\":2,\"name\":\"Shop online\",\"item\":\"https:\\\/\\\/www.arteartesania.com\\\/en\\\/shop\\\/\"},{\"@type\":\"ListItem\",\"position\":3,\"name\":\"What your future holds\"}]},{\"@type\":\"WebSite\",\"@id\":\"https:\\\/\\\/www.arteartesania.com\\\/en\\\/#website\",\"url\":\"https:\\\/\\\/www.arteartesania.com\\\/en\\\/\",\"name\":\"Arteartesania\",\"description\":\"Original selecci\u00f3n de Artesan\u00eda Contempor\u00e1nea de Autor\",\"publisher\":{\"@id\":\"https:\\\/\\\/www.arteartesania.com\\\/en\\\/#organization\"},\"potentialAction\":[{\"@type\":\"SearchAction\",\"target\":{\"@type\":\"EntryPoint\",\"urlTemplate\":\"https:\\\/\\\/www.arteartesania.com\\\/en\\\/?s={search_term_string}\"},\"query-input\":{\"@type\":\"PropertyValueSpecification\",\"valueRequired\":true,\"valueName\":\"search_term_string\"}}],\"inLanguage\":\"en-US\"},{\"@type\":\"Organization\",\"@id\":\"https:\\\/\\\/www.arteartesania.com\\\/en\\\/#organization\",\"name\":\"Arteartesania\",\"url\":\"https:\\\/\\\/www.arteartesania.com\\\/en\\\/\",\"logo\":{\"@type\":\"ImageObject\",\"inLanguage\":\"en-US\",\"@id\":\"https:\\\/\\\/www.arteartesania.com\\\/en\\\/#\\\/schema\\\/logo\\\/image\\\/\",\"url\":\"https:\\\/\\\/www.arteartesania.com\\\/wp-content\\\/uploads\\\/2019\\\/12\\\/cropped-logofooter.png\",\"contentUrl\":\"https:\\\/\\\/www.arteartesania.com\\\/wp-content\\\/uploads\\\/2019\\\/12\\\/cropped-logofooter.png\",\"width\":539,\"height\":58,\"caption\":\"Arteartesania\"},\"image\":{\"@id\":\"https:\\\/\\\/www.arteartesania.com\\\/en\\\/#\\\/schema\\\/logo\\\/image\\\/\"}}]}<\/script>\n<!-- \/ Yoast SEO plugin. -->","yoast_head_json":{"title":"What your future holds - Arteartesania","robots":{"index":"index","follow":"follow","max-snippet":"max-snippet:-1","max-image-preview":"max-image-preview:large","max-video-preview":"max-video-preview:-1"},"canonical":"https:\/\/www.arteartesania.com\/en\/product\/what-your-future-holds\/","og_locale":"en_US","og_type":"article","og_title":"What your future holds - Arteartesania","og_description":"Obra Original Steven Appleby A\u00d1O: 2008 MEDIDAS 43 X 33 CM","og_url":"https:\/\/www.arteartesania.com\/en\/product\/what-your-future-holds\/","og_site_name":"Arteartesania","article_modified_time":"2020-03-31T11:00:02+00:00","og_image":[{"width":1379,"height":1811,"url":"https:\/\/www.arteartesania.com\/wp-content\/uploads\/2020\/02\/What-your-future-holds.jpg","type":"image\/jpeg"}],"twitter_card":"summary_large_image","schema":{"@context":"https:\/\/schema.org","@graph":[{"@type":"WebPage","@id":"https:\/\/www.arteartesania.com\/en\/product\/what-your-future-holds\/","url":"https:\/\/www.arteartesania.com\/en\/product\/what-your-future-holds\/","name":"What your future holds - Arteartesania","isPartOf":{"@id":"https:\/\/www.arteartesania.com\/en\/#website"},"primaryImageOfPage":{"@id":"https:\/\/www.arteartesania.com\/en\/product\/what-your-future-holds\/#primaryimage"},"image":{"@id":"https:\/\/www.arteartesania.com\/en\/product\/what-your-future-holds\/#primaryimage"},"thumbnailUrl":"https:\/\/www.arteartesania.com\/wp-content\/uploads\/2020\/02\/What-your-future-holds.jpg","datePublished":"2020-02-21T11:43:57+00:00","dateModified":"2020-03-31T11:00:02+00:00","breadcrumb":{"@id":"https:\/\/www.arteartesania.com\/en\/product\/what-your-future-holds\/#breadcrumb"},"inLanguage":"en-US","potentialAction":[{"@type":"ReadAction","target":["https:\/\/www.arteartesania.com\/en\/product\/what-your-future-holds\/"]}]},{"@type":"ImageObject","inLanguage":"en-US","@id":"https:\/\/www.arteartesania.com\/en\/product\/what-your-future-holds\/#primaryimage","url":"https:\/\/www.arteartesania.com\/wp-content\/uploads\/2020\/02\/What-your-future-holds.jpg","contentUrl":"https:\/\/www.arteartesania.com\/wp-content\/uploads\/2020\/02\/What-your-future-holds.jpg","width":1379,"height":1811,"caption":"steven appleby ilustrador"},{"@type":"BreadcrumbList","@id":"https:\/\/www.arteartesania.com\/en\/product\/what-your-future-holds\/#breadcrumb","itemListElement":[{"@type":"ListItem","position":1,"name":"Portada","item":"https:\/\/www.arteartesania.com\/en\/"},{"@type":"ListItem","position":2,"name":"Shop online","item":"https:\/\/www.arteartesania.com\/en\/shop\/"},{"@type":"ListItem","position":3,"name":"What your future holds"}]},{"@type":"WebSite","@id":"https:\/\/www.arteartesania.com\/en\/#website","url":"https:\/\/www.arteartesania.com\/en\/","name":"Arteartesania","description":"Original selecci\u00f3n de Artesan\u00eda Contempor\u00e1nea de Autor","publisher":{"@id":"https:\/\/www.arteartesania.com\/en\/#organization"},"potentialAction":[{"@type":"SearchAction","target":{"@type":"EntryPoint","urlTemplate":"https:\/\/www.arteartesania.com\/en\/?s={search_term_string}"},"query-input":{"@type":"PropertyValueSpecification","valueRequired":true,"valueName":"search_term_string"}}],"inLanguage":"en-US"},{"@type":"Organization","@id":"https:\/\/www.arteartesania.com\/en\/#organization","name":"Arteartesania","url":"https:\/\/www.arteartesania.com\/en\/","logo":{"@type":"ImageObject","inLanguage":"en-US","@id":"https:\/\/www.arteartesania.com\/en\/#\/schema\/logo\/image\/","url":"https:\/\/www.arteartesania.com\/wp-content\/uploads\/2019\/12\/cropped-logofooter.png","contentUrl":"https:\/\/www.arteartesania.com\/wp-content\/uploads\/2019\/12\/cropped-logofooter.png","width":539,"height":58,"caption":"Arteartesania"},"image":{"@id":"https:\/\/www.arteartesania.com\/en\/#\/schema\/logo\/image\/"}}]}},"_links":{"self":[{"href":"https:\/\/www.arteartesania.com\/en\/wp-json\/wp\/v2\/product\/5069","targetHints":{"allow":["GET"]}}],"collection":[{"href":"https:\/\/www.arteartesania.com\/en\/wp-json\/wp\/v2\/product"}],"about":[{"href":"https:\/\/www.arteartesania.com\/en\/wp-json\/wp\/v2\/types\/product"}],"replies":[{"embeddable":true,"href":"https:\/\/www.arteartesania.com\/en\/wp-json\/wp\/v2\/comments?post=5069"}],"wp:featuredmedia":[{"embeddable":true,"href":"https:\/\/www.arteartesania.com\/en\/wp-json\/wp\/v2\/media\/4343"}],"wp:attachment":[{"href":"https:\/\/www.arteartesania.com\/en\/wp-json\/wp\/v2\/media?parent=5069"}],"wp:term":[{"taxonomy":"product_brand","embeddable":true,"href":"https:\/\/www.arteartesania.com\/en\/wp-json\/wp\/v2\/product_brand?post=5069"},{"taxonomy":"product_cat","embeddable":true,"href":"https:\/\/www.arteartesania.com\/en\/wp-json\/wp\/v2\/product_cat?post=5069"},{"taxonomy":"product_tag","embeddable":true,"href":"https:\/\/www.arteartesania.com\/en\/wp-json\/wp\/v2\/product_tag?post=5069"}],"curies":[{"name":"wp","href":"https:\/\/api.w.org\/{rel}","templated":true}]}}