{"id":5059,"date":"2020-02-24T09:37:43","date_gmt":"2020-02-24T08:37:43","guid":{"rendered":"http:\/\/www.arteartesania.com\/producto\/el-cactus-creix-lentament\/"},"modified":"2020-05-18T16:57:32","modified_gmt":"2020-05-18T14:57:32","slug":"el-cactus-creix-lentament","status":"publish","type":"product","link":"https:\/\/www.arteartesania.com\/en\/product\/el-cactus-creix-lentament\/","title":{"rendered":"BROOCH  &#8220;The Cactus Creix slowly&#8221;   Ram\u00f3n Puig Cuy\u00e1s"},"content":{"rendered":"<p>BROOCH<\/p>\n<p>SERIES &#8220;The Cactus Creix slowly&#8221;<\/p>\n<p>Year 2012<br \/>\nPIECE: Brooch &#8216;N\u00ba 1460&#8217;<\/p>\n<p>Author: Ram\u00f3n Puig Cuy\u00e1s<\/p>\n<p>Measurements: 8 x 6 x 2 cms<br \/>\nMATERIAL: Alpaca, wood, enamel, plastic, acrylic paint, graphite<\/p>\n","protected":false},"excerpt":{"rendered":"<p>BROOCH<\/p>\n<p>SERIES &#8220;The Cactus Creix slowly&#8221;<\/p>\n<p>Year 2012<br \/>\nPIECE: Brooch &#8216;N\u00ba 1460&#8217;<\/p>\n<p>Author: Ram\u00f3n Puig Cuy\u00e1s<\/p>\n<p>Measurements: 8 x 6 x 2 cms<br \/>\nMATERIAL: Alpaca, wood, enamel, plastic, acrylic paint, graphite<\/p>\n","protected":false},"featured_media":4360,"comment_status":"closed","ping_status":"closed","template":"","meta":{"_acf_changed":false,"inline_featured_image":false},"product_cat":[129,112,110,109,231],"product_tag":[349,360],"class_list":{"0":"post-5059","1":"product","2":"type-product","3":"status-publish","4":"has-post-thumbnail","6":"product_cat-artists","7":"product_cat-brooches","8":"product_cat-jewelry","9":"product_cat-objects","10":"product_cat-ramon-puig-cuyas-en","11":"product_tag-carlostellechea-soller-mallorca-joyeria-arteartesania-en","12":"product_tag-ramonpuigcuyas-en","14":"first","15":"instock","16":"shipping-taxable","17":"purchasable","18":"product-type-simple"},"acf":[],"yoast_head":"<!-- This site is optimized with the Yoast SEO plugin v23.6 - https:\/\/yoast.com\/wordpress\/plugins\/seo\/ -->\n<title>BROOCH &quot;The Cactus Creix slowly&quot;  Ram\u00f3n Puig Cuy\u00e1s - Arteartesania<\/title>\n<meta name=\"robots\" content=\"index, follow, max-snippet:-1, max-image-preview:large, max-video-preview:-1\" \/>\n<link rel=\"canonical\" href=\"https:\/\/www.arteartesania.com\/en\/product\/el-cactus-creix-lentament\/\" \/>\n<meta property=\"og:locale\" content=\"en_US\" \/>\n<meta property=\"og:type\" content=\"article\" \/>\n<meta property=\"og:title\" content=\"BROOCH &quot;The Cactus Creix slowly&quot;  Ram\u00f3n Puig Cuy\u00e1s - Arteartesania\" \/>\n<meta property=\"og:description\" content=\"BROOCH  SERIES &quot;The Cactus Creix slowly&quot;  Year 2012 PIECE: Brooch &#039;N\u00ba 1460&#039;  Author: Ram\u00f3n Puig Cuy\u00e1s  Measurements: 8 x 6 x 2 cms MATERIAL: Alpaca, wood, enamel, plastic, acrylic paint, graphite\" \/>\n<meta property=\"og:url\" content=\"https:\/\/www.arteartesania.com\/en\/product\/el-cactus-creix-lentament\/\" \/>\n<meta property=\"og:site_name\" content=\"Arteartesania\" \/>\n<meta property=\"article:modified_time\" content=\"2020-05-18T14:57:32+00:00\" \/>\n<meta property=\"og:image\" content=\"https:\/\/www.arteartesania.com\/wp-content\/uploads\/2020\/02\/RAMON-BROCHE-CACTUS-5.jpg\" \/>\n\t<meta property=\"og:image:width\" content=\"1024\" \/>\n\t<meta property=\"og:image:height\" content=\"1024\" \/>\n\t<meta property=\"og:image:type\" content=\"image\/jpeg\" \/>\n<meta name=\"twitter:card\" content=\"summary_large_image\" \/>\n<script type=\"application\/ld+json\" class=\"yoast-schema-graph\">{\"@context\":\"https:\/\/schema.org\",\"@graph\":[{\"@type\":\"WebPage\",\"@id\":\"https:\/\/www.arteartesania.com\/en\/product\/el-cactus-creix-lentament\/\",\"url\":\"https:\/\/www.arteartesania.com\/en\/product\/el-cactus-creix-lentament\/\",\"name\":\"BROOCH \\\"The Cactus Creix slowly\\\" Ram\u00f3n Puig Cuy\u00e1s - Arteartesania\",\"isPartOf\":{\"@id\":\"https:\/\/www.arteartesania.com\/en\/#website\"},\"primaryImageOfPage\":{\"@id\":\"https:\/\/www.arteartesania.com\/en\/product\/el-cactus-creix-lentament\/#primaryimage\"},\"image\":{\"@id\":\"https:\/\/www.arteartesania.com\/en\/product\/el-cactus-creix-lentament\/#primaryimage\"},\"thumbnailUrl\":\"https:\/\/www.arteartesania.com\/wp-content\/uploads\/2020\/02\/RAMON-BROCHE-CACTUS-5.jpg\",\"datePublished\":\"2020-02-24T08:37:43+00:00\",\"dateModified\":\"2020-05-18T14:57:32+00:00\",\"breadcrumb\":{\"@id\":\"https:\/\/www.arteartesania.com\/en\/product\/el-cactus-creix-lentament\/#breadcrumb\"},\"inLanguage\":\"en-US\",\"potentialAction\":[{\"@type\":\"ReadAction\",\"target\":[\"https:\/\/www.arteartesania.com\/en\/product\/el-cactus-creix-lentament\/\"]}]},{\"@type\":\"ImageObject\",\"inLanguage\":\"en-US\",\"@id\":\"https:\/\/www.arteartesania.com\/en\/product\/el-cactus-creix-lentament\/#primaryimage\",\"url\":\"https:\/\/www.arteartesania.com\/wp-content\/uploads\/2020\/02\/RAMON-BROCHE-CACTUS-5.jpg\",\"contentUrl\":\"https:\/\/www.arteartesania.com\/wp-content\/uploads\/2020\/02\/RAMON-BROCHE-CACTUS-5.jpg\",\"width\":1024,\"height\":1024,\"caption\":\"Ram\u00f3n Puig Cuy\u00e1s joyas\"},{\"@type\":\"BreadcrumbList\",\"@id\":\"https:\/\/www.arteartesania.com\/en\/product\/el-cactus-creix-lentament\/#breadcrumb\",\"itemListElement\":[{\"@type\":\"ListItem\",\"position\":1,\"name\":\"Portada\",\"item\":\"https:\/\/www.arteartesania.com\/en\/\"},{\"@type\":\"ListItem\",\"position\":2,\"name\":\"Shop online\",\"item\":\"https:\/\/www.arteartesania.com\/en\/shop\/\"},{\"@type\":\"ListItem\",\"position\":3,\"name\":\"BROOCH \u00abThe Cactus Creix slowly\u00bb Ram\u00f3n Puig Cuy\u00e1s\"}]},{\"@type\":\"WebSite\",\"@id\":\"https:\/\/www.arteartesania.com\/en\/#website\",\"url\":\"https:\/\/www.arteartesania.com\/en\/\",\"name\":\"Arteartesania\",\"description\":\"Original selecci\u00f3n de Artesan\u00eda Contempor\u00e1nea de Autor\",\"publisher\":{\"@id\":\"https:\/\/www.arteartesania.com\/en\/#organization\"},\"potentialAction\":[{\"@type\":\"SearchAction\",\"target\":{\"@type\":\"EntryPoint\",\"urlTemplate\":\"https:\/\/www.arteartesania.com\/en\/?s={search_term_string}\"},\"query-input\":{\"@type\":\"PropertyValueSpecification\",\"valueRequired\":true,\"valueName\":\"search_term_string\"}}],\"inLanguage\":\"en-US\"},{\"@type\":\"Organization\",\"@id\":\"https:\/\/www.arteartesania.com\/en\/#organization\",\"name\":\"Arteartesania\",\"url\":\"https:\/\/www.arteartesania.com\/en\/\",\"logo\":{\"@type\":\"ImageObject\",\"inLanguage\":\"en-US\",\"@id\":\"https:\/\/www.arteartesania.com\/en\/#\/schema\/logo\/image\/\",\"url\":\"https:\/\/www.arteartesania.com\/wp-content\/uploads\/2019\/12\/cropped-logofooter.png\",\"contentUrl\":\"https:\/\/www.arteartesania.com\/wp-content\/uploads\/2019\/12\/cropped-logofooter.png\",\"width\":539,\"height\":58,\"caption\":\"Arteartesania\"},\"image\":{\"@id\":\"https:\/\/www.arteartesania.com\/en\/#\/schema\/logo\/image\/\"}}]}<\/script>\n<!-- \/ Yoast SEO plugin. -->","yoast_head_json":{"title":"BROOCH \"The Cactus Creix slowly\"  Ram\u00f3n Puig Cuy\u00e1s - Arteartesania","robots":{"index":"index","follow":"follow","max-snippet":"max-snippet:-1","max-image-preview":"max-image-preview:large","max-video-preview":"max-video-preview:-1"},"canonical":"https:\/\/www.arteartesania.com\/en\/product\/el-cactus-creix-lentament\/","og_locale":"en_US","og_type":"article","og_title":"BROOCH \"The Cactus Creix slowly\"  Ram\u00f3n Puig Cuy\u00e1s - Arteartesania","og_description":"BROOCH  SERIES \"The Cactus Creix slowly\"  Year 2012 PIECE: Brooch 'N\u00ba 1460'  Author: Ram\u00f3n Puig Cuy\u00e1s  Measurements: 8 x 6 x 2 cms MATERIAL: Alpaca, wood, enamel, plastic, acrylic paint, graphite","og_url":"https:\/\/www.arteartesania.com\/en\/product\/el-cactus-creix-lentament\/","og_site_name":"Arteartesania","article_modified_time":"2020-05-18T14:57:32+00:00","og_image":[{"width":1024,"height":1024,"url":"https:\/\/www.arteartesania.com\/wp-content\/uploads\/2020\/02\/RAMON-BROCHE-CACTUS-5.jpg","type":"image\/jpeg"}],"twitter_card":"summary_large_image","schema":{"@context":"https:\/\/schema.org","@graph":[{"@type":"WebPage","@id":"https:\/\/www.arteartesania.com\/en\/product\/el-cactus-creix-lentament\/","url":"https:\/\/www.arteartesania.com\/en\/product\/el-cactus-creix-lentament\/","name":"BROOCH \"The Cactus Creix slowly\" Ram\u00f3n Puig Cuy\u00e1s - Arteartesania","isPartOf":{"@id":"https:\/\/www.arteartesania.com\/en\/#website"},"primaryImageOfPage":{"@id":"https:\/\/www.arteartesania.com\/en\/product\/el-cactus-creix-lentament\/#primaryimage"},"image":{"@id":"https:\/\/www.arteartesania.com\/en\/product\/el-cactus-creix-lentament\/#primaryimage"},"thumbnailUrl":"https:\/\/www.arteartesania.com\/wp-content\/uploads\/2020\/02\/RAMON-BROCHE-CACTUS-5.jpg","datePublished":"2020-02-24T08:37:43+00:00","dateModified":"2020-05-18T14:57:32+00:00","breadcrumb":{"@id":"https:\/\/www.arteartesania.com\/en\/product\/el-cactus-creix-lentament\/#breadcrumb"},"inLanguage":"en-US","potentialAction":[{"@type":"ReadAction","target":["https:\/\/www.arteartesania.com\/en\/product\/el-cactus-creix-lentament\/"]}]},{"@type":"ImageObject","inLanguage":"en-US","@id":"https:\/\/www.arteartesania.com\/en\/product\/el-cactus-creix-lentament\/#primaryimage","url":"https:\/\/www.arteartesania.com\/wp-content\/uploads\/2020\/02\/RAMON-BROCHE-CACTUS-5.jpg","contentUrl":"https:\/\/www.arteartesania.com\/wp-content\/uploads\/2020\/02\/RAMON-BROCHE-CACTUS-5.jpg","width":1024,"height":1024,"caption":"Ram\u00f3n Puig Cuy\u00e1s joyas"},{"@type":"BreadcrumbList","@id":"https:\/\/www.arteartesania.com\/en\/product\/el-cactus-creix-lentament\/#breadcrumb","itemListElement":[{"@type":"ListItem","position":1,"name":"Portada","item":"https:\/\/www.arteartesania.com\/en\/"},{"@type":"ListItem","position":2,"name":"Shop online","item":"https:\/\/www.arteartesania.com\/en\/shop\/"},{"@type":"ListItem","position":3,"name":"BROOCH \u00abThe Cactus Creix slowly\u00bb Ram\u00f3n Puig Cuy\u00e1s"}]},{"@type":"WebSite","@id":"https:\/\/www.arteartesania.com\/en\/#website","url":"https:\/\/www.arteartesania.com\/en\/","name":"Arteartesania","description":"Original selecci\u00f3n de Artesan\u00eda Contempor\u00e1nea de Autor","publisher":{"@id":"https:\/\/www.arteartesania.com\/en\/#organization"},"potentialAction":[{"@type":"SearchAction","target":{"@type":"EntryPoint","urlTemplate":"https:\/\/www.arteartesania.com\/en\/?s={search_term_string}"},"query-input":{"@type":"PropertyValueSpecification","valueRequired":true,"valueName":"search_term_string"}}],"inLanguage":"en-US"},{"@type":"Organization","@id":"https:\/\/www.arteartesania.com\/en\/#organization","name":"Arteartesania","url":"https:\/\/www.arteartesania.com\/en\/","logo":{"@type":"ImageObject","inLanguage":"en-US","@id":"https:\/\/www.arteartesania.com\/en\/#\/schema\/logo\/image\/","url":"https:\/\/www.arteartesania.com\/wp-content\/uploads\/2019\/12\/cropped-logofooter.png","contentUrl":"https:\/\/www.arteartesania.com\/wp-content\/uploads\/2019\/12\/cropped-logofooter.png","width":539,"height":58,"caption":"Arteartesania"},"image":{"@id":"https:\/\/www.arteartesania.com\/en\/#\/schema\/logo\/image\/"}}]}},"_links":{"self":[{"href":"https:\/\/www.arteartesania.com\/en\/wp-json\/wp\/v2\/product\/5059"}],"collection":[{"href":"https:\/\/www.arteartesania.com\/en\/wp-json\/wp\/v2\/product"}],"about":[{"href":"https:\/\/www.arteartesania.com\/en\/wp-json\/wp\/v2\/types\/product"}],"replies":[{"embeddable":true,"href":"https:\/\/www.arteartesania.com\/en\/wp-json\/wp\/v2\/comments?post=5059"}],"wp:featuredmedia":[{"embeddable":true,"href":"https:\/\/www.arteartesania.com\/en\/wp-json\/wp\/v2\/media\/4360"}],"wp:attachment":[{"href":"https:\/\/www.arteartesania.com\/en\/wp-json\/wp\/v2\/media?parent=5059"}],"wp:term":[{"taxonomy":"product_cat","embeddable":true,"href":"https:\/\/www.arteartesania.com\/en\/wp-json\/wp\/v2\/product_cat?post=5059"},{"taxonomy":"product_tag","embeddable":true,"href":"https:\/\/www.arteartesania.com\/en\/wp-json\/wp\/v2\/product_tag?post=5059"}],"curies":[{"name":"wp","href":"https:\/\/api.w.org\/{rel}","templated":true}]}}