{"id":4721,"date":"2020-03-03T14:14:40","date_gmt":"2020-03-03T13:14:40","guid":{"rendered":"http:\/\/www.arteartesania.com\/producto\/import-placeholder-for-307\/"},"modified":"2025-09-16T13:20:55","modified_gmt":"2025-09-16T11:20:55","slug":"brazalete-de-1-cala-grande","status":"publish","type":"product","link":"https:\/\/www.arteartesania.com\/en\/product\/brazalete-de-1-cala-grande\/","title":{"rendered":"Silver bracelet with 1 large Cala"},"content":{"rendered":"<div class=\"tlid-input input\">\n<div class=\"source-wrap\">\n<div class=\"input-full-height-wrapper tlid-input-full-height-wrapper\">\n<div class=\"source-input\">\n<div class=\"source-footer-wrap source-or-target-footer\">\n<div class=\"character-count tlid-character-count\"><span style=\"font-size: 1rem;\">Silver bracelet with 1 large Cala<\/span><\/div>\n<\/div>\n<\/div>\n<\/div>\n<\/div>\n<\/div>\n<div class=\"tlid-results-container results-container\">\n<div class=\"tlid-result result-dict-wrapper\">\n<div class=\"result tlid-copy-target\">\n<div class=\"text-wrap tlid-copy-target\">\n<div class=\"result-shield-container tlid-copy-target\">\n<p><span class=\"tlid-translation translation\" lang=\"en\"><span class=\"tlid-translation translation\" lang=\"en\"><span class=\"\" title=\"\">MATERIAL: 925 silver + 22 kt gold leaf application.<\/span><\/span><\/span><span title=\"\">Unique piece handmade by CARLOS TELLECHEA <\/span><span class=\"\" title=\"\">The bracelet is open and its size is adjustable.<\/span> <span class=\"\" title=\"\">Choose between sizes S, M or L or send us your wrist size and we will send you a custom one.<\/span><\/p>\n<p><em><strong>Production technique, materials used:<\/strong><\/em><\/p>\n<p><span style=\"font-weight: 400;\">The Flowers are made from wire and silver plate 925. The sheet is folded in different directions until the body of the flower is obtained, to which a small wire pistil is welded that ends in a ball.<\/span><\/p>\n<p><span style=\"font-weight: 400;\">Once the flowers of different sizes are made, they are combined to get the different pieces of the Collection, Bracelets, Earrings, Rings etc.<\/span><\/p>\n<p><span style=\"font-weight: 400;\">The entire collection is made in 925 Silver and with a 22kt Gold Leaf finish in the chalice of the Flower.<\/span><\/p>\n<\/div>\n<\/div>\n<\/div>\n<\/div>\n<\/div>\n","protected":false},"excerpt":{"rendered":"<div class=\"tlid-input input\">\n<div class=\"source-wrap\">\n<div class=\"input-full-height-wrapper tlid-input-full-height-wrapper\">\n<div class=\"source-input\">\n<div class=\"source-footer-wrap source-or-target-footer\">\n<div class=\"character-count tlid-character-count\"><\/div>\n<\/div>\n<\/div>\n<\/div>\n<\/div>\n<\/div>\n<div class=\"tlid-results-container results-container\">\n<div class=\"tlid-result result-dict-wrapper\">\n<div class=\"result tlid-copy-target\">\n<div class=\"result-header\">\n<div class=\"starbutton jfk-button-flat jfk-button unstarred\" role=\"button\" aria-label=\"Destacar traducci\u00f3n\" data-tooltip=\"Destacar traducci\u00f3n\" data-tooltip-align=\"t,c\">\n<div class=\"jfk-button-img\"><span style=\"font-size: 1rem;\">PIECE: Silver bracelet with 1 large Calla<\/span><\/div>\n<\/div>\n<\/div>\n<div class=\"text-wrap tlid-copy-target\">\n<div class=\"result-shield-container tlid-copy-target\">\n<p><span class=\"tlid-translation translation\" lang=\"en\"><span class=\"\" title=\"\">MATERIAL: 925 silver + 22 kt gold leaf application.<\/span><\/span><\/p>\n<p><span title=\"\">Unique piece handmade by CARLOS TELLECHEA<\/span><\/p>\n<p><span class=\"\" title=\"\">he bracelet is open and its size is adjustable.<\/span> <span class=\"\" title=\"\">Choose between sizes S, M or L or send us your wrist size and we will send you a custom one.<\/span><\/p>\n<p><span style=\"font-weight: 400;\">The bracelets, to prevent them from losing their shape, are placed on the side, entering through the thin side of the wrist and adjusting with a half turn to their natural position, with the flowers standing out above.<\/span><\/p>\n<\/div>\n<\/div>\n<\/div>\n<\/div>\n<\/div>\n","protected":false},"featured_media":4932,"comment_status":"closed","ping_status":"closed","template":"","meta":{"_acf_changed":false,"inline_featured_image":false},"product_cat":[245,128,110,280],"product_tag":[285,282],"class_list":{"0":"post-4721","1":"product","2":"type-product","3":"status-publish","4":"has-post-thumbnail","6":"product_cat-bangles","7":"product_cat-carlostellechea","8":"product_cat-jewelry","9":"product_cat-las-calas-de-oro","10":"product_tag-ajustable","11":"product_tag-calas-de-oro","13":"first","14":"instock","15":"shipping-taxable","16":"purchasable","17":"product-type-simple"},"acf":[],"yoast_head":"<!-- This site is optimized with the Yoast SEO plugin v23.6 - https:\/\/yoast.com\/wordpress\/plugins\/seo\/ -->\n<title>Silver bracelet with 1 large Cala - Arteartesania<\/title>\n<meta name=\"description\" content=\"Silver bracelet with 1 large Cala-silver-22 kt gold leaf application-Unique piece handmade by CARLOS TELLECHEA\" \/>\n<meta name=\"robots\" content=\"index, follow, max-snippet:-1, max-image-preview:large, max-video-preview:-1\" \/>\n<link rel=\"canonical\" href=\"https:\/\/www.arteartesania.com\/en\/product\/brazalete-de-1-cala-grande\/\" \/>\n<meta property=\"og:locale\" content=\"en_US\" \/>\n<meta property=\"og:type\" content=\"article\" \/>\n<meta property=\"og:title\" content=\"Silver bracelet with 1 large Cala - Arteartesania\" \/>\n<meta property=\"og:description\" content=\"Silver bracelet with 1 large Cala-silver-22 kt gold leaf application-Unique piece handmade by CARLOS TELLECHEA\" \/>\n<meta property=\"og:url\" content=\"https:\/\/www.arteartesania.com\/en\/product\/brazalete-de-1-cala-grande\/\" \/>\n<meta property=\"og:site_name\" content=\"Arteartesania\" \/>\n<meta property=\"article:modified_time\" content=\"2025-09-16T11:20:55+00:00\" \/>\n<meta property=\"og:image\" content=\"https:\/\/www.arteartesania.com\/wp-content\/uploads\/2020\/03\/BRA_CT_1CGO.jpg\" \/>\n\t<meta property=\"og:image:width\" content=\"2243\" \/>\n\t<meta property=\"og:image:height\" content=\"2243\" \/>\n\t<meta property=\"og:image:type\" content=\"image\/jpeg\" \/>\n<meta name=\"twitter:card\" content=\"summary_large_image\" \/>\n<meta name=\"twitter:label1\" content=\"Est. reading time\" \/>\n\t<meta name=\"twitter:data1\" content=\"1 minute\" \/>\n<script type=\"application\/ld+json\" class=\"yoast-schema-graph\">{\"@context\":\"https:\/\/schema.org\",\"@graph\":[{\"@type\":\"WebPage\",\"@id\":\"https:\/\/www.arteartesania.com\/en\/product\/brazalete-de-1-cala-grande\/\",\"url\":\"https:\/\/www.arteartesania.com\/en\/product\/brazalete-de-1-cala-grande\/\",\"name\":\"Silver bracelet with 1 large Cala - Arteartesania\",\"isPartOf\":{\"@id\":\"https:\/\/www.arteartesania.com\/en\/#website\"},\"primaryImageOfPage\":{\"@id\":\"https:\/\/www.arteartesania.com\/en\/product\/brazalete-de-1-cala-grande\/#primaryimage\"},\"image\":{\"@id\":\"https:\/\/www.arteartesania.com\/en\/product\/brazalete-de-1-cala-grande\/#primaryimage\"},\"thumbnailUrl\":\"https:\/\/www.arteartesania.com\/wp-content\/uploads\/2020\/03\/BRA_CT_1CGO.jpg\",\"datePublished\":\"2020-03-03T13:14:40+00:00\",\"dateModified\":\"2025-09-16T11:20:55+00:00\",\"description\":\"Silver bracelet with 1 large Cala-silver-22 kt gold leaf application-Unique piece handmade by CARLOS TELLECHEA\",\"breadcrumb\":{\"@id\":\"https:\/\/www.arteartesania.com\/en\/product\/brazalete-de-1-cala-grande\/#breadcrumb\"},\"inLanguage\":\"en-US\",\"potentialAction\":[{\"@type\":\"ReadAction\",\"target\":[\"https:\/\/www.arteartesania.com\/en\/product\/brazalete-de-1-cala-grande\/\"]}]},{\"@type\":\"ImageObject\",\"inLanguage\":\"en-US\",\"@id\":\"https:\/\/www.arteartesania.com\/en\/product\/brazalete-de-1-cala-grande\/#primaryimage\",\"url\":\"https:\/\/www.arteartesania.com\/wp-content\/uploads\/2020\/03\/BRA_CT_1CGO.jpg\",\"contentUrl\":\"https:\/\/www.arteartesania.com\/wp-content\/uploads\/2020\/03\/BRA_CT_1CGO.jpg\",\"width\":2243,\"height\":2243},{\"@type\":\"BreadcrumbList\",\"@id\":\"https:\/\/www.arteartesania.com\/en\/product\/brazalete-de-1-cala-grande\/#breadcrumb\",\"itemListElement\":[{\"@type\":\"ListItem\",\"position\":1,\"name\":\"Portada\",\"item\":\"https:\/\/www.arteartesania.com\/en\/\"},{\"@type\":\"ListItem\",\"position\":2,\"name\":\"Shop online\",\"item\":\"https:\/\/www.arteartesania.com\/en\/shop\/\"},{\"@type\":\"ListItem\",\"position\":3,\"name\":\"Silver bracelet with 1 large Cala\"}]},{\"@type\":\"WebSite\",\"@id\":\"https:\/\/www.arteartesania.com\/en\/#website\",\"url\":\"https:\/\/www.arteartesania.com\/en\/\",\"name\":\"Arteartesania\",\"description\":\"Original selecci\u00f3n de Artesan\u00eda Contempor\u00e1nea de Autor\",\"publisher\":{\"@id\":\"https:\/\/www.arteartesania.com\/en\/#organization\"},\"potentialAction\":[{\"@type\":\"SearchAction\",\"target\":{\"@type\":\"EntryPoint\",\"urlTemplate\":\"https:\/\/www.arteartesania.com\/en\/?s={search_term_string}\"},\"query-input\":{\"@type\":\"PropertyValueSpecification\",\"valueRequired\":true,\"valueName\":\"search_term_string\"}}],\"inLanguage\":\"en-US\"},{\"@type\":\"Organization\",\"@id\":\"https:\/\/www.arteartesania.com\/en\/#organization\",\"name\":\"Arteartesania\",\"url\":\"https:\/\/www.arteartesania.com\/en\/\",\"logo\":{\"@type\":\"ImageObject\",\"inLanguage\":\"en-US\",\"@id\":\"https:\/\/www.arteartesania.com\/en\/#\/schema\/logo\/image\/\",\"url\":\"https:\/\/www.arteartesania.com\/wp-content\/uploads\/2019\/12\/cropped-logofooter.png\",\"contentUrl\":\"https:\/\/www.arteartesania.com\/wp-content\/uploads\/2019\/12\/cropped-logofooter.png\",\"width\":539,\"height\":58,\"caption\":\"Arteartesania\"},\"image\":{\"@id\":\"https:\/\/www.arteartesania.com\/en\/#\/schema\/logo\/image\/\"}}]}<\/script>\n<!-- \/ Yoast SEO plugin. -->","yoast_head_json":{"title":"Silver bracelet with 1 large Cala - Arteartesania","description":"Silver bracelet with 1 large Cala-silver-22 kt gold leaf application-Unique piece handmade by CARLOS TELLECHEA","robots":{"index":"index","follow":"follow","max-snippet":"max-snippet:-1","max-image-preview":"max-image-preview:large","max-video-preview":"max-video-preview:-1"},"canonical":"https:\/\/www.arteartesania.com\/en\/product\/brazalete-de-1-cala-grande\/","og_locale":"en_US","og_type":"article","og_title":"Silver bracelet with 1 large Cala - Arteartesania","og_description":"Silver bracelet with 1 large Cala-silver-22 kt gold leaf application-Unique piece handmade by CARLOS TELLECHEA","og_url":"https:\/\/www.arteartesania.com\/en\/product\/brazalete-de-1-cala-grande\/","og_site_name":"Arteartesania","article_modified_time":"2025-09-16T11:20:55+00:00","og_image":[{"width":2243,"height":2243,"url":"https:\/\/www.arteartesania.com\/wp-content\/uploads\/2020\/03\/BRA_CT_1CGO.jpg","type":"image\/jpeg"}],"twitter_card":"summary_large_image","twitter_misc":{"Est. reading time":"1 minute"},"schema":{"@context":"https:\/\/schema.org","@graph":[{"@type":"WebPage","@id":"https:\/\/www.arteartesania.com\/en\/product\/brazalete-de-1-cala-grande\/","url":"https:\/\/www.arteartesania.com\/en\/product\/brazalete-de-1-cala-grande\/","name":"Silver bracelet with 1 large Cala - Arteartesania","isPartOf":{"@id":"https:\/\/www.arteartesania.com\/en\/#website"},"primaryImageOfPage":{"@id":"https:\/\/www.arteartesania.com\/en\/product\/brazalete-de-1-cala-grande\/#primaryimage"},"image":{"@id":"https:\/\/www.arteartesania.com\/en\/product\/brazalete-de-1-cala-grande\/#primaryimage"},"thumbnailUrl":"https:\/\/www.arteartesania.com\/wp-content\/uploads\/2020\/03\/BRA_CT_1CGO.jpg","datePublished":"2020-03-03T13:14:40+00:00","dateModified":"2025-09-16T11:20:55+00:00","description":"Silver bracelet with 1 large Cala-silver-22 kt gold leaf application-Unique piece handmade by CARLOS TELLECHEA","breadcrumb":{"@id":"https:\/\/www.arteartesania.com\/en\/product\/brazalete-de-1-cala-grande\/#breadcrumb"},"inLanguage":"en-US","potentialAction":[{"@type":"ReadAction","target":["https:\/\/www.arteartesania.com\/en\/product\/brazalete-de-1-cala-grande\/"]}]},{"@type":"ImageObject","inLanguage":"en-US","@id":"https:\/\/www.arteartesania.com\/en\/product\/brazalete-de-1-cala-grande\/#primaryimage","url":"https:\/\/www.arteartesania.com\/wp-content\/uploads\/2020\/03\/BRA_CT_1CGO.jpg","contentUrl":"https:\/\/www.arteartesania.com\/wp-content\/uploads\/2020\/03\/BRA_CT_1CGO.jpg","width":2243,"height":2243},{"@type":"BreadcrumbList","@id":"https:\/\/www.arteartesania.com\/en\/product\/brazalete-de-1-cala-grande\/#breadcrumb","itemListElement":[{"@type":"ListItem","position":1,"name":"Portada","item":"https:\/\/www.arteartesania.com\/en\/"},{"@type":"ListItem","position":2,"name":"Shop online","item":"https:\/\/www.arteartesania.com\/en\/shop\/"},{"@type":"ListItem","position":3,"name":"Silver bracelet with 1 large Cala"}]},{"@type":"WebSite","@id":"https:\/\/www.arteartesania.com\/en\/#website","url":"https:\/\/www.arteartesania.com\/en\/","name":"Arteartesania","description":"Original selecci\u00f3n de Artesan\u00eda Contempor\u00e1nea de Autor","publisher":{"@id":"https:\/\/www.arteartesania.com\/en\/#organization"},"potentialAction":[{"@type":"SearchAction","target":{"@type":"EntryPoint","urlTemplate":"https:\/\/www.arteartesania.com\/en\/?s={search_term_string}"},"query-input":{"@type":"PropertyValueSpecification","valueRequired":true,"valueName":"search_term_string"}}],"inLanguage":"en-US"},{"@type":"Organization","@id":"https:\/\/www.arteartesania.com\/en\/#organization","name":"Arteartesania","url":"https:\/\/www.arteartesania.com\/en\/","logo":{"@type":"ImageObject","inLanguage":"en-US","@id":"https:\/\/www.arteartesania.com\/en\/#\/schema\/logo\/image\/","url":"https:\/\/www.arteartesania.com\/wp-content\/uploads\/2019\/12\/cropped-logofooter.png","contentUrl":"https:\/\/www.arteartesania.com\/wp-content\/uploads\/2019\/12\/cropped-logofooter.png","width":539,"height":58,"caption":"Arteartesania"},"image":{"@id":"https:\/\/www.arteartesania.com\/en\/#\/schema\/logo\/image\/"}}]}},"_links":{"self":[{"href":"https:\/\/www.arteartesania.com\/en\/wp-json\/wp\/v2\/product\/4721"}],"collection":[{"href":"https:\/\/www.arteartesania.com\/en\/wp-json\/wp\/v2\/product"}],"about":[{"href":"https:\/\/www.arteartesania.com\/en\/wp-json\/wp\/v2\/types\/product"}],"replies":[{"embeddable":true,"href":"https:\/\/www.arteartesania.com\/en\/wp-json\/wp\/v2\/comments?post=4721"}],"wp:featuredmedia":[{"embeddable":true,"href":"https:\/\/www.arteartesania.com\/en\/wp-json\/wp\/v2\/media\/4932"}],"wp:attachment":[{"href":"https:\/\/www.arteartesania.com\/en\/wp-json\/wp\/v2\/media?parent=4721"}],"wp:term":[{"taxonomy":"product_cat","embeddable":true,"href":"https:\/\/www.arteartesania.com\/en\/wp-json\/wp\/v2\/product_cat?post=4721"},{"taxonomy":"product_tag","embeddable":true,"href":"https:\/\/www.arteartesania.com\/en\/wp-json\/wp\/v2\/product_tag?post=4721"}],"curies":[{"name":"wp","href":"https:\/\/api.w.org\/{rel}","templated":true}]}}