{"id":4701,"date":"2020-03-03T14:14:32","date_gmt":"2020-03-03T13:14:32","guid":{"rendered":"http:\/\/www.arteartesania.com\/producto\/import-placeholder-for-171\/"},"modified":"2026-01-31T22:49:50","modified_gmt":"2026-01-31T21:49:50","slug":"pendiente-cala-media","status":"publish","type":"product","link":"https:\/\/www.arteartesania.com\/en\/product\/pendiente-cala-media\/","title":{"rendered":"Medium Cala Earrings"},"content":{"rendered":"<p>LINE: &#8220;Calas de oro&#8221;<br \/>\nPIECE: Medium Cala lillie Earrings<br \/>\nMATERIAL: Sterling silver and gold application 22 kt.<br \/>\nSIZE: approx. 3.5cm long<\/p>\n<p>Unique piece handmade by CARLOS TELLECHEA<\/p>\n<p><em><strong>Production technique, materials used:<\/strong><\/em><\/p>\n<p><span style=\"font-weight: 400;\">The Flowers are made from wire and silver plate 925. The sheet is folded in different directions until the body of the flower is obtained, to which a small wire pistil is welded that ends in a ball.<\/span><\/p>\n<p><span style=\"font-weight: 400;\">Once the flowers of different sizes are made, they are combined to get the different pieces of the Collection, Bracelets, Earrings, Rings etc.<\/span><\/p>\n<p><span style=\"font-weight: 400;\">The entire collection is made in 925 Silver and with a 22kt Gold Leaf finish in the chalice of the Flower.<\/span><\/p>\n","protected":false},"excerpt":{"rendered":"<p>LINE: &#8220;Calas de oro&#8221;<br \/>\nPIECE: Medium Cala Earrings<br \/>\nMATERIAL: Sterling silver and gold application 22 kt.<br \/>\nSIZE: approx. 3.5cm long<\/p>\n<p>Unique piece handmade by CARLOS TELLECHEA<\/p>\n","protected":false},"featured_media":4782,"comment_status":"closed","ping_status":"closed","template":"","meta":{"_acf_changed":false,"inline_featured_image":false},"product_cat":[128,115,110,280],"product_tag":[349,282,289],"class_list":{"0":"post-4701","1":"product","2":"type-product","3":"status-publish","4":"has-post-thumbnail","6":"product_cat-carlostellechea","7":"product_cat-earrings","8":"product_cat-jewelry","9":"product_cat-las-calas-de-oro","10":"product_tag-carlostellechea-soller-mallorca-joyeria-arteartesania-en","11":"product_tag-calas-de-oro","12":"product_tag-pendientes-de-colgar","14":"first","15":"instock","16":"shipping-taxable","17":"purchasable","18":"product-type-simple"},"acf":[],"yoast_head":"<!-- This site is optimized with the Yoast SEO plugin v23.6 - https:\/\/yoast.com\/wordpress\/plugins\/seo\/ -->\n<title>Medium Cala Earrings - Arteartesania<\/title>\n<meta name=\"robots\" content=\"index, follow, max-snippet:-1, max-image-preview:large, max-video-preview:-1\" \/>\n<link rel=\"canonical\" href=\"https:\/\/www.arteartesania.com\/en\/product\/pendiente-cala-media\/\" \/>\n<meta property=\"og:locale\" content=\"en_US\" \/>\n<meta property=\"og:type\" content=\"article\" \/>\n<meta property=\"og:title\" content=\"Medium Cala Earrings - Arteartesania\" \/>\n<meta property=\"og:description\" content=\"LINE: &quot;Calas de oro&quot; PIECE: Medium Cala Earrings MATERIAL: Sterling silver and gold application 22 kt. SIZE: approx. 3.5cm long  Unique piece handmade by CARLOS TELLECHEA\" \/>\n<meta property=\"og:url\" content=\"https:\/\/www.arteartesania.com\/en\/product\/pendiente-cala-media\/\" \/>\n<meta property=\"og:site_name\" content=\"Arteartesania\" \/>\n<meta property=\"article:modified_time\" content=\"2026-01-31T21:49:50+00:00\" \/>\n<meta property=\"og:image\" content=\"https:\/\/www.arteartesania.com\/wp-content\/uploads\/2020\/03\/PEND_CT_CMO-2.jpg\" \/>\n\t<meta property=\"og:image:width\" content=\"1200\" \/>\n\t<meta property=\"og:image:height\" content=\"1200\" \/>\n\t<meta property=\"og:image:type\" content=\"image\/jpeg\" \/>\n<meta name=\"twitter:card\" content=\"summary_large_image\" \/>\n<meta name=\"twitter:label1\" content=\"Est. reading time\" \/>\n\t<meta name=\"twitter:data1\" content=\"1 minute\" \/>\n<script type=\"application\/ld+json\" class=\"yoast-schema-graph\">{\"@context\":\"https:\/\/schema.org\",\"@graph\":[{\"@type\":\"WebPage\",\"@id\":\"https:\/\/www.arteartesania.com\/en\/product\/pendiente-cala-media\/\",\"url\":\"https:\/\/www.arteartesania.com\/en\/product\/pendiente-cala-media\/\",\"name\":\"Medium Cala Earrings - Arteartesania\",\"isPartOf\":{\"@id\":\"https:\/\/www.arteartesania.com\/en\/#website\"},\"primaryImageOfPage\":{\"@id\":\"https:\/\/www.arteartesania.com\/en\/product\/pendiente-cala-media\/#primaryimage\"},\"image\":{\"@id\":\"https:\/\/www.arteartesania.com\/en\/product\/pendiente-cala-media\/#primaryimage\"},\"thumbnailUrl\":\"https:\/\/www.arteartesania.com\/wp-content\/uploads\/2020\/03\/PEND_CT_CMO-2.jpg\",\"datePublished\":\"2020-03-03T13:14:32+00:00\",\"dateModified\":\"2026-01-31T21:49:50+00:00\",\"breadcrumb\":{\"@id\":\"https:\/\/www.arteartesania.com\/en\/product\/pendiente-cala-media\/#breadcrumb\"},\"inLanguage\":\"en-US\",\"potentialAction\":[{\"@type\":\"ReadAction\",\"target\":[\"https:\/\/www.arteartesania.com\/en\/product\/pendiente-cala-media\/\"]}]},{\"@type\":\"ImageObject\",\"inLanguage\":\"en-US\",\"@id\":\"https:\/\/www.arteartesania.com\/en\/product\/pendiente-cala-media\/#primaryimage\",\"url\":\"https:\/\/www.arteartesania.com\/wp-content\/uploads\/2020\/03\/PEND_CT_CMO-2.jpg\",\"contentUrl\":\"https:\/\/www.arteartesania.com\/wp-content\/uploads\/2020\/03\/PEND_CT_CMO-2.jpg\",\"width\":1200,\"height\":1200},{\"@type\":\"BreadcrumbList\",\"@id\":\"https:\/\/www.arteartesania.com\/en\/product\/pendiente-cala-media\/#breadcrumb\",\"itemListElement\":[{\"@type\":\"ListItem\",\"position\":1,\"name\":\"Portada\",\"item\":\"https:\/\/www.arteartesania.com\/en\/\"},{\"@type\":\"ListItem\",\"position\":2,\"name\":\"Shop online\",\"item\":\"https:\/\/www.arteartesania.com\/en\/shop\/\"},{\"@type\":\"ListItem\",\"position\":3,\"name\":\"Medium Cala Earrings\"}]},{\"@type\":\"WebSite\",\"@id\":\"https:\/\/www.arteartesania.com\/en\/#website\",\"url\":\"https:\/\/www.arteartesania.com\/en\/\",\"name\":\"Arteartesania\",\"description\":\"Original selecci\u00f3n de Artesan\u00eda Contempor\u00e1nea de Autor\",\"publisher\":{\"@id\":\"https:\/\/www.arteartesania.com\/en\/#organization\"},\"potentialAction\":[{\"@type\":\"SearchAction\",\"target\":{\"@type\":\"EntryPoint\",\"urlTemplate\":\"https:\/\/www.arteartesania.com\/en\/?s={search_term_string}\"},\"query-input\":{\"@type\":\"PropertyValueSpecification\",\"valueRequired\":true,\"valueName\":\"search_term_string\"}}],\"inLanguage\":\"en-US\"},{\"@type\":\"Organization\",\"@id\":\"https:\/\/www.arteartesania.com\/en\/#organization\",\"name\":\"Arteartesania\",\"url\":\"https:\/\/www.arteartesania.com\/en\/\",\"logo\":{\"@type\":\"ImageObject\",\"inLanguage\":\"en-US\",\"@id\":\"https:\/\/www.arteartesania.com\/en\/#\/schema\/logo\/image\/\",\"url\":\"https:\/\/www.arteartesania.com\/wp-content\/uploads\/2019\/12\/cropped-logofooter.png\",\"contentUrl\":\"https:\/\/www.arteartesania.com\/wp-content\/uploads\/2019\/12\/cropped-logofooter.png\",\"width\":539,\"height\":58,\"caption\":\"Arteartesania\"},\"image\":{\"@id\":\"https:\/\/www.arteartesania.com\/en\/#\/schema\/logo\/image\/\"}}]}<\/script>\n<!-- \/ Yoast SEO plugin. -->","yoast_head_json":{"title":"Medium Cala Earrings - Arteartesania","robots":{"index":"index","follow":"follow","max-snippet":"max-snippet:-1","max-image-preview":"max-image-preview:large","max-video-preview":"max-video-preview:-1"},"canonical":"https:\/\/www.arteartesania.com\/en\/product\/pendiente-cala-media\/","og_locale":"en_US","og_type":"article","og_title":"Medium Cala Earrings - Arteartesania","og_description":"LINE: \"Calas de oro\" PIECE: Medium Cala Earrings MATERIAL: Sterling silver and gold application 22 kt. SIZE: approx. 3.5cm long  Unique piece handmade by CARLOS TELLECHEA","og_url":"https:\/\/www.arteartesania.com\/en\/product\/pendiente-cala-media\/","og_site_name":"Arteartesania","article_modified_time":"2026-01-31T21:49:50+00:00","og_image":[{"width":1200,"height":1200,"url":"https:\/\/www.arteartesania.com\/wp-content\/uploads\/2020\/03\/PEND_CT_CMO-2.jpg","type":"image\/jpeg"}],"twitter_card":"summary_large_image","twitter_misc":{"Est. reading time":"1 minute"},"schema":{"@context":"https:\/\/schema.org","@graph":[{"@type":"WebPage","@id":"https:\/\/www.arteartesania.com\/en\/product\/pendiente-cala-media\/","url":"https:\/\/www.arteartesania.com\/en\/product\/pendiente-cala-media\/","name":"Medium Cala Earrings - Arteartesania","isPartOf":{"@id":"https:\/\/www.arteartesania.com\/en\/#website"},"primaryImageOfPage":{"@id":"https:\/\/www.arteartesania.com\/en\/product\/pendiente-cala-media\/#primaryimage"},"image":{"@id":"https:\/\/www.arteartesania.com\/en\/product\/pendiente-cala-media\/#primaryimage"},"thumbnailUrl":"https:\/\/www.arteartesania.com\/wp-content\/uploads\/2020\/03\/PEND_CT_CMO-2.jpg","datePublished":"2020-03-03T13:14:32+00:00","dateModified":"2026-01-31T21:49:50+00:00","breadcrumb":{"@id":"https:\/\/www.arteartesania.com\/en\/product\/pendiente-cala-media\/#breadcrumb"},"inLanguage":"en-US","potentialAction":[{"@type":"ReadAction","target":["https:\/\/www.arteartesania.com\/en\/product\/pendiente-cala-media\/"]}]},{"@type":"ImageObject","inLanguage":"en-US","@id":"https:\/\/www.arteartesania.com\/en\/product\/pendiente-cala-media\/#primaryimage","url":"https:\/\/www.arteartesania.com\/wp-content\/uploads\/2020\/03\/PEND_CT_CMO-2.jpg","contentUrl":"https:\/\/www.arteartesania.com\/wp-content\/uploads\/2020\/03\/PEND_CT_CMO-2.jpg","width":1200,"height":1200},{"@type":"BreadcrumbList","@id":"https:\/\/www.arteartesania.com\/en\/product\/pendiente-cala-media\/#breadcrumb","itemListElement":[{"@type":"ListItem","position":1,"name":"Portada","item":"https:\/\/www.arteartesania.com\/en\/"},{"@type":"ListItem","position":2,"name":"Shop online","item":"https:\/\/www.arteartesania.com\/en\/shop\/"},{"@type":"ListItem","position":3,"name":"Medium Cala Earrings"}]},{"@type":"WebSite","@id":"https:\/\/www.arteartesania.com\/en\/#website","url":"https:\/\/www.arteartesania.com\/en\/","name":"Arteartesania","description":"Original selecci\u00f3n de Artesan\u00eda Contempor\u00e1nea de Autor","publisher":{"@id":"https:\/\/www.arteartesania.com\/en\/#organization"},"potentialAction":[{"@type":"SearchAction","target":{"@type":"EntryPoint","urlTemplate":"https:\/\/www.arteartesania.com\/en\/?s={search_term_string}"},"query-input":{"@type":"PropertyValueSpecification","valueRequired":true,"valueName":"search_term_string"}}],"inLanguage":"en-US"},{"@type":"Organization","@id":"https:\/\/www.arteartesania.com\/en\/#organization","name":"Arteartesania","url":"https:\/\/www.arteartesania.com\/en\/","logo":{"@type":"ImageObject","inLanguage":"en-US","@id":"https:\/\/www.arteartesania.com\/en\/#\/schema\/logo\/image\/","url":"https:\/\/www.arteartesania.com\/wp-content\/uploads\/2019\/12\/cropped-logofooter.png","contentUrl":"https:\/\/www.arteartesania.com\/wp-content\/uploads\/2019\/12\/cropped-logofooter.png","width":539,"height":58,"caption":"Arteartesania"},"image":{"@id":"https:\/\/www.arteartesania.com\/en\/#\/schema\/logo\/image\/"}}]}},"_links":{"self":[{"href":"https:\/\/www.arteartesania.com\/en\/wp-json\/wp\/v2\/product\/4701"}],"collection":[{"href":"https:\/\/www.arteartesania.com\/en\/wp-json\/wp\/v2\/product"}],"about":[{"href":"https:\/\/www.arteartesania.com\/en\/wp-json\/wp\/v2\/types\/product"}],"replies":[{"embeddable":true,"href":"https:\/\/www.arteartesania.com\/en\/wp-json\/wp\/v2\/comments?post=4701"}],"wp:featuredmedia":[{"embeddable":true,"href":"https:\/\/www.arteartesania.com\/en\/wp-json\/wp\/v2\/media\/4782"}],"wp:attachment":[{"href":"https:\/\/www.arteartesania.com\/en\/wp-json\/wp\/v2\/media?parent=4701"}],"wp:term":[{"taxonomy":"product_cat","embeddable":true,"href":"https:\/\/www.arteartesania.com\/en\/wp-json\/wp\/v2\/product_cat?post=4701"},{"taxonomy":"product_tag","embeddable":true,"href":"https:\/\/www.arteartesania.com\/en\/wp-json\/wp\/v2\/product_tag?post=4701"}],"curies":[{"name":"wp","href":"https:\/\/api.w.org\/{rel}","templated":true}]}}