{"id":4697,"date":"2020-03-03T14:14:30","date_gmt":"2020-03-03T13:14:30","guid":{"rendered":"http:\/\/www.arteartesania.com\/producto\/import-placeholder-for-105\/"},"modified":"2026-02-25T16:19:55","modified_gmt":"2026-02-25T15:19:55","slug":"torque-florentina","status":"publish","type":"product","link":"https:\/\/www.arteartesania.com\/en\/product\/torque-florentina\/","title":{"rendered":"Torque Calas &#8220;Florentina&#8221; GOLD &#8221;  &#8211;  Carlos Tellechea"},"content":{"rendered":"<div class=\"col col7 fix570\">\n<div data-appears-component-name=\"listing_page_description\">\n<div class=\"ui-toolkit appears-ready\">\n<div class=\"col-group mt-xs-1 mt-lg-3 bg-white b-lg-0 bt-lg-1 bb-lg-1 pl-xs-2 pr-xs-2 pb-xs-2 pt-xs-0 pt-lg-2 pl-lg-0 pr-lg-0\">\n<div class=\"col-xs-12 pt-xs-1 pl-lg-0 pr-lg-0 break-word\">\n<div id=\"description-text\">\n<div class=\"max-height-text-container ui-toolkit\">\n<div class=\" text-gray prose\">\n<p>PIECE: Torque Calas &#8220;Florentina&#8221; GOLD &#8221;<br \/>\nMATERIAL: 925 Silver + 22 kt Gold Application.<br \/>\nAUTHOR: Carlos Tellechea<\/p>\n<p>This piece is relatively adjustable, giving the possibility of minimally expanding or contracting it for its best fit.<\/p>\n<p>As they are unique handmade pieces, there are NO two identical pieces. All have small variations.<\/p>\n<p><em><strong>Production technique, materials used:<\/strong><\/em><\/p>\n<p><span style=\"font-weight: 400;\">The Flowers are made from wire and silver plate 925. The sheet is folded in different directions until the body of the flower is obtained, to which a small wire pistil is welded that ends in a ball.<\/span><\/p>\n<p><span style=\"font-weight: 400;\">Once the flowers of different sizes are made, they are combined to get the different pieces of the Collection, Bracelets, Earrings, Rings etc.<\/span><\/p>\n<p><span style=\"font-weight: 400;\">The entire collection is made in 925 Silver and with a 22kt Gold Leaf finish in the chalice of the Flower<\/span><\/p>\n<p>&nbsp;<\/p>\n<\/div>\n<\/div>\n<\/div>\n<\/div>\n<\/div>\n<\/div>\n<\/div>\n<\/div>\n","protected":false},"excerpt":{"rendered":"<p>PIECE: Torque Calas &#8220;Florentina&#8221; GOLD &#8221;<br \/>\nMATERIAL: 925 Silver + 22 kt Gold Application.<br \/>\nAUTHOR: Carlos Tellechea<\/p>\n<p><span style=\"font-weight: 400;\">The Torques are rigid pieces, they are slightly separated to place them and they are closed and can be adapted by tension to the size of each neck.<\/span><\/p>\n","protected":false},"featured_media":4743,"comment_status":"closed","ping_status":"closed","template":"","meta":{"_acf_changed":false,"inline_featured_image":false},"product_cat":[128,110,280,113],"product_tag":[402,349,282,287,283],"class_list":{"0":"post-4697","1":"product","2":"type-product","3":"status-publish","4":"has-post-thumbnail","6":"product_cat-carlostellechea","7":"product_cat-jewelry","8":"product_cat-las-calas-de-oro","9":"product_cat-necklaces","10":"product_tag-arteartesania","11":"product_tag-carlostellechea-soller-mallorca-joyeria-arteartesania-en","12":"product_tag-calas-de-oro","13":"product_tag-joyas-finas","14":"product_tag-torques","16":"first","17":"instock","18":"sold-individually","19":"shipping-taxable","20":"purchasable","21":"product-type-variable"},"acf":[],"yoast_head":"<!-- This site is optimized with the Yoast SEO plugin v23.6 - https:\/\/yoast.com\/wordpress\/plugins\/seo\/ -->\n<title>Torque Calas &quot;Florentina&quot; GOLD &quot; - Carlos Tellechea - Arteartesania<\/title>\n<meta name=\"description\" content=\"The Torques are rigid pieces, they are slightly separated to place them and they are closed and can be adapted by tension to the size of each neck.\" \/>\n<meta name=\"robots\" content=\"index, follow, max-snippet:-1, max-image-preview:large, max-video-preview:-1\" \/>\n<link rel=\"canonical\" href=\"https:\/\/www.arteartesania.com\/en\/product\/torque-florentina\/\" \/>\n<meta property=\"og:locale\" content=\"en_US\" \/>\n<meta property=\"og:type\" content=\"article\" \/>\n<meta property=\"og:title\" content=\"Torque Calas &quot;Florentina&quot; GOLD &quot; - Carlos Tellechea - Arteartesania\" \/>\n<meta property=\"og:description\" content=\"The Torques are rigid pieces, they are slightly separated to place them and they are closed and can be adapted by tension to the size of each neck.\" \/>\n<meta property=\"og:url\" content=\"https:\/\/www.arteartesania.com\/en\/product\/torque-florentina\/\" \/>\n<meta property=\"og:site_name\" content=\"Arteartesania\" \/>\n<meta property=\"article:modified_time\" content=\"2026-02-25T15:19:55+00:00\" \/>\n<meta property=\"og:image\" content=\"https:\/\/www.arteartesania.com\/wp-content\/uploads\/2020\/03\/TORQ_CT_FLORO_vers2.jpg\" \/>\n\t<meta property=\"og:image:width\" content=\"2000\" \/>\n\t<meta property=\"og:image:height\" content=\"2000\" \/>\n\t<meta property=\"og:image:type\" content=\"image\/jpeg\" \/>\n<meta name=\"twitter:card\" content=\"summary_large_image\" \/>\n<meta name=\"twitter:label1\" content=\"Est. reading time\" \/>\n\t<meta name=\"twitter:data1\" content=\"1 minute\" \/>\n<script type=\"application\/ld+json\" class=\"yoast-schema-graph\">{\"@context\":\"https:\/\/schema.org\",\"@graph\":[{\"@type\":\"WebPage\",\"@id\":\"https:\/\/www.arteartesania.com\/en\/product\/torque-florentina\/\",\"url\":\"https:\/\/www.arteartesania.com\/en\/product\/torque-florentina\/\",\"name\":\"Torque Calas \\\"Florentina\\\" GOLD \\\" - Carlos Tellechea - Arteartesania\",\"isPartOf\":{\"@id\":\"https:\/\/www.arteartesania.com\/en\/#website\"},\"primaryImageOfPage\":{\"@id\":\"https:\/\/www.arteartesania.com\/en\/product\/torque-florentina\/#primaryimage\"},\"image\":{\"@id\":\"https:\/\/www.arteartesania.com\/en\/product\/torque-florentina\/#primaryimage\"},\"thumbnailUrl\":\"https:\/\/www.arteartesania.com\/wp-content\/uploads\/2020\/03\/TORQ_CT_FLORO_vers2.jpg\",\"datePublished\":\"2020-03-03T13:14:30+00:00\",\"dateModified\":\"2026-02-25T15:19:55+00:00\",\"description\":\"The Torques are rigid pieces, they are slightly separated to place them and they are closed and can be adapted by tension to the size of each neck.\",\"breadcrumb\":{\"@id\":\"https:\/\/www.arteartesania.com\/en\/product\/torque-florentina\/#breadcrumb\"},\"inLanguage\":\"en-US\",\"potentialAction\":[{\"@type\":\"ReadAction\",\"target\":[\"https:\/\/www.arteartesania.com\/en\/product\/torque-florentina\/\"]}]},{\"@type\":\"ImageObject\",\"inLanguage\":\"en-US\",\"@id\":\"https:\/\/www.arteartesania.com\/en\/product\/torque-florentina\/#primaryimage\",\"url\":\"https:\/\/www.arteartesania.com\/wp-content\/uploads\/2020\/03\/TORQ_CT_FLORO_vers2.jpg\",\"contentUrl\":\"https:\/\/www.arteartesania.com\/wp-content\/uploads\/2020\/03\/TORQ_CT_FLORO_vers2.jpg\",\"width\":2000,\"height\":2000},{\"@type\":\"BreadcrumbList\",\"@id\":\"https:\/\/www.arteartesania.com\/en\/product\/torque-florentina\/#breadcrumb\",\"itemListElement\":[{\"@type\":\"ListItem\",\"position\":1,\"name\":\"Portada\",\"item\":\"https:\/\/www.arteartesania.com\/en\/\"},{\"@type\":\"ListItem\",\"position\":2,\"name\":\"Shop online\",\"item\":\"https:\/\/www.arteartesania.com\/en\/shop\/\"},{\"@type\":\"ListItem\",\"position\":3,\"name\":\"Torque Calas \u00abFlorentina\u00bb GOLD \u00bb &#8211; Carlos Tellechea\"}]},{\"@type\":\"WebSite\",\"@id\":\"https:\/\/www.arteartesania.com\/en\/#website\",\"url\":\"https:\/\/www.arteartesania.com\/en\/\",\"name\":\"Arteartesania\",\"description\":\"Original selecci\u00f3n de Artesan\u00eda Contempor\u00e1nea de Autor\",\"publisher\":{\"@id\":\"https:\/\/www.arteartesania.com\/en\/#organization\"},\"potentialAction\":[{\"@type\":\"SearchAction\",\"target\":{\"@type\":\"EntryPoint\",\"urlTemplate\":\"https:\/\/www.arteartesania.com\/en\/?s={search_term_string}\"},\"query-input\":{\"@type\":\"PropertyValueSpecification\",\"valueRequired\":true,\"valueName\":\"search_term_string\"}}],\"inLanguage\":\"en-US\"},{\"@type\":\"Organization\",\"@id\":\"https:\/\/www.arteartesania.com\/en\/#organization\",\"name\":\"Arteartesania\",\"url\":\"https:\/\/www.arteartesania.com\/en\/\",\"logo\":{\"@type\":\"ImageObject\",\"inLanguage\":\"en-US\",\"@id\":\"https:\/\/www.arteartesania.com\/en\/#\/schema\/logo\/image\/\",\"url\":\"https:\/\/www.arteartesania.com\/wp-content\/uploads\/2019\/12\/cropped-logofooter.png\",\"contentUrl\":\"https:\/\/www.arteartesania.com\/wp-content\/uploads\/2019\/12\/cropped-logofooter.png\",\"width\":539,\"height\":58,\"caption\":\"Arteartesania\"},\"image\":{\"@id\":\"https:\/\/www.arteartesania.com\/en\/#\/schema\/logo\/image\/\"}}]}<\/script>\n<!-- \/ Yoast SEO plugin. -->","yoast_head_json":{"title":"Torque Calas \"Florentina\" GOLD \" - Carlos Tellechea - Arteartesania","description":"The Torques are rigid pieces, they are slightly separated to place them and they are closed and can be adapted by tension to the size of each neck.","robots":{"index":"index","follow":"follow","max-snippet":"max-snippet:-1","max-image-preview":"max-image-preview:large","max-video-preview":"max-video-preview:-1"},"canonical":"https:\/\/www.arteartesania.com\/en\/product\/torque-florentina\/","og_locale":"en_US","og_type":"article","og_title":"Torque Calas \"Florentina\" GOLD \" - Carlos Tellechea - Arteartesania","og_description":"The Torques are rigid pieces, they are slightly separated to place them and they are closed and can be adapted by tension to the size of each neck.","og_url":"https:\/\/www.arteartesania.com\/en\/product\/torque-florentina\/","og_site_name":"Arteartesania","article_modified_time":"2026-02-25T15:19:55+00:00","og_image":[{"width":2000,"height":2000,"url":"https:\/\/www.arteartesania.com\/wp-content\/uploads\/2020\/03\/TORQ_CT_FLORO_vers2.jpg","type":"image\/jpeg"}],"twitter_card":"summary_large_image","twitter_misc":{"Est. reading time":"1 minute"},"schema":{"@context":"https:\/\/schema.org","@graph":[{"@type":"WebPage","@id":"https:\/\/www.arteartesania.com\/en\/product\/torque-florentina\/","url":"https:\/\/www.arteartesania.com\/en\/product\/torque-florentina\/","name":"Torque Calas \"Florentina\" GOLD \" - Carlos Tellechea - Arteartesania","isPartOf":{"@id":"https:\/\/www.arteartesania.com\/en\/#website"},"primaryImageOfPage":{"@id":"https:\/\/www.arteartesania.com\/en\/product\/torque-florentina\/#primaryimage"},"image":{"@id":"https:\/\/www.arteartesania.com\/en\/product\/torque-florentina\/#primaryimage"},"thumbnailUrl":"https:\/\/www.arteartesania.com\/wp-content\/uploads\/2020\/03\/TORQ_CT_FLORO_vers2.jpg","datePublished":"2020-03-03T13:14:30+00:00","dateModified":"2026-02-25T15:19:55+00:00","description":"The Torques are rigid pieces, they are slightly separated to place them and they are closed and can be adapted by tension to the size of each neck.","breadcrumb":{"@id":"https:\/\/www.arteartesania.com\/en\/product\/torque-florentina\/#breadcrumb"},"inLanguage":"en-US","potentialAction":[{"@type":"ReadAction","target":["https:\/\/www.arteartesania.com\/en\/product\/torque-florentina\/"]}]},{"@type":"ImageObject","inLanguage":"en-US","@id":"https:\/\/www.arteartesania.com\/en\/product\/torque-florentina\/#primaryimage","url":"https:\/\/www.arteartesania.com\/wp-content\/uploads\/2020\/03\/TORQ_CT_FLORO_vers2.jpg","contentUrl":"https:\/\/www.arteartesania.com\/wp-content\/uploads\/2020\/03\/TORQ_CT_FLORO_vers2.jpg","width":2000,"height":2000},{"@type":"BreadcrumbList","@id":"https:\/\/www.arteartesania.com\/en\/product\/torque-florentina\/#breadcrumb","itemListElement":[{"@type":"ListItem","position":1,"name":"Portada","item":"https:\/\/www.arteartesania.com\/en\/"},{"@type":"ListItem","position":2,"name":"Shop online","item":"https:\/\/www.arteartesania.com\/en\/shop\/"},{"@type":"ListItem","position":3,"name":"Torque Calas \u00abFlorentina\u00bb GOLD \u00bb &#8211; Carlos Tellechea"}]},{"@type":"WebSite","@id":"https:\/\/www.arteartesania.com\/en\/#website","url":"https:\/\/www.arteartesania.com\/en\/","name":"Arteartesania","description":"Original selecci\u00f3n de Artesan\u00eda Contempor\u00e1nea de Autor","publisher":{"@id":"https:\/\/www.arteartesania.com\/en\/#organization"},"potentialAction":[{"@type":"SearchAction","target":{"@type":"EntryPoint","urlTemplate":"https:\/\/www.arteartesania.com\/en\/?s={search_term_string}"},"query-input":{"@type":"PropertyValueSpecification","valueRequired":true,"valueName":"search_term_string"}}],"inLanguage":"en-US"},{"@type":"Organization","@id":"https:\/\/www.arteartesania.com\/en\/#organization","name":"Arteartesania","url":"https:\/\/www.arteartesania.com\/en\/","logo":{"@type":"ImageObject","inLanguage":"en-US","@id":"https:\/\/www.arteartesania.com\/en\/#\/schema\/logo\/image\/","url":"https:\/\/www.arteartesania.com\/wp-content\/uploads\/2019\/12\/cropped-logofooter.png","contentUrl":"https:\/\/www.arteartesania.com\/wp-content\/uploads\/2019\/12\/cropped-logofooter.png","width":539,"height":58,"caption":"Arteartesania"},"image":{"@id":"https:\/\/www.arteartesania.com\/en\/#\/schema\/logo\/image\/"}}]}},"_links":{"self":[{"href":"https:\/\/www.arteartesania.com\/en\/wp-json\/wp\/v2\/product\/4697"}],"collection":[{"href":"https:\/\/www.arteartesania.com\/en\/wp-json\/wp\/v2\/product"}],"about":[{"href":"https:\/\/www.arteartesania.com\/en\/wp-json\/wp\/v2\/types\/product"}],"replies":[{"embeddable":true,"href":"https:\/\/www.arteartesania.com\/en\/wp-json\/wp\/v2\/comments?post=4697"}],"wp:featuredmedia":[{"embeddable":true,"href":"https:\/\/www.arteartesania.com\/en\/wp-json\/wp\/v2\/media\/4743"}],"wp:attachment":[{"href":"https:\/\/www.arteartesania.com\/en\/wp-json\/wp\/v2\/media?parent=4697"}],"wp:term":[{"taxonomy":"product_cat","embeddable":true,"href":"https:\/\/www.arteartesania.com\/en\/wp-json\/wp\/v2\/product_cat?post=4697"},{"taxonomy":"product_tag","embeddable":true,"href":"https:\/\/www.arteartesania.com\/en\/wp-json\/wp\/v2\/product_tag?post=4697"}],"curies":[{"name":"wp","href":"https:\/\/api.w.org\/{rel}","templated":true}]}}