{"id":3634,"date":"2020-01-29T13:03:29","date_gmt":"2020-01-29T12:03:29","guid":{"rendered":"http:\/\/www.arteartesania.com\/producto\/anillo-hojas-y-calas-de-oro-doble-2\/"},"modified":"2020-05-16T19:00:04","modified_gmt":"2020-05-16T17:00:04","slug":"anillo-hojas-y-calas-de-oro-doble-2","status":"publish","type":"product","link":"https:\/\/www.arteartesania.com\/en\/product\/anillo-hojas-y-calas-de-oro-doble-2\/","title":{"rendered":"Ring &#8216;double leafs with calla- lily&#8217; in gold"},"content":{"rendered":"<p>Ring &#8216;double calla-lily leaf&#8217; with gold<br \/>\n925 silver and 22 Kt gold application<br \/>\nCollection: &#8216;Leafs with Calla-Lily&#8217; gold<br \/>\nAuthor: Carlos Tellechea<\/p>\n<p>Material: gold, silver<br \/>\nThe ring is standard size (ESP 15\/16) And it can be opened a little by winning a couple of sizes<\/p>\n","protected":false},"excerpt":{"rendered":"<p>Ring &#8216;double calla-lily leaf&#8217; with gold<br \/>\n925 silver and 22 Kt gold application<br \/>\nCollection: &#8216;Leafs with Calla-Lily&#8217; gold<br \/>\nAuthor: Carlos Tellechea<\/p>\n<p>Material: gold, silver<br \/>\nThe ring is standard size (ESP 15\/16) And it can be opened a little by winning a couple of sizes<\/p>\n","protected":false},"featured_media":3623,"comment_status":"closed","ping_status":"closed","template":"","meta":{"_acf_changed":false,"inline_featured_image":false},"product_cat":[128,110,111],"product_tag":[588,282],"class_list":{"0":"post-3634","1":"product","2":"type-product","3":"status-publish","4":"has-post-thumbnail","6":"product_cat-carlostellechea","7":"product_cat-jewelry","8":"product_cat-rings","9":"product_tag-carlostellechea-arteartesania-soller-mallorca-confinamiento-en","10":"product_tag-calas-de-oro","12":"first","13":"instock","14":"shipping-taxable","15":"purchasable","16":"product-type-simple"},"acf":[],"yoast_head":"<!-- This site is optimized with the Yoast SEO plugin v23.6 - https:\/\/yoast.com\/wordpress\/plugins\/seo\/ -->\n<title>Ring &#039;double leafs with calla- lily&#039; in gold - Arteartesania<\/title>\n<meta name=\"robots\" content=\"index, follow, max-snippet:-1, max-image-preview:large, max-video-preview:-1\" \/>\n<link rel=\"canonical\" href=\"https:\/\/www.arteartesania.com\/en\/product\/anillo-hojas-y-calas-de-oro-doble-2\/\" \/>\n<meta property=\"og:locale\" content=\"en_US\" \/>\n<meta property=\"og:type\" content=\"article\" \/>\n<meta property=\"og:title\" content=\"Ring &#039;double leafs with calla- lily&#039; in gold - Arteartesania\" \/>\n<meta property=\"og:description\" content=\"Ring &#039;double calla-lily leaf&#039; with gold 925 silver and 22 Kt gold application Collection: &#039;Leafs with Calla-Lily&#039; gold Author: Carlos Tellechea  Material: gold, silver The ring is standard size (ESP 15\/16) And it can be opened a little by winning a couple of sizes\" \/>\n<meta property=\"og:url\" content=\"https:\/\/www.arteartesania.com\/en\/product\/anillo-hojas-y-calas-de-oro-doble-2\/\" \/>\n<meta property=\"og:site_name\" content=\"Arteartesania\" \/>\n<meta property=\"article:modified_time\" content=\"2020-05-16T17:00:04+00:00\" \/>\n<meta property=\"og:image\" content=\"https:\/\/www.arteartesania.com\/wp-content\/uploads\/2020\/01\/il_794xN.2180999625_6gre-1.jpg\" \/>\n\t<meta property=\"og:image:width\" content=\"794\" \/>\n\t<meta property=\"og:image:height\" content=\"794\" \/>\n\t<meta property=\"og:image:type\" content=\"image\/jpeg\" \/>\n<meta name=\"twitter:card\" content=\"summary_large_image\" \/>\n<script type=\"application\/ld+json\" class=\"yoast-schema-graph\">{\"@context\":\"https:\/\/schema.org\",\"@graph\":[{\"@type\":\"WebPage\",\"@id\":\"https:\/\/www.arteartesania.com\/en\/product\/anillo-hojas-y-calas-de-oro-doble-2\/\",\"url\":\"https:\/\/www.arteartesania.com\/en\/product\/anillo-hojas-y-calas-de-oro-doble-2\/\",\"name\":\"Ring 'double leafs with calla- lily' in gold - Arteartesania\",\"isPartOf\":{\"@id\":\"https:\/\/www.arteartesania.com\/en\/#website\"},\"primaryImageOfPage\":{\"@id\":\"https:\/\/www.arteartesania.com\/en\/product\/anillo-hojas-y-calas-de-oro-doble-2\/#primaryimage\"},\"image\":{\"@id\":\"https:\/\/www.arteartesania.com\/en\/product\/anillo-hojas-y-calas-de-oro-doble-2\/#primaryimage\"},\"thumbnailUrl\":\"https:\/\/www.arteartesania.com\/wp-content\/uploads\/2020\/01\/il_794xN.2180999625_6gre-1.jpg\",\"datePublished\":\"2020-01-29T12:03:29+00:00\",\"dateModified\":\"2020-05-16T17:00:04+00:00\",\"breadcrumb\":{\"@id\":\"https:\/\/www.arteartesania.com\/en\/product\/anillo-hojas-y-calas-de-oro-doble-2\/#breadcrumb\"},\"inLanguage\":\"en-US\",\"potentialAction\":[{\"@type\":\"ReadAction\",\"target\":[\"https:\/\/www.arteartesania.com\/en\/product\/anillo-hojas-y-calas-de-oro-doble-2\/\"]}]},{\"@type\":\"ImageObject\",\"inLanguage\":\"en-US\",\"@id\":\"https:\/\/www.arteartesania.com\/en\/product\/anillo-hojas-y-calas-de-oro-doble-2\/#primaryimage\",\"url\":\"https:\/\/www.arteartesania.com\/wp-content\/uploads\/2020\/01\/il_794xN.2180999625_6gre-1.jpg\",\"contentUrl\":\"https:\/\/www.arteartesania.com\/wp-content\/uploads\/2020\/01\/il_794xN.2180999625_6gre-1.jpg\",\"width\":794,\"height\":794,\"caption\":\"anillo hojas plata, anillo abierto plata, anillo flor grande, anillo flores oro, carlos tellechea, Anillo flores cala oro, anillo artesanal plata, joyer\u00eda de autor\"},{\"@type\":\"BreadcrumbList\",\"@id\":\"https:\/\/www.arteartesania.com\/en\/product\/anillo-hojas-y-calas-de-oro-doble-2\/#breadcrumb\",\"itemListElement\":[{\"@type\":\"ListItem\",\"position\":1,\"name\":\"Portada\",\"item\":\"https:\/\/www.arteartesania.com\/en\/\"},{\"@type\":\"ListItem\",\"position\":2,\"name\":\"Shop online\",\"item\":\"https:\/\/www.arteartesania.com\/en\/shop\/\"},{\"@type\":\"ListItem\",\"position\":3,\"name\":\"Ring &#8216;double leafs with calla- lily&#8217; in gold\"}]},{\"@type\":\"WebSite\",\"@id\":\"https:\/\/www.arteartesania.com\/en\/#website\",\"url\":\"https:\/\/www.arteartesania.com\/en\/\",\"name\":\"Arteartesania\",\"description\":\"Original selecci\u00f3n de Artesan\u00eda Contempor\u00e1nea de Autor\",\"publisher\":{\"@id\":\"https:\/\/www.arteartesania.com\/en\/#organization\"},\"potentialAction\":[{\"@type\":\"SearchAction\",\"target\":{\"@type\":\"EntryPoint\",\"urlTemplate\":\"https:\/\/www.arteartesania.com\/en\/?s={search_term_string}\"},\"query-input\":{\"@type\":\"PropertyValueSpecification\",\"valueRequired\":true,\"valueName\":\"search_term_string\"}}],\"inLanguage\":\"en-US\"},{\"@type\":\"Organization\",\"@id\":\"https:\/\/www.arteartesania.com\/en\/#organization\",\"name\":\"Arteartesania\",\"url\":\"https:\/\/www.arteartesania.com\/en\/\",\"logo\":{\"@type\":\"ImageObject\",\"inLanguage\":\"en-US\",\"@id\":\"https:\/\/www.arteartesania.com\/en\/#\/schema\/logo\/image\/\",\"url\":\"https:\/\/www.arteartesania.com\/wp-content\/uploads\/2019\/12\/cropped-logofooter.png\",\"contentUrl\":\"https:\/\/www.arteartesania.com\/wp-content\/uploads\/2019\/12\/cropped-logofooter.png\",\"width\":539,\"height\":58,\"caption\":\"Arteartesania\"},\"image\":{\"@id\":\"https:\/\/www.arteartesania.com\/en\/#\/schema\/logo\/image\/\"}}]}<\/script>\n<!-- \/ Yoast SEO plugin. -->","yoast_head_json":{"title":"Ring 'double leafs with calla- lily' in gold - Arteartesania","robots":{"index":"index","follow":"follow","max-snippet":"max-snippet:-1","max-image-preview":"max-image-preview:large","max-video-preview":"max-video-preview:-1"},"canonical":"https:\/\/www.arteartesania.com\/en\/product\/anillo-hojas-y-calas-de-oro-doble-2\/","og_locale":"en_US","og_type":"article","og_title":"Ring 'double leafs with calla- lily' in gold - Arteartesania","og_description":"Ring 'double calla-lily leaf' with gold 925 silver and 22 Kt gold application Collection: 'Leafs with Calla-Lily' gold Author: Carlos Tellechea  Material: gold, silver The ring is standard size (ESP 15\/16) And it can be opened a little by winning a couple of sizes","og_url":"https:\/\/www.arteartesania.com\/en\/product\/anillo-hojas-y-calas-de-oro-doble-2\/","og_site_name":"Arteartesania","article_modified_time":"2020-05-16T17:00:04+00:00","og_image":[{"width":794,"height":794,"url":"https:\/\/www.arteartesania.com\/wp-content\/uploads\/2020\/01\/il_794xN.2180999625_6gre-1.jpg","type":"image\/jpeg"}],"twitter_card":"summary_large_image","schema":{"@context":"https:\/\/schema.org","@graph":[{"@type":"WebPage","@id":"https:\/\/www.arteartesania.com\/en\/product\/anillo-hojas-y-calas-de-oro-doble-2\/","url":"https:\/\/www.arteartesania.com\/en\/product\/anillo-hojas-y-calas-de-oro-doble-2\/","name":"Ring 'double leafs with calla- lily' in gold - Arteartesania","isPartOf":{"@id":"https:\/\/www.arteartesania.com\/en\/#website"},"primaryImageOfPage":{"@id":"https:\/\/www.arteartesania.com\/en\/product\/anillo-hojas-y-calas-de-oro-doble-2\/#primaryimage"},"image":{"@id":"https:\/\/www.arteartesania.com\/en\/product\/anillo-hojas-y-calas-de-oro-doble-2\/#primaryimage"},"thumbnailUrl":"https:\/\/www.arteartesania.com\/wp-content\/uploads\/2020\/01\/il_794xN.2180999625_6gre-1.jpg","datePublished":"2020-01-29T12:03:29+00:00","dateModified":"2020-05-16T17:00:04+00:00","breadcrumb":{"@id":"https:\/\/www.arteartesania.com\/en\/product\/anillo-hojas-y-calas-de-oro-doble-2\/#breadcrumb"},"inLanguage":"en-US","potentialAction":[{"@type":"ReadAction","target":["https:\/\/www.arteartesania.com\/en\/product\/anillo-hojas-y-calas-de-oro-doble-2\/"]}]},{"@type":"ImageObject","inLanguage":"en-US","@id":"https:\/\/www.arteartesania.com\/en\/product\/anillo-hojas-y-calas-de-oro-doble-2\/#primaryimage","url":"https:\/\/www.arteartesania.com\/wp-content\/uploads\/2020\/01\/il_794xN.2180999625_6gre-1.jpg","contentUrl":"https:\/\/www.arteartesania.com\/wp-content\/uploads\/2020\/01\/il_794xN.2180999625_6gre-1.jpg","width":794,"height":794,"caption":"anillo hojas plata, anillo abierto plata, anillo flor grande, anillo flores oro, carlos tellechea, Anillo flores cala oro, anillo artesanal plata, joyer\u00eda de autor"},{"@type":"BreadcrumbList","@id":"https:\/\/www.arteartesania.com\/en\/product\/anillo-hojas-y-calas-de-oro-doble-2\/#breadcrumb","itemListElement":[{"@type":"ListItem","position":1,"name":"Portada","item":"https:\/\/www.arteartesania.com\/en\/"},{"@type":"ListItem","position":2,"name":"Shop online","item":"https:\/\/www.arteartesania.com\/en\/shop\/"},{"@type":"ListItem","position":3,"name":"Ring &#8216;double leafs with calla- lily&#8217; in gold"}]},{"@type":"WebSite","@id":"https:\/\/www.arteartesania.com\/en\/#website","url":"https:\/\/www.arteartesania.com\/en\/","name":"Arteartesania","description":"Original selecci\u00f3n de Artesan\u00eda Contempor\u00e1nea de Autor","publisher":{"@id":"https:\/\/www.arteartesania.com\/en\/#organization"},"potentialAction":[{"@type":"SearchAction","target":{"@type":"EntryPoint","urlTemplate":"https:\/\/www.arteartesania.com\/en\/?s={search_term_string}"},"query-input":{"@type":"PropertyValueSpecification","valueRequired":true,"valueName":"search_term_string"}}],"inLanguage":"en-US"},{"@type":"Organization","@id":"https:\/\/www.arteartesania.com\/en\/#organization","name":"Arteartesania","url":"https:\/\/www.arteartesania.com\/en\/","logo":{"@type":"ImageObject","inLanguage":"en-US","@id":"https:\/\/www.arteartesania.com\/en\/#\/schema\/logo\/image\/","url":"https:\/\/www.arteartesania.com\/wp-content\/uploads\/2019\/12\/cropped-logofooter.png","contentUrl":"https:\/\/www.arteartesania.com\/wp-content\/uploads\/2019\/12\/cropped-logofooter.png","width":539,"height":58,"caption":"Arteartesania"},"image":{"@id":"https:\/\/www.arteartesania.com\/en\/#\/schema\/logo\/image\/"}}]}},"_links":{"self":[{"href":"https:\/\/www.arteartesania.com\/en\/wp-json\/wp\/v2\/product\/3634"}],"collection":[{"href":"https:\/\/www.arteartesania.com\/en\/wp-json\/wp\/v2\/product"}],"about":[{"href":"https:\/\/www.arteartesania.com\/en\/wp-json\/wp\/v2\/types\/product"}],"replies":[{"embeddable":true,"href":"https:\/\/www.arteartesania.com\/en\/wp-json\/wp\/v2\/comments?post=3634"}],"wp:featuredmedia":[{"embeddable":true,"href":"https:\/\/www.arteartesania.com\/en\/wp-json\/wp\/v2\/media\/3623"}],"wp:attachment":[{"href":"https:\/\/www.arteartesania.com\/en\/wp-json\/wp\/v2\/media?parent=3634"}],"wp:term":[{"taxonomy":"product_cat","embeddable":true,"href":"https:\/\/www.arteartesania.com\/en\/wp-json\/wp\/v2\/product_cat?post=3634"},{"taxonomy":"product_tag","embeddable":true,"href":"https:\/\/www.arteartesania.com\/en\/wp-json\/wp\/v2\/product_tag?post=3634"}],"curies":[{"name":"wp","href":"https:\/\/api.w.org\/{rel}","templated":true}]}}