{"id":3560,"date":"2020-01-08T14:26:22","date_gmt":"2020-01-08T13:26:22","guid":{"rendered":"http:\/\/www.arteartesania.com\/product\/anillo-cala-florentina-con-pan-de-oro\/"},"modified":"2021-05-26T18:06:33","modified_gmt":"2021-05-26T16:06:33","slug":"anillo-cala-florentina-con-pan-de-oro","status":"publish","type":"product","link":"https:\/\/www.arteartesania.com\/en\/product\/anillo-cala-florentina-con-pan-de-oro\/","title":{"rendered":"Ring with 5 different Callas"},"content":{"rendered":"<p>LINE: &#8220;Calas de Oro&#8221;<br \/>\nPIECE: Ring with 5 different Callas<br \/>\nMATERIAL: Sterling silver and gold application 22 kt.<\/p>\n<p>Unique handmade piece by CARLOS TELLECHEA for ArteArtesania<\/p>\n<p><em><strong>Production technique, materials used:<\/strong><\/em><\/p>\n<p><span style=\"font-weight: 400\">The Flowers are made from wire and silver plate 925. The sheet is folded in different directions until the body of the flower is obtained, to which a small wire pistil is welded that ends in a ball.<\/span><\/p>\n<p><span style=\"font-weight: 400\">Once the flowers of different sizes are made, they are combined to get the different pieces of the Collection, Bracelets, Earrings, Rings etc.<\/span><\/p>\n<p><span style=\"font-weight: 400\">The entire collection is made in 925 Silver and with a 22kt Gold Leaf finish in the chalice of the Flower.<\/span><\/p>\n","protected":false},"excerpt":{"rendered":"<p>LINE: &#8220;Calas de Oro&#8221;<br \/>\nPIECE: Ring with 5 different Callas<br \/>\nMATERIAL: Sterling silver and gold application 22 kt.<\/p>\n<p>Unique handmade piece by CARLOS TELLECHEA for ArteArtesania<\/p>\n","protected":false},"featured_media":3565,"comment_status":"closed","ping_status":"closed","template":"","meta":{"_acf_changed":false,"inline_featured_image":false},"product_cat":[128,110,280,111],"product_tag":[349,282],"class_list":{"0":"post-3560","1":"product","2":"type-product","3":"status-publish","4":"has-post-thumbnail","6":"product_cat-carlostellechea","7":"product_cat-jewelry","8":"product_cat-las-calas-de-oro","9":"product_cat-rings","10":"product_tag-carlostellechea-soller-mallorca-joyeria-arteartesania-en","11":"product_tag-calas-de-oro","13":"first","14":"instock","15":"featured","16":"shipping-taxable","17":"purchasable","18":"product-type-simple"},"acf":[],"yoast_head":"<!-- This site is optimized with the Yoast SEO plugin v23.6 - https:\/\/yoast.com\/wordpress\/plugins\/seo\/ -->\n<title>Anillo Cala Florentina con pan de oro - Coleccion Calas - Carlos Tellechea<\/title>\n<meta name=\"robots\" content=\"index, follow, max-snippet:-1, max-image-preview:large, max-video-preview:-1\" \/>\n<link rel=\"canonical\" href=\"https:\/\/www.arteartesania.com\/en\/product\/anillo-cala-florentina-con-pan-de-oro\/\" \/>\n<meta property=\"og:locale\" content=\"en_US\" \/>\n<meta property=\"og:type\" content=\"article\" \/>\n<meta property=\"og:title\" content=\"Anillo Cala Florentina con pan de oro - Coleccion Calas - Carlos Tellechea\" \/>\n<meta property=\"og:description\" content=\"LINE: &quot;Calas de Oro&quot; PIECE: Ring with 5 different Callas MATERIAL: Sterling silver and gold application 22 kt.  Unique handmade piece by CARLOS TELLECHEA for ArteArtesania\" \/>\n<meta property=\"og:url\" content=\"https:\/\/www.arteartesania.com\/en\/product\/anillo-cala-florentina-con-pan-de-oro\/\" \/>\n<meta property=\"og:site_name\" content=\"Arteartesania\" \/>\n<meta property=\"article:modified_time\" content=\"2021-05-26T16:06:33+00:00\" \/>\n<meta property=\"og:image\" content=\"https:\/\/www.arteartesania.com\/wp-content\/uploads\/2020\/01\/il_794xN.1770061288_fypo.jpg\" \/>\n\t<meta property=\"og:image:width\" content=\"794\" \/>\n\t<meta property=\"og:image:height\" content=\"794\" \/>\n\t<meta property=\"og:image:type\" content=\"image\/jpeg\" \/>\n<meta name=\"twitter:card\" content=\"summary_large_image\" \/>\n<meta name=\"twitter:label1\" content=\"Est. reading time\" \/>\n\t<meta name=\"twitter:data1\" content=\"1 minute\" \/>\n<script type=\"application\/ld+json\" class=\"yoast-schema-graph\">{\"@context\":\"https:\/\/schema.org\",\"@graph\":[{\"@type\":\"WebPage\",\"@id\":\"https:\/\/www.arteartesania.com\/en\/product\/anillo-cala-florentina-con-pan-de-oro\/\",\"url\":\"https:\/\/www.arteartesania.com\/en\/product\/anillo-cala-florentina-con-pan-de-oro\/\",\"name\":\"Anillo Cala Florentina con pan de oro - Coleccion Calas - Carlos Tellechea\",\"isPartOf\":{\"@id\":\"https:\/\/www.arteartesania.com\/en\/#website\"},\"primaryImageOfPage\":{\"@id\":\"https:\/\/www.arteartesania.com\/en\/product\/anillo-cala-florentina-con-pan-de-oro\/#primaryimage\"},\"image\":{\"@id\":\"https:\/\/www.arteartesania.com\/en\/product\/anillo-cala-florentina-con-pan-de-oro\/#primaryimage\"},\"thumbnailUrl\":\"https:\/\/www.arteartesania.com\/wp-content\/uploads\/2020\/01\/il_794xN.1770061288_fypo.jpg\",\"datePublished\":\"2020-01-08T13:26:22+00:00\",\"dateModified\":\"2021-05-26T16:06:33+00:00\",\"breadcrumb\":{\"@id\":\"https:\/\/www.arteartesania.com\/en\/product\/anillo-cala-florentina-con-pan-de-oro\/#breadcrumb\"},\"inLanguage\":\"en-US\",\"potentialAction\":[{\"@type\":\"ReadAction\",\"target\":[\"https:\/\/www.arteartesania.com\/en\/product\/anillo-cala-florentina-con-pan-de-oro\/\"]}]},{\"@type\":\"ImageObject\",\"inLanguage\":\"en-US\",\"@id\":\"https:\/\/www.arteartesania.com\/en\/product\/anillo-cala-florentina-con-pan-de-oro\/#primaryimage\",\"url\":\"https:\/\/www.arteartesania.com\/wp-content\/uploads\/2020\/01\/il_794xN.1770061288_fypo.jpg\",\"contentUrl\":\"https:\/\/www.arteartesania.com\/wp-content\/uploads\/2020\/01\/il_794xN.1770061288_fypo.jpg\",\"width\":794,\"height\":794,\"caption\":\"anillo flor grande, anillo flores oro, carlos tellechea, Anillo flores cala oro, anillo artesanal plata, joyer\u00eda de autor\"},{\"@type\":\"BreadcrumbList\",\"@id\":\"https:\/\/www.arteartesania.com\/en\/product\/anillo-cala-florentina-con-pan-de-oro\/#breadcrumb\",\"itemListElement\":[{\"@type\":\"ListItem\",\"position\":1,\"name\":\"Portada\",\"item\":\"https:\/\/www.arteartesania.com\/en\/\"},{\"@type\":\"ListItem\",\"position\":2,\"name\":\"Shop online\",\"item\":\"https:\/\/www.arteartesania.com\/en\/shop\/\"},{\"@type\":\"ListItem\",\"position\":3,\"name\":\"Ring with 5 different Callas\"}]},{\"@type\":\"WebSite\",\"@id\":\"https:\/\/www.arteartesania.com\/en\/#website\",\"url\":\"https:\/\/www.arteartesania.com\/en\/\",\"name\":\"Arteartesania\",\"description\":\"Original selecci\u00f3n de Artesan\u00eda Contempor\u00e1nea de Autor\",\"publisher\":{\"@id\":\"https:\/\/www.arteartesania.com\/en\/#organization\"},\"potentialAction\":[{\"@type\":\"SearchAction\",\"target\":{\"@type\":\"EntryPoint\",\"urlTemplate\":\"https:\/\/www.arteartesania.com\/en\/?s={search_term_string}\"},\"query-input\":{\"@type\":\"PropertyValueSpecification\",\"valueRequired\":true,\"valueName\":\"search_term_string\"}}],\"inLanguage\":\"en-US\"},{\"@type\":\"Organization\",\"@id\":\"https:\/\/www.arteartesania.com\/en\/#organization\",\"name\":\"Arteartesania\",\"url\":\"https:\/\/www.arteartesania.com\/en\/\",\"logo\":{\"@type\":\"ImageObject\",\"inLanguage\":\"en-US\",\"@id\":\"https:\/\/www.arteartesania.com\/en\/#\/schema\/logo\/image\/\",\"url\":\"https:\/\/www.arteartesania.com\/wp-content\/uploads\/2019\/12\/cropped-logofooter.png\",\"contentUrl\":\"https:\/\/www.arteartesania.com\/wp-content\/uploads\/2019\/12\/cropped-logofooter.png\",\"width\":539,\"height\":58,\"caption\":\"Arteartesania\"},\"image\":{\"@id\":\"https:\/\/www.arteartesania.com\/en\/#\/schema\/logo\/image\/\"}}]}<\/script>\n<!-- \/ Yoast SEO plugin. -->","yoast_head_json":{"title":"Anillo Cala Florentina con pan de oro - Coleccion Calas - Carlos Tellechea","robots":{"index":"index","follow":"follow","max-snippet":"max-snippet:-1","max-image-preview":"max-image-preview:large","max-video-preview":"max-video-preview:-1"},"canonical":"https:\/\/www.arteartesania.com\/en\/product\/anillo-cala-florentina-con-pan-de-oro\/","og_locale":"en_US","og_type":"article","og_title":"Anillo Cala Florentina con pan de oro - Coleccion Calas - Carlos Tellechea","og_description":"LINE: \"Calas de Oro\" PIECE: Ring with 5 different Callas MATERIAL: Sterling silver and gold application 22 kt.  Unique handmade piece by CARLOS TELLECHEA for ArteArtesania","og_url":"https:\/\/www.arteartesania.com\/en\/product\/anillo-cala-florentina-con-pan-de-oro\/","og_site_name":"Arteartesania","article_modified_time":"2021-05-26T16:06:33+00:00","og_image":[{"width":794,"height":794,"url":"https:\/\/www.arteartesania.com\/wp-content\/uploads\/2020\/01\/il_794xN.1770061288_fypo.jpg","type":"image\/jpeg"}],"twitter_card":"summary_large_image","twitter_misc":{"Est. reading time":"1 minute"},"schema":{"@context":"https:\/\/schema.org","@graph":[{"@type":"WebPage","@id":"https:\/\/www.arteartesania.com\/en\/product\/anillo-cala-florentina-con-pan-de-oro\/","url":"https:\/\/www.arteartesania.com\/en\/product\/anillo-cala-florentina-con-pan-de-oro\/","name":"Anillo Cala Florentina con pan de oro - Coleccion Calas - Carlos Tellechea","isPartOf":{"@id":"https:\/\/www.arteartesania.com\/en\/#website"},"primaryImageOfPage":{"@id":"https:\/\/www.arteartesania.com\/en\/product\/anillo-cala-florentina-con-pan-de-oro\/#primaryimage"},"image":{"@id":"https:\/\/www.arteartesania.com\/en\/product\/anillo-cala-florentina-con-pan-de-oro\/#primaryimage"},"thumbnailUrl":"https:\/\/www.arteartesania.com\/wp-content\/uploads\/2020\/01\/il_794xN.1770061288_fypo.jpg","datePublished":"2020-01-08T13:26:22+00:00","dateModified":"2021-05-26T16:06:33+00:00","breadcrumb":{"@id":"https:\/\/www.arteartesania.com\/en\/product\/anillo-cala-florentina-con-pan-de-oro\/#breadcrumb"},"inLanguage":"en-US","potentialAction":[{"@type":"ReadAction","target":["https:\/\/www.arteartesania.com\/en\/product\/anillo-cala-florentina-con-pan-de-oro\/"]}]},{"@type":"ImageObject","inLanguage":"en-US","@id":"https:\/\/www.arteartesania.com\/en\/product\/anillo-cala-florentina-con-pan-de-oro\/#primaryimage","url":"https:\/\/www.arteartesania.com\/wp-content\/uploads\/2020\/01\/il_794xN.1770061288_fypo.jpg","contentUrl":"https:\/\/www.arteartesania.com\/wp-content\/uploads\/2020\/01\/il_794xN.1770061288_fypo.jpg","width":794,"height":794,"caption":"anillo flor grande, anillo flores oro, carlos tellechea, Anillo flores cala oro, anillo artesanal plata, joyer\u00eda de autor"},{"@type":"BreadcrumbList","@id":"https:\/\/www.arteartesania.com\/en\/product\/anillo-cala-florentina-con-pan-de-oro\/#breadcrumb","itemListElement":[{"@type":"ListItem","position":1,"name":"Portada","item":"https:\/\/www.arteartesania.com\/en\/"},{"@type":"ListItem","position":2,"name":"Shop online","item":"https:\/\/www.arteartesania.com\/en\/shop\/"},{"@type":"ListItem","position":3,"name":"Ring with 5 different Callas"}]},{"@type":"WebSite","@id":"https:\/\/www.arteartesania.com\/en\/#website","url":"https:\/\/www.arteartesania.com\/en\/","name":"Arteartesania","description":"Original selecci\u00f3n de Artesan\u00eda Contempor\u00e1nea de Autor","publisher":{"@id":"https:\/\/www.arteartesania.com\/en\/#organization"},"potentialAction":[{"@type":"SearchAction","target":{"@type":"EntryPoint","urlTemplate":"https:\/\/www.arteartesania.com\/en\/?s={search_term_string}"},"query-input":{"@type":"PropertyValueSpecification","valueRequired":true,"valueName":"search_term_string"}}],"inLanguage":"en-US"},{"@type":"Organization","@id":"https:\/\/www.arteartesania.com\/en\/#organization","name":"Arteartesania","url":"https:\/\/www.arteartesania.com\/en\/","logo":{"@type":"ImageObject","inLanguage":"en-US","@id":"https:\/\/www.arteartesania.com\/en\/#\/schema\/logo\/image\/","url":"https:\/\/www.arteartesania.com\/wp-content\/uploads\/2019\/12\/cropped-logofooter.png","contentUrl":"https:\/\/www.arteartesania.com\/wp-content\/uploads\/2019\/12\/cropped-logofooter.png","width":539,"height":58,"caption":"Arteartesania"},"image":{"@id":"https:\/\/www.arteartesania.com\/en\/#\/schema\/logo\/image\/"}}]}},"_links":{"self":[{"href":"https:\/\/www.arteartesania.com\/en\/wp-json\/wp\/v2\/product\/3560"}],"collection":[{"href":"https:\/\/www.arteartesania.com\/en\/wp-json\/wp\/v2\/product"}],"about":[{"href":"https:\/\/www.arteartesania.com\/en\/wp-json\/wp\/v2\/types\/product"}],"replies":[{"embeddable":true,"href":"https:\/\/www.arteartesania.com\/en\/wp-json\/wp\/v2\/comments?post=3560"}],"wp:featuredmedia":[{"embeddable":true,"href":"https:\/\/www.arteartesania.com\/en\/wp-json\/wp\/v2\/media\/3565"}],"wp:attachment":[{"href":"https:\/\/www.arteartesania.com\/en\/wp-json\/wp\/v2\/media?parent=3560"}],"wp:term":[{"taxonomy":"product_cat","embeddable":true,"href":"https:\/\/www.arteartesania.com\/en\/wp-json\/wp\/v2\/product_cat?post=3560"},{"taxonomy":"product_tag","embeddable":true,"href":"https:\/\/www.arteartesania.com\/en\/wp-json\/wp\/v2\/product_tag?post=3560"}],"curies":[{"name":"wp","href":"https:\/\/api.w.org\/{rel}","templated":true}]}}