{"id":18458,"date":"2025-08-21T16:05:17","date_gmt":"2025-08-21T14:05:17","guid":{"rendered":"https:\/\/www.arteartesania.com\/producto\/bolso-de-piel-pintado-a-mano-formas-geometricas-talabar\/"},"modified":"2025-08-21T16:07:40","modified_gmt":"2025-08-21T14:07:40","slug":"bolso-de-piel-pintado-a-mano-formas-geometricas-talabar","status":"publish","type":"product","link":"https:\/\/www.arteartesania.com\/en\/product\/bolso-de-piel-pintado-a-mano-formas-geometricas-talabar\/","title":{"rendered":"Hand-painted leather bag with geometric shapes &#8211; TALABAR"},"content":{"rendered":"<p>Handmade and hand-painted leather bag with geometric shapes.<\/p>\n<p>The bag has a strap so it can be worn over the shoulder.<\/p>\n<p>Made in Seville.<\/p>\n<p>Measurements: 17 cm high x 20 cm long<\/p>\n","protected":false},"excerpt":{"rendered":"<p>Handmade and hand-painted leather bag with geometric shapes. The bag has a strap so it can be worn over the shoulder. Made in Seville. Measurements: 17 cm high x 20 cm long<\/p>\n","protected":false},"featured_media":18450,"comment_status":"closed","ping_status":"closed","template":"","meta":{"_acf_changed":false,"inline_featured_image":false},"product_cat":[739,790,109,237],"product_tag":[450,766,815,817,819,836,820,821,837,769,838,795,839,840,797,341,798,841],"class_list":{"0":"post-18458","1":"product","2":"type-product","3":"status-publish","4":"has-post-thumbnail","6":"product_cat-leather-en","7":"product_cat-cuero-en","8":"product_cat-objects","9":"product_cat-talabar-en","10":"product_tag-arteartesania-2-en","11":"product_tag-carlos-tellechea-en-2","12":"product_tag-bolso-en","13":"product_tag-bolso-de-piel-en","14":"product_tag-bolso-hecho-a-mano-en","15":"product_tag-bolso-patinado-en","16":"product_tag-handcraft-en","17":"product_tag-handicraft-en","18":"product_tag-handmade-bag-en","19":"product_tag-hecho-a-mano-en","20":"product_tag-leather-bag-en","21":"product_tag-moda-en","22":"product_tag-moda-de-calidad-en","23":"product_tag-pintado-a-mano-en","24":"product_tag-sevilla-en","25":"product_tag-soller-en","26":"product_tag-talabar-en","27":"product_tag-talabar-en-piel-en","29":"first","30":"instock","31":"shipping-taxable","32":"purchasable","33":"product-type-simple"},"acf":[],"yoast_head":"<!-- This site is optimized with the Yoast SEO plugin v23.6 - https:\/\/yoast.com\/wordpress\/plugins\/seo\/ -->\n<title>Hand-painted leather bag with geometric shapes - TALABAR - Arteartesania<\/title>\n<meta name=\"robots\" content=\"index, follow, max-snippet:-1, max-image-preview:large, max-video-preview:-1\" \/>\n<link rel=\"canonical\" href=\"https:\/\/www.arteartesania.com\/en\/product\/bolso-de-piel-pintado-a-mano-formas-geometricas-talabar\/\" \/>\n<meta property=\"og:locale\" content=\"en_US\" \/>\n<meta property=\"og:type\" content=\"article\" \/>\n<meta property=\"og:title\" content=\"Hand-painted leather bag with geometric shapes - TALABAR - Arteartesania\" \/>\n<meta property=\"og:description\" content=\"Handmade and hand-painted leather bag with geometric shapes. The bag has a strap so it can be worn over the shoulder. Made in Seville. Measurements: 17 cm high x 20 cm long\" \/>\n<meta property=\"og:url\" content=\"https:\/\/www.arteartesania.com\/en\/product\/bolso-de-piel-pintado-a-mano-formas-geometricas-talabar\/\" \/>\n<meta property=\"og:site_name\" content=\"Arteartesania\" \/>\n<meta property=\"article:modified_time\" content=\"2025-08-21T14:07:40+00:00\" \/>\n<meta property=\"og:image\" content=\"https:\/\/www.arteartesania.com\/wp-content\/uploads\/2025\/08\/1BOLSO-PATINADO-TALABAR-scaled.jpg\" \/>\n\t<meta property=\"og:image:width\" content=\"2560\" \/>\n\t<meta property=\"og:image:height\" content=\"2560\" \/>\n\t<meta property=\"og:image:type\" content=\"image\/jpeg\" \/>\n<meta name=\"twitter:card\" content=\"summary_large_image\" \/>\n<meta name=\"twitter:label1\" content=\"Est. reading time\" \/>\n\t<meta name=\"twitter:data1\" content=\"1 minute\" \/>\n<script type=\"application\/ld+json\" class=\"yoast-schema-graph\">{\"@context\":\"https:\/\/schema.org\",\"@graph\":[{\"@type\":\"WebPage\",\"@id\":\"https:\/\/www.arteartesania.com\/en\/product\/bolso-de-piel-pintado-a-mano-formas-geometricas-talabar\/\",\"url\":\"https:\/\/www.arteartesania.com\/en\/product\/bolso-de-piel-pintado-a-mano-formas-geometricas-talabar\/\",\"name\":\"Hand-painted leather bag with geometric shapes - TALABAR - Arteartesania\",\"isPartOf\":{\"@id\":\"https:\/\/www.arteartesania.com\/en\/#website\"},\"primaryImageOfPage\":{\"@id\":\"https:\/\/www.arteartesania.com\/en\/product\/bolso-de-piel-pintado-a-mano-formas-geometricas-talabar\/#primaryimage\"},\"image\":{\"@id\":\"https:\/\/www.arteartesania.com\/en\/product\/bolso-de-piel-pintado-a-mano-formas-geometricas-talabar\/#primaryimage\"},\"thumbnailUrl\":\"https:\/\/www.arteartesania.com\/wp-content\/uploads\/2025\/08\/1BOLSO-PATINADO-TALABAR-scaled.jpg\",\"datePublished\":\"2025-08-21T14:05:17+00:00\",\"dateModified\":\"2025-08-21T14:07:40+00:00\",\"breadcrumb\":{\"@id\":\"https:\/\/www.arteartesania.com\/en\/product\/bolso-de-piel-pintado-a-mano-formas-geometricas-talabar\/#breadcrumb\"},\"inLanguage\":\"en-US\",\"potentialAction\":[{\"@type\":\"ReadAction\",\"target\":[\"https:\/\/www.arteartesania.com\/en\/product\/bolso-de-piel-pintado-a-mano-formas-geometricas-talabar\/\"]}]},{\"@type\":\"ImageObject\",\"inLanguage\":\"en-US\",\"@id\":\"https:\/\/www.arteartesania.com\/en\/product\/bolso-de-piel-pintado-a-mano-formas-geometricas-talabar\/#primaryimage\",\"url\":\"https:\/\/www.arteartesania.com\/wp-content\/uploads\/2025\/08\/1BOLSO-PATINADO-TALABAR-scaled.jpg\",\"contentUrl\":\"https:\/\/www.arteartesania.com\/wp-content\/uploads\/2025\/08\/1BOLSO-PATINADO-TALABAR-scaled.jpg\",\"width\":2560,\"height\":2560,\"caption\":\"bolso talabar pintado a mano\"},{\"@type\":\"BreadcrumbList\",\"@id\":\"https:\/\/www.arteartesania.com\/en\/product\/bolso-de-piel-pintado-a-mano-formas-geometricas-talabar\/#breadcrumb\",\"itemListElement\":[{\"@type\":\"ListItem\",\"position\":1,\"name\":\"Portada\",\"item\":\"https:\/\/www.arteartesania.com\/en\/\"},{\"@type\":\"ListItem\",\"position\":2,\"name\":\"Shop online\",\"item\":\"https:\/\/www.arteartesania.com\/en\/shop\/\"},{\"@type\":\"ListItem\",\"position\":3,\"name\":\"Hand-painted leather bag with geometric shapes &#8211; TALABAR\"}]},{\"@type\":\"WebSite\",\"@id\":\"https:\/\/www.arteartesania.com\/en\/#website\",\"url\":\"https:\/\/www.arteartesania.com\/en\/\",\"name\":\"Arteartesania\",\"description\":\"Original selecci\u00f3n de Artesan\u00eda Contempor\u00e1nea de Autor\",\"publisher\":{\"@id\":\"https:\/\/www.arteartesania.com\/en\/#organization\"},\"potentialAction\":[{\"@type\":\"SearchAction\",\"target\":{\"@type\":\"EntryPoint\",\"urlTemplate\":\"https:\/\/www.arteartesania.com\/en\/?s={search_term_string}\"},\"query-input\":{\"@type\":\"PropertyValueSpecification\",\"valueRequired\":true,\"valueName\":\"search_term_string\"}}],\"inLanguage\":\"en-US\"},{\"@type\":\"Organization\",\"@id\":\"https:\/\/www.arteartesania.com\/en\/#organization\",\"name\":\"Arteartesania\",\"url\":\"https:\/\/www.arteartesania.com\/en\/\",\"logo\":{\"@type\":\"ImageObject\",\"inLanguage\":\"en-US\",\"@id\":\"https:\/\/www.arteartesania.com\/en\/#\/schema\/logo\/image\/\",\"url\":\"https:\/\/www.arteartesania.com\/wp-content\/uploads\/2019\/12\/cropped-logofooter.png\",\"contentUrl\":\"https:\/\/www.arteartesania.com\/wp-content\/uploads\/2019\/12\/cropped-logofooter.png\",\"width\":539,\"height\":58,\"caption\":\"Arteartesania\"},\"image\":{\"@id\":\"https:\/\/www.arteartesania.com\/en\/#\/schema\/logo\/image\/\"}}]}<\/script>\n<!-- \/ Yoast SEO plugin. -->","yoast_head_json":{"title":"Hand-painted leather bag with geometric shapes - TALABAR - Arteartesania","robots":{"index":"index","follow":"follow","max-snippet":"max-snippet:-1","max-image-preview":"max-image-preview:large","max-video-preview":"max-video-preview:-1"},"canonical":"https:\/\/www.arteartesania.com\/en\/product\/bolso-de-piel-pintado-a-mano-formas-geometricas-talabar\/","og_locale":"en_US","og_type":"article","og_title":"Hand-painted leather bag with geometric shapes - TALABAR - Arteartesania","og_description":"Handmade and hand-painted leather bag with geometric shapes. The bag has a strap so it can be worn over the shoulder. Made in Seville. Measurements: 17 cm high x 20 cm long","og_url":"https:\/\/www.arteartesania.com\/en\/product\/bolso-de-piel-pintado-a-mano-formas-geometricas-talabar\/","og_site_name":"Arteartesania","article_modified_time":"2025-08-21T14:07:40+00:00","og_image":[{"width":2560,"height":2560,"url":"https:\/\/www.arteartesania.com\/wp-content\/uploads\/2025\/08\/1BOLSO-PATINADO-TALABAR-scaled.jpg","type":"image\/jpeg"}],"twitter_card":"summary_large_image","twitter_misc":{"Est. reading time":"1 minute"},"schema":{"@context":"https:\/\/schema.org","@graph":[{"@type":"WebPage","@id":"https:\/\/www.arteartesania.com\/en\/product\/bolso-de-piel-pintado-a-mano-formas-geometricas-talabar\/","url":"https:\/\/www.arteartesania.com\/en\/product\/bolso-de-piel-pintado-a-mano-formas-geometricas-talabar\/","name":"Hand-painted leather bag with geometric shapes - TALABAR - Arteartesania","isPartOf":{"@id":"https:\/\/www.arteartesania.com\/en\/#website"},"primaryImageOfPage":{"@id":"https:\/\/www.arteartesania.com\/en\/product\/bolso-de-piel-pintado-a-mano-formas-geometricas-talabar\/#primaryimage"},"image":{"@id":"https:\/\/www.arteartesania.com\/en\/product\/bolso-de-piel-pintado-a-mano-formas-geometricas-talabar\/#primaryimage"},"thumbnailUrl":"https:\/\/www.arteartesania.com\/wp-content\/uploads\/2025\/08\/1BOLSO-PATINADO-TALABAR-scaled.jpg","datePublished":"2025-08-21T14:05:17+00:00","dateModified":"2025-08-21T14:07:40+00:00","breadcrumb":{"@id":"https:\/\/www.arteartesania.com\/en\/product\/bolso-de-piel-pintado-a-mano-formas-geometricas-talabar\/#breadcrumb"},"inLanguage":"en-US","potentialAction":[{"@type":"ReadAction","target":["https:\/\/www.arteartesania.com\/en\/product\/bolso-de-piel-pintado-a-mano-formas-geometricas-talabar\/"]}]},{"@type":"ImageObject","inLanguage":"en-US","@id":"https:\/\/www.arteartesania.com\/en\/product\/bolso-de-piel-pintado-a-mano-formas-geometricas-talabar\/#primaryimage","url":"https:\/\/www.arteartesania.com\/wp-content\/uploads\/2025\/08\/1BOLSO-PATINADO-TALABAR-scaled.jpg","contentUrl":"https:\/\/www.arteartesania.com\/wp-content\/uploads\/2025\/08\/1BOLSO-PATINADO-TALABAR-scaled.jpg","width":2560,"height":2560,"caption":"bolso talabar pintado a mano"},{"@type":"BreadcrumbList","@id":"https:\/\/www.arteartesania.com\/en\/product\/bolso-de-piel-pintado-a-mano-formas-geometricas-talabar\/#breadcrumb","itemListElement":[{"@type":"ListItem","position":1,"name":"Portada","item":"https:\/\/www.arteartesania.com\/en\/"},{"@type":"ListItem","position":2,"name":"Shop online","item":"https:\/\/www.arteartesania.com\/en\/shop\/"},{"@type":"ListItem","position":3,"name":"Hand-painted leather bag with geometric shapes &#8211; TALABAR"}]},{"@type":"WebSite","@id":"https:\/\/www.arteartesania.com\/en\/#website","url":"https:\/\/www.arteartesania.com\/en\/","name":"Arteartesania","description":"Original selecci\u00f3n de Artesan\u00eda Contempor\u00e1nea de Autor","publisher":{"@id":"https:\/\/www.arteartesania.com\/en\/#organization"},"potentialAction":[{"@type":"SearchAction","target":{"@type":"EntryPoint","urlTemplate":"https:\/\/www.arteartesania.com\/en\/?s={search_term_string}"},"query-input":{"@type":"PropertyValueSpecification","valueRequired":true,"valueName":"search_term_string"}}],"inLanguage":"en-US"},{"@type":"Organization","@id":"https:\/\/www.arteartesania.com\/en\/#organization","name":"Arteartesania","url":"https:\/\/www.arteartesania.com\/en\/","logo":{"@type":"ImageObject","inLanguage":"en-US","@id":"https:\/\/www.arteartesania.com\/en\/#\/schema\/logo\/image\/","url":"https:\/\/www.arteartesania.com\/wp-content\/uploads\/2019\/12\/cropped-logofooter.png","contentUrl":"https:\/\/www.arteartesania.com\/wp-content\/uploads\/2019\/12\/cropped-logofooter.png","width":539,"height":58,"caption":"Arteartesania"},"image":{"@id":"https:\/\/www.arteartesania.com\/en\/#\/schema\/logo\/image\/"}}]}},"_links":{"self":[{"href":"https:\/\/www.arteartesania.com\/en\/wp-json\/wp\/v2\/product\/18458"}],"collection":[{"href":"https:\/\/www.arteartesania.com\/en\/wp-json\/wp\/v2\/product"}],"about":[{"href":"https:\/\/www.arteartesania.com\/en\/wp-json\/wp\/v2\/types\/product"}],"replies":[{"embeddable":true,"href":"https:\/\/www.arteartesania.com\/en\/wp-json\/wp\/v2\/comments?post=18458"}],"wp:featuredmedia":[{"embeddable":true,"href":"https:\/\/www.arteartesania.com\/en\/wp-json\/wp\/v2\/media\/18450"}],"wp:attachment":[{"href":"https:\/\/www.arteartesania.com\/en\/wp-json\/wp\/v2\/media?parent=18458"}],"wp:term":[{"taxonomy":"product_cat","embeddable":true,"href":"https:\/\/www.arteartesania.com\/en\/wp-json\/wp\/v2\/product_cat?post=18458"},{"taxonomy":"product_tag","embeddable":true,"href":"https:\/\/www.arteartesania.com\/en\/wp-json\/wp\/v2\/product_tag?post=18458"}],"curies":[{"name":"wp","href":"https:\/\/api.w.org\/{rel}","templated":true}]}}