{"id":18424,"date":"2025-08-20T16:44:24","date_gmt":"2025-08-20T14:44:24","guid":{"rendered":"https:\/\/www.arteartesania.com\/producto\/pequena-carterita-de-piel-pintada-a-mano\/"},"modified":"2025-08-20T16:54:34","modified_gmt":"2025-08-20T14:54:34","slug":"pequena-carterita-de-piel-pintada-a-mano","status":"publish","type":"product","link":"https:\/\/www.arteartesania.com\/en\/product\/pequena-carterita-de-piel-pintada-a-mano\/","title":{"rendered":"Small hand-painted leather wallet TALABAR"},"content":{"rendered":"<p>Leather wallets handmade and hand-painted in Seville.<\/p>\n<p>With a compartment for cards, bills, and a small coin purse.<\/p>\n<p>10 cm long, 8 cm high<\/p>\n","protected":false},"excerpt":{"rendered":"<p>Leather wallets handmade and hand-painted in Seville. With a compartment for cards, bills, and a small coin purse. 10 cm long, 8 cm high<\/p>\n","protected":false},"featured_media":18403,"comment_status":"closed","ping_status":"closed","template":"","meta":{"_acf_changed":false,"inline_featured_image":false},"product_cat":[790,739,237],"product_tag":[450,791,792,793,769,794,795,796,797,798],"class_list":{"0":"post-18424","1":"product","2":"type-product","3":"status-publish","4":"has-post-thumbnail","6":"product_cat-cuero-en","7":"product_cat-leather-en","8":"product_cat-talabar-en","9":"product_tag-arteartesania-2-en","10":"product_tag-carlostellechea-arteartesania-confinamiento-en","11":"product_tag-cartera-en","12":"product_tag-cartera-de-piel-en","13":"product_tag-hecho-a-mano-en","14":"product_tag-leather-en","15":"product_tag-moda-en","16":"product_tag-piel-en","17":"product_tag-sevilla-en","18":"product_tag-talabar-en","20":"first","21":"instock","22":"shipping-taxable","23":"purchasable","24":"product-type-variable"},"acf":[],"yoast_head":"<!-- This site is optimized with the Yoast SEO plugin v23.6 - https:\/\/yoast.com\/wordpress\/plugins\/seo\/ -->\n<title>Small hand-painted leather wallet TALABAR - Arteartesania<\/title>\n<meta name=\"robots\" content=\"index, follow, max-snippet:-1, max-image-preview:large, max-video-preview:-1\" \/>\n<link rel=\"canonical\" href=\"https:\/\/www.arteartesania.com\/en\/product\/pequena-carterita-de-piel-pintada-a-mano\/\" \/>\n<meta property=\"og:locale\" content=\"en_US\" \/>\n<meta property=\"og:type\" content=\"article\" \/>\n<meta property=\"og:title\" content=\"Small hand-painted leather wallet TALABAR - Arteartesania\" \/>\n<meta property=\"og:description\" content=\"Leather wallets handmade and hand-painted in Seville. With a compartment for cards, bills, and a small coin purse. 10 cm long, 8 cm high\" \/>\n<meta property=\"og:url\" content=\"https:\/\/www.arteartesania.com\/en\/product\/pequena-carterita-de-piel-pintada-a-mano\/\" \/>\n<meta property=\"og:site_name\" content=\"Arteartesania\" \/>\n<meta property=\"article:modified_time\" content=\"2025-08-20T14:54:34+00:00\" \/>\n<meta property=\"og:image\" content=\"https:\/\/www.arteartesania.com\/wp-content\/uploads\/2025\/08\/1TALABAR-CARTERITA-scaled.jpg\" \/>\n\t<meta property=\"og:image:width\" content=\"2560\" \/>\n\t<meta property=\"og:image:height\" content=\"2560\" \/>\n\t<meta property=\"og:image:type\" content=\"image\/jpeg\" \/>\n<meta name=\"twitter:card\" content=\"summary_large_image\" \/>\n<meta name=\"twitter:label1\" content=\"Est. reading time\" \/>\n\t<meta name=\"twitter:data1\" content=\"1 minute\" \/>\n<script type=\"application\/ld+json\" class=\"yoast-schema-graph\">{\"@context\":\"https:\/\/schema.org\",\"@graph\":[{\"@type\":\"WebPage\",\"@id\":\"https:\/\/www.arteartesania.com\/en\/product\/pequena-carterita-de-piel-pintada-a-mano\/\",\"url\":\"https:\/\/www.arteartesania.com\/en\/product\/pequena-carterita-de-piel-pintada-a-mano\/\",\"name\":\"Small hand-painted leather wallet TALABAR - Arteartesania\",\"isPartOf\":{\"@id\":\"https:\/\/www.arteartesania.com\/en\/#website\"},\"primaryImageOfPage\":{\"@id\":\"https:\/\/www.arteartesania.com\/en\/product\/pequena-carterita-de-piel-pintada-a-mano\/#primaryimage\"},\"image\":{\"@id\":\"https:\/\/www.arteartesania.com\/en\/product\/pequena-carterita-de-piel-pintada-a-mano\/#primaryimage\"},\"thumbnailUrl\":\"https:\/\/www.arteartesania.com\/wp-content\/uploads\/2025\/08\/1TALABAR-CARTERITA-scaled.jpg\",\"datePublished\":\"2025-08-20T14:44:24+00:00\",\"dateModified\":\"2025-08-20T14:54:34+00:00\",\"breadcrumb\":{\"@id\":\"https:\/\/www.arteartesania.com\/en\/product\/pequena-carterita-de-piel-pintada-a-mano\/#breadcrumb\"},\"inLanguage\":\"en-US\",\"potentialAction\":[{\"@type\":\"ReadAction\",\"target\":[\"https:\/\/www.arteartesania.com\/en\/product\/pequena-carterita-de-piel-pintada-a-mano\/\"]}]},{\"@type\":\"ImageObject\",\"inLanguage\":\"en-US\",\"@id\":\"https:\/\/www.arteartesania.com\/en\/product\/pequena-carterita-de-piel-pintada-a-mano\/#primaryimage\",\"url\":\"https:\/\/www.arteartesania.com\/wp-content\/uploads\/2025\/08\/1TALABAR-CARTERITA-scaled.jpg\",\"contentUrl\":\"https:\/\/www.arteartesania.com\/wp-content\/uploads\/2025\/08\/1TALABAR-CARTERITA-scaled.jpg\",\"width\":2560,\"height\":2560,\"caption\":\"cartera de cuero talabar pintada a mano arteartesania\"},{\"@type\":\"BreadcrumbList\",\"@id\":\"https:\/\/www.arteartesania.com\/en\/product\/pequena-carterita-de-piel-pintada-a-mano\/#breadcrumb\",\"itemListElement\":[{\"@type\":\"ListItem\",\"position\":1,\"name\":\"Portada\",\"item\":\"https:\/\/www.arteartesania.com\/en\/\"},{\"@type\":\"ListItem\",\"position\":2,\"name\":\"Shop online\",\"item\":\"https:\/\/www.arteartesania.com\/en\/shop\/\"},{\"@type\":\"ListItem\",\"position\":3,\"name\":\"Small hand-painted leather wallet TALABAR\"}]},{\"@type\":\"WebSite\",\"@id\":\"https:\/\/www.arteartesania.com\/en\/#website\",\"url\":\"https:\/\/www.arteartesania.com\/en\/\",\"name\":\"Arteartesania\",\"description\":\"Original selecci\u00f3n de Artesan\u00eda Contempor\u00e1nea de Autor\",\"publisher\":{\"@id\":\"https:\/\/www.arteartesania.com\/en\/#organization\"},\"potentialAction\":[{\"@type\":\"SearchAction\",\"target\":{\"@type\":\"EntryPoint\",\"urlTemplate\":\"https:\/\/www.arteartesania.com\/en\/?s={search_term_string}\"},\"query-input\":{\"@type\":\"PropertyValueSpecification\",\"valueRequired\":true,\"valueName\":\"search_term_string\"}}],\"inLanguage\":\"en-US\"},{\"@type\":\"Organization\",\"@id\":\"https:\/\/www.arteartesania.com\/en\/#organization\",\"name\":\"Arteartesania\",\"url\":\"https:\/\/www.arteartesania.com\/en\/\",\"logo\":{\"@type\":\"ImageObject\",\"inLanguage\":\"en-US\",\"@id\":\"https:\/\/www.arteartesania.com\/en\/#\/schema\/logo\/image\/\",\"url\":\"https:\/\/www.arteartesania.com\/wp-content\/uploads\/2019\/12\/cropped-logofooter.png\",\"contentUrl\":\"https:\/\/www.arteartesania.com\/wp-content\/uploads\/2019\/12\/cropped-logofooter.png\",\"width\":539,\"height\":58,\"caption\":\"Arteartesania\"},\"image\":{\"@id\":\"https:\/\/www.arteartesania.com\/en\/#\/schema\/logo\/image\/\"}}]}<\/script>\n<!-- \/ Yoast SEO plugin. -->","yoast_head_json":{"title":"Small hand-painted leather wallet TALABAR - Arteartesania","robots":{"index":"index","follow":"follow","max-snippet":"max-snippet:-1","max-image-preview":"max-image-preview:large","max-video-preview":"max-video-preview:-1"},"canonical":"https:\/\/www.arteartesania.com\/en\/product\/pequena-carterita-de-piel-pintada-a-mano\/","og_locale":"en_US","og_type":"article","og_title":"Small hand-painted leather wallet TALABAR - Arteartesania","og_description":"Leather wallets handmade and hand-painted in Seville. With a compartment for cards, bills, and a small coin purse. 10 cm long, 8 cm high","og_url":"https:\/\/www.arteartesania.com\/en\/product\/pequena-carterita-de-piel-pintada-a-mano\/","og_site_name":"Arteartesania","article_modified_time":"2025-08-20T14:54:34+00:00","og_image":[{"width":2560,"height":2560,"url":"https:\/\/www.arteartesania.com\/wp-content\/uploads\/2025\/08\/1TALABAR-CARTERITA-scaled.jpg","type":"image\/jpeg"}],"twitter_card":"summary_large_image","twitter_misc":{"Est. reading time":"1 minute"},"schema":{"@context":"https:\/\/schema.org","@graph":[{"@type":"WebPage","@id":"https:\/\/www.arteartesania.com\/en\/product\/pequena-carterita-de-piel-pintada-a-mano\/","url":"https:\/\/www.arteartesania.com\/en\/product\/pequena-carterita-de-piel-pintada-a-mano\/","name":"Small hand-painted leather wallet TALABAR - Arteartesania","isPartOf":{"@id":"https:\/\/www.arteartesania.com\/en\/#website"},"primaryImageOfPage":{"@id":"https:\/\/www.arteartesania.com\/en\/product\/pequena-carterita-de-piel-pintada-a-mano\/#primaryimage"},"image":{"@id":"https:\/\/www.arteartesania.com\/en\/product\/pequena-carterita-de-piel-pintada-a-mano\/#primaryimage"},"thumbnailUrl":"https:\/\/www.arteartesania.com\/wp-content\/uploads\/2025\/08\/1TALABAR-CARTERITA-scaled.jpg","datePublished":"2025-08-20T14:44:24+00:00","dateModified":"2025-08-20T14:54:34+00:00","breadcrumb":{"@id":"https:\/\/www.arteartesania.com\/en\/product\/pequena-carterita-de-piel-pintada-a-mano\/#breadcrumb"},"inLanguage":"en-US","potentialAction":[{"@type":"ReadAction","target":["https:\/\/www.arteartesania.com\/en\/product\/pequena-carterita-de-piel-pintada-a-mano\/"]}]},{"@type":"ImageObject","inLanguage":"en-US","@id":"https:\/\/www.arteartesania.com\/en\/product\/pequena-carterita-de-piel-pintada-a-mano\/#primaryimage","url":"https:\/\/www.arteartesania.com\/wp-content\/uploads\/2025\/08\/1TALABAR-CARTERITA-scaled.jpg","contentUrl":"https:\/\/www.arteartesania.com\/wp-content\/uploads\/2025\/08\/1TALABAR-CARTERITA-scaled.jpg","width":2560,"height":2560,"caption":"cartera de cuero talabar pintada a mano arteartesania"},{"@type":"BreadcrumbList","@id":"https:\/\/www.arteartesania.com\/en\/product\/pequena-carterita-de-piel-pintada-a-mano\/#breadcrumb","itemListElement":[{"@type":"ListItem","position":1,"name":"Portada","item":"https:\/\/www.arteartesania.com\/en\/"},{"@type":"ListItem","position":2,"name":"Shop online","item":"https:\/\/www.arteartesania.com\/en\/shop\/"},{"@type":"ListItem","position":3,"name":"Small hand-painted leather wallet TALABAR"}]},{"@type":"WebSite","@id":"https:\/\/www.arteartesania.com\/en\/#website","url":"https:\/\/www.arteartesania.com\/en\/","name":"Arteartesania","description":"Original selecci\u00f3n de Artesan\u00eda Contempor\u00e1nea de Autor","publisher":{"@id":"https:\/\/www.arteartesania.com\/en\/#organization"},"potentialAction":[{"@type":"SearchAction","target":{"@type":"EntryPoint","urlTemplate":"https:\/\/www.arteartesania.com\/en\/?s={search_term_string}"},"query-input":{"@type":"PropertyValueSpecification","valueRequired":true,"valueName":"search_term_string"}}],"inLanguage":"en-US"},{"@type":"Organization","@id":"https:\/\/www.arteartesania.com\/en\/#organization","name":"Arteartesania","url":"https:\/\/www.arteartesania.com\/en\/","logo":{"@type":"ImageObject","inLanguage":"en-US","@id":"https:\/\/www.arteartesania.com\/en\/#\/schema\/logo\/image\/","url":"https:\/\/www.arteartesania.com\/wp-content\/uploads\/2019\/12\/cropped-logofooter.png","contentUrl":"https:\/\/www.arteartesania.com\/wp-content\/uploads\/2019\/12\/cropped-logofooter.png","width":539,"height":58,"caption":"Arteartesania"},"image":{"@id":"https:\/\/www.arteartesania.com\/en\/#\/schema\/logo\/image\/"}}]}},"_links":{"self":[{"href":"https:\/\/www.arteartesania.com\/en\/wp-json\/wp\/v2\/product\/18424"}],"collection":[{"href":"https:\/\/www.arteartesania.com\/en\/wp-json\/wp\/v2\/product"}],"about":[{"href":"https:\/\/www.arteartesania.com\/en\/wp-json\/wp\/v2\/types\/product"}],"replies":[{"embeddable":true,"href":"https:\/\/www.arteartesania.com\/en\/wp-json\/wp\/v2\/comments?post=18424"}],"wp:featuredmedia":[{"embeddable":true,"href":"https:\/\/www.arteartesania.com\/en\/wp-json\/wp\/v2\/media\/18403"}],"wp:attachment":[{"href":"https:\/\/www.arteartesania.com\/en\/wp-json\/wp\/v2\/media?parent=18424"}],"wp:term":[{"taxonomy":"product_cat","embeddable":true,"href":"https:\/\/www.arteartesania.com\/en\/wp-json\/wp\/v2\/product_cat?post=18424"},{"taxonomy":"product_tag","embeddable":true,"href":"https:\/\/www.arteartesania.com\/en\/wp-json\/wp\/v2\/product_tag?post=18424"}],"curies":[{"name":"wp","href":"https:\/\/api.w.org\/{rel}","templated":true}]}}