{"id":18330,"date":"2025-08-08T18:44:22","date_gmt":"2025-08-08T16:44:22","guid":{"rendered":"https:\/\/www.arteartesania.com\/producto\/brazalete-myotragus-balearicus-mediano-plata-y-plata-oxidada\/"},"modified":"2025-08-08T18:53:30","modified_gmt":"2025-08-08T16:53:30","slug":"brazalete-myotragus-balearicus-mediano-plata-y-plata-oxidada","status":"publish","type":"product","link":"https:\/\/www.arteartesania.com\/en\/product\/brazalete-myotragus-balearicus-mediano-plata-y-plata-oxidada\/","title":{"rendered":"Medium Silver and Oxidized Silver Myotragus Balearicus Bracelet"},"content":{"rendered":"<p>Open bracelet with two ends shaped like the skull of a Myotragus Balearicus, the iconic extinct species of Mallorca.<\/p>\n<p>It comes in two versions: 925 Sterling Silver and Oxidized Silver.<\/p>\n<p>The head size of the Myotragus Balearicus is Medium.<\/p>\n<p>A unique piece that combines history, craftsmanship, and contemporary design.<\/p>\n","protected":false},"excerpt":{"rendered":"<p>Open bracelet with two ends shaped like the skull of a Myotragus Balearicus, the iconic extinct species of Mallorca. It comes in two versions: 925 Sterling Silver and Oxidized Silver. The head size of the Myotragus Balearicus is Medium. A unique piece that combines history, craftsmanship, and contemporary design.<\/p>\n","protected":false},"featured_media":18305,"comment_status":"closed","ping_status":"closed","template":"","meta":{"_acf_changed":false,"inline_featured_image":false},"product_cat":[245,128,506,110],"product_tag":[450,765,716,766,767,349,768,769,770,340,771,772,773,774,341],"class_list":{"0":"post-18330","1":"product","2":"type-product","3":"status-publish","4":"has-post-thumbnail","6":"product_cat-bangles","7":"product_cat-carlostellechea","8":"product_cat-outlet-jewelry","9":"product_cat-jewelry","10":"product_tag-arteartesania-2-en","11":"product_tag-artesania-en","12":"product_tag-brazalete-en","13":"product_tag-carlos-tellechea-en-2","14":"product_tag-carlostellechea-2-en","15":"product_tag-carlostellechea-soller-mallorca-joyeria-arteartesania-en","16":"product_tag-handmade-en-2","17":"product_tag-hecho-a-mano-en","18":"product_tag-jewelry-en-2","19":"product_tag-mallorca-en","20":"product_tag-myotragus-en","21":"product_tag-myotragus-balearicus-en","22":"product_tag-plata-en","23":"product_tag-silver-en-2","24":"product_tag-soller-en","25":"product_shipping_class-paquetes-grandes-pesados-en","27":"first","28":"instock","29":"shipping-taxable","30":"purchasable","31":"product-type-variable"},"acf":[],"yoast_head":"<!-- This site is optimized with the Yoast SEO plugin v23.6 - https:\/\/yoast.com\/wordpress\/plugins\/seo\/ -->\n<title>Medium Silver and Oxidized Silver Myotragus Balearicus Bracelet - Arteartesania<\/title>\n<meta name=\"robots\" content=\"index, follow, max-snippet:-1, max-image-preview:large, max-video-preview:-1\" \/>\n<link rel=\"canonical\" href=\"https:\/\/www.arteartesania.com\/en\/product\/brazalete-myotragus-balearicus-mediano-plata-y-plata-oxidada\/\" \/>\n<meta property=\"og:locale\" content=\"en_US\" \/>\n<meta property=\"og:type\" content=\"article\" \/>\n<meta property=\"og:title\" content=\"Medium Silver and Oxidized Silver Myotragus Balearicus Bracelet - Arteartesania\" \/>\n<meta property=\"og:description\" content=\"Open bracelet with two ends shaped like the skull of a Myotragus Balearicus, the iconic extinct species of Mallorca. It comes in two versions: 925 Sterling Silver and Oxidized Silver. The head size of the Myotragus Balearicus is Medium. A unique piece that combines history, craftsmanship, and contemporary design.\" \/>\n<meta property=\"og:url\" content=\"https:\/\/www.arteartesania.com\/en\/product\/brazalete-myotragus-balearicus-mediano-plata-y-plata-oxidada\/\" \/>\n<meta property=\"og:site_name\" content=\"Arteartesania\" \/>\n<meta property=\"article:modified_time\" content=\"2025-08-08T16:53:30+00:00\" \/>\n<meta property=\"og:image\" content=\"https:\/\/www.arteartesania.com\/wp-content\/uploads\/2025\/08\/myotragus-plata-y-oxidado-.jpeg\" \/>\n\t<meta property=\"og:image:width\" content=\"2118\" \/>\n\t<meta property=\"og:image:height\" content=\"2118\" \/>\n\t<meta property=\"og:image:type\" content=\"image\/jpeg\" \/>\n<meta name=\"twitter:card\" content=\"summary_large_image\" \/>\n<meta name=\"twitter:label1\" content=\"Est. reading time\" \/>\n\t<meta name=\"twitter:data1\" content=\"1 minute\" \/>\n<script type=\"application\/ld+json\" class=\"yoast-schema-graph\">{\"@context\":\"https:\/\/schema.org\",\"@graph\":[{\"@type\":\"WebPage\",\"@id\":\"https:\/\/www.arteartesania.com\/en\/product\/brazalete-myotragus-balearicus-mediano-plata-y-plata-oxidada\/\",\"url\":\"https:\/\/www.arteartesania.com\/en\/product\/brazalete-myotragus-balearicus-mediano-plata-y-plata-oxidada\/\",\"name\":\"Medium Silver and Oxidized Silver Myotragus Balearicus Bracelet - Arteartesania\",\"isPartOf\":{\"@id\":\"https:\/\/www.arteartesania.com\/en\/#website\"},\"primaryImageOfPage\":{\"@id\":\"https:\/\/www.arteartesania.com\/en\/product\/brazalete-myotragus-balearicus-mediano-plata-y-plata-oxidada\/#primaryimage\"},\"image\":{\"@id\":\"https:\/\/www.arteartesania.com\/en\/product\/brazalete-myotragus-balearicus-mediano-plata-y-plata-oxidada\/#primaryimage\"},\"thumbnailUrl\":\"https:\/\/www.arteartesania.com\/wp-content\/uploads\/2025\/08\/myotragus-plata-y-oxidado-.jpeg\",\"datePublished\":\"2025-08-08T16:44:22+00:00\",\"dateModified\":\"2025-08-08T16:53:30+00:00\",\"breadcrumb\":{\"@id\":\"https:\/\/www.arteartesania.com\/en\/product\/brazalete-myotragus-balearicus-mediano-plata-y-plata-oxidada\/#breadcrumb\"},\"inLanguage\":\"en-US\",\"potentialAction\":[{\"@type\":\"ReadAction\",\"target\":[\"https:\/\/www.arteartesania.com\/en\/product\/brazalete-myotragus-balearicus-mediano-plata-y-plata-oxidada\/\"]}]},{\"@type\":\"ImageObject\",\"inLanguage\":\"en-US\",\"@id\":\"https:\/\/www.arteartesania.com\/en\/product\/brazalete-myotragus-balearicus-mediano-plata-y-plata-oxidada\/#primaryimage\",\"url\":\"https:\/\/www.arteartesania.com\/wp-content\/uploads\/2025\/08\/myotragus-plata-y-oxidado-.jpeg\",\"contentUrl\":\"https:\/\/www.arteartesania.com\/wp-content\/uploads\/2025\/08\/myotragus-plata-y-oxidado-.jpeg\",\"width\":2118,\"height\":2118},{\"@type\":\"BreadcrumbList\",\"@id\":\"https:\/\/www.arteartesania.com\/en\/product\/brazalete-myotragus-balearicus-mediano-plata-y-plata-oxidada\/#breadcrumb\",\"itemListElement\":[{\"@type\":\"ListItem\",\"position\":1,\"name\":\"Portada\",\"item\":\"https:\/\/www.arteartesania.com\/en\/\"},{\"@type\":\"ListItem\",\"position\":2,\"name\":\"Shop online\",\"item\":\"https:\/\/www.arteartesania.com\/en\/shop\/\"},{\"@type\":\"ListItem\",\"position\":3,\"name\":\"Medium Silver and Oxidized Silver Myotragus Balearicus Bracelet\"}]},{\"@type\":\"WebSite\",\"@id\":\"https:\/\/www.arteartesania.com\/en\/#website\",\"url\":\"https:\/\/www.arteartesania.com\/en\/\",\"name\":\"Arteartesania\",\"description\":\"Original selecci\u00f3n de Artesan\u00eda Contempor\u00e1nea de Autor\",\"publisher\":{\"@id\":\"https:\/\/www.arteartesania.com\/en\/#organization\"},\"potentialAction\":[{\"@type\":\"SearchAction\",\"target\":{\"@type\":\"EntryPoint\",\"urlTemplate\":\"https:\/\/www.arteartesania.com\/en\/?s={search_term_string}\"},\"query-input\":{\"@type\":\"PropertyValueSpecification\",\"valueRequired\":true,\"valueName\":\"search_term_string\"}}],\"inLanguage\":\"en-US\"},{\"@type\":\"Organization\",\"@id\":\"https:\/\/www.arteartesania.com\/en\/#organization\",\"name\":\"Arteartesania\",\"url\":\"https:\/\/www.arteartesania.com\/en\/\",\"logo\":{\"@type\":\"ImageObject\",\"inLanguage\":\"en-US\",\"@id\":\"https:\/\/www.arteartesania.com\/en\/#\/schema\/logo\/image\/\",\"url\":\"https:\/\/www.arteartesania.com\/wp-content\/uploads\/2019\/12\/cropped-logofooter.png\",\"contentUrl\":\"https:\/\/www.arteartesania.com\/wp-content\/uploads\/2019\/12\/cropped-logofooter.png\",\"width\":539,\"height\":58,\"caption\":\"Arteartesania\"},\"image\":{\"@id\":\"https:\/\/www.arteartesania.com\/en\/#\/schema\/logo\/image\/\"}}]}<\/script>\n<!-- \/ Yoast SEO plugin. -->","yoast_head_json":{"title":"Medium Silver and Oxidized Silver Myotragus Balearicus Bracelet - Arteartesania","robots":{"index":"index","follow":"follow","max-snippet":"max-snippet:-1","max-image-preview":"max-image-preview:large","max-video-preview":"max-video-preview:-1"},"canonical":"https:\/\/www.arteartesania.com\/en\/product\/brazalete-myotragus-balearicus-mediano-plata-y-plata-oxidada\/","og_locale":"en_US","og_type":"article","og_title":"Medium Silver and Oxidized Silver Myotragus Balearicus Bracelet - Arteartesania","og_description":"Open bracelet with two ends shaped like the skull of a Myotragus Balearicus, the iconic extinct species of Mallorca. It comes in two versions: 925 Sterling Silver and Oxidized Silver. The head size of the Myotragus Balearicus is Medium. A unique piece that combines history, craftsmanship, and contemporary design.","og_url":"https:\/\/www.arteartesania.com\/en\/product\/brazalete-myotragus-balearicus-mediano-plata-y-plata-oxidada\/","og_site_name":"Arteartesania","article_modified_time":"2025-08-08T16:53:30+00:00","og_image":[{"width":2118,"height":2118,"url":"https:\/\/www.arteartesania.com\/wp-content\/uploads\/2025\/08\/myotragus-plata-y-oxidado-.jpeg","type":"image\/jpeg"}],"twitter_card":"summary_large_image","twitter_misc":{"Est. reading time":"1 minute"},"schema":{"@context":"https:\/\/schema.org","@graph":[{"@type":"WebPage","@id":"https:\/\/www.arteartesania.com\/en\/product\/brazalete-myotragus-balearicus-mediano-plata-y-plata-oxidada\/","url":"https:\/\/www.arteartesania.com\/en\/product\/brazalete-myotragus-balearicus-mediano-plata-y-plata-oxidada\/","name":"Medium Silver and Oxidized Silver Myotragus Balearicus Bracelet - Arteartesania","isPartOf":{"@id":"https:\/\/www.arteartesania.com\/en\/#website"},"primaryImageOfPage":{"@id":"https:\/\/www.arteartesania.com\/en\/product\/brazalete-myotragus-balearicus-mediano-plata-y-plata-oxidada\/#primaryimage"},"image":{"@id":"https:\/\/www.arteartesania.com\/en\/product\/brazalete-myotragus-balearicus-mediano-plata-y-plata-oxidada\/#primaryimage"},"thumbnailUrl":"https:\/\/www.arteartesania.com\/wp-content\/uploads\/2025\/08\/myotragus-plata-y-oxidado-.jpeg","datePublished":"2025-08-08T16:44:22+00:00","dateModified":"2025-08-08T16:53:30+00:00","breadcrumb":{"@id":"https:\/\/www.arteartesania.com\/en\/product\/brazalete-myotragus-balearicus-mediano-plata-y-plata-oxidada\/#breadcrumb"},"inLanguage":"en-US","potentialAction":[{"@type":"ReadAction","target":["https:\/\/www.arteartesania.com\/en\/product\/brazalete-myotragus-balearicus-mediano-plata-y-plata-oxidada\/"]}]},{"@type":"ImageObject","inLanguage":"en-US","@id":"https:\/\/www.arteartesania.com\/en\/product\/brazalete-myotragus-balearicus-mediano-plata-y-plata-oxidada\/#primaryimage","url":"https:\/\/www.arteartesania.com\/wp-content\/uploads\/2025\/08\/myotragus-plata-y-oxidado-.jpeg","contentUrl":"https:\/\/www.arteartesania.com\/wp-content\/uploads\/2025\/08\/myotragus-plata-y-oxidado-.jpeg","width":2118,"height":2118},{"@type":"BreadcrumbList","@id":"https:\/\/www.arteartesania.com\/en\/product\/brazalete-myotragus-balearicus-mediano-plata-y-plata-oxidada\/#breadcrumb","itemListElement":[{"@type":"ListItem","position":1,"name":"Portada","item":"https:\/\/www.arteartesania.com\/en\/"},{"@type":"ListItem","position":2,"name":"Shop online","item":"https:\/\/www.arteartesania.com\/en\/shop\/"},{"@type":"ListItem","position":3,"name":"Medium Silver and Oxidized Silver Myotragus Balearicus Bracelet"}]},{"@type":"WebSite","@id":"https:\/\/www.arteartesania.com\/en\/#website","url":"https:\/\/www.arteartesania.com\/en\/","name":"Arteartesania","description":"Original selecci\u00f3n de Artesan\u00eda Contempor\u00e1nea de Autor","publisher":{"@id":"https:\/\/www.arteartesania.com\/en\/#organization"},"potentialAction":[{"@type":"SearchAction","target":{"@type":"EntryPoint","urlTemplate":"https:\/\/www.arteartesania.com\/en\/?s={search_term_string}"},"query-input":{"@type":"PropertyValueSpecification","valueRequired":true,"valueName":"search_term_string"}}],"inLanguage":"en-US"},{"@type":"Organization","@id":"https:\/\/www.arteartesania.com\/en\/#organization","name":"Arteartesania","url":"https:\/\/www.arteartesania.com\/en\/","logo":{"@type":"ImageObject","inLanguage":"en-US","@id":"https:\/\/www.arteartesania.com\/en\/#\/schema\/logo\/image\/","url":"https:\/\/www.arteartesania.com\/wp-content\/uploads\/2019\/12\/cropped-logofooter.png","contentUrl":"https:\/\/www.arteartesania.com\/wp-content\/uploads\/2019\/12\/cropped-logofooter.png","width":539,"height":58,"caption":"Arteartesania"},"image":{"@id":"https:\/\/www.arteartesania.com\/en\/#\/schema\/logo\/image\/"}}]}},"_links":{"self":[{"href":"https:\/\/www.arteartesania.com\/en\/wp-json\/wp\/v2\/product\/18330"}],"collection":[{"href":"https:\/\/www.arteartesania.com\/en\/wp-json\/wp\/v2\/product"}],"about":[{"href":"https:\/\/www.arteartesania.com\/en\/wp-json\/wp\/v2\/types\/product"}],"replies":[{"embeddable":true,"href":"https:\/\/www.arteartesania.com\/en\/wp-json\/wp\/v2\/comments?post=18330"}],"wp:featuredmedia":[{"embeddable":true,"href":"https:\/\/www.arteartesania.com\/en\/wp-json\/wp\/v2\/media\/18305"}],"wp:attachment":[{"href":"https:\/\/www.arteartesania.com\/en\/wp-json\/wp\/v2\/media?parent=18330"}],"wp:term":[{"taxonomy":"product_cat","embeddable":true,"href":"https:\/\/www.arteartesania.com\/en\/wp-json\/wp\/v2\/product_cat?post=18330"},{"taxonomy":"product_tag","embeddable":true,"href":"https:\/\/www.arteartesania.com\/en\/wp-json\/wp\/v2\/product_tag?post=18330"}],"curies":[{"name":"wp","href":"https:\/\/api.w.org\/{rel}","templated":true}]}}