{"id":17761,"date":"2025-02-26T13:33:14","date_gmt":"2025-02-26T12:33:14","guid":{"rendered":"https:\/\/www.arteartesania.com\/producto\/tecnicas-basicas-de-joyeria\/"},"modified":"2026-03-18T11:16:36","modified_gmt":"2026-03-18T10:16:36","slug":"tecnicas-basicas-de-joyeria","status":"publish","type":"product","link":"https:\/\/www.arteartesania.com\/en\/product\/tecnicas-basicas-de-joyeria\/","title":{"rendered":"Basic jewellery techniques"},"content":{"rendered":"<p>The initial payment is for the reservation of the course<\/p>\n<p><strong>Contemporary Jewellery approach courses<\/strong><\/p>\n<p>Understanding and Creativity<\/p>\n<p>For people from different backgrounds interested in experiencing the primary processes and techniques of jewellery making.<\/p>\n<p>A free and practical way of teaching and learning, focused on understanding the process, on thinking with the hands&#8230;<\/p>\n<p>It is a personalised course, with individual monitoring of the learning process. We work in a common space, prepared for two students, taking into account the distance protocols.<\/p>\n<p>What will happen in the classes:<\/p>\n<p>Working material: brass or alpaca (if the student already has experience and provides the material, he\/she can work in silver).<\/p>\n<p>Contact with the basic tools and their use, handling of different techniques of manipulation with tweezers, folding, stretching and cutting, openwork. welding, construction of volumes, rivets and fasteners, development of a Piece devised by the person &#8230;.<\/p>\n<p><strong>Objectives:<\/strong><br \/>\nTo learn the basic techniques of jewellery and to be able to extend them by initiating in the knowledge of other complementary techniques such as Silverware, Volume, Forging, Welding with PUK, Chiselling, Kum Boo, Crimping, etc.<\/p>\n<p>BASIC TECHNIQUES COURSE Taught by Carlos Tellechea<\/p>\n<p><strong>DURATION:<\/strong><br \/>\nCourses are given in Blocks of 10 hours, (5 Classes of 2 hours, or 4 of 2,5 hours).<\/p>\n<p><strong>PRICE:<\/strong><br \/>\nONE PERSON &#8211; 500,00 \u20ac.<\/p>\n<p>TWO PERSONS &#8211; 400,00 \u20ac \/EACH ONE<\/p>\n<p>Include tools and material (Brass or Alpaca).<\/p>\n<p><strong>Payment methods:<\/strong><br \/>\nYou can pay by credit card.<\/p>\n","protected":false},"excerpt":{"rendered":"<p>Learn the techniques of jewellery making and create your own piece.<\/p>\n","protected":false},"featured_media":17722,"comment_status":"closed","ping_status":"closed","template":"","meta":{"_acf_changed":false,"inline_featured_image":false},"product_cat":[742],"product_tag":[],"class_list":{"0":"post-17761","1":"product","2":"type-product","3":"status-publish","4":"has-post-thumbnail","6":"product_cat-workshops-en","8":"first","9":"instock","10":"shipping-taxable","11":"purchasable","12":"product-type-variable"},"acf":[],"yoast_head":"<!-- This site is optimized with the Yoast SEO plugin v23.6 - https:\/\/yoast.com\/wordpress\/plugins\/seo\/ -->\n<title>Basic jewellery techniques - Arteartesania<\/title>\n<meta name=\"robots\" content=\"index, follow, max-snippet:-1, max-image-preview:large, max-video-preview:-1\" \/>\n<link rel=\"canonical\" href=\"https:\/\/www.arteartesania.com\/en\/product\/tecnicas-basicas-de-joyeria\/\" \/>\n<meta property=\"og:locale\" content=\"en_US\" \/>\n<meta property=\"og:type\" content=\"article\" \/>\n<meta property=\"og:title\" content=\"Basic jewellery techniques - Arteartesania\" \/>\n<meta property=\"og:description\" content=\"Learn the techniques of jewellery making and create your own piece.\" \/>\n<meta property=\"og:url\" content=\"https:\/\/www.arteartesania.com\/en\/product\/tecnicas-basicas-de-joyeria\/\" \/>\n<meta property=\"og:site_name\" content=\"Arteartesania\" \/>\n<meta property=\"article:modified_time\" content=\"2026-03-18T10:16:36+00:00\" \/>\n<meta property=\"og:image\" content=\"https:\/\/www.arteartesania.com\/wp-content\/uploads\/2025\/02\/ACHILLES-ROMAIN-CURSO2-copia-scaled-1.jpg\" \/>\n\t<meta property=\"og:image:width\" content=\"2560\" \/>\n\t<meta property=\"og:image:height\" content=\"1900\" \/>\n\t<meta property=\"og:image:type\" content=\"image\/jpeg\" \/>\n<meta name=\"twitter:card\" content=\"summary_large_image\" \/>\n<meta name=\"twitter:label1\" content=\"Est. reading time\" \/>\n\t<meta name=\"twitter:data1\" content=\"2 minutes\" \/>\n<script type=\"application\/ld+json\" class=\"yoast-schema-graph\">{\"@context\":\"https:\/\/schema.org\",\"@graph\":[{\"@type\":\"WebPage\",\"@id\":\"https:\/\/www.arteartesania.com\/en\/product\/tecnicas-basicas-de-joyeria\/\",\"url\":\"https:\/\/www.arteartesania.com\/en\/product\/tecnicas-basicas-de-joyeria\/\",\"name\":\"Basic jewellery techniques - Arteartesania\",\"isPartOf\":{\"@id\":\"https:\/\/www.arteartesania.com\/en\/#website\"},\"primaryImageOfPage\":{\"@id\":\"https:\/\/www.arteartesania.com\/en\/product\/tecnicas-basicas-de-joyeria\/#primaryimage\"},\"image\":{\"@id\":\"https:\/\/www.arteartesania.com\/en\/product\/tecnicas-basicas-de-joyeria\/#primaryimage\"},\"thumbnailUrl\":\"https:\/\/www.arteartesania.com\/wp-content\/uploads\/2025\/02\/ACHILLES-ROMAIN-CURSO2-copia-scaled-1.jpg\",\"datePublished\":\"2025-02-26T12:33:14+00:00\",\"dateModified\":\"2026-03-18T10:16:36+00:00\",\"breadcrumb\":{\"@id\":\"https:\/\/www.arteartesania.com\/en\/product\/tecnicas-basicas-de-joyeria\/#breadcrumb\"},\"inLanguage\":\"en-US\",\"potentialAction\":[{\"@type\":\"ReadAction\",\"target\":[\"https:\/\/www.arteartesania.com\/en\/product\/tecnicas-basicas-de-joyeria\/\"]}]},{\"@type\":\"ImageObject\",\"inLanguage\":\"en-US\",\"@id\":\"https:\/\/www.arteartesania.com\/en\/product\/tecnicas-basicas-de-joyeria\/#primaryimage\",\"url\":\"https:\/\/www.arteartesania.com\/wp-content\/uploads\/2025\/02\/ACHILLES-ROMAIN-CURSO2-copia-scaled-1.jpg\",\"contentUrl\":\"https:\/\/www.arteartesania.com\/wp-content\/uploads\/2025\/02\/ACHILLES-ROMAIN-CURSO2-copia-scaled-1.jpg\",\"width\":2560,\"height\":1900},{\"@type\":\"BreadcrumbList\",\"@id\":\"https:\/\/www.arteartesania.com\/en\/product\/tecnicas-basicas-de-joyeria\/#breadcrumb\",\"itemListElement\":[{\"@type\":\"ListItem\",\"position\":1,\"name\":\"Portada\",\"item\":\"https:\/\/www.arteartesania.com\/en\/\"},{\"@type\":\"ListItem\",\"position\":2,\"name\":\"Shop online\",\"item\":\"https:\/\/www.arteartesania.com\/en\/shop\/\"},{\"@type\":\"ListItem\",\"position\":3,\"name\":\"Basic jewellery techniques\"}]},{\"@type\":\"WebSite\",\"@id\":\"https:\/\/www.arteartesania.com\/en\/#website\",\"url\":\"https:\/\/www.arteartesania.com\/en\/\",\"name\":\"Arteartesania\",\"description\":\"Original selecci\u00f3n de Artesan\u00eda Contempor\u00e1nea de Autor\",\"publisher\":{\"@id\":\"https:\/\/www.arteartesania.com\/en\/#organization\"},\"potentialAction\":[{\"@type\":\"SearchAction\",\"target\":{\"@type\":\"EntryPoint\",\"urlTemplate\":\"https:\/\/www.arteartesania.com\/en\/?s={search_term_string}\"},\"query-input\":{\"@type\":\"PropertyValueSpecification\",\"valueRequired\":true,\"valueName\":\"search_term_string\"}}],\"inLanguage\":\"en-US\"},{\"@type\":\"Organization\",\"@id\":\"https:\/\/www.arteartesania.com\/en\/#organization\",\"name\":\"Arteartesania\",\"url\":\"https:\/\/www.arteartesania.com\/en\/\",\"logo\":{\"@type\":\"ImageObject\",\"inLanguage\":\"en-US\",\"@id\":\"https:\/\/www.arteartesania.com\/en\/#\/schema\/logo\/image\/\",\"url\":\"https:\/\/www.arteartesania.com\/wp-content\/uploads\/2019\/12\/cropped-logofooter.png\",\"contentUrl\":\"https:\/\/www.arteartesania.com\/wp-content\/uploads\/2019\/12\/cropped-logofooter.png\",\"width\":539,\"height\":58,\"caption\":\"Arteartesania\"},\"image\":{\"@id\":\"https:\/\/www.arteartesania.com\/en\/#\/schema\/logo\/image\/\"}}]}<\/script>\n<!-- \/ Yoast SEO plugin. -->","yoast_head_json":{"title":"Basic jewellery techniques - Arteartesania","robots":{"index":"index","follow":"follow","max-snippet":"max-snippet:-1","max-image-preview":"max-image-preview:large","max-video-preview":"max-video-preview:-1"},"canonical":"https:\/\/www.arteartesania.com\/en\/product\/tecnicas-basicas-de-joyeria\/","og_locale":"en_US","og_type":"article","og_title":"Basic jewellery techniques - Arteartesania","og_description":"Learn the techniques of jewellery making and create your own piece.","og_url":"https:\/\/www.arteartesania.com\/en\/product\/tecnicas-basicas-de-joyeria\/","og_site_name":"Arteartesania","article_modified_time":"2026-03-18T10:16:36+00:00","og_image":[{"width":2560,"height":1900,"url":"https:\/\/www.arteartesania.com\/wp-content\/uploads\/2025\/02\/ACHILLES-ROMAIN-CURSO2-copia-scaled-1.jpg","type":"image\/jpeg"}],"twitter_card":"summary_large_image","twitter_misc":{"Est. reading time":"2 minutes"},"schema":{"@context":"https:\/\/schema.org","@graph":[{"@type":"WebPage","@id":"https:\/\/www.arteartesania.com\/en\/product\/tecnicas-basicas-de-joyeria\/","url":"https:\/\/www.arteartesania.com\/en\/product\/tecnicas-basicas-de-joyeria\/","name":"Basic jewellery techniques - Arteartesania","isPartOf":{"@id":"https:\/\/www.arteartesania.com\/en\/#website"},"primaryImageOfPage":{"@id":"https:\/\/www.arteartesania.com\/en\/product\/tecnicas-basicas-de-joyeria\/#primaryimage"},"image":{"@id":"https:\/\/www.arteartesania.com\/en\/product\/tecnicas-basicas-de-joyeria\/#primaryimage"},"thumbnailUrl":"https:\/\/www.arteartesania.com\/wp-content\/uploads\/2025\/02\/ACHILLES-ROMAIN-CURSO2-copia-scaled-1.jpg","datePublished":"2025-02-26T12:33:14+00:00","dateModified":"2026-03-18T10:16:36+00:00","breadcrumb":{"@id":"https:\/\/www.arteartesania.com\/en\/product\/tecnicas-basicas-de-joyeria\/#breadcrumb"},"inLanguage":"en-US","potentialAction":[{"@type":"ReadAction","target":["https:\/\/www.arteartesania.com\/en\/product\/tecnicas-basicas-de-joyeria\/"]}]},{"@type":"ImageObject","inLanguage":"en-US","@id":"https:\/\/www.arteartesania.com\/en\/product\/tecnicas-basicas-de-joyeria\/#primaryimage","url":"https:\/\/www.arteartesania.com\/wp-content\/uploads\/2025\/02\/ACHILLES-ROMAIN-CURSO2-copia-scaled-1.jpg","contentUrl":"https:\/\/www.arteartesania.com\/wp-content\/uploads\/2025\/02\/ACHILLES-ROMAIN-CURSO2-copia-scaled-1.jpg","width":2560,"height":1900},{"@type":"BreadcrumbList","@id":"https:\/\/www.arteartesania.com\/en\/product\/tecnicas-basicas-de-joyeria\/#breadcrumb","itemListElement":[{"@type":"ListItem","position":1,"name":"Portada","item":"https:\/\/www.arteartesania.com\/en\/"},{"@type":"ListItem","position":2,"name":"Shop online","item":"https:\/\/www.arteartesania.com\/en\/shop\/"},{"@type":"ListItem","position":3,"name":"Basic jewellery techniques"}]},{"@type":"WebSite","@id":"https:\/\/www.arteartesania.com\/en\/#website","url":"https:\/\/www.arteartesania.com\/en\/","name":"Arteartesania","description":"Original selecci\u00f3n de Artesan\u00eda Contempor\u00e1nea de Autor","publisher":{"@id":"https:\/\/www.arteartesania.com\/en\/#organization"},"potentialAction":[{"@type":"SearchAction","target":{"@type":"EntryPoint","urlTemplate":"https:\/\/www.arteartesania.com\/en\/?s={search_term_string}"},"query-input":{"@type":"PropertyValueSpecification","valueRequired":true,"valueName":"search_term_string"}}],"inLanguage":"en-US"},{"@type":"Organization","@id":"https:\/\/www.arteartesania.com\/en\/#organization","name":"Arteartesania","url":"https:\/\/www.arteartesania.com\/en\/","logo":{"@type":"ImageObject","inLanguage":"en-US","@id":"https:\/\/www.arteartesania.com\/en\/#\/schema\/logo\/image\/","url":"https:\/\/www.arteartesania.com\/wp-content\/uploads\/2019\/12\/cropped-logofooter.png","contentUrl":"https:\/\/www.arteartesania.com\/wp-content\/uploads\/2019\/12\/cropped-logofooter.png","width":539,"height":58,"caption":"Arteartesania"},"image":{"@id":"https:\/\/www.arteartesania.com\/en\/#\/schema\/logo\/image\/"}}]}},"_links":{"self":[{"href":"https:\/\/www.arteartesania.com\/en\/wp-json\/wp\/v2\/product\/17761"}],"collection":[{"href":"https:\/\/www.arteartesania.com\/en\/wp-json\/wp\/v2\/product"}],"about":[{"href":"https:\/\/www.arteartesania.com\/en\/wp-json\/wp\/v2\/types\/product"}],"replies":[{"embeddable":true,"href":"https:\/\/www.arteartesania.com\/en\/wp-json\/wp\/v2\/comments?post=17761"}],"wp:featuredmedia":[{"embeddable":true,"href":"https:\/\/www.arteartesania.com\/en\/wp-json\/wp\/v2\/media\/17722"}],"wp:attachment":[{"href":"https:\/\/www.arteartesania.com\/en\/wp-json\/wp\/v2\/media?parent=17761"}],"wp:term":[{"taxonomy":"product_cat","embeddable":true,"href":"https:\/\/www.arteartesania.com\/en\/wp-json\/wp\/v2\/product_cat?post=17761"},{"taxonomy":"product_tag","embeddable":true,"href":"https:\/\/www.arteartesania.com\/en\/wp-json\/wp\/v2\/product_tag?post=17761"}],"curies":[{"name":"wp","href":"https:\/\/api.w.org\/{rel}","templated":true}]}}