{"id":17116,"date":"2024-11-06T12:54:09","date_gmt":"2024-11-06T13:01:07","guid":{"rendered":"https:\/\/www.arteartesania.com\/?post_type=product&#038;p=17116"},"modified":"2024-11-06T14:01:08","modified_gmt":"2024-11-06T13:01:08","slug":"tigers-eye-ring","status":"publish","type":"product","link":"https:\/\/www.arteartesania.com\/en\/product\/tigers-eye-ring\/","title":{"rendered":"Tiger&#8217;s Eye Ring"},"content":{"rendered":"<h4>Art Crafts: Exclusive Handmade Pieces<\/h4>\n<p>Ring with square Tiger&#8217;s Eye<\/p>\n<p>Author: Carlos Tellechea<\/p>\n<p>Year: 2024<\/p>\n<p>Materials: 925 Sterling Silver<\/p>\n<p>Stone: Tiger&#8217;s Eye<\/p>\n","protected":false},"excerpt":{"rendered":"<h4>Art Crafts: Exclusive Handmade Pieces<\/h4>\n<p>Ring with square Tiger&#8217;s Eye<\/p>\n<p>Author: Carlos Tellechea<\/p>\n<p>Year: 2024<\/p>\n<p>Materials: 925 Sterling Silver<\/p>\n<p>Stone: Tiger&#8217;s Eye<\/p>\n","protected":false},"featured_media":17111,"comment_status":"closed","ping_status":"closed","template":"","meta":{"_acf_changed":false,"inline_featured_image":false},"product_brand":[],"product_cat":[129,128,110,111],"product_tag":[],"class_list":{"0":"post-17116","1":"product","2":"type-product","3":"status-publish","4":"has-post-thumbnail","6":"product_cat-artists","7":"product_cat-carlostellechea","8":"product_cat-jewelry","9":"product_cat-rings","11":"first","12":"instock","13":"shipping-taxable","14":"purchasable","15":"product-type-simple"},"acf":[],"yoast_head":"<!-- This site is optimized with the Yoast SEO plugin v27.6 - https:\/\/yoast.com\/product\/yoast-seo-wordpress\/ -->\n<title>Tiger&#039;s Eye Ring - Arteartesania<\/title>\n<meta name=\"robots\" content=\"index, follow, max-snippet:-1, max-image-preview:large, max-video-preview:-1\" \/>\n<link rel=\"canonical\" href=\"https:\/\/www.arteartesania.com\/en\/product\/tigers-eye-ring\/\" \/>\n<meta property=\"og:locale\" content=\"en_US\" \/>\n<meta property=\"og:type\" content=\"article\" \/>\n<meta property=\"og:title\" content=\"Tiger&#039;s Eye Ring - Arteartesania\" \/>\n<meta property=\"og:description\" content=\"Art Crafts: Exclusive Handmade Pieces Ring with square Tiger&#039;s Eye  Author: Carlos Tellechea  Year: 2024  Materials: 925 Sterling Silver  Stone: Tiger&#039;s Eye\" \/>\n<meta property=\"og:url\" content=\"https:\/\/www.arteartesania.com\/en\/product\/tigers-eye-ring\/\" \/>\n<meta property=\"og:site_name\" content=\"Arteartesania\" \/>\n<meta property=\"article:modified_time\" content=\"2024-11-06T13:01:08+00:00\" \/>\n<meta property=\"og:image\" content=\"https:\/\/www.arteartesania.com\/wp-content\/uploads\/2024\/11\/IMG_2609.jpg\" \/>\n\t<meta property=\"og:image:width\" content=\"1691\" \/>\n\t<meta property=\"og:image:height\" content=\"1213\" \/>\n\t<meta property=\"og:image:type\" content=\"image\/jpeg\" \/>\n<meta name=\"twitter:card\" content=\"summary_large_image\" \/>\n<meta name=\"twitter:label1\" content=\"Est. reading time\" \/>\n\t<meta name=\"twitter:data1\" content=\"1 minute\" \/>\n<script type=\"application\/ld+json\" class=\"yoast-schema-graph\">{\"@context\":\"https:\\\/\\\/schema.org\",\"@graph\":[{\"@type\":\"WebPage\",\"@id\":\"https:\\\/\\\/www.arteartesania.com\\\/en\\\/product\\\/tigers-eye-ring\\\/\",\"url\":\"https:\\\/\\\/www.arteartesania.com\\\/en\\\/product\\\/tigers-eye-ring\\\/\",\"name\":\"Tiger's Eye Ring - Arteartesania\",\"isPartOf\":{\"@id\":\"https:\\\/\\\/www.arteartesania.com\\\/en\\\/#website\"},\"primaryImageOfPage\":{\"@id\":\"https:\\\/\\\/www.arteartesania.com\\\/en\\\/product\\\/tigers-eye-ring\\\/#primaryimage\"},\"image\":{\"@id\":\"https:\\\/\\\/www.arteartesania.com\\\/en\\\/product\\\/tigers-eye-ring\\\/#primaryimage\"},\"thumbnailUrl\":\"https:\\\/\\\/www.arteartesania.com\\\/wp-content\\\/uploads\\\/2024\\\/11\\\/IMG_2609.jpg\",\"datePublished\":\"2024-11-06T13:01:07+00:00\",\"dateModified\":\"2024-11-06T13:01:08+00:00\",\"breadcrumb\":{\"@id\":\"https:\\\/\\\/www.arteartesania.com\\\/en\\\/product\\\/tigers-eye-ring\\\/#breadcrumb\"},\"inLanguage\":\"en-US\",\"potentialAction\":[{\"@type\":\"ReadAction\",\"target\":[\"https:\\\/\\\/www.arteartesania.com\\\/en\\\/product\\\/tigers-eye-ring\\\/\"]}]},{\"@type\":\"ImageObject\",\"inLanguage\":\"en-US\",\"@id\":\"https:\\\/\\\/www.arteartesania.com\\\/en\\\/product\\\/tigers-eye-ring\\\/#primaryimage\",\"url\":\"https:\\\/\\\/www.arteartesania.com\\\/wp-content\\\/uploads\\\/2024\\\/11\\\/IMG_2609.jpg\",\"contentUrl\":\"https:\\\/\\\/www.arteartesania.com\\\/wp-content\\\/uploads\\\/2024\\\/11\\\/IMG_2609.jpg\",\"width\":1691,\"height\":1213,\"caption\":\"Anillo ojo del tigre\"},{\"@type\":\"BreadcrumbList\",\"@id\":\"https:\\\/\\\/www.arteartesania.com\\\/en\\\/product\\\/tigers-eye-ring\\\/#breadcrumb\",\"itemListElement\":[{\"@type\":\"ListItem\",\"position\":1,\"name\":\"Portada\",\"item\":\"https:\\\/\\\/www.arteartesania.com\\\/en\\\/\"},{\"@type\":\"ListItem\",\"position\":2,\"name\":\"Shop online\",\"item\":\"https:\\\/\\\/www.arteartesania.com\\\/en\\\/shop\\\/\"},{\"@type\":\"ListItem\",\"position\":3,\"name\":\"Tiger&#8217;s Eye Ring\"}]},{\"@type\":\"WebSite\",\"@id\":\"https:\\\/\\\/www.arteartesania.com\\\/en\\\/#website\",\"url\":\"https:\\\/\\\/www.arteartesania.com\\\/en\\\/\",\"name\":\"Arteartesania\",\"description\":\"Original selecci\u00f3n de Artesan\u00eda Contempor\u00e1nea de Autor\",\"publisher\":{\"@id\":\"https:\\\/\\\/www.arteartesania.com\\\/en\\\/#organization\"},\"potentialAction\":[{\"@type\":\"SearchAction\",\"target\":{\"@type\":\"EntryPoint\",\"urlTemplate\":\"https:\\\/\\\/www.arteartesania.com\\\/en\\\/?s={search_term_string}\"},\"query-input\":{\"@type\":\"PropertyValueSpecification\",\"valueRequired\":true,\"valueName\":\"search_term_string\"}}],\"inLanguage\":\"en-US\"},{\"@type\":\"Organization\",\"@id\":\"https:\\\/\\\/www.arteartesania.com\\\/en\\\/#organization\",\"name\":\"Arteartesania\",\"url\":\"https:\\\/\\\/www.arteartesania.com\\\/en\\\/\",\"logo\":{\"@type\":\"ImageObject\",\"inLanguage\":\"en-US\",\"@id\":\"https:\\\/\\\/www.arteartesania.com\\\/en\\\/#\\\/schema\\\/logo\\\/image\\\/\",\"url\":\"https:\\\/\\\/www.arteartesania.com\\\/wp-content\\\/uploads\\\/2019\\\/12\\\/cropped-logofooter.png\",\"contentUrl\":\"https:\\\/\\\/www.arteartesania.com\\\/wp-content\\\/uploads\\\/2019\\\/12\\\/cropped-logofooter.png\",\"width\":539,\"height\":58,\"caption\":\"Arteartesania\"},\"image\":{\"@id\":\"https:\\\/\\\/www.arteartesania.com\\\/en\\\/#\\\/schema\\\/logo\\\/image\\\/\"}}]}<\/script>\n<!-- \/ Yoast SEO plugin. -->","yoast_head_json":{"title":"Tiger's Eye Ring - Arteartesania","robots":{"index":"index","follow":"follow","max-snippet":"max-snippet:-1","max-image-preview":"max-image-preview:large","max-video-preview":"max-video-preview:-1"},"canonical":"https:\/\/www.arteartesania.com\/en\/product\/tigers-eye-ring\/","og_locale":"en_US","og_type":"article","og_title":"Tiger's Eye Ring - Arteartesania","og_description":"Art Crafts: Exclusive Handmade Pieces Ring with square Tiger's Eye  Author: Carlos Tellechea  Year: 2024  Materials: 925 Sterling Silver  Stone: Tiger's Eye","og_url":"https:\/\/www.arteartesania.com\/en\/product\/tigers-eye-ring\/","og_site_name":"Arteartesania","article_modified_time":"2024-11-06T13:01:08+00:00","og_image":[{"width":1691,"height":1213,"url":"https:\/\/www.arteartesania.com\/wp-content\/uploads\/2024\/11\/IMG_2609.jpg","type":"image\/jpeg"}],"twitter_card":"summary_large_image","twitter_misc":{"Est. reading time":"1 minute"},"schema":{"@context":"https:\/\/schema.org","@graph":[{"@type":"WebPage","@id":"https:\/\/www.arteartesania.com\/en\/product\/tigers-eye-ring\/","url":"https:\/\/www.arteartesania.com\/en\/product\/tigers-eye-ring\/","name":"Tiger's Eye Ring - Arteartesania","isPartOf":{"@id":"https:\/\/www.arteartesania.com\/en\/#website"},"primaryImageOfPage":{"@id":"https:\/\/www.arteartesania.com\/en\/product\/tigers-eye-ring\/#primaryimage"},"image":{"@id":"https:\/\/www.arteartesania.com\/en\/product\/tigers-eye-ring\/#primaryimage"},"thumbnailUrl":"https:\/\/www.arteartesania.com\/wp-content\/uploads\/2024\/11\/IMG_2609.jpg","datePublished":"2024-11-06T13:01:07+00:00","dateModified":"2024-11-06T13:01:08+00:00","breadcrumb":{"@id":"https:\/\/www.arteartesania.com\/en\/product\/tigers-eye-ring\/#breadcrumb"},"inLanguage":"en-US","potentialAction":[{"@type":"ReadAction","target":["https:\/\/www.arteartesania.com\/en\/product\/tigers-eye-ring\/"]}]},{"@type":"ImageObject","inLanguage":"en-US","@id":"https:\/\/www.arteartesania.com\/en\/product\/tigers-eye-ring\/#primaryimage","url":"https:\/\/www.arteartesania.com\/wp-content\/uploads\/2024\/11\/IMG_2609.jpg","contentUrl":"https:\/\/www.arteartesania.com\/wp-content\/uploads\/2024\/11\/IMG_2609.jpg","width":1691,"height":1213,"caption":"Anillo ojo del tigre"},{"@type":"BreadcrumbList","@id":"https:\/\/www.arteartesania.com\/en\/product\/tigers-eye-ring\/#breadcrumb","itemListElement":[{"@type":"ListItem","position":1,"name":"Portada","item":"https:\/\/www.arteartesania.com\/en\/"},{"@type":"ListItem","position":2,"name":"Shop online","item":"https:\/\/www.arteartesania.com\/en\/shop\/"},{"@type":"ListItem","position":3,"name":"Tiger&#8217;s Eye Ring"}]},{"@type":"WebSite","@id":"https:\/\/www.arteartesania.com\/en\/#website","url":"https:\/\/www.arteartesania.com\/en\/","name":"Arteartesania","description":"Original selecci\u00f3n de Artesan\u00eda Contempor\u00e1nea de Autor","publisher":{"@id":"https:\/\/www.arteartesania.com\/en\/#organization"},"potentialAction":[{"@type":"SearchAction","target":{"@type":"EntryPoint","urlTemplate":"https:\/\/www.arteartesania.com\/en\/?s={search_term_string}"},"query-input":{"@type":"PropertyValueSpecification","valueRequired":true,"valueName":"search_term_string"}}],"inLanguage":"en-US"},{"@type":"Organization","@id":"https:\/\/www.arteartesania.com\/en\/#organization","name":"Arteartesania","url":"https:\/\/www.arteartesania.com\/en\/","logo":{"@type":"ImageObject","inLanguage":"en-US","@id":"https:\/\/www.arteartesania.com\/en\/#\/schema\/logo\/image\/","url":"https:\/\/www.arteartesania.com\/wp-content\/uploads\/2019\/12\/cropped-logofooter.png","contentUrl":"https:\/\/www.arteartesania.com\/wp-content\/uploads\/2019\/12\/cropped-logofooter.png","width":539,"height":58,"caption":"Arteartesania"},"image":{"@id":"https:\/\/www.arteartesania.com\/en\/#\/schema\/logo\/image\/"}}]}},"_links":{"self":[{"href":"https:\/\/www.arteartesania.com\/en\/wp-json\/wp\/v2\/product\/17116","targetHints":{"allow":["GET"]}}],"collection":[{"href":"https:\/\/www.arteartesania.com\/en\/wp-json\/wp\/v2\/product"}],"about":[{"href":"https:\/\/www.arteartesania.com\/en\/wp-json\/wp\/v2\/types\/product"}],"replies":[{"embeddable":true,"href":"https:\/\/www.arteartesania.com\/en\/wp-json\/wp\/v2\/comments?post=17116"}],"wp:featuredmedia":[{"embeddable":true,"href":"https:\/\/www.arteartesania.com\/en\/wp-json\/wp\/v2\/media\/17111"}],"wp:attachment":[{"href":"https:\/\/www.arteartesania.com\/en\/wp-json\/wp\/v2\/media?parent=17116"}],"wp:term":[{"taxonomy":"product_brand","embeddable":true,"href":"https:\/\/www.arteartesania.com\/en\/wp-json\/wp\/v2\/product_brand?post=17116"},{"taxonomy":"product_cat","embeddable":true,"href":"https:\/\/www.arteartesania.com\/en\/wp-json\/wp\/v2\/product_cat?post=17116"},{"taxonomy":"product_tag","embeddable":true,"href":"https:\/\/www.arteartesania.com\/en\/wp-json\/wp\/v2\/product_tag?post=17116"}],"curies":[{"name":"wp","href":"https:\/\/api.w.org\/{rel}","templated":true}]}}