{"id":17055,"date":"2023-11-09T15:43:37","date_gmt":"2024-10-11T10:10:29","guid":{"rendered":"https:\/\/www.arteartesania.com\/?post_type=product&#038;p=17055"},"modified":"2024-10-11T12:10:30","modified_gmt":"2024-10-11T10:10:30","slug":"torque-skulls-myotragus-balearicus-large","status":"publish","type":"product","link":"https:\/\/www.arteartesania.com\/en\/product\/torque-skulls-myotragus-balearicus-large\/","title":{"rendered":"Torque Skulls Myotragus Balearicus Large"},"content":{"rendered":"<p>The Myotragus Balearicus collection was made from the William H. Waldren studies on the discovery of that species, a variant of goat native to Mallorca.<\/p>\n","protected":false},"excerpt":{"rendered":"<p>PIECE: Torque Skulls Myotragus Balearicus Large<\/p>\n<p>SKULLS MEASUREMENT: 3 cm<\/p>\n<p>AUTHOR: Carlos Tellechea<\/p>\n<p>YEAR: 2023<\/p>\n","protected":false},"featured_media":15867,"comment_status":"closed","ping_status":"closed","template":"","meta":{"_acf_changed":false,"inline_featured_image":false},"product_cat":[128,110,113,117],"product_tag":[349,960,768,769,770,287,970,773,774],"class_list":{"0":"post-17055","1":"product","2":"type-product","3":"status-publish","4":"has-post-thumbnail","6":"product_cat-carlostellechea","7":"product_cat-jewelry","8":"product_cat-necklaces","9":"product_cat-uncategorized","10":"product_tag-carlostellechea-soller-mallorca-joyeria-arteartesania-en","11":"product_tag-artesano-en","12":"product_tag-handmade-en-2","13":"product_tag-hecho-a-mano-en","14":"product_tag-jewelry-en-2","15":"product_tag-joyas-finas","16":"product_tag-joyeria-en","17":"product_tag-plata-en","18":"product_tag-silver-en-2","20":"first","21":"instock","22":"sold-individually","23":"shipping-taxable","24":"purchasable","25":"product-type-variable"},"acf":[],"yoast_head":"<!-- This site is optimized with the Yoast SEO plugin v23.6 - https:\/\/yoast.com\/wordpress\/plugins\/seo\/ -->\n<title>Torque Skulls Myotragus Balearicus Large - Arteartesania<\/title>\n<meta name=\"robots\" content=\"index, follow, max-snippet:-1, max-image-preview:large, max-video-preview:-1\" \/>\n<link rel=\"canonical\" href=\"https:\/\/www.arteartesania.com\/en\/product\/torque-skulls-myotragus-balearicus-large\/\" \/>\n<meta property=\"og:locale\" content=\"en_US\" \/>\n<meta property=\"og:type\" content=\"article\" \/>\n<meta property=\"og:title\" content=\"Torque Skulls Myotragus Balearicus Large - Arteartesania\" \/>\n<meta property=\"og:description\" content=\"PIECE: Torque Skulls Myotragus Balearicus Large  SKULLS MEASUREMENT: 3 cm  AUTHOR: Carlos Tellechea  YEAR: 2023\" \/>\n<meta property=\"og:url\" content=\"https:\/\/www.arteartesania.com\/en\/product\/torque-skulls-myotragus-balearicus-large\/\" \/>\n<meta property=\"og:site_name\" content=\"Arteartesania\" \/>\n<meta property=\"article:modified_time\" content=\"2024-10-11T10:10:30+00:00\" \/>\n<meta property=\"og:image\" content=\"https:\/\/www.arteartesania.com\/wp-content\/uploads\/2023\/11\/IMG_0013-1-scaled.jpg\" \/>\n\t<meta property=\"og:image:width\" content=\"2560\" \/>\n\t<meta property=\"og:image:height\" content=\"2560\" \/>\n\t<meta property=\"og:image:type\" content=\"image\/jpeg\" \/>\n<meta name=\"twitter:card\" content=\"summary_large_image\" \/>\n<script type=\"application\/ld+json\" class=\"yoast-schema-graph\">{\"@context\":\"https:\/\/schema.org\",\"@graph\":[{\"@type\":\"WebPage\",\"@id\":\"https:\/\/www.arteartesania.com\/en\/product\/torque-skulls-myotragus-balearicus-large\/\",\"url\":\"https:\/\/www.arteartesania.com\/en\/product\/torque-skulls-myotragus-balearicus-large\/\",\"name\":\"Torque Skulls Myotragus Balearicus Large - Arteartesania\",\"isPartOf\":{\"@id\":\"https:\/\/www.arteartesania.com\/en\/#website\"},\"primaryImageOfPage\":{\"@id\":\"https:\/\/www.arteartesania.com\/en\/product\/torque-skulls-myotragus-balearicus-large\/#primaryimage\"},\"image\":{\"@id\":\"https:\/\/www.arteartesania.com\/en\/product\/torque-skulls-myotragus-balearicus-large\/#primaryimage\"},\"thumbnailUrl\":\"https:\/\/www.arteartesania.com\/wp-content\/uploads\/2023\/11\/IMG_0013-1-scaled.jpg\",\"datePublished\":\"2024-10-11T10:10:29+00:00\",\"dateModified\":\"2024-10-11T10:10:30+00:00\",\"breadcrumb\":{\"@id\":\"https:\/\/www.arteartesania.com\/en\/product\/torque-skulls-myotragus-balearicus-large\/#breadcrumb\"},\"inLanguage\":\"en-US\",\"potentialAction\":[{\"@type\":\"ReadAction\",\"target\":[\"https:\/\/www.arteartesania.com\/en\/product\/torque-skulls-myotragus-balearicus-large\/\"]}]},{\"@type\":\"ImageObject\",\"inLanguage\":\"en-US\",\"@id\":\"https:\/\/www.arteartesania.com\/en\/product\/torque-skulls-myotragus-balearicus-large\/#primaryimage\",\"url\":\"https:\/\/www.arteartesania.com\/wp-content\/uploads\/2023\/11\/IMG_0013-1-scaled.jpg\",\"contentUrl\":\"https:\/\/www.arteartesania.com\/wp-content\/uploads\/2023\/11\/IMG_0013-1-scaled.jpg\",\"width\":2560,\"height\":2560},{\"@type\":\"BreadcrumbList\",\"@id\":\"https:\/\/www.arteartesania.com\/en\/product\/torque-skulls-myotragus-balearicus-large\/#breadcrumb\",\"itemListElement\":[{\"@type\":\"ListItem\",\"position\":1,\"name\":\"Portada\",\"item\":\"https:\/\/www.arteartesania.com\/en\/\"},{\"@type\":\"ListItem\",\"position\":2,\"name\":\"Shop online\",\"item\":\"https:\/\/www.arteartesania.com\/en\/shop\/\"},{\"@type\":\"ListItem\",\"position\":3,\"name\":\"Torque Skulls Myotragus Balearicus Large\"}]},{\"@type\":\"WebSite\",\"@id\":\"https:\/\/www.arteartesania.com\/en\/#website\",\"url\":\"https:\/\/www.arteartesania.com\/en\/\",\"name\":\"Arteartesania\",\"description\":\"Original selecci\u00f3n de Artesan\u00eda Contempor\u00e1nea de Autor\",\"publisher\":{\"@id\":\"https:\/\/www.arteartesania.com\/en\/#organization\"},\"potentialAction\":[{\"@type\":\"SearchAction\",\"target\":{\"@type\":\"EntryPoint\",\"urlTemplate\":\"https:\/\/www.arteartesania.com\/en\/?s={search_term_string}\"},\"query-input\":{\"@type\":\"PropertyValueSpecification\",\"valueRequired\":true,\"valueName\":\"search_term_string\"}}],\"inLanguage\":\"en-US\"},{\"@type\":\"Organization\",\"@id\":\"https:\/\/www.arteartesania.com\/en\/#organization\",\"name\":\"Arteartesania\",\"url\":\"https:\/\/www.arteartesania.com\/en\/\",\"logo\":{\"@type\":\"ImageObject\",\"inLanguage\":\"en-US\",\"@id\":\"https:\/\/www.arteartesania.com\/en\/#\/schema\/logo\/image\/\",\"url\":\"https:\/\/www.arteartesania.com\/wp-content\/uploads\/2019\/12\/cropped-logofooter.png\",\"contentUrl\":\"https:\/\/www.arteartesania.com\/wp-content\/uploads\/2019\/12\/cropped-logofooter.png\",\"width\":539,\"height\":58,\"caption\":\"Arteartesania\"},\"image\":{\"@id\":\"https:\/\/www.arteartesania.com\/en\/#\/schema\/logo\/image\/\"}}]}<\/script>\n<!-- \/ Yoast SEO plugin. -->","yoast_head_json":{"title":"Torque Skulls Myotragus Balearicus Large - Arteartesania","robots":{"index":"index","follow":"follow","max-snippet":"max-snippet:-1","max-image-preview":"max-image-preview:large","max-video-preview":"max-video-preview:-1"},"canonical":"https:\/\/www.arteartesania.com\/en\/product\/torque-skulls-myotragus-balearicus-large\/","og_locale":"en_US","og_type":"article","og_title":"Torque Skulls Myotragus Balearicus Large - Arteartesania","og_description":"PIECE: Torque Skulls Myotragus Balearicus Large  SKULLS MEASUREMENT: 3 cm  AUTHOR: Carlos Tellechea  YEAR: 2023","og_url":"https:\/\/www.arteartesania.com\/en\/product\/torque-skulls-myotragus-balearicus-large\/","og_site_name":"Arteartesania","article_modified_time":"2024-10-11T10:10:30+00:00","og_image":[{"width":2560,"height":2560,"url":"https:\/\/www.arteartesania.com\/wp-content\/uploads\/2023\/11\/IMG_0013-1-scaled.jpg","type":"image\/jpeg"}],"twitter_card":"summary_large_image","schema":{"@context":"https:\/\/schema.org","@graph":[{"@type":"WebPage","@id":"https:\/\/www.arteartesania.com\/en\/product\/torque-skulls-myotragus-balearicus-large\/","url":"https:\/\/www.arteartesania.com\/en\/product\/torque-skulls-myotragus-balearicus-large\/","name":"Torque Skulls Myotragus Balearicus Large - Arteartesania","isPartOf":{"@id":"https:\/\/www.arteartesania.com\/en\/#website"},"primaryImageOfPage":{"@id":"https:\/\/www.arteartesania.com\/en\/product\/torque-skulls-myotragus-balearicus-large\/#primaryimage"},"image":{"@id":"https:\/\/www.arteartesania.com\/en\/product\/torque-skulls-myotragus-balearicus-large\/#primaryimage"},"thumbnailUrl":"https:\/\/www.arteartesania.com\/wp-content\/uploads\/2023\/11\/IMG_0013-1-scaled.jpg","datePublished":"2024-10-11T10:10:29+00:00","dateModified":"2024-10-11T10:10:30+00:00","breadcrumb":{"@id":"https:\/\/www.arteartesania.com\/en\/product\/torque-skulls-myotragus-balearicus-large\/#breadcrumb"},"inLanguage":"en-US","potentialAction":[{"@type":"ReadAction","target":["https:\/\/www.arteartesania.com\/en\/product\/torque-skulls-myotragus-balearicus-large\/"]}]},{"@type":"ImageObject","inLanguage":"en-US","@id":"https:\/\/www.arteartesania.com\/en\/product\/torque-skulls-myotragus-balearicus-large\/#primaryimage","url":"https:\/\/www.arteartesania.com\/wp-content\/uploads\/2023\/11\/IMG_0013-1-scaled.jpg","contentUrl":"https:\/\/www.arteartesania.com\/wp-content\/uploads\/2023\/11\/IMG_0013-1-scaled.jpg","width":2560,"height":2560},{"@type":"BreadcrumbList","@id":"https:\/\/www.arteartesania.com\/en\/product\/torque-skulls-myotragus-balearicus-large\/#breadcrumb","itemListElement":[{"@type":"ListItem","position":1,"name":"Portada","item":"https:\/\/www.arteartesania.com\/en\/"},{"@type":"ListItem","position":2,"name":"Shop online","item":"https:\/\/www.arteartesania.com\/en\/shop\/"},{"@type":"ListItem","position":3,"name":"Torque Skulls Myotragus Balearicus Large"}]},{"@type":"WebSite","@id":"https:\/\/www.arteartesania.com\/en\/#website","url":"https:\/\/www.arteartesania.com\/en\/","name":"Arteartesania","description":"Original selecci\u00f3n de Artesan\u00eda Contempor\u00e1nea de Autor","publisher":{"@id":"https:\/\/www.arteartesania.com\/en\/#organization"},"potentialAction":[{"@type":"SearchAction","target":{"@type":"EntryPoint","urlTemplate":"https:\/\/www.arteartesania.com\/en\/?s={search_term_string}"},"query-input":{"@type":"PropertyValueSpecification","valueRequired":true,"valueName":"search_term_string"}}],"inLanguage":"en-US"},{"@type":"Organization","@id":"https:\/\/www.arteartesania.com\/en\/#organization","name":"Arteartesania","url":"https:\/\/www.arteartesania.com\/en\/","logo":{"@type":"ImageObject","inLanguage":"en-US","@id":"https:\/\/www.arteartesania.com\/en\/#\/schema\/logo\/image\/","url":"https:\/\/www.arteartesania.com\/wp-content\/uploads\/2019\/12\/cropped-logofooter.png","contentUrl":"https:\/\/www.arteartesania.com\/wp-content\/uploads\/2019\/12\/cropped-logofooter.png","width":539,"height":58,"caption":"Arteartesania"},"image":{"@id":"https:\/\/www.arteartesania.com\/en\/#\/schema\/logo\/image\/"}}]}},"_links":{"self":[{"href":"https:\/\/www.arteartesania.com\/en\/wp-json\/wp\/v2\/product\/17055"}],"collection":[{"href":"https:\/\/www.arteartesania.com\/en\/wp-json\/wp\/v2\/product"}],"about":[{"href":"https:\/\/www.arteartesania.com\/en\/wp-json\/wp\/v2\/types\/product"}],"replies":[{"embeddable":true,"href":"https:\/\/www.arteartesania.com\/en\/wp-json\/wp\/v2\/comments?post=17055"}],"wp:featuredmedia":[{"embeddable":true,"href":"https:\/\/www.arteartesania.com\/en\/wp-json\/wp\/v2\/media\/15867"}],"wp:attachment":[{"href":"https:\/\/www.arteartesania.com\/en\/wp-json\/wp\/v2\/media?parent=17055"}],"wp:term":[{"taxonomy":"product_cat","embeddable":true,"href":"https:\/\/www.arteartesania.com\/en\/wp-json\/wp\/v2\/product_cat?post=17055"},{"taxonomy":"product_tag","embeddable":true,"href":"https:\/\/www.arteartesania.com\/en\/wp-json\/wp\/v2\/product_tag?post=17055"}],"curies":[{"name":"wp","href":"https:\/\/api.w.org\/{rel}","templated":true}]}}