{"id":16292,"date":"2024-06-06T12:16:32","date_gmt":"2024-06-06T10:16:32","guid":{"rendered":"https:\/\/www.arteartesania.com\/?post_type=product&#038;p=16292"},"modified":"2024-06-06T12:50:14","modified_gmt":"2024-06-06T10:50:14","slug":"wrinkled-silver-ring-with-aquamarine-and-gold","status":"publish","type":"product","link":"https:\/\/www.arteartesania.com\/en\/product\/wrinkled-silver-ring-with-aquamarine-and-gold\/","title":{"rendered":"WRINKLED SILVER RING WITH AQUAMARINE AND GOLD"},"content":{"rendered":"<p><img decoding=\"async\" class=\"alignnone size-full wp-image-16311\" src=\"https:\/\/www.arteartesania.com\/wp-content\/uploads\/2024\/06\/IMG_6327.heic\" alt=\"\" \/> <img decoding=\"async\" class=\"alignnone size-full wp-image-16308\" src=\"https:\/\/www.arteartesania.com\/wp-content\/uploads\/2024\/06\/IMG_6326.heic\" alt=\"\" \/> <img decoding=\"async\" class=\"alignnone size-full wp-image-16305\" src=\"https:\/\/www.arteartesania.com\/wp-content\/uploads\/2024\/06\/IMG_6325-2.heic\" alt=\"\" \/> <img decoding=\"async\" class=\"alignnone size-full wp-image-16302\" src=\"https:\/\/www.arteartesania.com\/wp-content\/uploads\/2024\/06\/IMG_6323.heic\" alt=\"\" \/> <img decoding=\"async\" class=\"alignnone size-full wp-image-16299\" src=\"https:\/\/www.arteartesania.com\/wp-content\/uploads\/2024\/06\/IMG_6322-2.heic\" alt=\"\" \/><\/p>\n<p>AUTHOR: MIGUEL TOM\u00c9<\/p>\n<p>MATERIALS: SILVER, 18K GOLD AND AQUAMARINE<\/p>\n","protected":false},"excerpt":{"rendered":"<p>WRINKLED SILVER WITH A TRIANGULAR AQUAMARINE AND 18K GOLD AROUND IT<\/p>\n<p>&nbsp;<\/p>\n","protected":false},"featured_media":16318,"comment_status":"closed","ping_status":"closed","template":"","meta":{"_acf_changed":false,"inline_featured_image":false},"product_cat":[15],"product_tag":[],"class_list":{"0":"post-16292","1":"product","2":"type-product","3":"status-publish","4":"has-post-thumbnail","6":"product_cat-sin-categoria","8":"first","9":"instock","10":"sold-individually","11":"shipping-taxable","12":"purchasable","13":"product-type-simple"},"acf":[],"yoast_head":"<!-- This site is optimized with the Yoast SEO plugin v23.6 - https:\/\/yoast.com\/wordpress\/plugins\/seo\/ -->\n<title>WRINKLED SILVER RING WITH AQUAMARINE AND GOLD - Arteartesania<\/title>\n<meta name=\"robots\" content=\"index, follow, max-snippet:-1, max-image-preview:large, max-video-preview:-1\" \/>\n<link rel=\"canonical\" href=\"https:\/\/www.arteartesania.com\/en\/product\/wrinkled-silver-ring-with-aquamarine-and-gold\/\" \/>\n<meta property=\"og:locale\" content=\"en_US\" \/>\n<meta property=\"og:type\" content=\"article\" \/>\n<meta property=\"og:title\" content=\"WRINKLED SILVER RING WITH AQUAMARINE AND GOLD - Arteartesania\" \/>\n<meta property=\"og:description\" content=\"WRINKLED SILVER WITH A TRIANGULAR AQUAMARINE AND 18K GOLD AROUND IT  &nbsp;\" \/>\n<meta property=\"og:url\" content=\"https:\/\/www.arteartesania.com\/en\/product\/wrinkled-silver-ring-with-aquamarine-and-gold\/\" \/>\n<meta property=\"og:site_name\" content=\"Arteartesania\" \/>\n<meta property=\"article:modified_time\" content=\"2024-06-06T10:50:14+00:00\" \/>\n<meta property=\"og:image\" content=\"https:\/\/www.arteartesania.com\/wp-content\/uploads\/2024\/06\/IMG_6326-scaled.jpeg\" \/>\n\t<meta property=\"og:image:width\" content=\"2560\" \/>\n\t<meta property=\"og:image:height\" content=\"2560\" \/>\n\t<meta property=\"og:image:type\" content=\"image\/jpeg\" \/>\n<meta name=\"twitter:card\" content=\"summary_large_image\" \/>\n<meta name=\"twitter:label1\" content=\"Est. reading time\" \/>\n\t<meta name=\"twitter:data1\" content=\"2 minutes\" \/>\n<script type=\"application\/ld+json\" class=\"yoast-schema-graph\">{\"@context\":\"https:\/\/schema.org\",\"@graph\":[{\"@type\":\"WebPage\",\"@id\":\"https:\/\/www.arteartesania.com\/en\/product\/wrinkled-silver-ring-with-aquamarine-and-gold\/\",\"url\":\"https:\/\/www.arteartesania.com\/en\/product\/wrinkled-silver-ring-with-aquamarine-and-gold\/\",\"name\":\"WRINKLED SILVER RING WITH AQUAMARINE AND GOLD - Arteartesania\",\"isPartOf\":{\"@id\":\"https:\/\/www.arteartesania.com\/en\/#website\"},\"primaryImageOfPage\":{\"@id\":\"https:\/\/www.arteartesania.com\/en\/product\/wrinkled-silver-ring-with-aquamarine-and-gold\/#primaryimage\"},\"image\":{\"@id\":\"https:\/\/www.arteartesania.com\/en\/product\/wrinkled-silver-ring-with-aquamarine-and-gold\/#primaryimage\"},\"thumbnailUrl\":\"https:\/\/www.arteartesania.com\/wp-content\/uploads\/2024\/06\/IMG_6326-scaled.jpeg\",\"datePublished\":\"2024-06-06T10:16:32+00:00\",\"dateModified\":\"2024-06-06T10:50:14+00:00\",\"breadcrumb\":{\"@id\":\"https:\/\/www.arteartesania.com\/en\/product\/wrinkled-silver-ring-with-aquamarine-and-gold\/#breadcrumb\"},\"inLanguage\":\"en-US\",\"potentialAction\":[{\"@type\":\"ReadAction\",\"target\":[\"https:\/\/www.arteartesania.com\/en\/product\/wrinkled-silver-ring-with-aquamarine-and-gold\/\"]}]},{\"@type\":\"ImageObject\",\"inLanguage\":\"en-US\",\"@id\":\"https:\/\/www.arteartesania.com\/en\/product\/wrinkled-silver-ring-with-aquamarine-and-gold\/#primaryimage\",\"url\":\"https:\/\/www.arteartesania.com\/wp-content\/uploads\/2024\/06\/IMG_6326-scaled.jpeg\",\"contentUrl\":\"https:\/\/www.arteartesania.com\/wp-content\/uploads\/2024\/06\/IMG_6326-scaled.jpeg\",\"width\":2560,\"height\":2560},{\"@type\":\"BreadcrumbList\",\"@id\":\"https:\/\/www.arteartesania.com\/en\/product\/wrinkled-silver-ring-with-aquamarine-and-gold\/#breadcrumb\",\"itemListElement\":[{\"@type\":\"ListItem\",\"position\":1,\"name\":\"Portada\",\"item\":\"https:\/\/www.arteartesania.com\/en\/\"},{\"@type\":\"ListItem\",\"position\":2,\"name\":\"Shop online\",\"item\":\"https:\/\/www.arteartesania.com\/en\/shop\/\"},{\"@type\":\"ListItem\",\"position\":3,\"name\":\"WRINKLED SILVER RING WITH AQUAMARINE AND GOLD\"}]},{\"@type\":\"WebSite\",\"@id\":\"https:\/\/www.arteartesania.com\/en\/#website\",\"url\":\"https:\/\/www.arteartesania.com\/en\/\",\"name\":\"Arteartesania\",\"description\":\"Original selecci\u00f3n de Artesan\u00eda Contempor\u00e1nea de Autor\",\"publisher\":{\"@id\":\"https:\/\/www.arteartesania.com\/en\/#organization\"},\"potentialAction\":[{\"@type\":\"SearchAction\",\"target\":{\"@type\":\"EntryPoint\",\"urlTemplate\":\"https:\/\/www.arteartesania.com\/en\/?s={search_term_string}\"},\"query-input\":{\"@type\":\"PropertyValueSpecification\",\"valueRequired\":true,\"valueName\":\"search_term_string\"}}],\"inLanguage\":\"en-US\"},{\"@type\":\"Organization\",\"@id\":\"https:\/\/www.arteartesania.com\/en\/#organization\",\"name\":\"Arteartesania\",\"url\":\"https:\/\/www.arteartesania.com\/en\/\",\"logo\":{\"@type\":\"ImageObject\",\"inLanguage\":\"en-US\",\"@id\":\"https:\/\/www.arteartesania.com\/en\/#\/schema\/logo\/image\/\",\"url\":\"https:\/\/www.arteartesania.com\/wp-content\/uploads\/2019\/12\/cropped-logofooter.png\",\"contentUrl\":\"https:\/\/www.arteartesania.com\/wp-content\/uploads\/2019\/12\/cropped-logofooter.png\",\"width\":539,\"height\":58,\"caption\":\"Arteartesania\"},\"image\":{\"@id\":\"https:\/\/www.arteartesania.com\/en\/#\/schema\/logo\/image\/\"}}]}<\/script>\n<!-- \/ Yoast SEO plugin. -->","yoast_head_json":{"title":"WRINKLED SILVER RING WITH AQUAMARINE AND GOLD - Arteartesania","robots":{"index":"index","follow":"follow","max-snippet":"max-snippet:-1","max-image-preview":"max-image-preview:large","max-video-preview":"max-video-preview:-1"},"canonical":"https:\/\/www.arteartesania.com\/en\/product\/wrinkled-silver-ring-with-aquamarine-and-gold\/","og_locale":"en_US","og_type":"article","og_title":"WRINKLED SILVER RING WITH AQUAMARINE AND GOLD - Arteartesania","og_description":"WRINKLED SILVER WITH A TRIANGULAR AQUAMARINE AND 18K GOLD AROUND IT  &nbsp;","og_url":"https:\/\/www.arteartesania.com\/en\/product\/wrinkled-silver-ring-with-aquamarine-and-gold\/","og_site_name":"Arteartesania","article_modified_time":"2024-06-06T10:50:14+00:00","og_image":[{"width":2560,"height":2560,"url":"https:\/\/www.arteartesania.com\/wp-content\/uploads\/2024\/06\/IMG_6326-scaled.jpeg","type":"image\/jpeg"}],"twitter_card":"summary_large_image","twitter_misc":{"Est. reading time":"2 minutes"},"schema":{"@context":"https:\/\/schema.org","@graph":[{"@type":"WebPage","@id":"https:\/\/www.arteartesania.com\/en\/product\/wrinkled-silver-ring-with-aquamarine-and-gold\/","url":"https:\/\/www.arteartesania.com\/en\/product\/wrinkled-silver-ring-with-aquamarine-and-gold\/","name":"WRINKLED SILVER RING WITH AQUAMARINE AND GOLD - Arteartesania","isPartOf":{"@id":"https:\/\/www.arteartesania.com\/en\/#website"},"primaryImageOfPage":{"@id":"https:\/\/www.arteartesania.com\/en\/product\/wrinkled-silver-ring-with-aquamarine-and-gold\/#primaryimage"},"image":{"@id":"https:\/\/www.arteartesania.com\/en\/product\/wrinkled-silver-ring-with-aquamarine-and-gold\/#primaryimage"},"thumbnailUrl":"https:\/\/www.arteartesania.com\/wp-content\/uploads\/2024\/06\/IMG_6326-scaled.jpeg","datePublished":"2024-06-06T10:16:32+00:00","dateModified":"2024-06-06T10:50:14+00:00","breadcrumb":{"@id":"https:\/\/www.arteartesania.com\/en\/product\/wrinkled-silver-ring-with-aquamarine-and-gold\/#breadcrumb"},"inLanguage":"en-US","potentialAction":[{"@type":"ReadAction","target":["https:\/\/www.arteartesania.com\/en\/product\/wrinkled-silver-ring-with-aquamarine-and-gold\/"]}]},{"@type":"ImageObject","inLanguage":"en-US","@id":"https:\/\/www.arteartesania.com\/en\/product\/wrinkled-silver-ring-with-aquamarine-and-gold\/#primaryimage","url":"https:\/\/www.arteartesania.com\/wp-content\/uploads\/2024\/06\/IMG_6326-scaled.jpeg","contentUrl":"https:\/\/www.arteartesania.com\/wp-content\/uploads\/2024\/06\/IMG_6326-scaled.jpeg","width":2560,"height":2560},{"@type":"BreadcrumbList","@id":"https:\/\/www.arteartesania.com\/en\/product\/wrinkled-silver-ring-with-aquamarine-and-gold\/#breadcrumb","itemListElement":[{"@type":"ListItem","position":1,"name":"Portada","item":"https:\/\/www.arteartesania.com\/en\/"},{"@type":"ListItem","position":2,"name":"Shop online","item":"https:\/\/www.arteartesania.com\/en\/shop\/"},{"@type":"ListItem","position":3,"name":"WRINKLED SILVER RING WITH AQUAMARINE AND GOLD"}]},{"@type":"WebSite","@id":"https:\/\/www.arteartesania.com\/en\/#website","url":"https:\/\/www.arteartesania.com\/en\/","name":"Arteartesania","description":"Original selecci\u00f3n de Artesan\u00eda Contempor\u00e1nea de Autor","publisher":{"@id":"https:\/\/www.arteartesania.com\/en\/#organization"},"potentialAction":[{"@type":"SearchAction","target":{"@type":"EntryPoint","urlTemplate":"https:\/\/www.arteartesania.com\/en\/?s={search_term_string}"},"query-input":{"@type":"PropertyValueSpecification","valueRequired":true,"valueName":"search_term_string"}}],"inLanguage":"en-US"},{"@type":"Organization","@id":"https:\/\/www.arteartesania.com\/en\/#organization","name":"Arteartesania","url":"https:\/\/www.arteartesania.com\/en\/","logo":{"@type":"ImageObject","inLanguage":"en-US","@id":"https:\/\/www.arteartesania.com\/en\/#\/schema\/logo\/image\/","url":"https:\/\/www.arteartesania.com\/wp-content\/uploads\/2019\/12\/cropped-logofooter.png","contentUrl":"https:\/\/www.arteartesania.com\/wp-content\/uploads\/2019\/12\/cropped-logofooter.png","width":539,"height":58,"caption":"Arteartesania"},"image":{"@id":"https:\/\/www.arteartesania.com\/en\/#\/schema\/logo\/image\/"}}]}},"_links":{"self":[{"href":"https:\/\/www.arteartesania.com\/en\/wp-json\/wp\/v2\/product\/16292"}],"collection":[{"href":"https:\/\/www.arteartesania.com\/en\/wp-json\/wp\/v2\/product"}],"about":[{"href":"https:\/\/www.arteartesania.com\/en\/wp-json\/wp\/v2\/types\/product"}],"replies":[{"embeddable":true,"href":"https:\/\/www.arteartesania.com\/en\/wp-json\/wp\/v2\/comments?post=16292"}],"wp:featuredmedia":[{"embeddable":true,"href":"https:\/\/www.arteartesania.com\/en\/wp-json\/wp\/v2\/media\/16318"}],"wp:attachment":[{"href":"https:\/\/www.arteartesania.com\/en\/wp-json\/wp\/v2\/media?parent=16292"}],"wp:term":[{"taxonomy":"product_cat","embeddable":true,"href":"https:\/\/www.arteartesania.com\/en\/wp-json\/wp\/v2\/product_cat?post=16292"},{"taxonomy":"product_tag","embeddable":true,"href":"https:\/\/www.arteartesania.com\/en\/wp-json\/wp\/v2\/product_tag?post=16292"}],"curies":[{"name":"wp","href":"https:\/\/api.w.org\/{rel}","templated":true}]}}