{"id":15778,"date":"2023-10-23T18:10:37","date_gmt":"2023-10-23T16:38:20","guid":{"rendered":"https:\/\/www.arteartesania.com\/?post_type=product&#038;p=15778"},"modified":"2023-10-24T14:49:23","modified_gmt":"2023-10-24T12:49:23","slug":"engagement-ring-18-kt-gold-and-mossainite-0-5-ct-carlos-tellechea","status":"publish","type":"product","link":"https:\/\/www.arteartesania.com\/en\/product\/engagement-ring-18-kt-gold-and-mossainite-0-5-ct-carlos-tellechea\/","title":{"rendered":"18 Kt Gold Engagement Ring with 0.5 ct Mossainite &#8211; Carlos Tellechea"},"content":{"rendered":"","protected":false},"excerpt":{"rendered":"<p>HANDMADE 18 KT GOLD AND 0.5 CT MOSSAINITE ENGAGEMENT RING<\/p>\n<p>SIZE 17 &#8211; (Diameter 18 mm)<\/p>\n<p>BY Carlos Tellechea<\/p>\n<p>Year: 2023<\/p>\n<p>Materials: 18 Kt Gold, Mossainite 0.5 ct<\/p>\n","protected":false},"featured_media":15769,"comment_status":"closed","ping_status":"closed","template":"","meta":{"_acf_changed":false,"inline_featured_image":false},"product_cat":[128,110,111],"product_tag":[437,588,768,770,287],"class_list":{"0":"post-15778","1":"product","2":"type-product","3":"status-publish","4":"has-post-thumbnail","6":"product_cat-carlostellechea","7":"product_cat-jewelry","8":"product_cat-rings","9":"product_tag-anillo-en","10":"product_tag-carlostellechea-arteartesania-soller-mallorca-confinamiento-en","11":"product_tag-handmade-en-2","12":"product_tag-jewelry-en-2","13":"product_tag-joyas-finas","15":"first","16":"onbackorder","17":"shipping-taxable","18":"purchasable","19":"product-type-simple"},"acf":[],"yoast_head":"<!-- This site is optimized with the Yoast SEO plugin v23.6 - https:\/\/yoast.com\/wordpress\/plugins\/seo\/ -->\n<title>Handmade 18 Kt Gold Engagement Ring with Mossainite<\/title>\n<meta name=\"description\" content=\"Handmade 18 Kt Gold Engagement Ring with 0,5 ct Mossainite. By author Carlos Tellechea in Soller, Mallorca. Year 2023.\" \/>\n<meta name=\"robots\" content=\"index, follow, max-snippet:-1, max-image-preview:large, max-video-preview:-1\" \/>\n<link rel=\"canonical\" href=\"https:\/\/www.arteartesania.com\/en\/product\/engagement-ring-18-kt-gold-and-mossainite-0-5-ct-carlos-tellechea\/\" \/>\n<meta property=\"og:locale\" content=\"en_US\" \/>\n<meta property=\"og:type\" content=\"article\" \/>\n<meta property=\"og:title\" content=\"Handmade 18 Kt Gold Engagement Ring with Mossainite\" \/>\n<meta property=\"og:description\" content=\"Handmade 18 Kt Gold Engagement Ring with 0,5 ct Mossainite. By author Carlos Tellechea in Soller, Mallorca. Year 2023.\" \/>\n<meta property=\"og:url\" content=\"https:\/\/www.arteartesania.com\/en\/product\/engagement-ring-18-kt-gold-and-mossainite-0-5-ct-carlos-tellechea\/\" \/>\n<meta property=\"og:site_name\" content=\"Arteartesania\" \/>\n<meta property=\"article:modified_time\" content=\"2023-10-24T12:49:23+00:00\" \/>\n<meta property=\"og:image\" content=\"https:\/\/www.arteartesania.com\/wp-content\/uploads\/2023\/10\/IMG_3799-2.jpeg\" \/>\n\t<meta property=\"og:image:width\" content=\"993\" \/>\n\t<meta property=\"og:image:height\" content=\"993\" \/>\n\t<meta property=\"og:image:type\" content=\"image\/jpeg\" \/>\n<meta name=\"twitter:card\" content=\"summary_large_image\" \/>\n<script type=\"application\/ld+json\" class=\"yoast-schema-graph\">{\"@context\":\"https:\/\/schema.org\",\"@graph\":[{\"@type\":\"WebPage\",\"@id\":\"https:\/\/www.arteartesania.com\/en\/product\/engagement-ring-18-kt-gold-and-mossainite-0-5-ct-carlos-tellechea\/\",\"url\":\"https:\/\/www.arteartesania.com\/en\/product\/engagement-ring-18-kt-gold-and-mossainite-0-5-ct-carlos-tellechea\/\",\"name\":\"Handmade 18 Kt Gold Engagement Ring with Mossainite\",\"isPartOf\":{\"@id\":\"https:\/\/www.arteartesania.com\/en\/#website\"},\"primaryImageOfPage\":{\"@id\":\"https:\/\/www.arteartesania.com\/en\/product\/engagement-ring-18-kt-gold-and-mossainite-0-5-ct-carlos-tellechea\/#primaryimage\"},\"image\":{\"@id\":\"https:\/\/www.arteartesania.com\/en\/product\/engagement-ring-18-kt-gold-and-mossainite-0-5-ct-carlos-tellechea\/#primaryimage\"},\"thumbnailUrl\":\"https:\/\/www.arteartesania.com\/wp-content\/uploads\/2023\/10\/IMG_3799-2.jpeg\",\"datePublished\":\"2023-10-23T16:38:20+00:00\",\"dateModified\":\"2023-10-24T12:49:23+00:00\",\"description\":\"Handmade 18 Kt Gold Engagement Ring with 0,5 ct Mossainite. By author Carlos Tellechea in Soller, Mallorca. Year 2023.\",\"breadcrumb\":{\"@id\":\"https:\/\/www.arteartesania.com\/en\/product\/engagement-ring-18-kt-gold-and-mossainite-0-5-ct-carlos-tellechea\/#breadcrumb\"},\"inLanguage\":\"en-US\",\"potentialAction\":[{\"@type\":\"ReadAction\",\"target\":[\"https:\/\/www.arteartesania.com\/en\/product\/engagement-ring-18-kt-gold-and-mossainite-0-5-ct-carlos-tellechea\/\"]}]},{\"@type\":\"ImageObject\",\"inLanguage\":\"en-US\",\"@id\":\"https:\/\/www.arteartesania.com\/en\/product\/engagement-ring-18-kt-gold-and-mossainite-0-5-ct-carlos-tellechea\/#primaryimage\",\"url\":\"https:\/\/www.arteartesania.com\/wp-content\/uploads\/2023\/10\/IMG_3799-2.jpeg\",\"contentUrl\":\"https:\/\/www.arteartesania.com\/wp-content\/uploads\/2023\/10\/IMG_3799-2.jpeg\",\"width\":993,\"height\":993,\"caption\":\"ANILLO ORO 18KT MOSSAINITA - CARLOS TELLECHEA\"},{\"@type\":\"BreadcrumbList\",\"@id\":\"https:\/\/www.arteartesania.com\/en\/product\/engagement-ring-18-kt-gold-and-mossainite-0-5-ct-carlos-tellechea\/#breadcrumb\",\"itemListElement\":[{\"@type\":\"ListItem\",\"position\":1,\"name\":\"Portada\",\"item\":\"https:\/\/www.arteartesania.com\/en\/\"},{\"@type\":\"ListItem\",\"position\":2,\"name\":\"Shop online\",\"item\":\"https:\/\/www.arteartesania.com\/en\/shop\/\"},{\"@type\":\"ListItem\",\"position\":3,\"name\":\"18 Kt Gold Engagement Ring with 0.5 ct Mossainite &#8211; Carlos Tellechea\"}]},{\"@type\":\"WebSite\",\"@id\":\"https:\/\/www.arteartesania.com\/en\/#website\",\"url\":\"https:\/\/www.arteartesania.com\/en\/\",\"name\":\"Arteartesania\",\"description\":\"Original selecci\u00f3n de Artesan\u00eda Contempor\u00e1nea de Autor\",\"publisher\":{\"@id\":\"https:\/\/www.arteartesania.com\/en\/#organization\"},\"potentialAction\":[{\"@type\":\"SearchAction\",\"target\":{\"@type\":\"EntryPoint\",\"urlTemplate\":\"https:\/\/www.arteartesania.com\/en\/?s={search_term_string}\"},\"query-input\":{\"@type\":\"PropertyValueSpecification\",\"valueRequired\":true,\"valueName\":\"search_term_string\"}}],\"inLanguage\":\"en-US\"},{\"@type\":\"Organization\",\"@id\":\"https:\/\/www.arteartesania.com\/en\/#organization\",\"name\":\"Arteartesania\",\"url\":\"https:\/\/www.arteartesania.com\/en\/\",\"logo\":{\"@type\":\"ImageObject\",\"inLanguage\":\"en-US\",\"@id\":\"https:\/\/www.arteartesania.com\/en\/#\/schema\/logo\/image\/\",\"url\":\"https:\/\/www.arteartesania.com\/wp-content\/uploads\/2019\/12\/cropped-logofooter.png\",\"contentUrl\":\"https:\/\/www.arteartesania.com\/wp-content\/uploads\/2019\/12\/cropped-logofooter.png\",\"width\":539,\"height\":58,\"caption\":\"Arteartesania\"},\"image\":{\"@id\":\"https:\/\/www.arteartesania.com\/en\/#\/schema\/logo\/image\/\"}}]}<\/script>\n<!-- \/ Yoast SEO plugin. -->","yoast_head_json":{"title":"Handmade 18 Kt Gold Engagement Ring with Mossainite","description":"Handmade 18 Kt Gold Engagement Ring with 0,5 ct Mossainite. By author Carlos Tellechea in Soller, Mallorca. Year 2023.","robots":{"index":"index","follow":"follow","max-snippet":"max-snippet:-1","max-image-preview":"max-image-preview:large","max-video-preview":"max-video-preview:-1"},"canonical":"https:\/\/www.arteartesania.com\/en\/product\/engagement-ring-18-kt-gold-and-mossainite-0-5-ct-carlos-tellechea\/","og_locale":"en_US","og_type":"article","og_title":"Handmade 18 Kt Gold Engagement Ring with Mossainite","og_description":"Handmade 18 Kt Gold Engagement Ring with 0,5 ct Mossainite. By author Carlos Tellechea in Soller, Mallorca. Year 2023.","og_url":"https:\/\/www.arteartesania.com\/en\/product\/engagement-ring-18-kt-gold-and-mossainite-0-5-ct-carlos-tellechea\/","og_site_name":"Arteartesania","article_modified_time":"2023-10-24T12:49:23+00:00","og_image":[{"width":993,"height":993,"url":"https:\/\/www.arteartesania.com\/wp-content\/uploads\/2023\/10\/IMG_3799-2.jpeg","type":"image\/jpeg"}],"twitter_card":"summary_large_image","schema":{"@context":"https:\/\/schema.org","@graph":[{"@type":"WebPage","@id":"https:\/\/www.arteartesania.com\/en\/product\/engagement-ring-18-kt-gold-and-mossainite-0-5-ct-carlos-tellechea\/","url":"https:\/\/www.arteartesania.com\/en\/product\/engagement-ring-18-kt-gold-and-mossainite-0-5-ct-carlos-tellechea\/","name":"Handmade 18 Kt Gold Engagement Ring with Mossainite","isPartOf":{"@id":"https:\/\/www.arteartesania.com\/en\/#website"},"primaryImageOfPage":{"@id":"https:\/\/www.arteartesania.com\/en\/product\/engagement-ring-18-kt-gold-and-mossainite-0-5-ct-carlos-tellechea\/#primaryimage"},"image":{"@id":"https:\/\/www.arteartesania.com\/en\/product\/engagement-ring-18-kt-gold-and-mossainite-0-5-ct-carlos-tellechea\/#primaryimage"},"thumbnailUrl":"https:\/\/www.arteartesania.com\/wp-content\/uploads\/2023\/10\/IMG_3799-2.jpeg","datePublished":"2023-10-23T16:38:20+00:00","dateModified":"2023-10-24T12:49:23+00:00","description":"Handmade 18 Kt Gold Engagement Ring with 0,5 ct Mossainite. By author Carlos Tellechea in Soller, Mallorca. Year 2023.","breadcrumb":{"@id":"https:\/\/www.arteartesania.com\/en\/product\/engagement-ring-18-kt-gold-and-mossainite-0-5-ct-carlos-tellechea\/#breadcrumb"},"inLanguage":"en-US","potentialAction":[{"@type":"ReadAction","target":["https:\/\/www.arteartesania.com\/en\/product\/engagement-ring-18-kt-gold-and-mossainite-0-5-ct-carlos-tellechea\/"]}]},{"@type":"ImageObject","inLanguage":"en-US","@id":"https:\/\/www.arteartesania.com\/en\/product\/engagement-ring-18-kt-gold-and-mossainite-0-5-ct-carlos-tellechea\/#primaryimage","url":"https:\/\/www.arteartesania.com\/wp-content\/uploads\/2023\/10\/IMG_3799-2.jpeg","contentUrl":"https:\/\/www.arteartesania.com\/wp-content\/uploads\/2023\/10\/IMG_3799-2.jpeg","width":993,"height":993,"caption":"ANILLO ORO 18KT MOSSAINITA - CARLOS TELLECHEA"},{"@type":"BreadcrumbList","@id":"https:\/\/www.arteartesania.com\/en\/product\/engagement-ring-18-kt-gold-and-mossainite-0-5-ct-carlos-tellechea\/#breadcrumb","itemListElement":[{"@type":"ListItem","position":1,"name":"Portada","item":"https:\/\/www.arteartesania.com\/en\/"},{"@type":"ListItem","position":2,"name":"Shop online","item":"https:\/\/www.arteartesania.com\/en\/shop\/"},{"@type":"ListItem","position":3,"name":"18 Kt Gold Engagement Ring with 0.5 ct Mossainite &#8211; Carlos Tellechea"}]},{"@type":"WebSite","@id":"https:\/\/www.arteartesania.com\/en\/#website","url":"https:\/\/www.arteartesania.com\/en\/","name":"Arteartesania","description":"Original selecci\u00f3n de Artesan\u00eda Contempor\u00e1nea de Autor","publisher":{"@id":"https:\/\/www.arteartesania.com\/en\/#organization"},"potentialAction":[{"@type":"SearchAction","target":{"@type":"EntryPoint","urlTemplate":"https:\/\/www.arteartesania.com\/en\/?s={search_term_string}"},"query-input":{"@type":"PropertyValueSpecification","valueRequired":true,"valueName":"search_term_string"}}],"inLanguage":"en-US"},{"@type":"Organization","@id":"https:\/\/www.arteartesania.com\/en\/#organization","name":"Arteartesania","url":"https:\/\/www.arteartesania.com\/en\/","logo":{"@type":"ImageObject","inLanguage":"en-US","@id":"https:\/\/www.arteartesania.com\/en\/#\/schema\/logo\/image\/","url":"https:\/\/www.arteartesania.com\/wp-content\/uploads\/2019\/12\/cropped-logofooter.png","contentUrl":"https:\/\/www.arteartesania.com\/wp-content\/uploads\/2019\/12\/cropped-logofooter.png","width":539,"height":58,"caption":"Arteartesania"},"image":{"@id":"https:\/\/www.arteartesania.com\/en\/#\/schema\/logo\/image\/"}}]}},"_links":{"self":[{"href":"https:\/\/www.arteartesania.com\/en\/wp-json\/wp\/v2\/product\/15778"}],"collection":[{"href":"https:\/\/www.arteartesania.com\/en\/wp-json\/wp\/v2\/product"}],"about":[{"href":"https:\/\/www.arteartesania.com\/en\/wp-json\/wp\/v2\/types\/product"}],"replies":[{"embeddable":true,"href":"https:\/\/www.arteartesania.com\/en\/wp-json\/wp\/v2\/comments?post=15778"}],"wp:featuredmedia":[{"embeddable":true,"href":"https:\/\/www.arteartesania.com\/en\/wp-json\/wp\/v2\/media\/15769"}],"wp:attachment":[{"href":"https:\/\/www.arteartesania.com\/en\/wp-json\/wp\/v2\/media?parent=15778"}],"wp:term":[{"taxonomy":"product_cat","embeddable":true,"href":"https:\/\/www.arteartesania.com\/en\/wp-json\/wp\/v2\/product_cat?post=15778"},{"taxonomy":"product_tag","embeddable":true,"href":"https:\/\/www.arteartesania.com\/en\/wp-json\/wp\/v2\/product_tag?post=15778"}],"curies":[{"name":"wp","href":"https:\/\/api.w.org\/{rel}","templated":true}]}}