{"id":15068,"date":"2023-03-27T13:52:47","date_gmt":"2023-03-27T11:53:40","guid":{"rendered":"https:\/\/www.arteartesania.com\/?post_type=product&#038;p=15068"},"modified":"2023-03-27T13:53:41","modified_gmt":"2023-03-27T11:53:41","slug":"elongated-bowl-with-4-legs-patina-bronze-fruit-bowl","status":"publish","type":"product","link":"https:\/\/www.arteartesania.com\/en\/product\/elongated-bowl-with-4-legs-patina-bronze-fruit-bowl\/","title":{"rendered":"ELONGATED BOWL WITH 4 LEGS PATINA BRONZE FRUIT BOWL"},"content":{"rendered":"<p>ELONGATED BOWL WITH 4 LEGS PATINA BRONZE FRUIT BOWL<\/p>\n<p>MEASURES: 12 X 45 X 15 cm<\/p>\n<p>MATERIALS: PATINA BRONZE<\/p>\n<p>AUTHOR: CARLOS TELLECHEA<\/p>\n<p>UNIQUE PIECE YEAR: 2023<\/p>\n","protected":false},"excerpt":{"rendered":"<p>ELONGATED BOWL WITH 4 LEGS PATINA BRONZE FRUIT BOWL<\/p>\n<p>MEASURES: 12 X 45 X 15 cm<\/p>\n<p>MATERIALS: PATINA BRONZE<\/p>\n<p>AUTHOR: CARLOS TELLECHEA<\/p>\n<p>UNIQUE PIECE YEAR: 2023<\/p>\n","protected":false},"featured_media":19184,"comment_status":"closed","ping_status":"closed","template":"","meta":{"_acf_changed":false,"inline_featured_image":false},"product_cat":[108,129,128,966,109,598],"product_tag":[349,483,768],"class_list":{"0":"post-15068","1":"product","2":"type-product","3":"status-publish","4":"has-post-thumbnail","6":"product_cat-art","7":"product_cat-artists","8":"product_cat-carlostellechea","9":"product_cat-decoracion-escultorico-en","10":"product_cat-objects","11":"product_cat-patina-en","12":"product_tag-carlostellechea-soller-mallorca-joyeria-arteartesania-en","13":"product_tag-objetos-en","14":"product_tag-handmade-en-2","15":"product_shipping_class-paquetes-grandes-pesados-en","17":"first","18":"instock","19":"sold-individually","20":"shipping-taxable","21":"purchasable","22":"product-type-variable"},"acf":[],"yoast_head":"<!-- This site is optimized with the Yoast SEO plugin v23.6 - https:\/\/yoast.com\/wordpress\/plugins\/seo\/ -->\n<title>ELONGATED BOWL WITH 4 LEGS PATINA BRONZE FRUIT BOWL - Arteartesania<\/title>\n<meta name=\"robots\" content=\"index, follow, max-snippet:-1, max-image-preview:large, max-video-preview:-1\" \/>\n<link rel=\"canonical\" href=\"https:\/\/www.arteartesania.com\/en\/product\/elongated-bowl-with-4-legs-patina-bronze-fruit-bowl\/\" \/>\n<meta property=\"og:locale\" content=\"en_US\" \/>\n<meta property=\"og:type\" content=\"article\" \/>\n<meta property=\"og:title\" content=\"ELONGATED BOWL WITH 4 LEGS PATINA BRONZE FRUIT BOWL - Arteartesania\" \/>\n<meta property=\"og:description\" content=\"ELONGATED BOWL WITH 4 LEGS PATINA BRONZE FRUIT BOWL  MEASURES: 12 X 45 X 15 cm  MATERIALS: PATINA BRONZE  AUTHOR: CARLOS TELLECHEA  UNIQUE PIECE YEAR: 2023\" \/>\n<meta property=\"og:url\" content=\"https:\/\/www.arteartesania.com\/en\/product\/elongated-bowl-with-4-legs-patina-bronze-fruit-bowl\/\" \/>\n<meta property=\"og:site_name\" content=\"Arteartesania\" \/>\n<meta property=\"article:modified_time\" content=\"2023-03-27T11:53:41+00:00\" \/>\n<meta property=\"og:image\" content=\"https:\/\/www.arteartesania.com\/wp-content\/uploads\/2023\/03\/IMG_1912-scaled.jpeg\" \/>\n\t<meta property=\"og:image:width\" content=\"2560\" \/>\n\t<meta property=\"og:image:height\" content=\"2385\" \/>\n\t<meta property=\"og:image:type\" content=\"image\/jpeg\" \/>\n<meta name=\"twitter:card\" content=\"summary_large_image\" \/>\n<meta name=\"twitter:label1\" content=\"Est. reading time\" \/>\n\t<meta name=\"twitter:data1\" content=\"1 minute\" \/>\n<script type=\"application\/ld+json\" class=\"yoast-schema-graph\">{\"@context\":\"https:\/\/schema.org\",\"@graph\":[{\"@type\":\"WebPage\",\"@id\":\"https:\/\/www.arteartesania.com\/en\/product\/elongated-bowl-with-4-legs-patina-bronze-fruit-bowl\/\",\"url\":\"https:\/\/www.arteartesania.com\/en\/product\/elongated-bowl-with-4-legs-patina-bronze-fruit-bowl\/\",\"name\":\"ELONGATED BOWL WITH 4 LEGS PATINA BRONZE FRUIT BOWL - Arteartesania\",\"isPartOf\":{\"@id\":\"https:\/\/www.arteartesania.com\/en\/#website\"},\"primaryImageOfPage\":{\"@id\":\"https:\/\/www.arteartesania.com\/en\/product\/elongated-bowl-with-4-legs-patina-bronze-fruit-bowl\/#primaryimage\"},\"image\":{\"@id\":\"https:\/\/www.arteartesania.com\/en\/product\/elongated-bowl-with-4-legs-patina-bronze-fruit-bowl\/#primaryimage\"},\"thumbnailUrl\":\"https:\/\/www.arteartesania.com\/wp-content\/uploads\/2023\/03\/CUENCOS-BRONCE-scaled.jpg\",\"datePublished\":\"2023-03-27T11:53:40+00:00\",\"dateModified\":\"2023-03-27T11:53:41+00:00\",\"breadcrumb\":{\"@id\":\"https:\/\/www.arteartesania.com\/en\/product\/elongated-bowl-with-4-legs-patina-bronze-fruit-bowl\/#breadcrumb\"},\"inLanguage\":\"en-US\",\"potentialAction\":[{\"@type\":\"ReadAction\",\"target\":[\"https:\/\/www.arteartesania.com\/en\/product\/elongated-bowl-with-4-legs-patina-bronze-fruit-bowl\/\"]}]},{\"@type\":\"ImageObject\",\"inLanguage\":\"en-US\",\"@id\":\"https:\/\/www.arteartesania.com\/en\/product\/elongated-bowl-with-4-legs-patina-bronze-fruit-bowl\/#primaryimage\",\"url\":\"https:\/\/www.arteartesania.com\/wp-content\/uploads\/2023\/03\/CUENCOS-BRONCE-scaled.jpg\",\"contentUrl\":\"https:\/\/www.arteartesania.com\/wp-content\/uploads\/2023\/03\/CUENCOS-BRONCE-scaled.jpg\",\"width\":2560,\"height\":1909,\"caption\":\"CUENCOS ALARGADOS BRONCE 4 PATAS CARLOS TELLECHEA ARTE ARTESANIA\"},{\"@type\":\"BreadcrumbList\",\"@id\":\"https:\/\/www.arteartesania.com\/en\/product\/elongated-bowl-with-4-legs-patina-bronze-fruit-bowl\/#breadcrumb\",\"itemListElement\":[{\"@type\":\"ListItem\",\"position\":1,\"name\":\"Portada\",\"item\":\"https:\/\/www.arteartesania.com\/en\/\"},{\"@type\":\"ListItem\",\"position\":2,\"name\":\"Shop online\",\"item\":\"https:\/\/www.arteartesania.com\/en\/shop\/\"},{\"@type\":\"ListItem\",\"position\":3,\"name\":\"ELONGATED BOWL WITH 4 LEGS PATINA BRONZE FRUIT BOWL\"}]},{\"@type\":\"WebSite\",\"@id\":\"https:\/\/www.arteartesania.com\/en\/#website\",\"url\":\"https:\/\/www.arteartesania.com\/en\/\",\"name\":\"Arteartesania\",\"description\":\"Original selecci\u00f3n de Artesan\u00eda Contempor\u00e1nea de Autor\",\"publisher\":{\"@id\":\"https:\/\/www.arteartesania.com\/en\/#organization\"},\"potentialAction\":[{\"@type\":\"SearchAction\",\"target\":{\"@type\":\"EntryPoint\",\"urlTemplate\":\"https:\/\/www.arteartesania.com\/en\/?s={search_term_string}\"},\"query-input\":{\"@type\":\"PropertyValueSpecification\",\"valueRequired\":true,\"valueName\":\"search_term_string\"}}],\"inLanguage\":\"en-US\"},{\"@type\":\"Organization\",\"@id\":\"https:\/\/www.arteartesania.com\/en\/#organization\",\"name\":\"Arteartesania\",\"url\":\"https:\/\/www.arteartesania.com\/en\/\",\"logo\":{\"@type\":\"ImageObject\",\"inLanguage\":\"en-US\",\"@id\":\"https:\/\/www.arteartesania.com\/en\/#\/schema\/logo\/image\/\",\"url\":\"https:\/\/www.arteartesania.com\/wp-content\/uploads\/2019\/12\/cropped-logofooter.png\",\"contentUrl\":\"https:\/\/www.arteartesania.com\/wp-content\/uploads\/2019\/12\/cropped-logofooter.png\",\"width\":539,\"height\":58,\"caption\":\"Arteartesania\"},\"image\":{\"@id\":\"https:\/\/www.arteartesania.com\/en\/#\/schema\/logo\/image\/\"}}]}<\/script>\n<!-- \/ Yoast SEO plugin. -->","yoast_head_json":{"title":"ELONGATED BOWL WITH 4 LEGS PATINA BRONZE FRUIT BOWL - Arteartesania","robots":{"index":"index","follow":"follow","max-snippet":"max-snippet:-1","max-image-preview":"max-image-preview:large","max-video-preview":"max-video-preview:-1"},"canonical":"https:\/\/www.arteartesania.com\/en\/product\/elongated-bowl-with-4-legs-patina-bronze-fruit-bowl\/","og_locale":"en_US","og_type":"article","og_title":"ELONGATED BOWL WITH 4 LEGS PATINA BRONZE FRUIT BOWL - Arteartesania","og_description":"ELONGATED BOWL WITH 4 LEGS PATINA BRONZE FRUIT BOWL  MEASURES: 12 X 45 X 15 cm  MATERIALS: PATINA BRONZE  AUTHOR: CARLOS TELLECHEA  UNIQUE PIECE YEAR: 2023","og_url":"https:\/\/www.arteartesania.com\/en\/product\/elongated-bowl-with-4-legs-patina-bronze-fruit-bowl\/","og_site_name":"Arteartesania","article_modified_time":"2023-03-27T11:53:41+00:00","og_image":[{"width":2560,"height":2385,"url":"https:\/\/www.arteartesania.com\/wp-content\/uploads\/2023\/03\/IMG_1912-scaled.jpeg","type":"image\/jpeg"}],"twitter_card":"summary_large_image","twitter_misc":{"Est. reading time":"1 minute"},"schema":{"@context":"https:\/\/schema.org","@graph":[{"@type":"WebPage","@id":"https:\/\/www.arteartesania.com\/en\/product\/elongated-bowl-with-4-legs-patina-bronze-fruit-bowl\/","url":"https:\/\/www.arteartesania.com\/en\/product\/elongated-bowl-with-4-legs-patina-bronze-fruit-bowl\/","name":"ELONGATED BOWL WITH 4 LEGS PATINA BRONZE FRUIT BOWL - Arteartesania","isPartOf":{"@id":"https:\/\/www.arteartesania.com\/en\/#website"},"primaryImageOfPage":{"@id":"https:\/\/www.arteartesania.com\/en\/product\/elongated-bowl-with-4-legs-patina-bronze-fruit-bowl\/#primaryimage"},"image":{"@id":"https:\/\/www.arteartesania.com\/en\/product\/elongated-bowl-with-4-legs-patina-bronze-fruit-bowl\/#primaryimage"},"thumbnailUrl":"https:\/\/www.arteartesania.com\/wp-content\/uploads\/2023\/03\/CUENCOS-BRONCE-scaled.jpg","datePublished":"2023-03-27T11:53:40+00:00","dateModified":"2023-03-27T11:53:41+00:00","breadcrumb":{"@id":"https:\/\/www.arteartesania.com\/en\/product\/elongated-bowl-with-4-legs-patina-bronze-fruit-bowl\/#breadcrumb"},"inLanguage":"en-US","potentialAction":[{"@type":"ReadAction","target":["https:\/\/www.arteartesania.com\/en\/product\/elongated-bowl-with-4-legs-patina-bronze-fruit-bowl\/"]}]},{"@type":"ImageObject","inLanguage":"en-US","@id":"https:\/\/www.arteartesania.com\/en\/product\/elongated-bowl-with-4-legs-patina-bronze-fruit-bowl\/#primaryimage","url":"https:\/\/www.arteartesania.com\/wp-content\/uploads\/2023\/03\/CUENCOS-BRONCE-scaled.jpg","contentUrl":"https:\/\/www.arteartesania.com\/wp-content\/uploads\/2023\/03\/CUENCOS-BRONCE-scaled.jpg","width":2560,"height":1909,"caption":"CUENCOS ALARGADOS BRONCE 4 PATAS CARLOS TELLECHEA ARTE ARTESANIA"},{"@type":"BreadcrumbList","@id":"https:\/\/www.arteartesania.com\/en\/product\/elongated-bowl-with-4-legs-patina-bronze-fruit-bowl\/#breadcrumb","itemListElement":[{"@type":"ListItem","position":1,"name":"Portada","item":"https:\/\/www.arteartesania.com\/en\/"},{"@type":"ListItem","position":2,"name":"Shop online","item":"https:\/\/www.arteartesania.com\/en\/shop\/"},{"@type":"ListItem","position":3,"name":"ELONGATED BOWL WITH 4 LEGS PATINA BRONZE FRUIT BOWL"}]},{"@type":"WebSite","@id":"https:\/\/www.arteartesania.com\/en\/#website","url":"https:\/\/www.arteartesania.com\/en\/","name":"Arteartesania","description":"Original selecci\u00f3n de Artesan\u00eda Contempor\u00e1nea de Autor","publisher":{"@id":"https:\/\/www.arteartesania.com\/en\/#organization"},"potentialAction":[{"@type":"SearchAction","target":{"@type":"EntryPoint","urlTemplate":"https:\/\/www.arteartesania.com\/en\/?s={search_term_string}"},"query-input":{"@type":"PropertyValueSpecification","valueRequired":true,"valueName":"search_term_string"}}],"inLanguage":"en-US"},{"@type":"Organization","@id":"https:\/\/www.arteartesania.com\/en\/#organization","name":"Arteartesania","url":"https:\/\/www.arteartesania.com\/en\/","logo":{"@type":"ImageObject","inLanguage":"en-US","@id":"https:\/\/www.arteartesania.com\/en\/#\/schema\/logo\/image\/","url":"https:\/\/www.arteartesania.com\/wp-content\/uploads\/2019\/12\/cropped-logofooter.png","contentUrl":"https:\/\/www.arteartesania.com\/wp-content\/uploads\/2019\/12\/cropped-logofooter.png","width":539,"height":58,"caption":"Arteartesania"},"image":{"@id":"https:\/\/www.arteartesania.com\/en\/#\/schema\/logo\/image\/"}}]}},"_links":{"self":[{"href":"https:\/\/www.arteartesania.com\/en\/wp-json\/wp\/v2\/product\/15068"}],"collection":[{"href":"https:\/\/www.arteartesania.com\/en\/wp-json\/wp\/v2\/product"}],"about":[{"href":"https:\/\/www.arteartesania.com\/en\/wp-json\/wp\/v2\/types\/product"}],"replies":[{"embeddable":true,"href":"https:\/\/www.arteartesania.com\/en\/wp-json\/wp\/v2\/comments?post=15068"}],"wp:featuredmedia":[{"embeddable":true,"href":"https:\/\/www.arteartesania.com\/en\/wp-json\/wp\/v2\/media\/19184"}],"wp:attachment":[{"href":"https:\/\/www.arteartesania.com\/en\/wp-json\/wp\/v2\/media?parent=15068"}],"wp:term":[{"taxonomy":"product_cat","embeddable":true,"href":"https:\/\/www.arteartesania.com\/en\/wp-json\/wp\/v2\/product_cat?post=15068"},{"taxonomy":"product_tag","embeddable":true,"href":"https:\/\/www.arteartesania.com\/en\/wp-json\/wp\/v2\/product_tag?post=15068"}],"curies":[{"name":"wp","href":"https:\/\/api.w.org\/{rel}","templated":true}]}}