{"id":15009,"date":"2023-03-11T13:10:18","date_gmt":"2023-03-11T13:08:12","guid":{"rendered":"https:\/\/www.arteartesania.com\/?post_type=product&#038;p=15009"},"modified":"2023-03-11T14:08:13","modified_gmt":"2023-03-11T13:08:13","slug":"necklace-3-roman-coins-caligula-silver-amber-jasper-pearls-garnet","status":"publish","type":"product","link":"https:\/\/www.arteartesania.com\/en\/product\/necklace-3-roman-coins-caligula-silver-amber-jasper-pearls-garnet\/","title":{"rendered":"NECKLACE 3 ROMAN COINS (Caligula) SILVER AMBER JASPER PEARLS GARNET"},"content":{"rendered":"<p>NECKLACE 3 ROMAN COINS (Caligula) SILVER AMBER JASPER PEARLS GARNET<\/p>\n<p>MATERIALS: SILVER ROMAN COINS AMBER JASPER PEARLS GARNET<\/p>\n<p>AUTHOR: CARLOS TELLECHEA<\/p>\n<p>YEAR: 2023<\/p>\n<p>CENTRAL COIN \u2013 Caligula. (value approx \u20ac100\/120)<\/p>\n<p>Gaius Julius Caesar Augustus Germanicus1 (Latin: Gaius Iulius Caesar Augustus Germanicus; Anzio, August 31, 12-Rome, January 24, 41), better known as Caligula, was the third Roman emperor, ruling from the year 37 to the year 41.<\/p>\n<p>SIDE COINS<\/p>\n<p>Marcus Aurelius Claudius (Latin, Marcus Aurelius Claudius; May 10, 213 or 214-270), better known in Roman historiography as Claudius II the Gothic, was a Roman emperor who ruled from 268 to 270.<\/p>\n","protected":false},"excerpt":{"rendered":"<p>NECKLACE 3 ROMAN COINS (Caligula) SILVER AMBER JASPER PEARLS GARNET<\/p>\n<p>MATERIALS: SILVER ROMAN COINS AMBER JASPER PEARLS GARNET<\/p>\n<p>AUTHOR: CARLOS TELLECHEA<\/p>\n<p>YEAR: 2023<\/p>\n<p>CENTRAL COIN \u2013 Caligula. (value approx \u20ac100\/120)<\/p>\n<p>Gaius Julius Caesar Augustus Germanicus1 (Latin: Gaius Iulius Caesar Augustus Germanicus; Anzio, August 31, 12-Rome, January 24, 41), better known as Caligula, was the third Roman emperor, ruling from the year 37 to the year 41.<\/p>\n<p>SIDE COINS<\/p>\n<p>Marcus Aurelius Claudius (Latin, Marcus Aurelius Claudius; May 10, 213 or 214-270), better known in Roman historiography as Claudius II the Gothic, was a Roman emperor who ruled from 268 to 270.<\/p>\n","protected":false},"featured_media":17180,"comment_status":"closed","ping_status":"closed","template":"","meta":{"_acf_changed":false,"inline_featured_image":false},"product_cat":[129,128,110,113],"product_tag":[450,349],"class_list":{"0":"post-15009","1":"product","2":"type-product","3":"status-publish","4":"has-post-thumbnail","6":"product_cat-artists","7":"product_cat-carlostellechea","8":"product_cat-jewelry","9":"product_cat-necklaces","10":"product_tag-arteartesania-2-en","11":"product_tag-carlostellechea-soller-mallorca-joyeria-arteartesania-en","13":"first","14":"instock","15":"shipping-taxable","16":"purchasable","17":"product-type-simple"},"acf":[],"yoast_head":"<!-- This site is optimized with the Yoast SEO plugin v23.6 - https:\/\/yoast.com\/wordpress\/plugins\/seo\/ -->\n<title>NECKLACE 3 ROMAN COINS (Caligula) SILVER AMBER JASPER PEARLS GARNET - Arteartesania<\/title>\n<meta name=\"robots\" content=\"index, follow, max-snippet:-1, max-image-preview:large, max-video-preview:-1\" \/>\n<link rel=\"canonical\" href=\"https:\/\/www.arteartesania.com\/en\/product\/necklace-3-roman-coins-caligula-silver-amber-jasper-pearls-garnet\/\" \/>\n<meta property=\"og:locale\" content=\"en_US\" \/>\n<meta property=\"og:type\" content=\"article\" \/>\n<meta property=\"og:title\" content=\"NECKLACE 3 ROMAN COINS (Caligula) SILVER AMBER JASPER PEARLS GARNET - Arteartesania\" \/>\n<meta property=\"og:description\" content=\"NECKLACE 3 ROMAN COINS (Caligula) SILVER AMBER JASPER PEARLS GARNET  MATERIALS: SILVER ROMAN COINS AMBER JASPER PEARLS GARNET  AUTHOR: CARLOS TELLECHEA  YEAR: 2023  CENTRAL COIN \u2013 Caligula. (value approx \u20ac100\/120)  Gaius Julius Caesar Augustus Germanicus1 (Latin: Gaius Iulius Caesar Augustus Germanicus; Anzio, August 31, 12-Rome, January 24, 41), better known as Caligula, was the third Roman emperor, ruling from the year 37 to the year 41.  SIDE COINS  Marcus Aurelius Claudius (Latin, Marcus Aurelius Claudius; May 10, 213 or 214-270), better known in Roman historiography as Claudius II the Gothic, was a Roman emperor who ruled from 268 to 270.\" \/>\n<meta property=\"og:url\" content=\"https:\/\/www.arteartesania.com\/en\/product\/necklace-3-roman-coins-caligula-silver-amber-jasper-pearls-garnet\/\" \/>\n<meta property=\"og:site_name\" content=\"Arteartesania\" \/>\n<meta property=\"article:modified_time\" content=\"2023-03-11T13:08:13+00:00\" \/>\n<meta property=\"og:image\" content=\"https:\/\/www.arteartesania.com\/wp-content\/uploads\/2023\/03\/IMG_3361-scaled-e1733137148890.jpg\" \/>\n\t<meta property=\"og:image:width\" content=\"1920\" \/>\n\t<meta property=\"og:image:height\" content=\"2560\" \/>\n\t<meta property=\"og:image:type\" content=\"image\/jpeg\" \/>\n<meta name=\"twitter:card\" content=\"summary_large_image\" \/>\n<meta name=\"twitter:label1\" content=\"Est. reading time\" \/>\n\t<meta name=\"twitter:data1\" content=\"1 minute\" \/>\n<script type=\"application\/ld+json\" class=\"yoast-schema-graph\">{\"@context\":\"https:\/\/schema.org\",\"@graph\":[{\"@type\":\"WebPage\",\"@id\":\"https:\/\/www.arteartesania.com\/en\/product\/necklace-3-roman-coins-caligula-silver-amber-jasper-pearls-garnet\/\",\"url\":\"https:\/\/www.arteartesania.com\/en\/product\/necklace-3-roman-coins-caligula-silver-amber-jasper-pearls-garnet\/\",\"name\":\"NECKLACE 3 ROMAN COINS (Caligula) SILVER AMBER JASPER PEARLS GARNET - Arteartesania\",\"isPartOf\":{\"@id\":\"https:\/\/www.arteartesania.com\/en\/#website\"},\"primaryImageOfPage\":{\"@id\":\"https:\/\/www.arteartesania.com\/en\/product\/necklace-3-roman-coins-caligula-silver-amber-jasper-pearls-garnet\/#primaryimage\"},\"image\":{\"@id\":\"https:\/\/www.arteartesania.com\/en\/product\/necklace-3-roman-coins-caligula-silver-amber-jasper-pearls-garnet\/#primaryimage\"},\"thumbnailUrl\":\"https:\/\/www.arteartesania.com\/wp-content\/uploads\/2023\/03\/IMG_3361-scaled-e1733137148890.jpg\",\"datePublished\":\"2023-03-11T13:08:12+00:00\",\"dateModified\":\"2023-03-11T13:08:13+00:00\",\"breadcrumb\":{\"@id\":\"https:\/\/www.arteartesania.com\/en\/product\/necklace-3-roman-coins-caligula-silver-amber-jasper-pearls-garnet\/#breadcrumb\"},\"inLanguage\":\"en-US\",\"potentialAction\":[{\"@type\":\"ReadAction\",\"target\":[\"https:\/\/www.arteartesania.com\/en\/product\/necklace-3-roman-coins-caligula-silver-amber-jasper-pearls-garnet\/\"]}]},{\"@type\":\"ImageObject\",\"inLanguage\":\"en-US\",\"@id\":\"https:\/\/www.arteartesania.com\/en\/product\/necklace-3-roman-coins-caligula-silver-amber-jasper-pearls-garnet\/#primaryimage\",\"url\":\"https:\/\/www.arteartesania.com\/wp-content\/uploads\/2023\/03\/IMG_3361-scaled-e1733137148890.jpg\",\"contentUrl\":\"https:\/\/www.arteartesania.com\/wp-content\/uploads\/2023\/03\/IMG_3361-scaled-e1733137148890.jpg\",\"width\":1920,\"height\":2560},{\"@type\":\"BreadcrumbList\",\"@id\":\"https:\/\/www.arteartesania.com\/en\/product\/necklace-3-roman-coins-caligula-silver-amber-jasper-pearls-garnet\/#breadcrumb\",\"itemListElement\":[{\"@type\":\"ListItem\",\"position\":1,\"name\":\"Portada\",\"item\":\"https:\/\/www.arteartesania.com\/en\/\"},{\"@type\":\"ListItem\",\"position\":2,\"name\":\"Shop online\",\"item\":\"https:\/\/www.arteartesania.com\/en\/shop\/\"},{\"@type\":\"ListItem\",\"position\":3,\"name\":\"NECKLACE 3 ROMAN COINS (Caligula) SILVER AMBER JASPER PEARLS GARNET\"}]},{\"@type\":\"WebSite\",\"@id\":\"https:\/\/www.arteartesania.com\/en\/#website\",\"url\":\"https:\/\/www.arteartesania.com\/en\/\",\"name\":\"Arteartesania\",\"description\":\"Original selecci\u00f3n de Artesan\u00eda Contempor\u00e1nea de Autor\",\"publisher\":{\"@id\":\"https:\/\/www.arteartesania.com\/en\/#organization\"},\"potentialAction\":[{\"@type\":\"SearchAction\",\"target\":{\"@type\":\"EntryPoint\",\"urlTemplate\":\"https:\/\/www.arteartesania.com\/en\/?s={search_term_string}\"},\"query-input\":{\"@type\":\"PropertyValueSpecification\",\"valueRequired\":true,\"valueName\":\"search_term_string\"}}],\"inLanguage\":\"en-US\"},{\"@type\":\"Organization\",\"@id\":\"https:\/\/www.arteartesania.com\/en\/#organization\",\"name\":\"Arteartesania\",\"url\":\"https:\/\/www.arteartesania.com\/en\/\",\"logo\":{\"@type\":\"ImageObject\",\"inLanguage\":\"en-US\",\"@id\":\"https:\/\/www.arteartesania.com\/en\/#\/schema\/logo\/image\/\",\"url\":\"https:\/\/www.arteartesania.com\/wp-content\/uploads\/2019\/12\/cropped-logofooter.png\",\"contentUrl\":\"https:\/\/www.arteartesania.com\/wp-content\/uploads\/2019\/12\/cropped-logofooter.png\",\"width\":539,\"height\":58,\"caption\":\"Arteartesania\"},\"image\":{\"@id\":\"https:\/\/www.arteartesania.com\/en\/#\/schema\/logo\/image\/\"}}]}<\/script>\n<!-- \/ Yoast SEO plugin. -->","yoast_head_json":{"title":"NECKLACE 3 ROMAN COINS (Caligula) SILVER AMBER JASPER PEARLS GARNET - Arteartesania","robots":{"index":"index","follow":"follow","max-snippet":"max-snippet:-1","max-image-preview":"max-image-preview:large","max-video-preview":"max-video-preview:-1"},"canonical":"https:\/\/www.arteartesania.com\/en\/product\/necklace-3-roman-coins-caligula-silver-amber-jasper-pearls-garnet\/","og_locale":"en_US","og_type":"article","og_title":"NECKLACE 3 ROMAN COINS (Caligula) SILVER AMBER JASPER PEARLS GARNET - Arteartesania","og_description":"NECKLACE 3 ROMAN COINS (Caligula) SILVER AMBER JASPER PEARLS GARNET  MATERIALS: SILVER ROMAN COINS AMBER JASPER PEARLS GARNET  AUTHOR: CARLOS TELLECHEA  YEAR: 2023  CENTRAL COIN \u2013 Caligula. (value approx \u20ac100\/120)  Gaius Julius Caesar Augustus Germanicus1 (Latin: Gaius Iulius Caesar Augustus Germanicus; Anzio, August 31, 12-Rome, January 24, 41), better known as Caligula, was the third Roman emperor, ruling from the year 37 to the year 41.  SIDE COINS  Marcus Aurelius Claudius (Latin, Marcus Aurelius Claudius; May 10, 213 or 214-270), better known in Roman historiography as Claudius II the Gothic, was a Roman emperor who ruled from 268 to 270.","og_url":"https:\/\/www.arteartesania.com\/en\/product\/necklace-3-roman-coins-caligula-silver-amber-jasper-pearls-garnet\/","og_site_name":"Arteartesania","article_modified_time":"2023-03-11T13:08:13+00:00","og_image":[{"width":1920,"height":2560,"url":"https:\/\/www.arteartesania.com\/wp-content\/uploads\/2023\/03\/IMG_3361-scaled-e1733137148890.jpg","type":"image\/jpeg"}],"twitter_card":"summary_large_image","twitter_misc":{"Est. reading time":"1 minute"},"schema":{"@context":"https:\/\/schema.org","@graph":[{"@type":"WebPage","@id":"https:\/\/www.arteartesania.com\/en\/product\/necklace-3-roman-coins-caligula-silver-amber-jasper-pearls-garnet\/","url":"https:\/\/www.arteartesania.com\/en\/product\/necklace-3-roman-coins-caligula-silver-amber-jasper-pearls-garnet\/","name":"NECKLACE 3 ROMAN COINS (Caligula) SILVER AMBER JASPER PEARLS GARNET - Arteartesania","isPartOf":{"@id":"https:\/\/www.arteartesania.com\/en\/#website"},"primaryImageOfPage":{"@id":"https:\/\/www.arteartesania.com\/en\/product\/necklace-3-roman-coins-caligula-silver-amber-jasper-pearls-garnet\/#primaryimage"},"image":{"@id":"https:\/\/www.arteartesania.com\/en\/product\/necklace-3-roman-coins-caligula-silver-amber-jasper-pearls-garnet\/#primaryimage"},"thumbnailUrl":"https:\/\/www.arteartesania.com\/wp-content\/uploads\/2023\/03\/IMG_3361-scaled-e1733137148890.jpg","datePublished":"2023-03-11T13:08:12+00:00","dateModified":"2023-03-11T13:08:13+00:00","breadcrumb":{"@id":"https:\/\/www.arteartesania.com\/en\/product\/necklace-3-roman-coins-caligula-silver-amber-jasper-pearls-garnet\/#breadcrumb"},"inLanguage":"en-US","potentialAction":[{"@type":"ReadAction","target":["https:\/\/www.arteartesania.com\/en\/product\/necklace-3-roman-coins-caligula-silver-amber-jasper-pearls-garnet\/"]}]},{"@type":"ImageObject","inLanguage":"en-US","@id":"https:\/\/www.arteartesania.com\/en\/product\/necklace-3-roman-coins-caligula-silver-amber-jasper-pearls-garnet\/#primaryimage","url":"https:\/\/www.arteartesania.com\/wp-content\/uploads\/2023\/03\/IMG_3361-scaled-e1733137148890.jpg","contentUrl":"https:\/\/www.arteartesania.com\/wp-content\/uploads\/2023\/03\/IMG_3361-scaled-e1733137148890.jpg","width":1920,"height":2560},{"@type":"BreadcrumbList","@id":"https:\/\/www.arteartesania.com\/en\/product\/necklace-3-roman-coins-caligula-silver-amber-jasper-pearls-garnet\/#breadcrumb","itemListElement":[{"@type":"ListItem","position":1,"name":"Portada","item":"https:\/\/www.arteartesania.com\/en\/"},{"@type":"ListItem","position":2,"name":"Shop online","item":"https:\/\/www.arteartesania.com\/en\/shop\/"},{"@type":"ListItem","position":3,"name":"NECKLACE 3 ROMAN COINS (Caligula) SILVER AMBER JASPER PEARLS GARNET"}]},{"@type":"WebSite","@id":"https:\/\/www.arteartesania.com\/en\/#website","url":"https:\/\/www.arteartesania.com\/en\/","name":"Arteartesania","description":"Original selecci\u00f3n de Artesan\u00eda Contempor\u00e1nea de Autor","publisher":{"@id":"https:\/\/www.arteartesania.com\/en\/#organization"},"potentialAction":[{"@type":"SearchAction","target":{"@type":"EntryPoint","urlTemplate":"https:\/\/www.arteartesania.com\/en\/?s={search_term_string}"},"query-input":{"@type":"PropertyValueSpecification","valueRequired":true,"valueName":"search_term_string"}}],"inLanguage":"en-US"},{"@type":"Organization","@id":"https:\/\/www.arteartesania.com\/en\/#organization","name":"Arteartesania","url":"https:\/\/www.arteartesania.com\/en\/","logo":{"@type":"ImageObject","inLanguage":"en-US","@id":"https:\/\/www.arteartesania.com\/en\/#\/schema\/logo\/image\/","url":"https:\/\/www.arteartesania.com\/wp-content\/uploads\/2019\/12\/cropped-logofooter.png","contentUrl":"https:\/\/www.arteartesania.com\/wp-content\/uploads\/2019\/12\/cropped-logofooter.png","width":539,"height":58,"caption":"Arteartesania"},"image":{"@id":"https:\/\/www.arteartesania.com\/en\/#\/schema\/logo\/image\/"}}]}},"_links":{"self":[{"href":"https:\/\/www.arteartesania.com\/en\/wp-json\/wp\/v2\/product\/15009"}],"collection":[{"href":"https:\/\/www.arteartesania.com\/en\/wp-json\/wp\/v2\/product"}],"about":[{"href":"https:\/\/www.arteartesania.com\/en\/wp-json\/wp\/v2\/types\/product"}],"replies":[{"embeddable":true,"href":"https:\/\/www.arteartesania.com\/en\/wp-json\/wp\/v2\/comments?post=15009"}],"wp:featuredmedia":[{"embeddable":true,"href":"https:\/\/www.arteartesania.com\/en\/wp-json\/wp\/v2\/media\/17180"}],"wp:attachment":[{"href":"https:\/\/www.arteartesania.com\/en\/wp-json\/wp\/v2\/media?parent=15009"}],"wp:term":[{"taxonomy":"product_cat","embeddable":true,"href":"https:\/\/www.arteartesania.com\/en\/wp-json\/wp\/v2\/product_cat?post=15009"},{"taxonomy":"product_tag","embeddable":true,"href":"https:\/\/www.arteartesania.com\/en\/wp-json\/wp\/v2\/product_tag?post=15009"}],"curies":[{"name":"wp","href":"https:\/\/api.w.org\/{rel}","templated":true}]}}