{"id":14957,"date":"2022-12-08T13:49:20","date_gmt":"2022-12-08T13:04:43","guid":{"rendered":"https:\/\/www.arteartesania.com\/?post_type=product&#038;p=14957"},"modified":"2022-12-08T14:46:43","modified_gmt":"2022-12-08T13:46:43","slug":"18-kt-gold-ring-with-pink-opal-carlos-tellechea","status":"publish","type":"product","link":"https:\/\/www.arteartesania.com\/en\/product\/18-kt-gold-ring-with-pink-opal-carlos-tellechea\/","title":{"rendered":"18 KT Gold Ring with Pink Opal &#8211; Carlos Tellechea"},"content":{"rendered":"<p>PIECE: Gold ring with pink opal gemstone<\/p>\n<p>MATERIAL: 18 KT Gold<\/p>\n<p>PRECIOUS STONE: Pink Opal<\/p>\n<p>SIZE: 20 (Spain)<\/p>\n<p>AUTHOR: Carlos Tellechea<\/p>\n<p>YEAR: 2022<\/p>\n","protected":false},"excerpt":{"rendered":"<p>PIECE: Gold ring with pink opal gemstone<\/p>\n<p>MATERIAL: 18 KT Gold<\/p>\n<p>PRECIOUS STONE: Pink Opal<\/p>\n<p>SIZE: 20 (Spain)<\/p>\n<p>AUTHOR: Carlos Tellechea<\/p>\n<p>YEAR: 2022<\/p>\n","protected":false},"featured_media":14955,"comment_status":"closed","ping_status":"closed","template":"","meta":{"_acf_changed":false,"inline_featured_image":false},"product_cat":[129,128,110,111],"product_tag":[],"class_list":{"0":"post-14957","1":"product","2":"type-product","3":"status-publish","4":"has-post-thumbnail","6":"product_cat-artists","7":"product_cat-carlostellechea","8":"product_cat-jewelry","9":"product_cat-rings","11":"first","12":"instock","13":"shipping-taxable","14":"purchasable","15":"product-type-simple"},"acf":[],"yoast_head":"<!-- This site is optimized with the Yoast SEO plugin v23.6 - https:\/\/yoast.com\/wordpress\/plugins\/seo\/ -->\n<title>18 KT Gold Ring with Pink Opal - Carlos Tellechea - Arteartesania<\/title>\n<meta name=\"robots\" content=\"index, follow, max-snippet:-1, max-image-preview:large, max-video-preview:-1\" \/>\n<link rel=\"canonical\" href=\"https:\/\/www.arteartesania.com\/en\/product\/18-kt-gold-ring-with-pink-opal-carlos-tellechea\/\" \/>\n<meta property=\"og:locale\" content=\"en_US\" \/>\n<meta property=\"og:type\" content=\"article\" \/>\n<meta property=\"og:title\" content=\"18 KT Gold Ring with Pink Opal - Carlos Tellechea - Arteartesania\" \/>\n<meta property=\"og:description\" content=\"PIECE: Gold ring with pink opal gemstone  MATERIAL: 18 KT Gold  PRECIOUS STONE: Pink Opal  SIZE: 20 (Spain)  AUTHOR: Carlos Tellechea  YEAR: 2022\" \/>\n<meta property=\"og:url\" content=\"https:\/\/www.arteartesania.com\/en\/product\/18-kt-gold-ring-with-pink-opal-carlos-tellechea\/\" \/>\n<meta property=\"og:site_name\" content=\"Arteartesania\" \/>\n<meta property=\"article:modified_time\" content=\"2022-12-08T13:46:43+00:00\" \/>\n<meta property=\"og:image\" content=\"https:\/\/www.arteartesania.com\/wp-content\/uploads\/2022\/12\/IMG_2500-scaled.jpeg\" \/>\n\t<meta property=\"og:image:width\" content=\"2174\" \/>\n\t<meta property=\"og:image:height\" content=\"2560\" \/>\n\t<meta property=\"og:image:type\" content=\"image\/jpeg\" \/>\n<meta name=\"twitter:card\" content=\"summary_large_image\" \/>\n<meta name=\"twitter:label1\" content=\"Est. reading time\" \/>\n\t<meta name=\"twitter:data1\" content=\"1 minute\" \/>\n<script type=\"application\/ld+json\" class=\"yoast-schema-graph\">{\"@context\":\"https:\/\/schema.org\",\"@graph\":[{\"@type\":\"WebPage\",\"@id\":\"https:\/\/www.arteartesania.com\/en\/product\/18-kt-gold-ring-with-pink-opal-carlos-tellechea\/\",\"url\":\"https:\/\/www.arteartesania.com\/en\/product\/18-kt-gold-ring-with-pink-opal-carlos-tellechea\/\",\"name\":\"18 KT Gold Ring with Pink Opal - Carlos Tellechea - Arteartesania\",\"isPartOf\":{\"@id\":\"https:\/\/www.arteartesania.com\/en\/#website\"},\"primaryImageOfPage\":{\"@id\":\"https:\/\/www.arteartesania.com\/en\/product\/18-kt-gold-ring-with-pink-opal-carlos-tellechea\/#primaryimage\"},\"image\":{\"@id\":\"https:\/\/www.arteartesania.com\/en\/product\/18-kt-gold-ring-with-pink-opal-carlos-tellechea\/#primaryimage\"},\"thumbnailUrl\":\"https:\/\/www.arteartesania.com\/wp-content\/uploads\/2022\/12\/IMG_2500-scaled.jpeg\",\"datePublished\":\"2022-12-08T13:04:43+00:00\",\"dateModified\":\"2022-12-08T13:46:43+00:00\",\"breadcrumb\":{\"@id\":\"https:\/\/www.arteartesania.com\/en\/product\/18-kt-gold-ring-with-pink-opal-carlos-tellechea\/#breadcrumb\"},\"inLanguage\":\"en-US\",\"potentialAction\":[{\"@type\":\"ReadAction\",\"target\":[\"https:\/\/www.arteartesania.com\/en\/product\/18-kt-gold-ring-with-pink-opal-carlos-tellechea\/\"]}]},{\"@type\":\"ImageObject\",\"inLanguage\":\"en-US\",\"@id\":\"https:\/\/www.arteartesania.com\/en\/product\/18-kt-gold-ring-with-pink-opal-carlos-tellechea\/#primaryimage\",\"url\":\"https:\/\/www.arteartesania.com\/wp-content\/uploads\/2022\/12\/IMG_2500-scaled.jpeg\",\"contentUrl\":\"https:\/\/www.arteartesania.com\/wp-content\/uploads\/2022\/12\/IMG_2500-scaled.jpeg\",\"width\":2174,\"height\":2560},{\"@type\":\"BreadcrumbList\",\"@id\":\"https:\/\/www.arteartesania.com\/en\/product\/18-kt-gold-ring-with-pink-opal-carlos-tellechea\/#breadcrumb\",\"itemListElement\":[{\"@type\":\"ListItem\",\"position\":1,\"name\":\"Portada\",\"item\":\"https:\/\/www.arteartesania.com\/en\/\"},{\"@type\":\"ListItem\",\"position\":2,\"name\":\"Shop online\",\"item\":\"https:\/\/www.arteartesania.com\/en\/shop\/\"},{\"@type\":\"ListItem\",\"position\":3,\"name\":\"18 KT Gold Ring with Pink Opal &#8211; Carlos Tellechea\"}]},{\"@type\":\"WebSite\",\"@id\":\"https:\/\/www.arteartesania.com\/en\/#website\",\"url\":\"https:\/\/www.arteartesania.com\/en\/\",\"name\":\"Arteartesania\",\"description\":\"Original selecci\u00f3n de Artesan\u00eda Contempor\u00e1nea de Autor\",\"publisher\":{\"@id\":\"https:\/\/www.arteartesania.com\/en\/#organization\"},\"potentialAction\":[{\"@type\":\"SearchAction\",\"target\":{\"@type\":\"EntryPoint\",\"urlTemplate\":\"https:\/\/www.arteartesania.com\/en\/?s={search_term_string}\"},\"query-input\":{\"@type\":\"PropertyValueSpecification\",\"valueRequired\":true,\"valueName\":\"search_term_string\"}}],\"inLanguage\":\"en-US\"},{\"@type\":\"Organization\",\"@id\":\"https:\/\/www.arteartesania.com\/en\/#organization\",\"name\":\"Arteartesania\",\"url\":\"https:\/\/www.arteartesania.com\/en\/\",\"logo\":{\"@type\":\"ImageObject\",\"inLanguage\":\"en-US\",\"@id\":\"https:\/\/www.arteartesania.com\/en\/#\/schema\/logo\/image\/\",\"url\":\"https:\/\/www.arteartesania.com\/wp-content\/uploads\/2019\/12\/cropped-logofooter.png\",\"contentUrl\":\"https:\/\/www.arteartesania.com\/wp-content\/uploads\/2019\/12\/cropped-logofooter.png\",\"width\":539,\"height\":58,\"caption\":\"Arteartesania\"},\"image\":{\"@id\":\"https:\/\/www.arteartesania.com\/en\/#\/schema\/logo\/image\/\"}}]}<\/script>\n<!-- \/ Yoast SEO plugin. -->","yoast_head_json":{"title":"18 KT Gold Ring with Pink Opal - Carlos Tellechea - Arteartesania","robots":{"index":"index","follow":"follow","max-snippet":"max-snippet:-1","max-image-preview":"max-image-preview:large","max-video-preview":"max-video-preview:-1"},"canonical":"https:\/\/www.arteartesania.com\/en\/product\/18-kt-gold-ring-with-pink-opal-carlos-tellechea\/","og_locale":"en_US","og_type":"article","og_title":"18 KT Gold Ring with Pink Opal - Carlos Tellechea - Arteartesania","og_description":"PIECE: Gold ring with pink opal gemstone  MATERIAL: 18 KT Gold  PRECIOUS STONE: Pink Opal  SIZE: 20 (Spain)  AUTHOR: Carlos Tellechea  YEAR: 2022","og_url":"https:\/\/www.arteartesania.com\/en\/product\/18-kt-gold-ring-with-pink-opal-carlos-tellechea\/","og_site_name":"Arteartesania","article_modified_time":"2022-12-08T13:46:43+00:00","og_image":[{"width":2174,"height":2560,"url":"https:\/\/www.arteartesania.com\/wp-content\/uploads\/2022\/12\/IMG_2500-scaled.jpeg","type":"image\/jpeg"}],"twitter_card":"summary_large_image","twitter_misc":{"Est. reading time":"1 minute"},"schema":{"@context":"https:\/\/schema.org","@graph":[{"@type":"WebPage","@id":"https:\/\/www.arteartesania.com\/en\/product\/18-kt-gold-ring-with-pink-opal-carlos-tellechea\/","url":"https:\/\/www.arteartesania.com\/en\/product\/18-kt-gold-ring-with-pink-opal-carlos-tellechea\/","name":"18 KT Gold Ring with Pink Opal - Carlos Tellechea - Arteartesania","isPartOf":{"@id":"https:\/\/www.arteartesania.com\/en\/#website"},"primaryImageOfPage":{"@id":"https:\/\/www.arteartesania.com\/en\/product\/18-kt-gold-ring-with-pink-opal-carlos-tellechea\/#primaryimage"},"image":{"@id":"https:\/\/www.arteartesania.com\/en\/product\/18-kt-gold-ring-with-pink-opal-carlos-tellechea\/#primaryimage"},"thumbnailUrl":"https:\/\/www.arteartesania.com\/wp-content\/uploads\/2022\/12\/IMG_2500-scaled.jpeg","datePublished":"2022-12-08T13:04:43+00:00","dateModified":"2022-12-08T13:46:43+00:00","breadcrumb":{"@id":"https:\/\/www.arteartesania.com\/en\/product\/18-kt-gold-ring-with-pink-opal-carlos-tellechea\/#breadcrumb"},"inLanguage":"en-US","potentialAction":[{"@type":"ReadAction","target":["https:\/\/www.arteartesania.com\/en\/product\/18-kt-gold-ring-with-pink-opal-carlos-tellechea\/"]}]},{"@type":"ImageObject","inLanguage":"en-US","@id":"https:\/\/www.arteartesania.com\/en\/product\/18-kt-gold-ring-with-pink-opal-carlos-tellechea\/#primaryimage","url":"https:\/\/www.arteartesania.com\/wp-content\/uploads\/2022\/12\/IMG_2500-scaled.jpeg","contentUrl":"https:\/\/www.arteartesania.com\/wp-content\/uploads\/2022\/12\/IMG_2500-scaled.jpeg","width":2174,"height":2560},{"@type":"BreadcrumbList","@id":"https:\/\/www.arteartesania.com\/en\/product\/18-kt-gold-ring-with-pink-opal-carlos-tellechea\/#breadcrumb","itemListElement":[{"@type":"ListItem","position":1,"name":"Portada","item":"https:\/\/www.arteartesania.com\/en\/"},{"@type":"ListItem","position":2,"name":"Shop online","item":"https:\/\/www.arteartesania.com\/en\/shop\/"},{"@type":"ListItem","position":3,"name":"18 KT Gold Ring with Pink Opal &#8211; Carlos Tellechea"}]},{"@type":"WebSite","@id":"https:\/\/www.arteartesania.com\/en\/#website","url":"https:\/\/www.arteartesania.com\/en\/","name":"Arteartesania","description":"Original selecci\u00f3n de Artesan\u00eda Contempor\u00e1nea de Autor","publisher":{"@id":"https:\/\/www.arteartesania.com\/en\/#organization"},"potentialAction":[{"@type":"SearchAction","target":{"@type":"EntryPoint","urlTemplate":"https:\/\/www.arteartesania.com\/en\/?s={search_term_string}"},"query-input":{"@type":"PropertyValueSpecification","valueRequired":true,"valueName":"search_term_string"}}],"inLanguage":"en-US"},{"@type":"Organization","@id":"https:\/\/www.arteartesania.com\/en\/#organization","name":"Arteartesania","url":"https:\/\/www.arteartesania.com\/en\/","logo":{"@type":"ImageObject","inLanguage":"en-US","@id":"https:\/\/www.arteartesania.com\/en\/#\/schema\/logo\/image\/","url":"https:\/\/www.arteartesania.com\/wp-content\/uploads\/2019\/12\/cropped-logofooter.png","contentUrl":"https:\/\/www.arteartesania.com\/wp-content\/uploads\/2019\/12\/cropped-logofooter.png","width":539,"height":58,"caption":"Arteartesania"},"image":{"@id":"https:\/\/www.arteartesania.com\/en\/#\/schema\/logo\/image\/"}}]}},"_links":{"self":[{"href":"https:\/\/www.arteartesania.com\/en\/wp-json\/wp\/v2\/product\/14957"}],"collection":[{"href":"https:\/\/www.arteartesania.com\/en\/wp-json\/wp\/v2\/product"}],"about":[{"href":"https:\/\/www.arteartesania.com\/en\/wp-json\/wp\/v2\/types\/product"}],"replies":[{"embeddable":true,"href":"https:\/\/www.arteartesania.com\/en\/wp-json\/wp\/v2\/comments?post=14957"}],"wp:featuredmedia":[{"embeddable":true,"href":"https:\/\/www.arteartesania.com\/en\/wp-json\/wp\/v2\/media\/14955"}],"wp:attachment":[{"href":"https:\/\/www.arteartesania.com\/en\/wp-json\/wp\/v2\/media?parent=14957"}],"wp:term":[{"taxonomy":"product_cat","embeddable":true,"href":"https:\/\/www.arteartesania.com\/en\/wp-json\/wp\/v2\/product_cat?post=14957"},{"taxonomy":"product_tag","embeddable":true,"href":"https:\/\/www.arteartesania.com\/en\/wp-json\/wp\/v2\/product_tag?post=14957"}],"curies":[{"name":"wp","href":"https:\/\/api.w.org\/{rel}","templated":true}]}}