{"id":14871,"date":"2022-11-25T12:07:16","date_gmt":"2022-11-25T11:23:15","guid":{"rendered":"https:\/\/www.arteartesania.com\/?post_type=product&#038;p=14871"},"modified":"2022-11-25T12:24:50","modified_gmt":"2022-11-25T11:24:50","slug":"large-elongated-leather-bowl","status":"publish","type":"product","link":"https:\/\/www.arteartesania.com\/en\/product\/large-elongated-leather-bowl\/","title":{"rendered":"Large elongated leather bowl"},"content":{"rendered":"<p>LARGE ELONGATED LEATHER BOWL<\/p>\n<p>Material: Embossed leather<\/p>\n<p>Measurements: 46 x 25 x 8.5 cm<\/p>\n<p>Author: Jos\u00e9 Luis Baz\u00e1n<\/p>\n<blockquote><p><strong>Jos\u00e9 Luis Baz\u00e1n<\/strong>, leather master, <strong>winner of the 2021 National Craft Award<\/strong><\/p>\n<p>His grandfather and his father started him on a path that led him to found his first workshop at the age of 18, and since then he has been experimenting with the properties of leather.<\/p>\n<p>\u201cFor me, my workshop is my temple. The leather itself is my way of thinking, \u201dhe writes on his page.<\/p><\/blockquote>\n","protected":false},"excerpt":{"rendered":"<p>LARGE ELONGATED LEATHER BOWL<\/p>\n<p>Material: Embossed leather<\/p>\n<p>Measurements: 46 x 25 x 8.5 cm<\/p>\n<p>Author: Jos\u00e9 Luis Baz\u00e1n<\/p>\n","protected":false},"featured_media":14860,"comment_status":"closed","ping_status":"closed","template":"","meta":{"_acf_changed":false,"inline_featured_image":false},"product_cat":[129,509,222,109,503],"product_tag":[],"class_list":{"0":"post-14871","1":"product","2":"type-product","3":"status-publish","4":"has-post-thumbnail","6":"product_cat-artists","7":"product_cat-otlet-decoration-sculptural","8":"product_cat-jose-luis-bazan-en","9":"product_cat-objects","10":"product_cat-promotion-en","12":"first","13":"instock","14":"sale","15":"shipping-taxable","16":"purchasable","17":"product-type-simple"},"acf":[],"yoast_head":"<!-- This site is optimized with the Yoast SEO plugin v23.6 - https:\/\/yoast.com\/wordpress\/plugins\/seo\/ -->\n<title>Large elongated leather bowl - Arteartesania<\/title>\n<meta name=\"robots\" content=\"index, follow, max-snippet:-1, max-image-preview:large, max-video-preview:-1\" \/>\n<link rel=\"canonical\" href=\"https:\/\/www.arteartesania.com\/en\/product\/large-elongated-leather-bowl\/\" \/>\n<meta property=\"og:locale\" content=\"en_US\" \/>\n<meta property=\"og:type\" content=\"article\" \/>\n<meta property=\"og:title\" content=\"Large elongated leather bowl - Arteartesania\" \/>\n<meta property=\"og:description\" content=\"LARGE ELONGATED LEATHER BOWL  Material: Embossed leather  Measurements: 46 x 25 x 8.5 cm  Author: Jos\u00e9 Luis Baz\u00e1n\" \/>\n<meta property=\"og:url\" content=\"https:\/\/www.arteartesania.com\/en\/product\/large-elongated-leather-bowl\/\" \/>\n<meta property=\"og:site_name\" content=\"Arteartesania\" \/>\n<meta property=\"article:modified_time\" content=\"2022-11-25T11:24:50+00:00\" \/>\n<meta property=\"og:image\" content=\"https:\/\/www.arteartesania.com\/wp-content\/uploads\/2022\/11\/IMG_2113-scaled.jpeg\" \/>\n\t<meta property=\"og:image:width\" content=\"2090\" \/>\n\t<meta property=\"og:image:height\" content=\"2560\" \/>\n\t<meta property=\"og:image:type\" content=\"image\/jpeg\" \/>\n<meta name=\"twitter:card\" content=\"summary_large_image\" \/>\n<meta name=\"twitter:label1\" content=\"Est. reading time\" \/>\n\t<meta name=\"twitter:data1\" content=\"1 minute\" \/>\n<script type=\"application\/ld+json\" class=\"yoast-schema-graph\">{\"@context\":\"https:\/\/schema.org\",\"@graph\":[{\"@type\":\"WebPage\",\"@id\":\"https:\/\/www.arteartesania.com\/en\/product\/large-elongated-leather-bowl\/\",\"url\":\"https:\/\/www.arteartesania.com\/en\/product\/large-elongated-leather-bowl\/\",\"name\":\"Large elongated leather bowl - Arteartesania\",\"isPartOf\":{\"@id\":\"https:\/\/www.arteartesania.com\/en\/#website\"},\"primaryImageOfPage\":{\"@id\":\"https:\/\/www.arteartesania.com\/en\/product\/large-elongated-leather-bowl\/#primaryimage\"},\"image\":{\"@id\":\"https:\/\/www.arteartesania.com\/en\/product\/large-elongated-leather-bowl\/#primaryimage\"},\"thumbnailUrl\":\"https:\/\/www.arteartesania.com\/wp-content\/uploads\/2022\/11\/IMG_2113-scaled.jpeg\",\"datePublished\":\"2022-11-25T11:23:15+00:00\",\"dateModified\":\"2022-11-25T11:24:50+00:00\",\"breadcrumb\":{\"@id\":\"https:\/\/www.arteartesania.com\/en\/product\/large-elongated-leather-bowl\/#breadcrumb\"},\"inLanguage\":\"en-US\",\"potentialAction\":[{\"@type\":\"ReadAction\",\"target\":[\"https:\/\/www.arteartesania.com\/en\/product\/large-elongated-leather-bowl\/\"]}]},{\"@type\":\"ImageObject\",\"inLanguage\":\"en-US\",\"@id\":\"https:\/\/www.arteartesania.com\/en\/product\/large-elongated-leather-bowl\/#primaryimage\",\"url\":\"https:\/\/www.arteartesania.com\/wp-content\/uploads\/2022\/11\/IMG_2113-scaled.jpeg\",\"contentUrl\":\"https:\/\/www.arteartesania.com\/wp-content\/uploads\/2022\/11\/IMG_2113-scaled.jpeg\",\"width\":2090,\"height\":2560},{\"@type\":\"BreadcrumbList\",\"@id\":\"https:\/\/www.arteartesania.com\/en\/product\/large-elongated-leather-bowl\/#breadcrumb\",\"itemListElement\":[{\"@type\":\"ListItem\",\"position\":1,\"name\":\"Portada\",\"item\":\"https:\/\/www.arteartesania.com\/en\/\"},{\"@type\":\"ListItem\",\"position\":2,\"name\":\"Shop online\",\"item\":\"https:\/\/www.arteartesania.com\/en\/shop\/\"},{\"@type\":\"ListItem\",\"position\":3,\"name\":\"Large elongated leather bowl\"}]},{\"@type\":\"WebSite\",\"@id\":\"https:\/\/www.arteartesania.com\/en\/#website\",\"url\":\"https:\/\/www.arteartesania.com\/en\/\",\"name\":\"Arteartesania\",\"description\":\"Original selecci\u00f3n de Artesan\u00eda Contempor\u00e1nea de Autor\",\"publisher\":{\"@id\":\"https:\/\/www.arteartesania.com\/en\/#organization\"},\"potentialAction\":[{\"@type\":\"SearchAction\",\"target\":{\"@type\":\"EntryPoint\",\"urlTemplate\":\"https:\/\/www.arteartesania.com\/en\/?s={search_term_string}\"},\"query-input\":{\"@type\":\"PropertyValueSpecification\",\"valueRequired\":true,\"valueName\":\"search_term_string\"}}],\"inLanguage\":\"en-US\"},{\"@type\":\"Organization\",\"@id\":\"https:\/\/www.arteartesania.com\/en\/#organization\",\"name\":\"Arteartesania\",\"url\":\"https:\/\/www.arteartesania.com\/en\/\",\"logo\":{\"@type\":\"ImageObject\",\"inLanguage\":\"en-US\",\"@id\":\"https:\/\/www.arteartesania.com\/en\/#\/schema\/logo\/image\/\",\"url\":\"https:\/\/www.arteartesania.com\/wp-content\/uploads\/2019\/12\/cropped-logofooter.png\",\"contentUrl\":\"https:\/\/www.arteartesania.com\/wp-content\/uploads\/2019\/12\/cropped-logofooter.png\",\"width\":539,\"height\":58,\"caption\":\"Arteartesania\"},\"image\":{\"@id\":\"https:\/\/www.arteartesania.com\/en\/#\/schema\/logo\/image\/\"}}]}<\/script>\n<!-- \/ Yoast SEO plugin. -->","yoast_head_json":{"title":"Large elongated leather bowl - Arteartesania","robots":{"index":"index","follow":"follow","max-snippet":"max-snippet:-1","max-image-preview":"max-image-preview:large","max-video-preview":"max-video-preview:-1"},"canonical":"https:\/\/www.arteartesania.com\/en\/product\/large-elongated-leather-bowl\/","og_locale":"en_US","og_type":"article","og_title":"Large elongated leather bowl - Arteartesania","og_description":"LARGE ELONGATED LEATHER BOWL  Material: Embossed leather  Measurements: 46 x 25 x 8.5 cm  Author: Jos\u00e9 Luis Baz\u00e1n","og_url":"https:\/\/www.arteartesania.com\/en\/product\/large-elongated-leather-bowl\/","og_site_name":"Arteartesania","article_modified_time":"2022-11-25T11:24:50+00:00","og_image":[{"width":2090,"height":2560,"url":"https:\/\/www.arteartesania.com\/wp-content\/uploads\/2022\/11\/IMG_2113-scaled.jpeg","type":"image\/jpeg"}],"twitter_card":"summary_large_image","twitter_misc":{"Est. reading time":"1 minute"},"schema":{"@context":"https:\/\/schema.org","@graph":[{"@type":"WebPage","@id":"https:\/\/www.arteartesania.com\/en\/product\/large-elongated-leather-bowl\/","url":"https:\/\/www.arteartesania.com\/en\/product\/large-elongated-leather-bowl\/","name":"Large elongated leather bowl - Arteartesania","isPartOf":{"@id":"https:\/\/www.arteartesania.com\/en\/#website"},"primaryImageOfPage":{"@id":"https:\/\/www.arteartesania.com\/en\/product\/large-elongated-leather-bowl\/#primaryimage"},"image":{"@id":"https:\/\/www.arteartesania.com\/en\/product\/large-elongated-leather-bowl\/#primaryimage"},"thumbnailUrl":"https:\/\/www.arteartesania.com\/wp-content\/uploads\/2022\/11\/IMG_2113-scaled.jpeg","datePublished":"2022-11-25T11:23:15+00:00","dateModified":"2022-11-25T11:24:50+00:00","breadcrumb":{"@id":"https:\/\/www.arteartesania.com\/en\/product\/large-elongated-leather-bowl\/#breadcrumb"},"inLanguage":"en-US","potentialAction":[{"@type":"ReadAction","target":["https:\/\/www.arteartesania.com\/en\/product\/large-elongated-leather-bowl\/"]}]},{"@type":"ImageObject","inLanguage":"en-US","@id":"https:\/\/www.arteartesania.com\/en\/product\/large-elongated-leather-bowl\/#primaryimage","url":"https:\/\/www.arteartesania.com\/wp-content\/uploads\/2022\/11\/IMG_2113-scaled.jpeg","contentUrl":"https:\/\/www.arteartesania.com\/wp-content\/uploads\/2022\/11\/IMG_2113-scaled.jpeg","width":2090,"height":2560},{"@type":"BreadcrumbList","@id":"https:\/\/www.arteartesania.com\/en\/product\/large-elongated-leather-bowl\/#breadcrumb","itemListElement":[{"@type":"ListItem","position":1,"name":"Portada","item":"https:\/\/www.arteartesania.com\/en\/"},{"@type":"ListItem","position":2,"name":"Shop online","item":"https:\/\/www.arteartesania.com\/en\/shop\/"},{"@type":"ListItem","position":3,"name":"Large elongated leather bowl"}]},{"@type":"WebSite","@id":"https:\/\/www.arteartesania.com\/en\/#website","url":"https:\/\/www.arteartesania.com\/en\/","name":"Arteartesania","description":"Original selecci\u00f3n de Artesan\u00eda Contempor\u00e1nea de Autor","publisher":{"@id":"https:\/\/www.arteartesania.com\/en\/#organization"},"potentialAction":[{"@type":"SearchAction","target":{"@type":"EntryPoint","urlTemplate":"https:\/\/www.arteartesania.com\/en\/?s={search_term_string}"},"query-input":{"@type":"PropertyValueSpecification","valueRequired":true,"valueName":"search_term_string"}}],"inLanguage":"en-US"},{"@type":"Organization","@id":"https:\/\/www.arteartesania.com\/en\/#organization","name":"Arteartesania","url":"https:\/\/www.arteartesania.com\/en\/","logo":{"@type":"ImageObject","inLanguage":"en-US","@id":"https:\/\/www.arteartesania.com\/en\/#\/schema\/logo\/image\/","url":"https:\/\/www.arteartesania.com\/wp-content\/uploads\/2019\/12\/cropped-logofooter.png","contentUrl":"https:\/\/www.arteartesania.com\/wp-content\/uploads\/2019\/12\/cropped-logofooter.png","width":539,"height":58,"caption":"Arteartesania"},"image":{"@id":"https:\/\/www.arteartesania.com\/en\/#\/schema\/logo\/image\/"}}]}},"_links":{"self":[{"href":"https:\/\/www.arteartesania.com\/en\/wp-json\/wp\/v2\/product\/14871"}],"collection":[{"href":"https:\/\/www.arteartesania.com\/en\/wp-json\/wp\/v2\/product"}],"about":[{"href":"https:\/\/www.arteartesania.com\/en\/wp-json\/wp\/v2\/types\/product"}],"replies":[{"embeddable":true,"href":"https:\/\/www.arteartesania.com\/en\/wp-json\/wp\/v2\/comments?post=14871"}],"wp:featuredmedia":[{"embeddable":true,"href":"https:\/\/www.arteartesania.com\/en\/wp-json\/wp\/v2\/media\/14860"}],"wp:attachment":[{"href":"https:\/\/www.arteartesania.com\/en\/wp-json\/wp\/v2\/media?parent=14871"}],"wp:term":[{"taxonomy":"product_cat","embeddable":true,"href":"https:\/\/www.arteartesania.com\/en\/wp-json\/wp\/v2\/product_cat?post=14871"},{"taxonomy":"product_tag","embeddable":true,"href":"https:\/\/www.arteartesania.com\/en\/wp-json\/wp\/v2\/product_tag?post=14871"}],"curies":[{"name":"wp","href":"https:\/\/api.w.org\/{rel}","templated":true}]}}