{"id":14179,"date":"2022-08-11T14:46:31","date_gmt":"2022-08-11T12:57:21","guid":{"rendered":"https:\/\/www.arteartesania.com\/?post_type=product&#038;p=14179"},"modified":"2022-08-11T14:57:22","modified_gmt":"2022-08-11T12:57:22","slug":"free-as-the-clouds-jordi-carreras-carlos-tellechea","status":"publish","type":"product","link":"https:\/\/www.arteartesania.com\/en\/product\/free-as-the-clouds-jordi-carreras-carlos-tellechea\/","title":{"rendered":"&#8220;Free as the clouds&#8221; Jordi Carreras \u2013 Carlos Tellechea"},"content":{"rendered":"<p><em>Oil panel with intervention in metal<\/em><\/p>\n<p>&#8220;Free as the clouds&#8221; Jordi Carreras \u2013 Carlos Tellechea<\/p>\n<p>Oil Table: Jordi Carreras<\/p>\n<p>Metal intervention: Carlos Tellechea<\/p>\n<p>MATERIALS: Bronze, Patina (copper oxide), 925 Silver Figure<\/p>\n<p>YEAR: 2022<\/p>\n<p>SIZE: 35 x 30cm<\/p>\n","protected":false},"excerpt":{"rendered":"<p>&#8220;Free as the clouds&#8221; Jordi Carreras \u2013 Carlos Tellechea<\/p>\n<p>Oil Table: Jordi Carreras<\/p>\n<p>Metal intervention: Carlos Tellechea<\/p>\n<p>MATERIALS: Bronze, Patina (copper oxide), 925 Silver Figure<\/p>\n<p>YEAR: 2022<\/p>\n<p>SIZE: 35 x 30cm<\/p>\n<p><em>These interventions in the work of my friend Jordi Carreras. They allow me to explore the three dimensions of Painting, giving another perspective to the observation of the piece that changes as you walk around and modify the point of view.<\/em><\/p>\n","protected":false},"featured_media":14160,"comment_status":"closed","ping_status":"closed","template":"","meta":{"_acf_changed":false,"inline_featured_image":false},"product_cat":[108,129,128,133,109,598,258],"product_tag":[],"class_list":{"0":"post-14179","1":"product","2":"type-product","3":"status-publish","4":"has-post-thumbnail","6":"product_cat-art","7":"product_cat-artists","8":"product_cat-carlostellechea","9":"product_cat-jordicarreras","10":"product_cat-objects","11":"product_cat-patina-en","12":"product_cat-picture","13":"product_shipping_class-paquetes-grandes-pesados-en","15":"first","16":"instock","17":"shipping-taxable","18":"purchasable","19":"product-type-simple"},"acf":[],"yoast_head":"<!-- This site is optimized with the Yoast SEO plugin v23.6 - https:\/\/yoast.com\/wordpress\/plugins\/seo\/ -->\n<title>&quot;Free as the clouds&quot; Jordi Carreras \u2013 Carlos Tellechea - Arteartesania<\/title>\n<meta name=\"robots\" content=\"index, follow, max-snippet:-1, max-image-preview:large, max-video-preview:-1\" \/>\n<link rel=\"canonical\" href=\"https:\/\/www.arteartesania.com\/en\/product\/free-as-the-clouds-jordi-carreras-carlos-tellechea\/\" \/>\n<meta property=\"og:locale\" content=\"en_US\" \/>\n<meta property=\"og:type\" content=\"article\" \/>\n<meta property=\"og:title\" content=\"&quot;Free as the clouds&quot; Jordi Carreras \u2013 Carlos Tellechea - Arteartesania\" \/>\n<meta property=\"og:description\" content=\"&quot;Free as the clouds&quot; Jordi Carreras \u2013 Carlos Tellechea  Oil Table: Jordi Carreras  Metal intervention: Carlos Tellechea  MATERIALS: Bronze, Patina (copper oxide), 925 Silver Figure  YEAR: 2022  SIZE: 35 x 30cm  These interventions in the work of my friend Jordi Carreras. They allow me to explore the three dimensions of Painting, giving another perspective to the observation of the piece that changes as you walk around and modify the point of view.\" \/>\n<meta property=\"og:url\" content=\"https:\/\/www.arteartesania.com\/en\/product\/free-as-the-clouds-jordi-carreras-carlos-tellechea\/\" \/>\n<meta property=\"og:site_name\" content=\"Arteartesania\" \/>\n<meta property=\"article:modified_time\" content=\"2022-08-11T12:57:22+00:00\" \/>\n<meta property=\"og:image\" content=\"https:\/\/www.arteartesania.com\/wp-content\/uploads\/2022\/08\/IMG_8548-scaled.jpeg\" \/>\n\t<meta property=\"og:image:width\" content=\"1920\" \/>\n\t<meta property=\"og:image:height\" content=\"2560\" \/>\n\t<meta property=\"og:image:type\" content=\"image\/jpeg\" \/>\n<meta name=\"twitter:card\" content=\"summary_large_image\" \/>\n<meta name=\"twitter:label1\" content=\"Est. reading time\" \/>\n\t<meta name=\"twitter:data1\" content=\"1 minute\" \/>\n<script type=\"application\/ld+json\" class=\"yoast-schema-graph\">{\"@context\":\"https:\/\/schema.org\",\"@graph\":[{\"@type\":\"WebPage\",\"@id\":\"https:\/\/www.arteartesania.com\/en\/product\/free-as-the-clouds-jordi-carreras-carlos-tellechea\/\",\"url\":\"https:\/\/www.arteartesania.com\/en\/product\/free-as-the-clouds-jordi-carreras-carlos-tellechea\/\",\"name\":\"\\\"Free as the clouds\\\" Jordi Carreras \u2013 Carlos Tellechea - Arteartesania\",\"isPartOf\":{\"@id\":\"https:\/\/www.arteartesania.com\/en\/#website\"},\"primaryImageOfPage\":{\"@id\":\"https:\/\/www.arteartesania.com\/en\/product\/free-as-the-clouds-jordi-carreras-carlos-tellechea\/#primaryimage\"},\"image\":{\"@id\":\"https:\/\/www.arteartesania.com\/en\/product\/free-as-the-clouds-jordi-carreras-carlos-tellechea\/#primaryimage\"},\"thumbnailUrl\":\"https:\/\/www.arteartesania.com\/wp-content\/uploads\/2022\/08\/IMG_8548-scaled.jpeg\",\"datePublished\":\"2022-08-11T12:57:21+00:00\",\"dateModified\":\"2022-08-11T12:57:22+00:00\",\"breadcrumb\":{\"@id\":\"https:\/\/www.arteartesania.com\/en\/product\/free-as-the-clouds-jordi-carreras-carlos-tellechea\/#breadcrumb\"},\"inLanguage\":\"en-US\",\"potentialAction\":[{\"@type\":\"ReadAction\",\"target\":[\"https:\/\/www.arteartesania.com\/en\/product\/free-as-the-clouds-jordi-carreras-carlos-tellechea\/\"]}]},{\"@type\":\"ImageObject\",\"inLanguage\":\"en-US\",\"@id\":\"https:\/\/www.arteartesania.com\/en\/product\/free-as-the-clouds-jordi-carreras-carlos-tellechea\/#primaryimage\",\"url\":\"https:\/\/www.arteartesania.com\/wp-content\/uploads\/2022\/08\/IMG_8548-scaled.jpeg\",\"contentUrl\":\"https:\/\/www.arteartesania.com\/wp-content\/uploads\/2022\/08\/IMG_8548-scaled.jpeg\",\"width\":1920,\"height\":2560,\"caption\":\"\\\"Libre como las nubes\u201d OBRA CONJUNTA JORDI CARRERAS CARLOS TELLECHEA\"},{\"@type\":\"BreadcrumbList\",\"@id\":\"https:\/\/www.arteartesania.com\/en\/product\/free-as-the-clouds-jordi-carreras-carlos-tellechea\/#breadcrumb\",\"itemListElement\":[{\"@type\":\"ListItem\",\"position\":1,\"name\":\"Portada\",\"item\":\"https:\/\/www.arteartesania.com\/en\/\"},{\"@type\":\"ListItem\",\"position\":2,\"name\":\"Shop online\",\"item\":\"https:\/\/www.arteartesania.com\/en\/shop\/\"},{\"@type\":\"ListItem\",\"position\":3,\"name\":\"\u00abFree as the clouds\u00bb Jordi Carreras \u2013 Carlos Tellechea\"}]},{\"@type\":\"WebSite\",\"@id\":\"https:\/\/www.arteartesania.com\/en\/#website\",\"url\":\"https:\/\/www.arteartesania.com\/en\/\",\"name\":\"Arteartesania\",\"description\":\"Original selecci\u00f3n de Artesan\u00eda Contempor\u00e1nea de Autor\",\"publisher\":{\"@id\":\"https:\/\/www.arteartesania.com\/en\/#organization\"},\"potentialAction\":[{\"@type\":\"SearchAction\",\"target\":{\"@type\":\"EntryPoint\",\"urlTemplate\":\"https:\/\/www.arteartesania.com\/en\/?s={search_term_string}\"},\"query-input\":{\"@type\":\"PropertyValueSpecification\",\"valueRequired\":true,\"valueName\":\"search_term_string\"}}],\"inLanguage\":\"en-US\"},{\"@type\":\"Organization\",\"@id\":\"https:\/\/www.arteartesania.com\/en\/#organization\",\"name\":\"Arteartesania\",\"url\":\"https:\/\/www.arteartesania.com\/en\/\",\"logo\":{\"@type\":\"ImageObject\",\"inLanguage\":\"en-US\",\"@id\":\"https:\/\/www.arteartesania.com\/en\/#\/schema\/logo\/image\/\",\"url\":\"https:\/\/www.arteartesania.com\/wp-content\/uploads\/2019\/12\/cropped-logofooter.png\",\"contentUrl\":\"https:\/\/www.arteartesania.com\/wp-content\/uploads\/2019\/12\/cropped-logofooter.png\",\"width\":539,\"height\":58,\"caption\":\"Arteartesania\"},\"image\":{\"@id\":\"https:\/\/www.arteartesania.com\/en\/#\/schema\/logo\/image\/\"}}]}<\/script>\n<!-- \/ Yoast SEO plugin. -->","yoast_head_json":{"title":"\"Free as the clouds\" Jordi Carreras \u2013 Carlos Tellechea - Arteartesania","robots":{"index":"index","follow":"follow","max-snippet":"max-snippet:-1","max-image-preview":"max-image-preview:large","max-video-preview":"max-video-preview:-1"},"canonical":"https:\/\/www.arteartesania.com\/en\/product\/free-as-the-clouds-jordi-carreras-carlos-tellechea\/","og_locale":"en_US","og_type":"article","og_title":"\"Free as the clouds\" Jordi Carreras \u2013 Carlos Tellechea - Arteartesania","og_description":"\"Free as the clouds\" Jordi Carreras \u2013 Carlos Tellechea  Oil Table: Jordi Carreras  Metal intervention: Carlos Tellechea  MATERIALS: Bronze, Patina (copper oxide), 925 Silver Figure  YEAR: 2022  SIZE: 35 x 30cm  These interventions in the work of my friend Jordi Carreras. They allow me to explore the three dimensions of Painting, giving another perspective to the observation of the piece that changes as you walk around and modify the point of view.","og_url":"https:\/\/www.arteartesania.com\/en\/product\/free-as-the-clouds-jordi-carreras-carlos-tellechea\/","og_site_name":"Arteartesania","article_modified_time":"2022-08-11T12:57:22+00:00","og_image":[{"width":1920,"height":2560,"url":"https:\/\/www.arteartesania.com\/wp-content\/uploads\/2022\/08\/IMG_8548-scaled.jpeg","type":"image\/jpeg"}],"twitter_card":"summary_large_image","twitter_misc":{"Est. reading time":"1 minute"},"schema":{"@context":"https:\/\/schema.org","@graph":[{"@type":"WebPage","@id":"https:\/\/www.arteartesania.com\/en\/product\/free-as-the-clouds-jordi-carreras-carlos-tellechea\/","url":"https:\/\/www.arteartesania.com\/en\/product\/free-as-the-clouds-jordi-carreras-carlos-tellechea\/","name":"\"Free as the clouds\" Jordi Carreras \u2013 Carlos Tellechea - Arteartesania","isPartOf":{"@id":"https:\/\/www.arteartesania.com\/en\/#website"},"primaryImageOfPage":{"@id":"https:\/\/www.arteartesania.com\/en\/product\/free-as-the-clouds-jordi-carreras-carlos-tellechea\/#primaryimage"},"image":{"@id":"https:\/\/www.arteartesania.com\/en\/product\/free-as-the-clouds-jordi-carreras-carlos-tellechea\/#primaryimage"},"thumbnailUrl":"https:\/\/www.arteartesania.com\/wp-content\/uploads\/2022\/08\/IMG_8548-scaled.jpeg","datePublished":"2022-08-11T12:57:21+00:00","dateModified":"2022-08-11T12:57:22+00:00","breadcrumb":{"@id":"https:\/\/www.arteartesania.com\/en\/product\/free-as-the-clouds-jordi-carreras-carlos-tellechea\/#breadcrumb"},"inLanguage":"en-US","potentialAction":[{"@type":"ReadAction","target":["https:\/\/www.arteartesania.com\/en\/product\/free-as-the-clouds-jordi-carreras-carlos-tellechea\/"]}]},{"@type":"ImageObject","inLanguage":"en-US","@id":"https:\/\/www.arteartesania.com\/en\/product\/free-as-the-clouds-jordi-carreras-carlos-tellechea\/#primaryimage","url":"https:\/\/www.arteartesania.com\/wp-content\/uploads\/2022\/08\/IMG_8548-scaled.jpeg","contentUrl":"https:\/\/www.arteartesania.com\/wp-content\/uploads\/2022\/08\/IMG_8548-scaled.jpeg","width":1920,"height":2560,"caption":"\"Libre como las nubes\u201d OBRA CONJUNTA JORDI CARRERAS CARLOS TELLECHEA"},{"@type":"BreadcrumbList","@id":"https:\/\/www.arteartesania.com\/en\/product\/free-as-the-clouds-jordi-carreras-carlos-tellechea\/#breadcrumb","itemListElement":[{"@type":"ListItem","position":1,"name":"Portada","item":"https:\/\/www.arteartesania.com\/en\/"},{"@type":"ListItem","position":2,"name":"Shop online","item":"https:\/\/www.arteartesania.com\/en\/shop\/"},{"@type":"ListItem","position":3,"name":"\u00abFree as the clouds\u00bb Jordi Carreras \u2013 Carlos Tellechea"}]},{"@type":"WebSite","@id":"https:\/\/www.arteartesania.com\/en\/#website","url":"https:\/\/www.arteartesania.com\/en\/","name":"Arteartesania","description":"Original selecci\u00f3n de Artesan\u00eda Contempor\u00e1nea de Autor","publisher":{"@id":"https:\/\/www.arteartesania.com\/en\/#organization"},"potentialAction":[{"@type":"SearchAction","target":{"@type":"EntryPoint","urlTemplate":"https:\/\/www.arteartesania.com\/en\/?s={search_term_string}"},"query-input":{"@type":"PropertyValueSpecification","valueRequired":true,"valueName":"search_term_string"}}],"inLanguage":"en-US"},{"@type":"Organization","@id":"https:\/\/www.arteartesania.com\/en\/#organization","name":"Arteartesania","url":"https:\/\/www.arteartesania.com\/en\/","logo":{"@type":"ImageObject","inLanguage":"en-US","@id":"https:\/\/www.arteartesania.com\/en\/#\/schema\/logo\/image\/","url":"https:\/\/www.arteartesania.com\/wp-content\/uploads\/2019\/12\/cropped-logofooter.png","contentUrl":"https:\/\/www.arteartesania.com\/wp-content\/uploads\/2019\/12\/cropped-logofooter.png","width":539,"height":58,"caption":"Arteartesania"},"image":{"@id":"https:\/\/www.arteartesania.com\/en\/#\/schema\/logo\/image\/"}}]}},"_links":{"self":[{"href":"https:\/\/www.arteartesania.com\/en\/wp-json\/wp\/v2\/product\/14179"}],"collection":[{"href":"https:\/\/www.arteartesania.com\/en\/wp-json\/wp\/v2\/product"}],"about":[{"href":"https:\/\/www.arteartesania.com\/en\/wp-json\/wp\/v2\/types\/product"}],"replies":[{"embeddable":true,"href":"https:\/\/www.arteartesania.com\/en\/wp-json\/wp\/v2\/comments?post=14179"}],"wp:featuredmedia":[{"embeddable":true,"href":"https:\/\/www.arteartesania.com\/en\/wp-json\/wp\/v2\/media\/14160"}],"wp:attachment":[{"href":"https:\/\/www.arteartesania.com\/en\/wp-json\/wp\/v2\/media?parent=14179"}],"wp:term":[{"taxonomy":"product_cat","embeddable":true,"href":"https:\/\/www.arteartesania.com\/en\/wp-json\/wp\/v2\/product_cat?post=14179"},{"taxonomy":"product_tag","embeddable":true,"href":"https:\/\/www.arteartesania.com\/en\/wp-json\/wp\/v2\/product_tag?post=14179"}],"curies":[{"name":"wp","href":"https:\/\/api.w.org\/{rel}","templated":true}]}}