{"id":13969,"date":"2022-07-27T17:25:00","date_gmt":"2022-07-28T11:39:58","guid":{"rendered":"https:\/\/www.arteartesania.com\/?post_type=product&#038;p=13969"},"modified":"2022-11-29T12:36:06","modified_gmt":"2022-11-29T11:36:06","slug":"engagement-rings-mountain-skyline","status":"publish","type":"product","link":"https:\/\/www.arteartesania.com\/en\/product\/engagement-rings-mountain-skyline\/","title":{"rendered":"Engagement Rings &#8211; Tramontana Skyline"},"content":{"rendered":"<p><em>Engagement rings &#8211; mountain skyline<\/em><\/p>\n<p>PIECE: Personalized Rings &#8211; Mountain Skyline<\/p>\n<p>MATERIAL: 925 silver, black oxide<\/p>\n<p>AUTHOR: Carlos Tellechea<\/p>\n<p>You can reserve a specific size, in this case we need a few days to produce the ring in this size. A women&#8217;s size small is currently available.<\/p>\n","protected":false},"excerpt":{"rendered":"<p>PIECE: Personalized Rings &#8211; Mountain Skyline<\/p>\n<p>MATERIAL: 925 silver, black oxide<\/p>\n<p>AUTHOR: Carlos Tellechea<\/p>\n[embed]https:\/\/www.arteartesania.com\/en\/anillos-de-compromiso-skyline-de-la-tramontana-autor-carlos-tellechea\/[\/embed]\n","protected":false},"featured_media":16642,"comment_status":"closed","ping_status":"closed","template":"","meta":{"_acf_changed":false,"inline_featured_image":false},"product_cat":[129,128,110,111],"product_tag":[],"class_list":{"0":"post-13969","1":"product","2":"type-product","3":"status-publish","4":"has-post-thumbnail","6":"product_cat-artists","7":"product_cat-carlostellechea","8":"product_cat-jewelry","9":"product_cat-rings","11":"first","12":"instock","13":"shipping-taxable","14":"purchasable","15":"product-type-simple"},"acf":[],"yoast_head":"<!-- This site is optimized with the Yoast SEO plugin v23.6 - https:\/\/yoast.com\/wordpress\/plugins\/seo\/ -->\n<title>Engagement rings - Mountain skyline - Arteartesania<\/title>\n<meta name=\"description\" content=\"Engagement rings - Mountain skyline - Personalized silver rings by Carlos Tellechea in Arteartesania, S\u00f3ller, Mallorca\" \/>\n<meta name=\"robots\" content=\"index, follow, max-snippet:-1, max-image-preview:large, max-video-preview:-1\" \/>\n<link rel=\"canonical\" href=\"https:\/\/www.arteartesania.com\/en\/product\/engagement-rings-mountain-skyline\/\" \/>\n<meta property=\"og:locale\" content=\"en_US\" \/>\n<meta property=\"og:type\" content=\"article\" \/>\n<meta property=\"og:title\" content=\"Engagement rings - Mountain skyline - Arteartesania\" \/>\n<meta property=\"og:description\" content=\"Engagement rings - Mountain skyline - Personalized silver rings by Carlos Tellechea in Arteartesania, S\u00f3ller, Mallorca\" \/>\n<meta property=\"og:url\" content=\"https:\/\/www.arteartesania.com\/en\/product\/engagement-rings-mountain-skyline\/\" \/>\n<meta property=\"og:site_name\" content=\"Arteartesania\" \/>\n<meta property=\"article:modified_time\" content=\"2022-11-29T11:36:06+00:00\" \/>\n<meta property=\"og:image\" content=\"https:\/\/www.arteartesania.com\/wp-content\/uploads\/2022\/07\/anillo-skyline-tramontana2.jpeg\" \/>\n\t<meta property=\"og:image:width\" content=\"2387\" \/>\n\t<meta property=\"og:image:height\" content=\"2040\" \/>\n\t<meta property=\"og:image:type\" content=\"image\/jpeg\" \/>\n<meta name=\"twitter:card\" content=\"summary_large_image\" \/>\n<meta name=\"twitter:label1\" content=\"Est. reading time\" \/>\n\t<meta name=\"twitter:data1\" content=\"1 minute\" \/>\n<script type=\"application\/ld+json\" class=\"yoast-schema-graph\">{\"@context\":\"https:\/\/schema.org\",\"@graph\":[{\"@type\":\"WebPage\",\"@id\":\"https:\/\/www.arteartesania.com\/en\/product\/engagement-rings-mountain-skyline\/\",\"url\":\"https:\/\/www.arteartesania.com\/en\/product\/engagement-rings-mountain-skyline\/\",\"name\":\"Engagement rings - Mountain skyline - Arteartesania\",\"isPartOf\":{\"@id\":\"https:\/\/www.arteartesania.com\/en\/#website\"},\"primaryImageOfPage\":{\"@id\":\"https:\/\/www.arteartesania.com\/en\/product\/engagement-rings-mountain-skyline\/#primaryimage\"},\"image\":{\"@id\":\"https:\/\/www.arteartesania.com\/en\/product\/engagement-rings-mountain-skyline\/#primaryimage\"},\"thumbnailUrl\":\"https:\/\/www.arteartesania.com\/wp-content\/uploads\/2022\/07\/IMG_6861.jpeg\",\"datePublished\":\"2022-07-28T11:39:58+00:00\",\"dateModified\":\"2022-11-29T11:36:06+00:00\",\"description\":\"Engagement rings - Mountain skyline - Personalized silver rings by Carlos Tellechea in Arteartesania, S\u00f3ller, Mallorca\",\"breadcrumb\":{\"@id\":\"https:\/\/www.arteartesania.com\/en\/product\/engagement-rings-mountain-skyline\/#breadcrumb\"},\"inLanguage\":\"en-US\",\"potentialAction\":[{\"@type\":\"ReadAction\",\"target\":[\"https:\/\/www.arteartesania.com\/en\/product\/engagement-rings-mountain-skyline\/\"]}]},{\"@type\":\"ImageObject\",\"inLanguage\":\"en-US\",\"@id\":\"https:\/\/www.arteartesania.com\/en\/product\/engagement-rings-mountain-skyline\/#primaryimage\",\"url\":\"https:\/\/www.arteartesania.com\/wp-content\/uploads\/2022\/07\/IMG_6861.jpeg\",\"contentUrl\":\"https:\/\/www.arteartesania.com\/wp-content\/uploads\/2022\/07\/IMG_6861.jpeg\",\"width\":1345,\"height\":1345,\"caption\":\"ANILLOS PERSONALIZADOS TRAMONTANA TELLECHEA\"},{\"@type\":\"BreadcrumbList\",\"@id\":\"https:\/\/www.arteartesania.com\/en\/product\/engagement-rings-mountain-skyline\/#breadcrumb\",\"itemListElement\":[{\"@type\":\"ListItem\",\"position\":1,\"name\":\"Portada\",\"item\":\"https:\/\/www.arteartesania.com\/en\/\"},{\"@type\":\"ListItem\",\"position\":2,\"name\":\"Shop online\",\"item\":\"https:\/\/www.arteartesania.com\/en\/shop\/\"},{\"@type\":\"ListItem\",\"position\":3,\"name\":\"Engagement Rings &#8211; Tramontana Skyline\"}]},{\"@type\":\"WebSite\",\"@id\":\"https:\/\/www.arteartesania.com\/en\/#website\",\"url\":\"https:\/\/www.arteartesania.com\/en\/\",\"name\":\"Arteartesania\",\"description\":\"Original selecci\u00f3n de Artesan\u00eda Contempor\u00e1nea de Autor\",\"publisher\":{\"@id\":\"https:\/\/www.arteartesania.com\/en\/#organization\"},\"potentialAction\":[{\"@type\":\"SearchAction\",\"target\":{\"@type\":\"EntryPoint\",\"urlTemplate\":\"https:\/\/www.arteartesania.com\/en\/?s={search_term_string}\"},\"query-input\":{\"@type\":\"PropertyValueSpecification\",\"valueRequired\":true,\"valueName\":\"search_term_string\"}}],\"inLanguage\":\"en-US\"},{\"@type\":\"Organization\",\"@id\":\"https:\/\/www.arteartesania.com\/en\/#organization\",\"name\":\"Arteartesania\",\"url\":\"https:\/\/www.arteartesania.com\/en\/\",\"logo\":{\"@type\":\"ImageObject\",\"inLanguage\":\"en-US\",\"@id\":\"https:\/\/www.arteartesania.com\/en\/#\/schema\/logo\/image\/\",\"url\":\"https:\/\/www.arteartesania.com\/wp-content\/uploads\/2019\/12\/cropped-logofooter.png\",\"contentUrl\":\"https:\/\/www.arteartesania.com\/wp-content\/uploads\/2019\/12\/cropped-logofooter.png\",\"width\":539,\"height\":58,\"caption\":\"Arteartesania\"},\"image\":{\"@id\":\"https:\/\/www.arteartesania.com\/en\/#\/schema\/logo\/image\/\"}}]}<\/script>\n<!-- \/ Yoast SEO plugin. -->","yoast_head_json":{"title":"Engagement rings - Mountain skyline - Arteartesania","description":"Engagement rings - Mountain skyline - Personalized silver rings by Carlos Tellechea in Arteartesania, S\u00f3ller, Mallorca","robots":{"index":"index","follow":"follow","max-snippet":"max-snippet:-1","max-image-preview":"max-image-preview:large","max-video-preview":"max-video-preview:-1"},"canonical":"https:\/\/www.arteartesania.com\/en\/product\/engagement-rings-mountain-skyline\/","og_locale":"en_US","og_type":"article","og_title":"Engagement rings - Mountain skyline - Arteartesania","og_description":"Engagement rings - Mountain skyline - Personalized silver rings by Carlos Tellechea in Arteartesania, S\u00f3ller, Mallorca","og_url":"https:\/\/www.arteartesania.com\/en\/product\/engagement-rings-mountain-skyline\/","og_site_name":"Arteartesania","article_modified_time":"2022-11-29T11:36:06+00:00","og_image":[{"width":2387,"height":2040,"url":"https:\/\/www.arteartesania.com\/wp-content\/uploads\/2022\/07\/anillo-skyline-tramontana2.jpeg","type":"image\/jpeg"}],"twitter_card":"summary_large_image","twitter_misc":{"Est. reading time":"1 minute"},"schema":{"@context":"https:\/\/schema.org","@graph":[{"@type":"WebPage","@id":"https:\/\/www.arteartesania.com\/en\/product\/engagement-rings-mountain-skyline\/","url":"https:\/\/www.arteartesania.com\/en\/product\/engagement-rings-mountain-skyline\/","name":"Engagement rings - Mountain skyline - Arteartesania","isPartOf":{"@id":"https:\/\/www.arteartesania.com\/en\/#website"},"primaryImageOfPage":{"@id":"https:\/\/www.arteartesania.com\/en\/product\/engagement-rings-mountain-skyline\/#primaryimage"},"image":{"@id":"https:\/\/www.arteartesania.com\/en\/product\/engagement-rings-mountain-skyline\/#primaryimage"},"thumbnailUrl":"https:\/\/www.arteartesania.com\/wp-content\/uploads\/2022\/07\/IMG_6861.jpeg","datePublished":"2022-07-28T11:39:58+00:00","dateModified":"2022-11-29T11:36:06+00:00","description":"Engagement rings - Mountain skyline - Personalized silver rings by Carlos Tellechea in Arteartesania, S\u00f3ller, Mallorca","breadcrumb":{"@id":"https:\/\/www.arteartesania.com\/en\/product\/engagement-rings-mountain-skyline\/#breadcrumb"},"inLanguage":"en-US","potentialAction":[{"@type":"ReadAction","target":["https:\/\/www.arteartesania.com\/en\/product\/engagement-rings-mountain-skyline\/"]}]},{"@type":"ImageObject","inLanguage":"en-US","@id":"https:\/\/www.arteartesania.com\/en\/product\/engagement-rings-mountain-skyline\/#primaryimage","url":"https:\/\/www.arteartesania.com\/wp-content\/uploads\/2022\/07\/IMG_6861.jpeg","contentUrl":"https:\/\/www.arteartesania.com\/wp-content\/uploads\/2022\/07\/IMG_6861.jpeg","width":1345,"height":1345,"caption":"ANILLOS PERSONALIZADOS TRAMONTANA TELLECHEA"},{"@type":"BreadcrumbList","@id":"https:\/\/www.arteartesania.com\/en\/product\/engagement-rings-mountain-skyline\/#breadcrumb","itemListElement":[{"@type":"ListItem","position":1,"name":"Portada","item":"https:\/\/www.arteartesania.com\/en\/"},{"@type":"ListItem","position":2,"name":"Shop online","item":"https:\/\/www.arteartesania.com\/en\/shop\/"},{"@type":"ListItem","position":3,"name":"Engagement Rings &#8211; Tramontana Skyline"}]},{"@type":"WebSite","@id":"https:\/\/www.arteartesania.com\/en\/#website","url":"https:\/\/www.arteartesania.com\/en\/","name":"Arteartesania","description":"Original selecci\u00f3n de Artesan\u00eda Contempor\u00e1nea de Autor","publisher":{"@id":"https:\/\/www.arteartesania.com\/en\/#organization"},"potentialAction":[{"@type":"SearchAction","target":{"@type":"EntryPoint","urlTemplate":"https:\/\/www.arteartesania.com\/en\/?s={search_term_string}"},"query-input":{"@type":"PropertyValueSpecification","valueRequired":true,"valueName":"search_term_string"}}],"inLanguage":"en-US"},{"@type":"Organization","@id":"https:\/\/www.arteartesania.com\/en\/#organization","name":"Arteartesania","url":"https:\/\/www.arteartesania.com\/en\/","logo":{"@type":"ImageObject","inLanguage":"en-US","@id":"https:\/\/www.arteartesania.com\/en\/#\/schema\/logo\/image\/","url":"https:\/\/www.arteartesania.com\/wp-content\/uploads\/2019\/12\/cropped-logofooter.png","contentUrl":"https:\/\/www.arteartesania.com\/wp-content\/uploads\/2019\/12\/cropped-logofooter.png","width":539,"height":58,"caption":"Arteartesania"},"image":{"@id":"https:\/\/www.arteartesania.com\/en\/#\/schema\/logo\/image\/"}}]}},"_links":{"self":[{"href":"https:\/\/www.arteartesania.com\/en\/wp-json\/wp\/v2\/product\/13969"}],"collection":[{"href":"https:\/\/www.arteartesania.com\/en\/wp-json\/wp\/v2\/product"}],"about":[{"href":"https:\/\/www.arteartesania.com\/en\/wp-json\/wp\/v2\/types\/product"}],"replies":[{"embeddable":true,"href":"https:\/\/www.arteartesania.com\/en\/wp-json\/wp\/v2\/comments?post=13969"}],"wp:featuredmedia":[{"embeddable":true,"href":"https:\/\/www.arteartesania.com\/en\/wp-json\/wp\/v2\/media\/16642"}],"wp:attachment":[{"href":"https:\/\/www.arteartesania.com\/en\/wp-json\/wp\/v2\/media?parent=13969"}],"wp:term":[{"taxonomy":"product_cat","embeddable":true,"href":"https:\/\/www.arteartesania.com\/en\/wp-json\/wp\/v2\/product_cat?post=13969"},{"taxonomy":"product_tag","embeddable":true,"href":"https:\/\/www.arteartesania.com\/en\/wp-json\/wp\/v2\/product_tag?post=13969"}],"curies":[{"name":"wp","href":"https:\/\/api.w.org\/{rel}","templated":true}]}}