{"id":12683,"date":"2021-11-15T11:41:52","date_gmt":"2021-11-15T10:43:07","guid":{"rendered":"https:\/\/www.arteartesania.com\/?post_type=product&#038;p=12683"},"modified":"2021-12-07T13:39:14","modified_gmt":"2021-12-07T12:39:14","slug":"silver-ring-with-ebony","status":"publish","type":"product","link":"https:\/\/www.arteartesania.com\/en\/product\/silver-ring-with-ebony\/","title":{"rendered":"925 Silver ebony ring"},"content":{"rendered":"<p>PIECE: 925 Silver ring with ebony<\/p>\n<p>MATERIAL: Oxidized 925 silver<\/p>\n<p>OTHER MATERIAL: Ebony<\/p>\n<p>AUTHOR: Carlos Tellechea<\/p>\n<p>YEAR: 2019<\/p>\n<p>Contact us to find out all the sizes available at this time. A specific size can be reserved.<\/p>\n","protected":false},"excerpt":{"rendered":"<p>PIECE: 925 Silver ebony ring<\/p>\n<p>MATERIAL: Oxidized 925 silver<\/p>\n<p>OTHER MATERIAL: Ebony<\/p>\n<p>AUTHOR: Carlos Tellechea<\/p>\n<p>YEAR: 2019<\/p>\n<p>Contact us to find out all the sizes available at this time. A specific size can be reserved.<\/p>\n","protected":false},"featured_media":12715,"comment_status":"closed","ping_status":"closed","template":"","meta":{"_acf_changed":false,"inline_featured_image":false},"product_cat":[129,128,110,114,111],"product_tag":[],"class_list":{"0":"post-12683","1":"product","2":"type-product","3":"status-publish","4":"has-post-thumbnail","6":"product_cat-artists","7":"product_cat-carlostellechea","8":"product_cat-jewelry","9":"product_cat-men","10":"product_cat-rings","12":"first","13":"onbackorder","14":"shipping-taxable","15":"purchasable","16":"product-type-simple"},"acf":[],"yoast_head":"<!-- This site is optimized with the Yoast SEO plugin v23.6 - https:\/\/yoast.com\/wordpress\/plugins\/seo\/ -->\n<title>Silver ring for man with ebony by Carlos Tellechea, Arteartesania<\/title>\n<meta name=\"description\" content=\"Silver ring for man with ebony line by artesan artist Carlos Tellechea made in a small place on the island of Mallorca, S\u00f3ller\" \/>\n<meta name=\"robots\" content=\"index, follow, max-snippet:-1, max-image-preview:large, max-video-preview:-1\" \/>\n<link rel=\"canonical\" href=\"https:\/\/www.arteartesania.com\/en\/product\/silver-ring-with-ebony\/\" \/>\n<meta property=\"og:locale\" content=\"en_US\" \/>\n<meta property=\"og:type\" content=\"article\" \/>\n<meta property=\"og:title\" content=\"Silver ring for man with ebony by Carlos Tellechea, Arteartesania\" \/>\n<meta property=\"og:description\" content=\"Silver ring for man with ebony line by artesan artist Carlos Tellechea made in a small place on the island of Mallorca, S\u00f3ller\" \/>\n<meta property=\"og:url\" content=\"https:\/\/www.arteartesania.com\/en\/product\/silver-ring-with-ebony\/\" \/>\n<meta property=\"og:site_name\" content=\"Arteartesania\" \/>\n<meta property=\"article:modified_time\" content=\"2021-12-07T12:39:14+00:00\" \/>\n<meta property=\"og:image\" content=\"https:\/\/www.arteartesania.com\/wp-content\/uploads\/2021\/11\/JOY_C_AN_EB_01-scaled.jpg\" \/>\n\t<meta property=\"og:image:width\" content=\"2560\" \/>\n\t<meta property=\"og:image:height\" content=\"2560\" \/>\n\t<meta property=\"og:image:type\" content=\"image\/jpeg\" \/>\n<meta name=\"twitter:card\" content=\"summary_large_image\" \/>\n<meta name=\"twitter:label1\" content=\"Est. reading time\" \/>\n\t<meta name=\"twitter:data1\" content=\"1 minute\" \/>\n<script type=\"application\/ld+json\" class=\"yoast-schema-graph\">{\"@context\":\"https:\/\/schema.org\",\"@graph\":[{\"@type\":\"WebPage\",\"@id\":\"https:\/\/www.arteartesania.com\/en\/product\/silver-ring-with-ebony\/\",\"url\":\"https:\/\/www.arteartesania.com\/en\/product\/silver-ring-with-ebony\/\",\"name\":\"Silver ring for man with ebony by Carlos Tellechea, Arteartesania\",\"isPartOf\":{\"@id\":\"https:\/\/www.arteartesania.com\/en\/#website\"},\"primaryImageOfPage\":{\"@id\":\"https:\/\/www.arteartesania.com\/en\/product\/silver-ring-with-ebony\/#primaryimage\"},\"image\":{\"@id\":\"https:\/\/www.arteartesania.com\/en\/product\/silver-ring-with-ebony\/#primaryimage\"},\"thumbnailUrl\":\"https:\/\/www.arteartesania.com\/wp-content\/uploads\/2021\/11\/JOY_C_AN_EB_01-scaled.jpg\",\"datePublished\":\"2021-11-15T10:43:07+00:00\",\"dateModified\":\"2021-12-07T12:39:14+00:00\",\"description\":\"Silver ring for man with ebony line by artesan artist Carlos Tellechea made in a small place on the island of Mallorca, S\u00f3ller\",\"breadcrumb\":{\"@id\":\"https:\/\/www.arteartesania.com\/en\/product\/silver-ring-with-ebony\/#breadcrumb\"},\"inLanguage\":\"en-US\",\"potentialAction\":[{\"@type\":\"ReadAction\",\"target\":[\"https:\/\/www.arteartesania.com\/en\/product\/silver-ring-with-ebony\/\"]}]},{\"@type\":\"ImageObject\",\"inLanguage\":\"en-US\",\"@id\":\"https:\/\/www.arteartesania.com\/en\/product\/silver-ring-with-ebony\/#primaryimage\",\"url\":\"https:\/\/www.arteartesania.com\/wp-content\/uploads\/2021\/11\/JOY_C_AN_EB_01-scaled.jpg\",\"contentUrl\":\"https:\/\/www.arteartesania.com\/wp-content\/uploads\/2021\/11\/JOY_C_AN_EB_01-scaled.jpg\",\"width\":2560,\"height\":2560,\"caption\":\"OLYMPUS DIGITAL CAMERA\"},{\"@type\":\"BreadcrumbList\",\"@id\":\"https:\/\/www.arteartesania.com\/en\/product\/silver-ring-with-ebony\/#breadcrumb\",\"itemListElement\":[{\"@type\":\"ListItem\",\"position\":1,\"name\":\"Portada\",\"item\":\"https:\/\/www.arteartesania.com\/en\/\"},{\"@type\":\"ListItem\",\"position\":2,\"name\":\"Shop online\",\"item\":\"https:\/\/www.arteartesania.com\/en\/shop\/\"},{\"@type\":\"ListItem\",\"position\":3,\"name\":\"925 Silver ebony ring\"}]},{\"@type\":\"WebSite\",\"@id\":\"https:\/\/www.arteartesania.com\/en\/#website\",\"url\":\"https:\/\/www.arteartesania.com\/en\/\",\"name\":\"Arteartesania\",\"description\":\"Original selecci\u00f3n de Artesan\u00eda Contempor\u00e1nea de Autor\",\"publisher\":{\"@id\":\"https:\/\/www.arteartesania.com\/en\/#organization\"},\"potentialAction\":[{\"@type\":\"SearchAction\",\"target\":{\"@type\":\"EntryPoint\",\"urlTemplate\":\"https:\/\/www.arteartesania.com\/en\/?s={search_term_string}\"},\"query-input\":{\"@type\":\"PropertyValueSpecification\",\"valueRequired\":true,\"valueName\":\"search_term_string\"}}],\"inLanguage\":\"en-US\"},{\"@type\":\"Organization\",\"@id\":\"https:\/\/www.arteartesania.com\/en\/#organization\",\"name\":\"Arteartesania\",\"url\":\"https:\/\/www.arteartesania.com\/en\/\",\"logo\":{\"@type\":\"ImageObject\",\"inLanguage\":\"en-US\",\"@id\":\"https:\/\/www.arteartesania.com\/en\/#\/schema\/logo\/image\/\",\"url\":\"https:\/\/www.arteartesania.com\/wp-content\/uploads\/2019\/12\/cropped-logofooter.png\",\"contentUrl\":\"https:\/\/www.arteartesania.com\/wp-content\/uploads\/2019\/12\/cropped-logofooter.png\",\"width\":539,\"height\":58,\"caption\":\"Arteartesania\"},\"image\":{\"@id\":\"https:\/\/www.arteartesania.com\/en\/#\/schema\/logo\/image\/\"}}]}<\/script>\n<!-- \/ Yoast SEO plugin. -->","yoast_head_json":{"title":"Silver ring for man with ebony by Carlos Tellechea, Arteartesania","description":"Silver ring for man with ebony line by artesan artist Carlos Tellechea made in a small place on the island of Mallorca, S\u00f3ller","robots":{"index":"index","follow":"follow","max-snippet":"max-snippet:-1","max-image-preview":"max-image-preview:large","max-video-preview":"max-video-preview:-1"},"canonical":"https:\/\/www.arteartesania.com\/en\/product\/silver-ring-with-ebony\/","og_locale":"en_US","og_type":"article","og_title":"Silver ring for man with ebony by Carlos Tellechea, Arteartesania","og_description":"Silver ring for man with ebony line by artesan artist Carlos Tellechea made in a small place on the island of Mallorca, S\u00f3ller","og_url":"https:\/\/www.arteartesania.com\/en\/product\/silver-ring-with-ebony\/","og_site_name":"Arteartesania","article_modified_time":"2021-12-07T12:39:14+00:00","og_image":[{"width":2560,"height":2560,"url":"https:\/\/www.arteartesania.com\/wp-content\/uploads\/2021\/11\/JOY_C_AN_EB_01-scaled.jpg","type":"image\/jpeg"}],"twitter_card":"summary_large_image","twitter_misc":{"Est. reading time":"1 minute"},"schema":{"@context":"https:\/\/schema.org","@graph":[{"@type":"WebPage","@id":"https:\/\/www.arteartesania.com\/en\/product\/silver-ring-with-ebony\/","url":"https:\/\/www.arteartesania.com\/en\/product\/silver-ring-with-ebony\/","name":"Silver ring for man with ebony by Carlos Tellechea, Arteartesania","isPartOf":{"@id":"https:\/\/www.arteartesania.com\/en\/#website"},"primaryImageOfPage":{"@id":"https:\/\/www.arteartesania.com\/en\/product\/silver-ring-with-ebony\/#primaryimage"},"image":{"@id":"https:\/\/www.arteartesania.com\/en\/product\/silver-ring-with-ebony\/#primaryimage"},"thumbnailUrl":"https:\/\/www.arteartesania.com\/wp-content\/uploads\/2021\/11\/JOY_C_AN_EB_01-scaled.jpg","datePublished":"2021-11-15T10:43:07+00:00","dateModified":"2021-12-07T12:39:14+00:00","description":"Silver ring for man with ebony line by artesan artist Carlos Tellechea made in a small place on the island of Mallorca, S\u00f3ller","breadcrumb":{"@id":"https:\/\/www.arteartesania.com\/en\/product\/silver-ring-with-ebony\/#breadcrumb"},"inLanguage":"en-US","potentialAction":[{"@type":"ReadAction","target":["https:\/\/www.arteartesania.com\/en\/product\/silver-ring-with-ebony\/"]}]},{"@type":"ImageObject","inLanguage":"en-US","@id":"https:\/\/www.arteartesania.com\/en\/product\/silver-ring-with-ebony\/#primaryimage","url":"https:\/\/www.arteartesania.com\/wp-content\/uploads\/2021\/11\/JOY_C_AN_EB_01-scaled.jpg","contentUrl":"https:\/\/www.arteartesania.com\/wp-content\/uploads\/2021\/11\/JOY_C_AN_EB_01-scaled.jpg","width":2560,"height":2560,"caption":"OLYMPUS DIGITAL CAMERA"},{"@type":"BreadcrumbList","@id":"https:\/\/www.arteartesania.com\/en\/product\/silver-ring-with-ebony\/#breadcrumb","itemListElement":[{"@type":"ListItem","position":1,"name":"Portada","item":"https:\/\/www.arteartesania.com\/en\/"},{"@type":"ListItem","position":2,"name":"Shop online","item":"https:\/\/www.arteartesania.com\/en\/shop\/"},{"@type":"ListItem","position":3,"name":"925 Silver ebony ring"}]},{"@type":"WebSite","@id":"https:\/\/www.arteartesania.com\/en\/#website","url":"https:\/\/www.arteartesania.com\/en\/","name":"Arteartesania","description":"Original selecci\u00f3n de Artesan\u00eda Contempor\u00e1nea de Autor","publisher":{"@id":"https:\/\/www.arteartesania.com\/en\/#organization"},"potentialAction":[{"@type":"SearchAction","target":{"@type":"EntryPoint","urlTemplate":"https:\/\/www.arteartesania.com\/en\/?s={search_term_string}"},"query-input":{"@type":"PropertyValueSpecification","valueRequired":true,"valueName":"search_term_string"}}],"inLanguage":"en-US"},{"@type":"Organization","@id":"https:\/\/www.arteartesania.com\/en\/#organization","name":"Arteartesania","url":"https:\/\/www.arteartesania.com\/en\/","logo":{"@type":"ImageObject","inLanguage":"en-US","@id":"https:\/\/www.arteartesania.com\/en\/#\/schema\/logo\/image\/","url":"https:\/\/www.arteartesania.com\/wp-content\/uploads\/2019\/12\/cropped-logofooter.png","contentUrl":"https:\/\/www.arteartesania.com\/wp-content\/uploads\/2019\/12\/cropped-logofooter.png","width":539,"height":58,"caption":"Arteartesania"},"image":{"@id":"https:\/\/www.arteartesania.com\/en\/#\/schema\/logo\/image\/"}}]}},"_links":{"self":[{"href":"https:\/\/www.arteartesania.com\/en\/wp-json\/wp\/v2\/product\/12683"}],"collection":[{"href":"https:\/\/www.arteartesania.com\/en\/wp-json\/wp\/v2\/product"}],"about":[{"href":"https:\/\/www.arteartesania.com\/en\/wp-json\/wp\/v2\/types\/product"}],"replies":[{"embeddable":true,"href":"https:\/\/www.arteartesania.com\/en\/wp-json\/wp\/v2\/comments?post=12683"}],"wp:featuredmedia":[{"embeddable":true,"href":"https:\/\/www.arteartesania.com\/en\/wp-json\/wp\/v2\/media\/12715"}],"wp:attachment":[{"href":"https:\/\/www.arteartesania.com\/en\/wp-json\/wp\/v2\/media?parent=12683"}],"wp:term":[{"taxonomy":"product_cat","embeddable":true,"href":"https:\/\/www.arteartesania.com\/en\/wp-json\/wp\/v2\/product_cat?post=12683"},{"taxonomy":"product_tag","embeddable":true,"href":"https:\/\/www.arteartesania.com\/en\/wp-json\/wp\/v2\/product_tag?post=12683"}],"curies":[{"name":"wp","href":"https:\/\/api.w.org\/{rel}","templated":true}]}}