{"id":12591,"date":"2021-11-08T14:05:17","date_gmt":"2021-11-08T13:20:37","guid":{"rendered":"https:\/\/www.arteartesania.com\/?post_type=product&#038;p=12591"},"modified":"2021-11-09T12:39:12","modified_gmt":"2021-11-09T11:39:12","slug":"oxidized-silver-earrings-with-18-k-gold-and-citrine","status":"publish","type":"product","link":"https:\/\/www.arteartesania.com\/en\/product\/oxidized-silver-earrings-with-18-k-gold-and-citrine\/","title":{"rendered":"Oxidized Silver Earrings with 18 K Gold and Citrine"},"content":{"rendered":"<p><em>Handmade earrings from black silver and citrine<\/em><\/p>\n<p>PIECE: Silver earrings and gold details with citrine<\/p>\n<p>MATERIAL: Oxidized 925 silver, 18K Gold detail and mouth<\/p>\n<p>PRECIOUS STONE: Citrines<\/p>\n<p>AUTHOR: Carlos Tellechea<\/p>\n<p>YEAR: 2019<\/p>\n","protected":false},"excerpt":{"rendered":"<p>PIECE: Silver earrings and gold details with citrine<\/p>\n<p>MATERIAL: Oxidized 925 silver, 18K Gold detail and mouth<\/p>\n<p>PRECIOUS STONE: Citrines<\/p>\n<p>AUTHOR: Carlos Tellechea<\/p>\n<p>YEAR: 2019<\/p>\n","protected":false},"featured_media":12459,"comment_status":"closed","ping_status":"closed","template":"","meta":{"_acf_changed":false,"inline_featured_image":false},"product_cat":[129,128,115,110],"product_tag":[],"class_list":{"0":"post-12591","1":"product","2":"type-product","3":"status-publish","4":"has-post-thumbnail","6":"product_cat-artists","7":"product_cat-carlostellechea","8":"product_cat-earrings","9":"product_cat-jewelry","11":"first","12":"instock","13":"shipping-taxable","14":"purchasable","15":"product-type-simple"},"acf":[],"yoast_head":"<!-- This site is optimized with the Yoast SEO plugin v23.6 - https:\/\/yoast.com\/wordpress\/plugins\/seo\/ -->\n<title>Oxidized Silver Earrings with 18 K Gold and Citrine - Arteartesania<\/title>\n<meta name=\"robots\" content=\"index, follow, max-snippet:-1, max-image-preview:large, max-video-preview:-1\" \/>\n<link rel=\"canonical\" href=\"https:\/\/www.arteartesania.com\/en\/product\/oxidized-silver-earrings-with-18-k-gold-and-citrine\/\" \/>\n<meta property=\"og:locale\" content=\"en_US\" \/>\n<meta property=\"og:type\" content=\"article\" \/>\n<meta property=\"og:title\" content=\"Oxidized Silver Earrings with 18 K Gold and Citrine - Arteartesania\" \/>\n<meta property=\"og:description\" content=\"PIECE: Silver earrings and gold details with citrine  MATERIAL: Oxidized 925 silver, 18K Gold detail and mouth  PRECIOUS STONE: Citrines  AUTHOR: Carlos Tellechea  YEAR: 2019\" \/>\n<meta property=\"og:url\" content=\"https:\/\/www.arteartesania.com\/en\/product\/oxidized-silver-earrings-with-18-k-gold-and-citrine\/\" \/>\n<meta property=\"og:site_name\" content=\"Arteartesania\" \/>\n<meta property=\"article:modified_time\" content=\"2021-11-09T11:39:12+00:00\" \/>\n<meta property=\"og:image\" content=\"https:\/\/www.arteartesania.com\/wp-content\/uploads\/2021\/11\/IMG_6108-scaled.jpeg\" \/>\n\t<meta property=\"og:image:width\" content=\"2560\" \/>\n\t<meta property=\"og:image:height\" content=\"1920\" \/>\n\t<meta property=\"og:image:type\" content=\"image\/jpeg\" \/>\n<meta name=\"twitter:card\" content=\"summary_large_image\" \/>\n<meta name=\"twitter:label1\" content=\"Est. reading time\" \/>\n\t<meta name=\"twitter:data1\" content=\"1 minute\" \/>\n<script type=\"application\/ld+json\" class=\"yoast-schema-graph\">{\"@context\":\"https:\/\/schema.org\",\"@graph\":[{\"@type\":\"WebPage\",\"@id\":\"https:\/\/www.arteartesania.com\/en\/product\/oxidized-silver-earrings-with-18-k-gold-and-citrine\/\",\"url\":\"https:\/\/www.arteartesania.com\/en\/product\/oxidized-silver-earrings-with-18-k-gold-and-citrine\/\",\"name\":\"Oxidized Silver Earrings with 18 K Gold and Citrine - Arteartesania\",\"isPartOf\":{\"@id\":\"https:\/\/www.arteartesania.com\/en\/#website\"},\"primaryImageOfPage\":{\"@id\":\"https:\/\/www.arteartesania.com\/en\/product\/oxidized-silver-earrings-with-18-k-gold-and-citrine\/#primaryimage\"},\"image\":{\"@id\":\"https:\/\/www.arteartesania.com\/en\/product\/oxidized-silver-earrings-with-18-k-gold-and-citrine\/#primaryimage\"},\"thumbnailUrl\":\"https:\/\/www.arteartesania.com\/wp-content\/uploads\/2021\/11\/IMG_6108-scaled.jpeg\",\"datePublished\":\"2021-11-08T13:20:37+00:00\",\"dateModified\":\"2021-11-09T11:39:12+00:00\",\"breadcrumb\":{\"@id\":\"https:\/\/www.arteartesania.com\/en\/product\/oxidized-silver-earrings-with-18-k-gold-and-citrine\/#breadcrumb\"},\"inLanguage\":\"en-US\",\"potentialAction\":[{\"@type\":\"ReadAction\",\"target\":[\"https:\/\/www.arteartesania.com\/en\/product\/oxidized-silver-earrings-with-18-k-gold-and-citrine\/\"]}]},{\"@type\":\"ImageObject\",\"inLanguage\":\"en-US\",\"@id\":\"https:\/\/www.arteartesania.com\/en\/product\/oxidized-silver-earrings-with-18-k-gold-and-citrine\/#primaryimage\",\"url\":\"https:\/\/www.arteartesania.com\/wp-content\/uploads\/2021\/11\/IMG_6108-scaled.jpeg\",\"contentUrl\":\"https:\/\/www.arteartesania.com\/wp-content\/uploads\/2021\/11\/IMG_6108-scaled.jpeg\",\"width\":2560,\"height\":1920,\"caption\":\"Pendientes plata artesanales con citrino\"},{\"@type\":\"BreadcrumbList\",\"@id\":\"https:\/\/www.arteartesania.com\/en\/product\/oxidized-silver-earrings-with-18-k-gold-and-citrine\/#breadcrumb\",\"itemListElement\":[{\"@type\":\"ListItem\",\"position\":1,\"name\":\"Portada\",\"item\":\"https:\/\/www.arteartesania.com\/en\/\"},{\"@type\":\"ListItem\",\"position\":2,\"name\":\"Shop online\",\"item\":\"https:\/\/www.arteartesania.com\/en\/shop\/\"},{\"@type\":\"ListItem\",\"position\":3,\"name\":\"Oxidized Silver Earrings with 18 K Gold and Citrine\"}]},{\"@type\":\"WebSite\",\"@id\":\"https:\/\/www.arteartesania.com\/en\/#website\",\"url\":\"https:\/\/www.arteartesania.com\/en\/\",\"name\":\"Arteartesania\",\"description\":\"Original selecci\u00f3n de Artesan\u00eda Contempor\u00e1nea de Autor\",\"publisher\":{\"@id\":\"https:\/\/www.arteartesania.com\/en\/#organization\"},\"potentialAction\":[{\"@type\":\"SearchAction\",\"target\":{\"@type\":\"EntryPoint\",\"urlTemplate\":\"https:\/\/www.arteartesania.com\/en\/?s={search_term_string}\"},\"query-input\":{\"@type\":\"PropertyValueSpecification\",\"valueRequired\":true,\"valueName\":\"search_term_string\"}}],\"inLanguage\":\"en-US\"},{\"@type\":\"Organization\",\"@id\":\"https:\/\/www.arteartesania.com\/en\/#organization\",\"name\":\"Arteartesania\",\"url\":\"https:\/\/www.arteartesania.com\/en\/\",\"logo\":{\"@type\":\"ImageObject\",\"inLanguage\":\"en-US\",\"@id\":\"https:\/\/www.arteartesania.com\/en\/#\/schema\/logo\/image\/\",\"url\":\"https:\/\/www.arteartesania.com\/wp-content\/uploads\/2019\/12\/cropped-logofooter.png\",\"contentUrl\":\"https:\/\/www.arteartesania.com\/wp-content\/uploads\/2019\/12\/cropped-logofooter.png\",\"width\":539,\"height\":58,\"caption\":\"Arteartesania\"},\"image\":{\"@id\":\"https:\/\/www.arteartesania.com\/en\/#\/schema\/logo\/image\/\"}}]}<\/script>\n<!-- \/ Yoast SEO plugin. -->","yoast_head_json":{"title":"Oxidized Silver Earrings with 18 K Gold and Citrine - Arteartesania","robots":{"index":"index","follow":"follow","max-snippet":"max-snippet:-1","max-image-preview":"max-image-preview:large","max-video-preview":"max-video-preview:-1"},"canonical":"https:\/\/www.arteartesania.com\/en\/product\/oxidized-silver-earrings-with-18-k-gold-and-citrine\/","og_locale":"en_US","og_type":"article","og_title":"Oxidized Silver Earrings with 18 K Gold and Citrine - Arteartesania","og_description":"PIECE: Silver earrings and gold details with citrine  MATERIAL: Oxidized 925 silver, 18K Gold detail and mouth  PRECIOUS STONE: Citrines  AUTHOR: Carlos Tellechea  YEAR: 2019","og_url":"https:\/\/www.arteartesania.com\/en\/product\/oxidized-silver-earrings-with-18-k-gold-and-citrine\/","og_site_name":"Arteartesania","article_modified_time":"2021-11-09T11:39:12+00:00","og_image":[{"width":2560,"height":1920,"url":"https:\/\/www.arteartesania.com\/wp-content\/uploads\/2021\/11\/IMG_6108-scaled.jpeg","type":"image\/jpeg"}],"twitter_card":"summary_large_image","twitter_misc":{"Est. reading time":"1 minute"},"schema":{"@context":"https:\/\/schema.org","@graph":[{"@type":"WebPage","@id":"https:\/\/www.arteartesania.com\/en\/product\/oxidized-silver-earrings-with-18-k-gold-and-citrine\/","url":"https:\/\/www.arteartesania.com\/en\/product\/oxidized-silver-earrings-with-18-k-gold-and-citrine\/","name":"Oxidized Silver Earrings with 18 K Gold and Citrine - Arteartesania","isPartOf":{"@id":"https:\/\/www.arteartesania.com\/en\/#website"},"primaryImageOfPage":{"@id":"https:\/\/www.arteartesania.com\/en\/product\/oxidized-silver-earrings-with-18-k-gold-and-citrine\/#primaryimage"},"image":{"@id":"https:\/\/www.arteartesania.com\/en\/product\/oxidized-silver-earrings-with-18-k-gold-and-citrine\/#primaryimage"},"thumbnailUrl":"https:\/\/www.arteartesania.com\/wp-content\/uploads\/2021\/11\/IMG_6108-scaled.jpeg","datePublished":"2021-11-08T13:20:37+00:00","dateModified":"2021-11-09T11:39:12+00:00","breadcrumb":{"@id":"https:\/\/www.arteartesania.com\/en\/product\/oxidized-silver-earrings-with-18-k-gold-and-citrine\/#breadcrumb"},"inLanguage":"en-US","potentialAction":[{"@type":"ReadAction","target":["https:\/\/www.arteartesania.com\/en\/product\/oxidized-silver-earrings-with-18-k-gold-and-citrine\/"]}]},{"@type":"ImageObject","inLanguage":"en-US","@id":"https:\/\/www.arteartesania.com\/en\/product\/oxidized-silver-earrings-with-18-k-gold-and-citrine\/#primaryimage","url":"https:\/\/www.arteartesania.com\/wp-content\/uploads\/2021\/11\/IMG_6108-scaled.jpeg","contentUrl":"https:\/\/www.arteartesania.com\/wp-content\/uploads\/2021\/11\/IMG_6108-scaled.jpeg","width":2560,"height":1920,"caption":"Pendientes plata artesanales con citrino"},{"@type":"BreadcrumbList","@id":"https:\/\/www.arteartesania.com\/en\/product\/oxidized-silver-earrings-with-18-k-gold-and-citrine\/#breadcrumb","itemListElement":[{"@type":"ListItem","position":1,"name":"Portada","item":"https:\/\/www.arteartesania.com\/en\/"},{"@type":"ListItem","position":2,"name":"Shop online","item":"https:\/\/www.arteartesania.com\/en\/shop\/"},{"@type":"ListItem","position":3,"name":"Oxidized Silver Earrings with 18 K Gold and Citrine"}]},{"@type":"WebSite","@id":"https:\/\/www.arteartesania.com\/en\/#website","url":"https:\/\/www.arteartesania.com\/en\/","name":"Arteartesania","description":"Original selecci\u00f3n de Artesan\u00eda Contempor\u00e1nea de Autor","publisher":{"@id":"https:\/\/www.arteartesania.com\/en\/#organization"},"potentialAction":[{"@type":"SearchAction","target":{"@type":"EntryPoint","urlTemplate":"https:\/\/www.arteartesania.com\/en\/?s={search_term_string}"},"query-input":{"@type":"PropertyValueSpecification","valueRequired":true,"valueName":"search_term_string"}}],"inLanguage":"en-US"},{"@type":"Organization","@id":"https:\/\/www.arteartesania.com\/en\/#organization","name":"Arteartesania","url":"https:\/\/www.arteartesania.com\/en\/","logo":{"@type":"ImageObject","inLanguage":"en-US","@id":"https:\/\/www.arteartesania.com\/en\/#\/schema\/logo\/image\/","url":"https:\/\/www.arteartesania.com\/wp-content\/uploads\/2019\/12\/cropped-logofooter.png","contentUrl":"https:\/\/www.arteartesania.com\/wp-content\/uploads\/2019\/12\/cropped-logofooter.png","width":539,"height":58,"caption":"Arteartesania"},"image":{"@id":"https:\/\/www.arteartesania.com\/en\/#\/schema\/logo\/image\/"}}]}},"_links":{"self":[{"href":"https:\/\/www.arteartesania.com\/en\/wp-json\/wp\/v2\/product\/12591"}],"collection":[{"href":"https:\/\/www.arteartesania.com\/en\/wp-json\/wp\/v2\/product"}],"about":[{"href":"https:\/\/www.arteartesania.com\/en\/wp-json\/wp\/v2\/types\/product"}],"replies":[{"embeddable":true,"href":"https:\/\/www.arteartesania.com\/en\/wp-json\/wp\/v2\/comments?post=12591"}],"wp:featuredmedia":[{"embeddable":true,"href":"https:\/\/www.arteartesania.com\/en\/wp-json\/wp\/v2\/media\/12459"}],"wp:attachment":[{"href":"https:\/\/www.arteartesania.com\/en\/wp-json\/wp\/v2\/media?parent=12591"}],"wp:term":[{"taxonomy":"product_cat","embeddable":true,"href":"https:\/\/www.arteartesania.com\/en\/wp-json\/wp\/v2\/product_cat?post=12591"},{"taxonomy":"product_tag","embeddable":true,"href":"https:\/\/www.arteartesania.com\/en\/wp-json\/wp\/v2\/product_tag?post=12591"}],"curies":[{"name":"wp","href":"https:\/\/api.w.org\/{rel}","templated":true}]}}