{"id":11856,"date":"2021-10-11T13:12:10","date_gmt":"2021-10-11T11:27:01","guid":{"rendered":"https:\/\/www.arteartesania.com\/?post_type=product&#038;p=11856"},"modified":"2021-12-07T14:00:00","modified_gmt":"2021-12-07T13:00:00","slug":"triangular-ring-in-925-silver-with-18-kt-gold-ball-and-moonstone-or-garnet","status":"publish","type":"product","link":"https:\/\/www.arteartesania.com\/en\/product\/triangular-ring-in-925-silver-with-18-kt-gold-ball-and-moonstone-or-garnet\/","title":{"rendered":"Triangular Ring in 925 Silver with 18 KT Gold ball and Moonstone or Garnet"},"content":{"rendered":"<div class=\"woocommerce-product-details__short-description\">\n<p>PIECE: Triangular Ring with Gold Ball<\/p>\n<p>MATERIAL: 925 Silver, 18k Gold tip<\/p>\n<p>PRECIOUS STONE: Garnet \/ Moonstone<\/p>\n<p><em><strong>AVAILABLE SIZES:<\/strong><\/em> <em>Garnet &#8211; Size 11(USA 5 1\/2), Moonstone &#8211; Size 15 (USA 7)<\/em><\/p>\n<p>AUTHOR: Carlos Tellechea<\/p>\n<p>YEAR: 2021<\/p>\n<\/div>\n<p>A specific size can be reserved.<\/p>\n","protected":false},"excerpt":{"rendered":"<p>PIECE: Triangular Ring with Gold Ball<\/p>\n<p>MATERIAL: 925 Silver, 18k Gold tip<\/p>\n<p>PRECIOUS STONE: Garnet \/ Moonstone<\/p>\n<p><em><strong>AVAILABLE SIZES:<\/strong><\/em> <em>Garnet &#8211; Size 11(USA 5 1\/2), Moonstone &#8211; Size 15 (USA 7)<\/em><\/p>\n<p>AUTHOR: Carlos Tellechea<\/p>\n<p>YEAR: 2021<\/p>\n<p>Se puede reservar una talla determinada.<\/p>\n","protected":false},"featured_media":11870,"comment_status":"closed","ping_status":"closed","template":"","meta":{"_acf_changed":false,"inline_featured_image":false},"product_cat":[129,128,110,111],"product_tag":[450,340,341],"class_list":{"0":"post-11856","1":"product","2":"type-product","3":"status-publish","4":"has-post-thumbnail","6":"product_cat-artists","7":"product_cat-carlostellechea","8":"product_cat-jewelry","9":"product_cat-rings","10":"product_tag-arteartesania-2-en","11":"product_tag-mallorca-en","12":"product_tag-soller-en","14":"first","15":"outofstock","16":"shipping-taxable","17":"product-type-variable"},"acf":[],"yoast_head":"<!-- This site is optimized with the Yoast SEO plugin v23.6 - https:\/\/yoast.com\/wordpress\/plugins\/seo\/ -->\n<title>Silver ring with precious stone | Ring with garnet o moonstone<\/title>\n<meta name=\"description\" content=\"Silver ring with precious stone set in 18K Gold with garnet or moonstone by artesan artist Carlos Tellechea, Soller, Mallorca\" \/>\n<meta name=\"robots\" content=\"index, follow, max-snippet:-1, max-image-preview:large, max-video-preview:-1\" \/>\n<link rel=\"canonical\" href=\"https:\/\/www.arteartesania.com\/en\/product\/triangular-ring-in-925-silver-with-18-kt-gold-ball-and-moonstone-or-garnet\/\" \/>\n<meta property=\"og:locale\" content=\"en_US\" \/>\n<meta property=\"og:type\" content=\"article\" \/>\n<meta property=\"og:title\" content=\"Silver ring with precious stone | Ring with garnet o moonstone\" \/>\n<meta property=\"og:description\" content=\"Silver ring with precious stone set in 18K Gold with garnet or moonstone by artesan artist Carlos Tellechea, Soller, Mallorca\" \/>\n<meta property=\"og:url\" content=\"https:\/\/www.arteartesania.com\/en\/product\/triangular-ring-in-925-silver-with-18-kt-gold-ball-and-moonstone-or-garnet\/\" \/>\n<meta property=\"og:site_name\" content=\"Arteartesania\" \/>\n<meta property=\"article:modified_time\" content=\"2021-12-07T13:00:00+00:00\" \/>\n<meta property=\"og:image\" content=\"https:\/\/www.arteartesania.com\/wp-content\/uploads\/2021\/10\/PhotoRoom_20211011_133750.jpg\" \/>\n\t<meta property=\"og:image:width\" content=\"1800\" \/>\n\t<meta property=\"og:image:height\" content=\"1612\" \/>\n\t<meta property=\"og:image:type\" content=\"image\/jpeg\" \/>\n<meta name=\"twitter:card\" content=\"summary_large_image\" \/>\n<meta name=\"twitter:label1\" content=\"Est. reading time\" \/>\n\t<meta name=\"twitter:data1\" content=\"1 minute\" \/>\n<script type=\"application\/ld+json\" class=\"yoast-schema-graph\">{\"@context\":\"https:\/\/schema.org\",\"@graph\":[{\"@type\":\"WebPage\",\"@id\":\"https:\/\/www.arteartesania.com\/en\/product\/triangular-ring-in-925-silver-with-18-kt-gold-ball-and-moonstone-or-garnet\/\",\"url\":\"https:\/\/www.arteartesania.com\/en\/product\/triangular-ring-in-925-silver-with-18-kt-gold-ball-and-moonstone-or-garnet\/\",\"name\":\"Silver ring with precious stone | Ring with garnet o moonstone\",\"isPartOf\":{\"@id\":\"https:\/\/www.arteartesania.com\/en\/#website\"},\"primaryImageOfPage\":{\"@id\":\"https:\/\/www.arteartesania.com\/en\/product\/triangular-ring-in-925-silver-with-18-kt-gold-ball-and-moonstone-or-garnet\/#primaryimage\"},\"image\":{\"@id\":\"https:\/\/www.arteartesania.com\/en\/product\/triangular-ring-in-925-silver-with-18-kt-gold-ball-and-moonstone-or-garnet\/#primaryimage\"},\"thumbnailUrl\":\"https:\/\/www.arteartesania.com\/wp-content\/uploads\/2021\/10\/PhotoRoom_20211011_133750.jpg\",\"datePublished\":\"2021-10-11T11:27:01+00:00\",\"dateModified\":\"2021-12-07T13:00:00+00:00\",\"description\":\"Silver ring with precious stone set in 18K Gold with garnet or moonstone by artesan artist Carlos Tellechea, Soller, Mallorca\",\"breadcrumb\":{\"@id\":\"https:\/\/www.arteartesania.com\/en\/product\/triangular-ring-in-925-silver-with-18-kt-gold-ball-and-moonstone-or-garnet\/#breadcrumb\"},\"inLanguage\":\"en-US\",\"potentialAction\":[{\"@type\":\"ReadAction\",\"target\":[\"https:\/\/www.arteartesania.com\/en\/product\/triangular-ring-in-925-silver-with-18-kt-gold-ball-and-moonstone-or-garnet\/\"]}]},{\"@type\":\"ImageObject\",\"inLanguage\":\"en-US\",\"@id\":\"https:\/\/www.arteartesania.com\/en\/product\/triangular-ring-in-925-silver-with-18-kt-gold-ball-and-moonstone-or-garnet\/#primaryimage\",\"url\":\"https:\/\/www.arteartesania.com\/wp-content\/uploads\/2021\/10\/PhotoRoom_20211011_133750.jpg\",\"contentUrl\":\"https:\/\/www.arteartesania.com\/wp-content\/uploads\/2021\/10\/PhotoRoom_20211011_133750.jpg\",\"width\":1800,\"height\":1612,\"caption\":\"Anillos artesanales de plata y piedras, Joyas de autor, joyer\u00eda artesanal, joyer\u00eda de plata, joyer\u00eda de oro, anillos triangulares, anillos piedra luna, anillos plata artesanales, joyas artesanales espa\u00f1a, carlos tellechea\"},{\"@type\":\"BreadcrumbList\",\"@id\":\"https:\/\/www.arteartesania.com\/en\/product\/triangular-ring-in-925-silver-with-18-kt-gold-ball-and-moonstone-or-garnet\/#breadcrumb\",\"itemListElement\":[{\"@type\":\"ListItem\",\"position\":1,\"name\":\"Portada\",\"item\":\"https:\/\/www.arteartesania.com\/en\/\"},{\"@type\":\"ListItem\",\"position\":2,\"name\":\"Shop online\",\"item\":\"https:\/\/www.arteartesania.com\/en\/shop\/\"},{\"@type\":\"ListItem\",\"position\":3,\"name\":\"Triangular Ring in 925 Silver with 18 KT Gold ball and Moonstone or Garnet\"}]},{\"@type\":\"WebSite\",\"@id\":\"https:\/\/www.arteartesania.com\/en\/#website\",\"url\":\"https:\/\/www.arteartesania.com\/en\/\",\"name\":\"Arteartesania\",\"description\":\"Original selecci\u00f3n de Artesan\u00eda Contempor\u00e1nea de Autor\",\"publisher\":{\"@id\":\"https:\/\/www.arteartesania.com\/en\/#organization\"},\"potentialAction\":[{\"@type\":\"SearchAction\",\"target\":{\"@type\":\"EntryPoint\",\"urlTemplate\":\"https:\/\/www.arteartesania.com\/en\/?s={search_term_string}\"},\"query-input\":{\"@type\":\"PropertyValueSpecification\",\"valueRequired\":true,\"valueName\":\"search_term_string\"}}],\"inLanguage\":\"en-US\"},{\"@type\":\"Organization\",\"@id\":\"https:\/\/www.arteartesania.com\/en\/#organization\",\"name\":\"Arteartesania\",\"url\":\"https:\/\/www.arteartesania.com\/en\/\",\"logo\":{\"@type\":\"ImageObject\",\"inLanguage\":\"en-US\",\"@id\":\"https:\/\/www.arteartesania.com\/en\/#\/schema\/logo\/image\/\",\"url\":\"https:\/\/www.arteartesania.com\/wp-content\/uploads\/2019\/12\/cropped-logofooter.png\",\"contentUrl\":\"https:\/\/www.arteartesania.com\/wp-content\/uploads\/2019\/12\/cropped-logofooter.png\",\"width\":539,\"height\":58,\"caption\":\"Arteartesania\"},\"image\":{\"@id\":\"https:\/\/www.arteartesania.com\/en\/#\/schema\/logo\/image\/\"}}]}<\/script>\n<!-- \/ Yoast SEO plugin. -->","yoast_head_json":{"title":"Silver ring with precious stone | Ring with garnet o moonstone","description":"Silver ring with precious stone set in 18K Gold with garnet or moonstone by artesan artist Carlos Tellechea, Soller, Mallorca","robots":{"index":"index","follow":"follow","max-snippet":"max-snippet:-1","max-image-preview":"max-image-preview:large","max-video-preview":"max-video-preview:-1"},"canonical":"https:\/\/www.arteartesania.com\/en\/product\/triangular-ring-in-925-silver-with-18-kt-gold-ball-and-moonstone-or-garnet\/","og_locale":"en_US","og_type":"article","og_title":"Silver ring with precious stone | Ring with garnet o moonstone","og_description":"Silver ring with precious stone set in 18K Gold with garnet or moonstone by artesan artist Carlos Tellechea, Soller, Mallorca","og_url":"https:\/\/www.arteartesania.com\/en\/product\/triangular-ring-in-925-silver-with-18-kt-gold-ball-and-moonstone-or-garnet\/","og_site_name":"Arteartesania","article_modified_time":"2021-12-07T13:00:00+00:00","og_image":[{"width":1800,"height":1612,"url":"https:\/\/www.arteartesania.com\/wp-content\/uploads\/2021\/10\/PhotoRoom_20211011_133750.jpg","type":"image\/jpeg"}],"twitter_card":"summary_large_image","twitter_misc":{"Est. reading time":"1 minute"},"schema":{"@context":"https:\/\/schema.org","@graph":[{"@type":"WebPage","@id":"https:\/\/www.arteartesania.com\/en\/product\/triangular-ring-in-925-silver-with-18-kt-gold-ball-and-moonstone-or-garnet\/","url":"https:\/\/www.arteartesania.com\/en\/product\/triangular-ring-in-925-silver-with-18-kt-gold-ball-and-moonstone-or-garnet\/","name":"Silver ring with precious stone | Ring with garnet o moonstone","isPartOf":{"@id":"https:\/\/www.arteartesania.com\/en\/#website"},"primaryImageOfPage":{"@id":"https:\/\/www.arteartesania.com\/en\/product\/triangular-ring-in-925-silver-with-18-kt-gold-ball-and-moonstone-or-garnet\/#primaryimage"},"image":{"@id":"https:\/\/www.arteartesania.com\/en\/product\/triangular-ring-in-925-silver-with-18-kt-gold-ball-and-moonstone-or-garnet\/#primaryimage"},"thumbnailUrl":"https:\/\/www.arteartesania.com\/wp-content\/uploads\/2021\/10\/PhotoRoom_20211011_133750.jpg","datePublished":"2021-10-11T11:27:01+00:00","dateModified":"2021-12-07T13:00:00+00:00","description":"Silver ring with precious stone set in 18K Gold with garnet or moonstone by artesan artist Carlos Tellechea, Soller, Mallorca","breadcrumb":{"@id":"https:\/\/www.arteartesania.com\/en\/product\/triangular-ring-in-925-silver-with-18-kt-gold-ball-and-moonstone-or-garnet\/#breadcrumb"},"inLanguage":"en-US","potentialAction":[{"@type":"ReadAction","target":["https:\/\/www.arteartesania.com\/en\/product\/triangular-ring-in-925-silver-with-18-kt-gold-ball-and-moonstone-or-garnet\/"]}]},{"@type":"ImageObject","inLanguage":"en-US","@id":"https:\/\/www.arteartesania.com\/en\/product\/triangular-ring-in-925-silver-with-18-kt-gold-ball-and-moonstone-or-garnet\/#primaryimage","url":"https:\/\/www.arteartesania.com\/wp-content\/uploads\/2021\/10\/PhotoRoom_20211011_133750.jpg","contentUrl":"https:\/\/www.arteartesania.com\/wp-content\/uploads\/2021\/10\/PhotoRoom_20211011_133750.jpg","width":1800,"height":1612,"caption":"Anillos artesanales de plata y piedras, Joyas de autor, joyer\u00eda artesanal, joyer\u00eda de plata, joyer\u00eda de oro, anillos triangulares, anillos piedra luna, anillos plata artesanales, joyas artesanales espa\u00f1a, carlos tellechea"},{"@type":"BreadcrumbList","@id":"https:\/\/www.arteartesania.com\/en\/product\/triangular-ring-in-925-silver-with-18-kt-gold-ball-and-moonstone-or-garnet\/#breadcrumb","itemListElement":[{"@type":"ListItem","position":1,"name":"Portada","item":"https:\/\/www.arteartesania.com\/en\/"},{"@type":"ListItem","position":2,"name":"Shop online","item":"https:\/\/www.arteartesania.com\/en\/shop\/"},{"@type":"ListItem","position":3,"name":"Triangular Ring in 925 Silver with 18 KT Gold ball and Moonstone or Garnet"}]},{"@type":"WebSite","@id":"https:\/\/www.arteartesania.com\/en\/#website","url":"https:\/\/www.arteartesania.com\/en\/","name":"Arteartesania","description":"Original selecci\u00f3n de Artesan\u00eda Contempor\u00e1nea de Autor","publisher":{"@id":"https:\/\/www.arteartesania.com\/en\/#organization"},"potentialAction":[{"@type":"SearchAction","target":{"@type":"EntryPoint","urlTemplate":"https:\/\/www.arteartesania.com\/en\/?s={search_term_string}"},"query-input":{"@type":"PropertyValueSpecification","valueRequired":true,"valueName":"search_term_string"}}],"inLanguage":"en-US"},{"@type":"Organization","@id":"https:\/\/www.arteartesania.com\/en\/#organization","name":"Arteartesania","url":"https:\/\/www.arteartesania.com\/en\/","logo":{"@type":"ImageObject","inLanguage":"en-US","@id":"https:\/\/www.arteartesania.com\/en\/#\/schema\/logo\/image\/","url":"https:\/\/www.arteartesania.com\/wp-content\/uploads\/2019\/12\/cropped-logofooter.png","contentUrl":"https:\/\/www.arteartesania.com\/wp-content\/uploads\/2019\/12\/cropped-logofooter.png","width":539,"height":58,"caption":"Arteartesania"},"image":{"@id":"https:\/\/www.arteartesania.com\/en\/#\/schema\/logo\/image\/"}}]}},"_links":{"self":[{"href":"https:\/\/www.arteartesania.com\/en\/wp-json\/wp\/v2\/product\/11856"}],"collection":[{"href":"https:\/\/www.arteartesania.com\/en\/wp-json\/wp\/v2\/product"}],"about":[{"href":"https:\/\/www.arteartesania.com\/en\/wp-json\/wp\/v2\/types\/product"}],"replies":[{"embeddable":true,"href":"https:\/\/www.arteartesania.com\/en\/wp-json\/wp\/v2\/comments?post=11856"}],"wp:featuredmedia":[{"embeddable":true,"href":"https:\/\/www.arteartesania.com\/en\/wp-json\/wp\/v2\/media\/11870"}],"wp:attachment":[{"href":"https:\/\/www.arteartesania.com\/en\/wp-json\/wp\/v2\/media?parent=11856"}],"wp:term":[{"taxonomy":"product_cat","embeddable":true,"href":"https:\/\/www.arteartesania.com\/en\/wp-json\/wp\/v2\/product_cat?post=11856"},{"taxonomy":"product_tag","embeddable":true,"href":"https:\/\/www.arteartesania.com\/en\/wp-json\/wp\/v2\/product_tag?post=11856"}],"curies":[{"name":"wp","href":"https:\/\/api.w.org\/{rel}","templated":true}]}}