{"id":11470,"date":"2021-09-22T16:31:24","date_gmt":"2021-10-01T16:35:57","guid":{"rendered":"https:\/\/www.arteartesania.com\/?post_type=product&#038;p=11470"},"modified":"2021-10-01T18:35:59","modified_gmt":"2021-10-01T16:35:59","slug":"series-tray-of-love-in-patinated-bronze-with-925-silver-figures","status":"publish","type":"product","link":"https:\/\/www.arteartesania.com\/en\/product\/series-tray-of-love-in-patinated-bronze-with-925-silver-figures\/","title":{"rendered":"Series: &#8220;Tray of love&#8221; in patinated bronze with 925 silver figures"},"content":{"rendered":"<p>Series: &#8220;Tray of love&#8221;<\/p>\n<p>Material: Bronze, Patina (copper oxide) \/ Figures of 925 Silver<\/p>\n<p><strong>MEASURES:<\/strong><\/p>\n<p><em>Small tray 1 woman figure:<\/em> Total length approx. 23 cm, width 8 cm<\/p>\n<p><em>Small tray 2 figures<\/em>: Total length approx. 26 cm, width 9.5 cm<\/p>\n<p><em>Medium tray:<\/em> Total length approx. 29 cm, width 10 cm<\/p>\n<p><em>Large tray:<\/em> Total length approx. 39 cm, width 9 cm<\/p>\n<p>Author: Carlos Tellechea<\/p>\n<p>Year: 2021<\/p>\n","protected":false},"excerpt":{"rendered":"<p>Series: &#8220;Tray of love&#8221;<\/p>\n<p>Material: Bronze, Patina (copper oxide) \/ Figures of 925 Silver<\/p>\n<p><strong>MEASURES:<\/strong><\/p>\n<p><em>Small tray 1 woman figure:<\/em> Total length approx. 23 cm, width 8 cm<\/p>\n<p><em>Small tray 2 figures<\/em>: Total length approx. 26 cm, width 9.5 cm<\/p>\n<p><em>Medium tray:<\/em> Total length approx. 29 cm, width 10 cm<\/p>\n<p><em>Large tray:<\/em> Total length approx. 39 cm, width 9 cm<\/p>\n<p>Author: Carlos Tellechea<\/p>\n<p>Year: 2021<\/p>\n","protected":false},"featured_media":11462,"comment_status":"closed","ping_status":"closed","template":"","meta":{"_acf_changed":false,"inline_featured_image":false},"product_cat":[108,129,128,109,598],"product_tag":[450,340,341],"class_list":{"0":"post-11470","1":"product","2":"type-product","3":"status-publish","4":"has-post-thumbnail","6":"product_cat-art","7":"product_cat-artists","8":"product_cat-carlostellechea","9":"product_cat-objects","10":"product_cat-patina-en","11":"product_tag-arteartesania-2-en","12":"product_tag-mallorca-en","13":"product_tag-soller-en","15":"first","16":"instock","17":"shipping-taxable","18":"purchasable","19":"product-type-variable"},"acf":[],"yoast_head":"<!-- This site is optimized with the Yoast SEO plugin v23.6 - https:\/\/yoast.com\/wordpress\/plugins\/seo\/ -->\n<title>Series: &quot;Tray of love&quot; in patinated bronze with 925 silver figures - Arteartesania<\/title>\n<meta name=\"robots\" content=\"index, follow, max-snippet:-1, max-image-preview:large, max-video-preview:-1\" \/>\n<link rel=\"canonical\" href=\"https:\/\/www.arteartesania.com\/en\/product\/series-tray-of-love-in-patinated-bronze-with-925-silver-figures\/\" \/>\n<meta property=\"og:locale\" content=\"en_US\" \/>\n<meta property=\"og:type\" content=\"article\" \/>\n<meta property=\"og:title\" content=\"Series: &quot;Tray of love&quot; in patinated bronze with 925 silver figures - Arteartesania\" \/>\n<meta property=\"og:description\" content=\"Series: &quot;Tray of love&quot;  Material: Bronze, Patina (copper oxide) \/ Figures of 925 Silver  MEASURES:  Small tray 1 woman figure: Total length approx. 23 cm, width 8 cm  Small tray 2 figures: Total length approx. 26 cm, width 9.5 cm  Medium tray: Total length approx. 29 cm, width 10 cm  Large tray: Total length approx. 39 cm, width 9 cm  Author: Carlos Tellechea  Year: 2021\" \/>\n<meta property=\"og:url\" content=\"https:\/\/www.arteartesania.com\/en\/product\/series-tray-of-love-in-patinated-bronze-with-925-silver-figures\/\" \/>\n<meta property=\"og:site_name\" content=\"Arteartesania\" \/>\n<meta property=\"article:modified_time\" content=\"2021-10-01T16:35:59+00:00\" \/>\n<meta property=\"og:image\" content=\"https:\/\/www.arteartesania.com\/wp-content\/uploads\/2021\/09\/IMG_6155-scaled.jpg\" \/>\n\t<meta property=\"og:image:width\" content=\"1920\" \/>\n\t<meta property=\"og:image:height\" content=\"2560\" \/>\n\t<meta property=\"og:image:type\" content=\"image\/jpeg\" \/>\n<meta name=\"twitter:card\" content=\"summary_large_image\" \/>\n<meta name=\"twitter:label1\" content=\"Est. reading time\" \/>\n\t<meta name=\"twitter:data1\" content=\"1 minute\" \/>\n<script type=\"application\/ld+json\" class=\"yoast-schema-graph\">{\"@context\":\"https:\/\/schema.org\",\"@graph\":[{\"@type\":\"WebPage\",\"@id\":\"https:\/\/www.arteartesania.com\/en\/product\/series-tray-of-love-in-patinated-bronze-with-925-silver-figures\/\",\"url\":\"https:\/\/www.arteartesania.com\/en\/product\/series-tray-of-love-in-patinated-bronze-with-925-silver-figures\/\",\"name\":\"Series: \\\"Tray of love\\\" in patinated bronze with 925 silver figures - Arteartesania\",\"isPartOf\":{\"@id\":\"https:\/\/www.arteartesania.com\/en\/#website\"},\"primaryImageOfPage\":{\"@id\":\"https:\/\/www.arteartesania.com\/en\/product\/series-tray-of-love-in-patinated-bronze-with-925-silver-figures\/#primaryimage\"},\"image\":{\"@id\":\"https:\/\/www.arteartesania.com\/en\/product\/series-tray-of-love-in-patinated-bronze-with-925-silver-figures\/#primaryimage\"},\"thumbnailUrl\":\"https:\/\/www.arteartesania.com\/wp-content\/uploads\/2021\/09\/IMG_6155-scaled.jpg\",\"datePublished\":\"2021-10-01T16:35:57+00:00\",\"dateModified\":\"2021-10-01T16:35:59+00:00\",\"breadcrumb\":{\"@id\":\"https:\/\/www.arteartesania.com\/en\/product\/series-tray-of-love-in-patinated-bronze-with-925-silver-figures\/#breadcrumb\"},\"inLanguage\":\"en-US\",\"potentialAction\":[{\"@type\":\"ReadAction\",\"target\":[\"https:\/\/www.arteartesania.com\/en\/product\/series-tray-of-love-in-patinated-bronze-with-925-silver-figures\/\"]}]},{\"@type\":\"ImageObject\",\"inLanguage\":\"en-US\",\"@id\":\"https:\/\/www.arteartesania.com\/en\/product\/series-tray-of-love-in-patinated-bronze-with-925-silver-figures\/#primaryimage\",\"url\":\"https:\/\/www.arteartesania.com\/wp-content\/uploads\/2021\/09\/IMG_6155-scaled.jpg\",\"contentUrl\":\"https:\/\/www.arteartesania.com\/wp-content\/uploads\/2021\/09\/IMG_6155-scaled.jpg\",\"width\":1920,\"height\":2560,\"caption\":\"Bandeja de plata de ley, carlos tellechea, decoraci\u00f3n hogar turquesa, figura mujer plata, figura hombre plata, dise\u00f1o contempor\u00e1neo, arte y artesan\u00eda, Bandeja artesanal para decoraci\u00f3n\"},{\"@type\":\"BreadcrumbList\",\"@id\":\"https:\/\/www.arteartesania.com\/en\/product\/series-tray-of-love-in-patinated-bronze-with-925-silver-figures\/#breadcrumb\",\"itemListElement\":[{\"@type\":\"ListItem\",\"position\":1,\"name\":\"Portada\",\"item\":\"https:\/\/www.arteartesania.com\/en\/\"},{\"@type\":\"ListItem\",\"position\":2,\"name\":\"Shop online\",\"item\":\"https:\/\/www.arteartesania.com\/en\/shop\/\"},{\"@type\":\"ListItem\",\"position\":3,\"name\":\"Series: \u00abTray of love\u00bb in patinated bronze with 925 silver figures\"}]},{\"@type\":\"WebSite\",\"@id\":\"https:\/\/www.arteartesania.com\/en\/#website\",\"url\":\"https:\/\/www.arteartesania.com\/en\/\",\"name\":\"Arteartesania\",\"description\":\"Original selecci\u00f3n de Artesan\u00eda Contempor\u00e1nea de Autor\",\"publisher\":{\"@id\":\"https:\/\/www.arteartesania.com\/en\/#organization\"},\"potentialAction\":[{\"@type\":\"SearchAction\",\"target\":{\"@type\":\"EntryPoint\",\"urlTemplate\":\"https:\/\/www.arteartesania.com\/en\/?s={search_term_string}\"},\"query-input\":{\"@type\":\"PropertyValueSpecification\",\"valueRequired\":true,\"valueName\":\"search_term_string\"}}],\"inLanguage\":\"en-US\"},{\"@type\":\"Organization\",\"@id\":\"https:\/\/www.arteartesania.com\/en\/#organization\",\"name\":\"Arteartesania\",\"url\":\"https:\/\/www.arteartesania.com\/en\/\",\"logo\":{\"@type\":\"ImageObject\",\"inLanguage\":\"en-US\",\"@id\":\"https:\/\/www.arteartesania.com\/en\/#\/schema\/logo\/image\/\",\"url\":\"https:\/\/www.arteartesania.com\/wp-content\/uploads\/2019\/12\/cropped-logofooter.png\",\"contentUrl\":\"https:\/\/www.arteartesania.com\/wp-content\/uploads\/2019\/12\/cropped-logofooter.png\",\"width\":539,\"height\":58,\"caption\":\"Arteartesania\"},\"image\":{\"@id\":\"https:\/\/www.arteartesania.com\/en\/#\/schema\/logo\/image\/\"}}]}<\/script>\n<!-- \/ Yoast SEO plugin. -->","yoast_head_json":{"title":"Series: \"Tray of love\" in patinated bronze with 925 silver figures - Arteartesania","robots":{"index":"index","follow":"follow","max-snippet":"max-snippet:-1","max-image-preview":"max-image-preview:large","max-video-preview":"max-video-preview:-1"},"canonical":"https:\/\/www.arteartesania.com\/en\/product\/series-tray-of-love-in-patinated-bronze-with-925-silver-figures\/","og_locale":"en_US","og_type":"article","og_title":"Series: \"Tray of love\" in patinated bronze with 925 silver figures - Arteartesania","og_description":"Series: \"Tray of love\"  Material: Bronze, Patina (copper oxide) \/ Figures of 925 Silver  MEASURES:  Small tray 1 woman figure: Total length approx. 23 cm, width 8 cm  Small tray 2 figures: Total length approx. 26 cm, width 9.5 cm  Medium tray: Total length approx. 29 cm, width 10 cm  Large tray: Total length approx. 39 cm, width 9 cm  Author: Carlos Tellechea  Year: 2021","og_url":"https:\/\/www.arteartesania.com\/en\/product\/series-tray-of-love-in-patinated-bronze-with-925-silver-figures\/","og_site_name":"Arteartesania","article_modified_time":"2021-10-01T16:35:59+00:00","og_image":[{"width":1920,"height":2560,"url":"https:\/\/www.arteartesania.com\/wp-content\/uploads\/2021\/09\/IMG_6155-scaled.jpg","type":"image\/jpeg"}],"twitter_card":"summary_large_image","twitter_misc":{"Est. reading time":"1 minute"},"schema":{"@context":"https:\/\/schema.org","@graph":[{"@type":"WebPage","@id":"https:\/\/www.arteartesania.com\/en\/product\/series-tray-of-love-in-patinated-bronze-with-925-silver-figures\/","url":"https:\/\/www.arteartesania.com\/en\/product\/series-tray-of-love-in-patinated-bronze-with-925-silver-figures\/","name":"Series: \"Tray of love\" in patinated bronze with 925 silver figures - Arteartesania","isPartOf":{"@id":"https:\/\/www.arteartesania.com\/en\/#website"},"primaryImageOfPage":{"@id":"https:\/\/www.arteartesania.com\/en\/product\/series-tray-of-love-in-patinated-bronze-with-925-silver-figures\/#primaryimage"},"image":{"@id":"https:\/\/www.arteartesania.com\/en\/product\/series-tray-of-love-in-patinated-bronze-with-925-silver-figures\/#primaryimage"},"thumbnailUrl":"https:\/\/www.arteartesania.com\/wp-content\/uploads\/2021\/09\/IMG_6155-scaled.jpg","datePublished":"2021-10-01T16:35:57+00:00","dateModified":"2021-10-01T16:35:59+00:00","breadcrumb":{"@id":"https:\/\/www.arteartesania.com\/en\/product\/series-tray-of-love-in-patinated-bronze-with-925-silver-figures\/#breadcrumb"},"inLanguage":"en-US","potentialAction":[{"@type":"ReadAction","target":["https:\/\/www.arteartesania.com\/en\/product\/series-tray-of-love-in-patinated-bronze-with-925-silver-figures\/"]}]},{"@type":"ImageObject","inLanguage":"en-US","@id":"https:\/\/www.arteartesania.com\/en\/product\/series-tray-of-love-in-patinated-bronze-with-925-silver-figures\/#primaryimage","url":"https:\/\/www.arteartesania.com\/wp-content\/uploads\/2021\/09\/IMG_6155-scaled.jpg","contentUrl":"https:\/\/www.arteartesania.com\/wp-content\/uploads\/2021\/09\/IMG_6155-scaled.jpg","width":1920,"height":2560,"caption":"Bandeja de plata de ley, carlos tellechea, decoraci\u00f3n hogar turquesa, figura mujer plata, figura hombre plata, dise\u00f1o contempor\u00e1neo, arte y artesan\u00eda, Bandeja artesanal para decoraci\u00f3n"},{"@type":"BreadcrumbList","@id":"https:\/\/www.arteartesania.com\/en\/product\/series-tray-of-love-in-patinated-bronze-with-925-silver-figures\/#breadcrumb","itemListElement":[{"@type":"ListItem","position":1,"name":"Portada","item":"https:\/\/www.arteartesania.com\/en\/"},{"@type":"ListItem","position":2,"name":"Shop online","item":"https:\/\/www.arteartesania.com\/en\/shop\/"},{"@type":"ListItem","position":3,"name":"Series: \u00abTray of love\u00bb in patinated bronze with 925 silver figures"}]},{"@type":"WebSite","@id":"https:\/\/www.arteartesania.com\/en\/#website","url":"https:\/\/www.arteartesania.com\/en\/","name":"Arteartesania","description":"Original selecci\u00f3n de Artesan\u00eda Contempor\u00e1nea de Autor","publisher":{"@id":"https:\/\/www.arteartesania.com\/en\/#organization"},"potentialAction":[{"@type":"SearchAction","target":{"@type":"EntryPoint","urlTemplate":"https:\/\/www.arteartesania.com\/en\/?s={search_term_string}"},"query-input":{"@type":"PropertyValueSpecification","valueRequired":true,"valueName":"search_term_string"}}],"inLanguage":"en-US"},{"@type":"Organization","@id":"https:\/\/www.arteartesania.com\/en\/#organization","name":"Arteartesania","url":"https:\/\/www.arteartesania.com\/en\/","logo":{"@type":"ImageObject","inLanguage":"en-US","@id":"https:\/\/www.arteartesania.com\/en\/#\/schema\/logo\/image\/","url":"https:\/\/www.arteartesania.com\/wp-content\/uploads\/2019\/12\/cropped-logofooter.png","contentUrl":"https:\/\/www.arteartesania.com\/wp-content\/uploads\/2019\/12\/cropped-logofooter.png","width":539,"height":58,"caption":"Arteartesania"},"image":{"@id":"https:\/\/www.arteartesania.com\/en\/#\/schema\/logo\/image\/"}}]}},"_links":{"self":[{"href":"https:\/\/www.arteartesania.com\/en\/wp-json\/wp\/v2\/product\/11470"}],"collection":[{"href":"https:\/\/www.arteartesania.com\/en\/wp-json\/wp\/v2\/product"}],"about":[{"href":"https:\/\/www.arteartesania.com\/en\/wp-json\/wp\/v2\/types\/product"}],"replies":[{"embeddable":true,"href":"https:\/\/www.arteartesania.com\/en\/wp-json\/wp\/v2\/comments?post=11470"}],"wp:featuredmedia":[{"embeddable":true,"href":"https:\/\/www.arteartesania.com\/en\/wp-json\/wp\/v2\/media\/11462"}],"wp:attachment":[{"href":"https:\/\/www.arteartesania.com\/en\/wp-json\/wp\/v2\/media?parent=11470"}],"wp:term":[{"taxonomy":"product_cat","embeddable":true,"href":"https:\/\/www.arteartesania.com\/en\/wp-json\/wp\/v2\/product_cat?post=11470"},{"taxonomy":"product_tag","embeddable":true,"href":"https:\/\/www.arteartesania.com\/en\/wp-json\/wp\/v2\/product_tag?post=11470"}],"curies":[{"name":"wp","href":"https:\/\/api.w.org\/{rel}","templated":true}]}}