{"id":10889,"date":"2021-07-06T13:53:58","date_gmt":"2021-07-06T12:04:21","guid":{"rendered":"https:\/\/www.arteartesania.com\/?post_type=product&#038;p=10889"},"modified":"2021-07-06T14:05:22","modified_gmt":"2021-07-06T12:05:22","slug":"necklace-hydrangea","status":"publish","type":"product","link":"https:\/\/www.arteartesania.com\/en\/product\/necklace-hydrangea\/","title":{"rendered":"Necklace &#8216;Hydrangea&#8217;"},"content":{"rendered":"<p>PIECE: &#8220;Hortensia&#8221; necklace<\/p>\n<p>Materials: Paper and Rope<\/p>\n<p>Handmade by ANA HAGOPIAN<\/p>\n<p><em><strong>About Ana:<\/strong><\/em><\/p>\n<p>Playing with paper, cutting and pasting to create volumes and shapes. The source of inspiration is nature and its infinite creations, its unlimited colors, its surprising textures. &#8220;The role is contradictory, provocative and humble because it is ephemeral.&#8221; When she creates her works, she unconsciously seeks the primordial contact, the constant wonder of childhood, the magical vision that transforms the prosaic and everyday into something new and wonderful.<\/p>\n","protected":false},"excerpt":{"rendered":"<p>PIECE: &#8220;Hortensia&#8221; necklace<\/p>\n<p>Materials: Paper and Rope<\/p>\n<p>Length: approx. 62 cm<\/p>\n<p>Handmade by ANA HAGOPIAN<\/p>\n","protected":false},"featured_media":13657,"comment_status":"closed","ping_status":"closed","template":"","meta":{"_acf_changed":false,"inline_featured_image":false},"product_cat":[141,129,110,506,113,503],"product_tag":[450,340,341],"class_list":{"0":"post-10889","1":"product","2":"type-product","3":"status-publish","4":"has-post-thumbnail","6":"product_cat-ana-hagopian-en","7":"product_cat-artists","8":"product_cat-jewelry","9":"product_cat-outlet-jewelry","10":"product_cat-necklaces","11":"product_cat-promotion-en","12":"product_tag-arteartesania-2-en","13":"product_tag-mallorca-en","14":"product_tag-soller-en","16":"first","17":"instock","18":"sale","19":"shipping-taxable","20":"purchasable","21":"product-type-simple"},"acf":[],"yoast_head":"<!-- This site is optimized with the Yoast SEO plugin v23.6 - https:\/\/yoast.com\/wordpress\/plugins\/seo\/ -->\n<title>Necklace &#039;Hydrangea&#039; - Arteartesania<\/title>\n<meta name=\"description\" content=\"Playing with paper, cutting and pasting to create volumes and shapes. The source of inspiration is nature and its infinite creations, its unlimited colors, its surprising textures. &quot;The role is contradictory, provocative and humble because it is ephemeral.&quot;\" \/>\n<meta name=\"robots\" content=\"index, follow, max-snippet:-1, max-image-preview:large, max-video-preview:-1\" \/>\n<link rel=\"canonical\" href=\"https:\/\/www.arteartesania.com\/en\/product\/necklace-hydrangea\/\" \/>\n<meta property=\"og:locale\" content=\"en_US\" \/>\n<meta property=\"og:type\" content=\"article\" \/>\n<meta property=\"og:title\" content=\"Necklace &#039;Hydrangea&#039; - Arteartesania\" \/>\n<meta property=\"og:description\" content=\"Playing with paper, cutting and pasting to create volumes and shapes. The source of inspiration is nature and its infinite creations, its unlimited colors, its surprising textures. &quot;The role is contradictory, provocative and humble because it is ephemeral.&quot;\" \/>\n<meta property=\"og:url\" content=\"https:\/\/www.arteartesania.com\/en\/product\/necklace-hydrangea\/\" \/>\n<meta property=\"og:site_name\" content=\"Arteartesania\" \/>\n<meta property=\"article:modified_time\" content=\"2021-07-06T12:05:22+00:00\" \/>\n<meta property=\"og:image\" content=\"https:\/\/www.arteartesania.com\/wp-content\/uploads\/2021\/07\/IMG_7320-scaled.jpeg\" \/>\n\t<meta property=\"og:image:width\" content=\"1920\" \/>\n\t<meta property=\"og:image:height\" content=\"2560\" \/>\n\t<meta property=\"og:image:type\" content=\"image\/jpeg\" \/>\n<meta name=\"twitter:card\" content=\"summary_large_image\" \/>\n<meta name=\"twitter:label1\" content=\"Est. reading time\" \/>\n\t<meta name=\"twitter:data1\" content=\"1 minute\" \/>\n<script type=\"application\/ld+json\" class=\"yoast-schema-graph\">{\"@context\":\"https:\/\/schema.org\",\"@graph\":[{\"@type\":\"WebPage\",\"@id\":\"https:\/\/www.arteartesania.com\/en\/product\/necklace-hydrangea\/\",\"url\":\"https:\/\/www.arteartesania.com\/en\/product\/necklace-hydrangea\/\",\"name\":\"Necklace 'Hydrangea' - Arteartesania\",\"isPartOf\":{\"@id\":\"https:\/\/www.arteartesania.com\/en\/#website\"},\"primaryImageOfPage\":{\"@id\":\"https:\/\/www.arteartesania.com\/en\/product\/necklace-hydrangea\/#primaryimage\"},\"image\":{\"@id\":\"https:\/\/www.arteartesania.com\/en\/product\/necklace-hydrangea\/#primaryimage\"},\"thumbnailUrl\":\"https:\/\/www.arteartesania.com\/wp-content\/uploads\/2021\/07\/IMG_7320-scaled.jpeg\",\"datePublished\":\"2021-07-06T12:04:21+00:00\",\"dateModified\":\"2021-07-06T12:05:22+00:00\",\"description\":\"Playing with paper, cutting and pasting to create volumes and shapes. The source of inspiration is nature and its infinite creations, its unlimited colors, its surprising textures. \\\"The role is contradictory, provocative and humble because it is ephemeral.\\\"\",\"breadcrumb\":{\"@id\":\"https:\/\/www.arteartesania.com\/en\/product\/necklace-hydrangea\/#breadcrumb\"},\"inLanguage\":\"en-US\",\"potentialAction\":[{\"@type\":\"ReadAction\",\"target\":[\"https:\/\/www.arteartesania.com\/en\/product\/necklace-hydrangea\/\"]}]},{\"@type\":\"ImageObject\",\"inLanguage\":\"en-US\",\"@id\":\"https:\/\/www.arteartesania.com\/en\/product\/necklace-hydrangea\/#primaryimage\",\"url\":\"https:\/\/www.arteartesania.com\/wp-content\/uploads\/2021\/07\/IMG_7320-scaled.jpeg\",\"contentUrl\":\"https:\/\/www.arteartesania.com\/wp-content\/uploads\/2021\/07\/IMG_7320-scaled.jpeg\",\"width\":1920,\"height\":2560},{\"@type\":\"BreadcrumbList\",\"@id\":\"https:\/\/www.arteartesania.com\/en\/product\/necklace-hydrangea\/#breadcrumb\",\"itemListElement\":[{\"@type\":\"ListItem\",\"position\":1,\"name\":\"Portada\",\"item\":\"https:\/\/www.arteartesania.com\/en\/\"},{\"@type\":\"ListItem\",\"position\":2,\"name\":\"Shop online\",\"item\":\"https:\/\/www.arteartesania.com\/en\/shop\/\"},{\"@type\":\"ListItem\",\"position\":3,\"name\":\"Necklace &#8216;Hydrangea&#8217;\"}]},{\"@type\":\"WebSite\",\"@id\":\"https:\/\/www.arteartesania.com\/en\/#website\",\"url\":\"https:\/\/www.arteartesania.com\/en\/\",\"name\":\"Arteartesania\",\"description\":\"Original selecci\u00f3n de Artesan\u00eda Contempor\u00e1nea de Autor\",\"publisher\":{\"@id\":\"https:\/\/www.arteartesania.com\/en\/#organization\"},\"potentialAction\":[{\"@type\":\"SearchAction\",\"target\":{\"@type\":\"EntryPoint\",\"urlTemplate\":\"https:\/\/www.arteartesania.com\/en\/?s={search_term_string}\"},\"query-input\":{\"@type\":\"PropertyValueSpecification\",\"valueRequired\":true,\"valueName\":\"search_term_string\"}}],\"inLanguage\":\"en-US\"},{\"@type\":\"Organization\",\"@id\":\"https:\/\/www.arteartesania.com\/en\/#organization\",\"name\":\"Arteartesania\",\"url\":\"https:\/\/www.arteartesania.com\/en\/\",\"logo\":{\"@type\":\"ImageObject\",\"inLanguage\":\"en-US\",\"@id\":\"https:\/\/www.arteartesania.com\/en\/#\/schema\/logo\/image\/\",\"url\":\"https:\/\/www.arteartesania.com\/wp-content\/uploads\/2019\/12\/cropped-logofooter.png\",\"contentUrl\":\"https:\/\/www.arteartesania.com\/wp-content\/uploads\/2019\/12\/cropped-logofooter.png\",\"width\":539,\"height\":58,\"caption\":\"Arteartesania\"},\"image\":{\"@id\":\"https:\/\/www.arteartesania.com\/en\/#\/schema\/logo\/image\/\"}}]}<\/script>\n<!-- \/ Yoast SEO plugin. -->","yoast_head_json":{"title":"Necklace 'Hydrangea' - Arteartesania","description":"Playing with paper, cutting and pasting to create volumes and shapes. The source of inspiration is nature and its infinite creations, its unlimited colors, its surprising textures. \"The role is contradictory, provocative and humble because it is ephemeral.\"","robots":{"index":"index","follow":"follow","max-snippet":"max-snippet:-1","max-image-preview":"max-image-preview:large","max-video-preview":"max-video-preview:-1"},"canonical":"https:\/\/www.arteartesania.com\/en\/product\/necklace-hydrangea\/","og_locale":"en_US","og_type":"article","og_title":"Necklace 'Hydrangea' - Arteartesania","og_description":"Playing with paper, cutting and pasting to create volumes and shapes. The source of inspiration is nature and its infinite creations, its unlimited colors, its surprising textures. \"The role is contradictory, provocative and humble because it is ephemeral.\"","og_url":"https:\/\/www.arteartesania.com\/en\/product\/necklace-hydrangea\/","og_site_name":"Arteartesania","article_modified_time":"2021-07-06T12:05:22+00:00","og_image":[{"width":1920,"height":2560,"url":"https:\/\/www.arteartesania.com\/wp-content\/uploads\/2021\/07\/IMG_7320-scaled.jpeg","type":"image\/jpeg"}],"twitter_card":"summary_large_image","twitter_misc":{"Est. reading time":"1 minute"},"schema":{"@context":"https:\/\/schema.org","@graph":[{"@type":"WebPage","@id":"https:\/\/www.arteartesania.com\/en\/product\/necklace-hydrangea\/","url":"https:\/\/www.arteartesania.com\/en\/product\/necklace-hydrangea\/","name":"Necklace 'Hydrangea' - Arteartesania","isPartOf":{"@id":"https:\/\/www.arteartesania.com\/en\/#website"},"primaryImageOfPage":{"@id":"https:\/\/www.arteartesania.com\/en\/product\/necklace-hydrangea\/#primaryimage"},"image":{"@id":"https:\/\/www.arteartesania.com\/en\/product\/necklace-hydrangea\/#primaryimage"},"thumbnailUrl":"https:\/\/www.arteartesania.com\/wp-content\/uploads\/2021\/07\/IMG_7320-scaled.jpeg","datePublished":"2021-07-06T12:04:21+00:00","dateModified":"2021-07-06T12:05:22+00:00","description":"Playing with paper, cutting and pasting to create volumes and shapes. The source of inspiration is nature and its infinite creations, its unlimited colors, its surprising textures. \"The role is contradictory, provocative and humble because it is ephemeral.\"","breadcrumb":{"@id":"https:\/\/www.arteartesania.com\/en\/product\/necklace-hydrangea\/#breadcrumb"},"inLanguage":"en-US","potentialAction":[{"@type":"ReadAction","target":["https:\/\/www.arteartesania.com\/en\/product\/necklace-hydrangea\/"]}]},{"@type":"ImageObject","inLanguage":"en-US","@id":"https:\/\/www.arteartesania.com\/en\/product\/necklace-hydrangea\/#primaryimage","url":"https:\/\/www.arteartesania.com\/wp-content\/uploads\/2021\/07\/IMG_7320-scaled.jpeg","contentUrl":"https:\/\/www.arteartesania.com\/wp-content\/uploads\/2021\/07\/IMG_7320-scaled.jpeg","width":1920,"height":2560},{"@type":"BreadcrumbList","@id":"https:\/\/www.arteartesania.com\/en\/product\/necklace-hydrangea\/#breadcrumb","itemListElement":[{"@type":"ListItem","position":1,"name":"Portada","item":"https:\/\/www.arteartesania.com\/en\/"},{"@type":"ListItem","position":2,"name":"Shop online","item":"https:\/\/www.arteartesania.com\/en\/shop\/"},{"@type":"ListItem","position":3,"name":"Necklace &#8216;Hydrangea&#8217;"}]},{"@type":"WebSite","@id":"https:\/\/www.arteartesania.com\/en\/#website","url":"https:\/\/www.arteartesania.com\/en\/","name":"Arteartesania","description":"Original selecci\u00f3n de Artesan\u00eda Contempor\u00e1nea de Autor","publisher":{"@id":"https:\/\/www.arteartesania.com\/en\/#organization"},"potentialAction":[{"@type":"SearchAction","target":{"@type":"EntryPoint","urlTemplate":"https:\/\/www.arteartesania.com\/en\/?s={search_term_string}"},"query-input":{"@type":"PropertyValueSpecification","valueRequired":true,"valueName":"search_term_string"}}],"inLanguage":"en-US"},{"@type":"Organization","@id":"https:\/\/www.arteartesania.com\/en\/#organization","name":"Arteartesania","url":"https:\/\/www.arteartesania.com\/en\/","logo":{"@type":"ImageObject","inLanguage":"en-US","@id":"https:\/\/www.arteartesania.com\/en\/#\/schema\/logo\/image\/","url":"https:\/\/www.arteartesania.com\/wp-content\/uploads\/2019\/12\/cropped-logofooter.png","contentUrl":"https:\/\/www.arteartesania.com\/wp-content\/uploads\/2019\/12\/cropped-logofooter.png","width":539,"height":58,"caption":"Arteartesania"},"image":{"@id":"https:\/\/www.arteartesania.com\/en\/#\/schema\/logo\/image\/"}}]}},"_links":{"self":[{"href":"https:\/\/www.arteartesania.com\/en\/wp-json\/wp\/v2\/product\/10889"}],"collection":[{"href":"https:\/\/www.arteartesania.com\/en\/wp-json\/wp\/v2\/product"}],"about":[{"href":"https:\/\/www.arteartesania.com\/en\/wp-json\/wp\/v2\/types\/product"}],"replies":[{"embeddable":true,"href":"https:\/\/www.arteartesania.com\/en\/wp-json\/wp\/v2\/comments?post=10889"}],"wp:featuredmedia":[{"embeddable":true,"href":"https:\/\/www.arteartesania.com\/en\/wp-json\/wp\/v2\/media\/13657"}],"wp:attachment":[{"href":"https:\/\/www.arteartesania.com\/en\/wp-json\/wp\/v2\/media?parent=10889"}],"wp:term":[{"taxonomy":"product_cat","embeddable":true,"href":"https:\/\/www.arteartesania.com\/en\/wp-json\/wp\/v2\/product_cat?post=10889"},{"taxonomy":"product_tag","embeddable":true,"href":"https:\/\/www.arteartesania.com\/en\/wp-json\/wp\/v2\/product_tag?post=10889"}],"curies":[{"name":"wp","href":"https:\/\/api.w.org\/{rel}","templated":true}]}}