{"id":10603,"date":"2021-06-19T14:49:46","date_gmt":"2021-06-22T10:41:31","guid":{"rendered":"https:\/\/www.arteartesania.com\/?post_type=product&#038;p=10603"},"modified":"2021-06-22T12:41:31","modified_gmt":"2021-06-22T10:41:31","slug":"925-silver-or-oxidized-silver-925-window-necklace-with-18-kt-gold-detail","status":"publish","type":"product","link":"https:\/\/www.arteartesania.com\/en\/product\/925-silver-or-oxidized-silver-925-window-necklace-with-18-kt-gold-detail\/","title":{"rendered":"925 Silver or Oxidized Silver 925 &#8216;Window&#8217; necklace with 18 Kt Gold detail"},"content":{"rendered":"<p>925 Silver or Oxidized Silver 925 Necklace<\/p>\n<p>Line: Windows<\/p>\n<p>Handmade by Carlos Tellechea in 925 Sterling Silver with 18 Kt Gold details.<\/p>\n<p>The necklace has a black color since they have been applied a patina (oxidation) that darkens the material.<\/p>\n<p>Silver Oxide<\/p>\n<p>Silver is appreciated for its metallic white luster, when it is immersed in silver nitrate it creates silver oxide and the metal surface undergoes color changes, obtaining a &#8220;Patina&#8221; of a &#8220;Matte Black&#8221; color.<\/p>\n<p>This patina is stable and waterproof.<\/p>\n","protected":false},"excerpt":{"rendered":"<div class=\"woocommerce-product-details__short-description\">PIECE: &#8216;Windows&#8217; necklace with 18Kt Gold detail.<\/div>\n<div class=\"woocommerce-product-details__short-description\">MATERIAL: 925 Sterling Silver or Blackened 925 Silver and 18 Karat Gold<\/div>\n<div class=\"woocommerce-product-details__short-description\">SIZE: 20 x 20 mm<\/div>\n<div class=\"woocommerce-product-details__short-description\">AUTHOR: Carlos Tellechea<\/div>\n<div class=\"woocommerce-product-details__short-description\">The necklace can be made in 2 types: in 925 Silver or in black 925 Silver (Oxidized)<\/div>\n","protected":false},"featured_media":10587,"comment_status":"closed","ping_status":"closed","template":"","meta":{"_acf_changed":false,"inline_featured_image":false},"product_cat":[129,128,110,113],"product_tag":[450,340,341],"class_list":{"0":"post-10603","1":"product","2":"type-product","3":"status-publish","4":"has-post-thumbnail","6":"product_cat-artists","7":"product_cat-carlostellechea","8":"product_cat-jewelry","9":"product_cat-necklaces","10":"product_tag-arteartesania-2-en","11":"product_tag-mallorca-en","12":"product_tag-soller-en","14":"first","15":"instock","16":"shipping-taxable","17":"purchasable","18":"product-type-simple"},"acf":[],"yoast_head":"<!-- This site is optimized with the Yoast SEO plugin v23.6 - https:\/\/yoast.com\/wordpress\/plugins\/seo\/ -->\n<title>925 Silver or Oxidized Silver 925 &#039;Window&#039; necklace with 18 Kt Gold detail - Arteartesania<\/title>\n<meta name=\"robots\" content=\"index, follow, max-snippet:-1, max-image-preview:large, max-video-preview:-1\" \/>\n<link rel=\"canonical\" href=\"https:\/\/www.arteartesania.com\/en\/product\/925-silver-or-oxidized-silver-925-window-necklace-with-18-kt-gold-detail\/\" \/>\n<meta property=\"og:locale\" content=\"en_US\" \/>\n<meta property=\"og:type\" content=\"article\" \/>\n<meta property=\"og:title\" content=\"925 Silver or Oxidized Silver 925 &#039;Window&#039; necklace with 18 Kt Gold detail - Arteartesania\" \/>\n<meta property=\"og:description\" content=\"PIECE: &#039;Windows&#039; necklace with 18Kt Gold detail. MATERIAL: 925 Sterling Silver or Blackened 925 Silver and 18 Karat Gold SIZE: 20 x 20 mm AUTHOR: Carlos Tellechea The necklace can be made in 2 types: in 925 Silver or in black 925 Silver (Oxidized)\" \/>\n<meta property=\"og:url\" content=\"https:\/\/www.arteartesania.com\/en\/product\/925-silver-or-oxidized-silver-925-window-necklace-with-18-kt-gold-detail\/\" \/>\n<meta property=\"og:site_name\" content=\"Arteartesania\" \/>\n<meta property=\"og:image\" content=\"https:\/\/www.arteartesania.com\/wp-content\/uploads\/2021\/06\/IMG_9836-1-scaled.jpg\" \/>\n\t<meta property=\"og:image:width\" content=\"2371\" \/>\n\t<meta property=\"og:image:height\" content=\"2560\" \/>\n\t<meta property=\"og:image:type\" content=\"image\/jpeg\" \/>\n<meta name=\"twitter:card\" content=\"summary_large_image\" \/>\n<meta name=\"twitter:label1\" content=\"Est. reading time\" \/>\n\t<meta name=\"twitter:data1\" content=\"1 minute\" \/>\n<script type=\"application\/ld+json\" class=\"yoast-schema-graph\">{\"@context\":\"https:\/\/schema.org\",\"@graph\":[{\"@type\":\"WebPage\",\"@id\":\"https:\/\/www.arteartesania.com\/en\/product\/925-silver-or-oxidized-silver-925-window-necklace-with-18-kt-gold-detail\/\",\"url\":\"https:\/\/www.arteartesania.com\/en\/product\/925-silver-or-oxidized-silver-925-window-necklace-with-18-kt-gold-detail\/\",\"name\":\"925 Silver or Oxidized Silver 925 'Window' necklace with 18 Kt Gold detail - Arteartesania\",\"isPartOf\":{\"@id\":\"https:\/\/www.arteartesania.com\/en\/#website\"},\"primaryImageOfPage\":{\"@id\":\"https:\/\/www.arteartesania.com\/en\/product\/925-silver-or-oxidized-silver-925-window-necklace-with-18-kt-gold-detail\/#primaryimage\"},\"image\":{\"@id\":\"https:\/\/www.arteartesania.com\/en\/product\/925-silver-or-oxidized-silver-925-window-necklace-with-18-kt-gold-detail\/#primaryimage\"},\"thumbnailUrl\":\"https:\/\/www.arteartesania.com\/wp-content\/uploads\/2021\/06\/IMG_9836-1-scaled.jpg\",\"datePublished\":\"2021-06-22T10:41:31+00:00\",\"dateModified\":\"2021-06-22T10:41:31+00:00\",\"breadcrumb\":{\"@id\":\"https:\/\/www.arteartesania.com\/en\/product\/925-silver-or-oxidized-silver-925-window-necklace-with-18-kt-gold-detail\/#breadcrumb\"},\"inLanguage\":\"en-US\",\"potentialAction\":[{\"@type\":\"ReadAction\",\"target\":[\"https:\/\/www.arteartesania.com\/en\/product\/925-silver-or-oxidized-silver-925-window-necklace-with-18-kt-gold-detail\/\"]}]},{\"@type\":\"ImageObject\",\"inLanguage\":\"en-US\",\"@id\":\"https:\/\/www.arteartesania.com\/en\/product\/925-silver-or-oxidized-silver-925-window-necklace-with-18-kt-gold-detail\/#primaryimage\",\"url\":\"https:\/\/www.arteartesania.com\/wp-content\/uploads\/2021\/06\/IMG_9836-1-scaled.jpg\",\"contentUrl\":\"https:\/\/www.arteartesania.com\/wp-content\/uploads\/2021\/06\/IMG_9836-1-scaled.jpg\",\"width\":2371,\"height\":2560,\"caption\":\"Colgante plata oxidada, Carlos Tellechea\"},{\"@type\":\"BreadcrumbList\",\"@id\":\"https:\/\/www.arteartesania.com\/en\/product\/925-silver-or-oxidized-silver-925-window-necklace-with-18-kt-gold-detail\/#breadcrumb\",\"itemListElement\":[{\"@type\":\"ListItem\",\"position\":1,\"name\":\"Portada\",\"item\":\"https:\/\/www.arteartesania.com\/en\/\"},{\"@type\":\"ListItem\",\"position\":2,\"name\":\"Shop online\",\"item\":\"https:\/\/www.arteartesania.com\/en\/shop\/\"},{\"@type\":\"ListItem\",\"position\":3,\"name\":\"925 Silver or Oxidized Silver 925 &#8216;Window&#8217; necklace with 18 Kt Gold detail\"}]},{\"@type\":\"WebSite\",\"@id\":\"https:\/\/www.arteartesania.com\/en\/#website\",\"url\":\"https:\/\/www.arteartesania.com\/en\/\",\"name\":\"Arteartesania\",\"description\":\"Original selecci\u00f3n de Artesan\u00eda Contempor\u00e1nea de Autor\",\"publisher\":{\"@id\":\"https:\/\/www.arteartesania.com\/en\/#organization\"},\"potentialAction\":[{\"@type\":\"SearchAction\",\"target\":{\"@type\":\"EntryPoint\",\"urlTemplate\":\"https:\/\/www.arteartesania.com\/en\/?s={search_term_string}\"},\"query-input\":{\"@type\":\"PropertyValueSpecification\",\"valueRequired\":true,\"valueName\":\"search_term_string\"}}],\"inLanguage\":\"en-US\"},{\"@type\":\"Organization\",\"@id\":\"https:\/\/www.arteartesania.com\/en\/#organization\",\"name\":\"Arteartesania\",\"url\":\"https:\/\/www.arteartesania.com\/en\/\",\"logo\":{\"@type\":\"ImageObject\",\"inLanguage\":\"en-US\",\"@id\":\"https:\/\/www.arteartesania.com\/en\/#\/schema\/logo\/image\/\",\"url\":\"https:\/\/www.arteartesania.com\/wp-content\/uploads\/2019\/12\/cropped-logofooter.png\",\"contentUrl\":\"https:\/\/www.arteartesania.com\/wp-content\/uploads\/2019\/12\/cropped-logofooter.png\",\"width\":539,\"height\":58,\"caption\":\"Arteartesania\"},\"image\":{\"@id\":\"https:\/\/www.arteartesania.com\/en\/#\/schema\/logo\/image\/\"}}]}<\/script>\n<!-- \/ Yoast SEO plugin. -->","yoast_head_json":{"title":"925 Silver or Oxidized Silver 925 'Window' necklace with 18 Kt Gold detail - Arteartesania","robots":{"index":"index","follow":"follow","max-snippet":"max-snippet:-1","max-image-preview":"max-image-preview:large","max-video-preview":"max-video-preview:-1"},"canonical":"https:\/\/www.arteartesania.com\/en\/product\/925-silver-or-oxidized-silver-925-window-necklace-with-18-kt-gold-detail\/","og_locale":"en_US","og_type":"article","og_title":"925 Silver or Oxidized Silver 925 'Window' necklace with 18 Kt Gold detail - Arteartesania","og_description":"PIECE: 'Windows' necklace with 18Kt Gold detail. MATERIAL: 925 Sterling Silver or Blackened 925 Silver and 18 Karat Gold SIZE: 20 x 20 mm AUTHOR: Carlos Tellechea The necklace can be made in 2 types: in 925 Silver or in black 925 Silver (Oxidized)","og_url":"https:\/\/www.arteartesania.com\/en\/product\/925-silver-or-oxidized-silver-925-window-necklace-with-18-kt-gold-detail\/","og_site_name":"Arteartesania","og_image":[{"width":2371,"height":2560,"url":"https:\/\/www.arteartesania.com\/wp-content\/uploads\/2021\/06\/IMG_9836-1-scaled.jpg","type":"image\/jpeg"}],"twitter_card":"summary_large_image","twitter_misc":{"Est. reading time":"1 minute"},"schema":{"@context":"https:\/\/schema.org","@graph":[{"@type":"WebPage","@id":"https:\/\/www.arteartesania.com\/en\/product\/925-silver-or-oxidized-silver-925-window-necklace-with-18-kt-gold-detail\/","url":"https:\/\/www.arteartesania.com\/en\/product\/925-silver-or-oxidized-silver-925-window-necklace-with-18-kt-gold-detail\/","name":"925 Silver or Oxidized Silver 925 'Window' necklace with 18 Kt Gold detail - Arteartesania","isPartOf":{"@id":"https:\/\/www.arteartesania.com\/en\/#website"},"primaryImageOfPage":{"@id":"https:\/\/www.arteartesania.com\/en\/product\/925-silver-or-oxidized-silver-925-window-necklace-with-18-kt-gold-detail\/#primaryimage"},"image":{"@id":"https:\/\/www.arteartesania.com\/en\/product\/925-silver-or-oxidized-silver-925-window-necklace-with-18-kt-gold-detail\/#primaryimage"},"thumbnailUrl":"https:\/\/www.arteartesania.com\/wp-content\/uploads\/2021\/06\/IMG_9836-1-scaled.jpg","datePublished":"2021-06-22T10:41:31+00:00","dateModified":"2021-06-22T10:41:31+00:00","breadcrumb":{"@id":"https:\/\/www.arteartesania.com\/en\/product\/925-silver-or-oxidized-silver-925-window-necklace-with-18-kt-gold-detail\/#breadcrumb"},"inLanguage":"en-US","potentialAction":[{"@type":"ReadAction","target":["https:\/\/www.arteartesania.com\/en\/product\/925-silver-or-oxidized-silver-925-window-necklace-with-18-kt-gold-detail\/"]}]},{"@type":"ImageObject","inLanguage":"en-US","@id":"https:\/\/www.arteartesania.com\/en\/product\/925-silver-or-oxidized-silver-925-window-necklace-with-18-kt-gold-detail\/#primaryimage","url":"https:\/\/www.arteartesania.com\/wp-content\/uploads\/2021\/06\/IMG_9836-1-scaled.jpg","contentUrl":"https:\/\/www.arteartesania.com\/wp-content\/uploads\/2021\/06\/IMG_9836-1-scaled.jpg","width":2371,"height":2560,"caption":"Colgante plata oxidada, Carlos Tellechea"},{"@type":"BreadcrumbList","@id":"https:\/\/www.arteartesania.com\/en\/product\/925-silver-or-oxidized-silver-925-window-necklace-with-18-kt-gold-detail\/#breadcrumb","itemListElement":[{"@type":"ListItem","position":1,"name":"Portada","item":"https:\/\/www.arteartesania.com\/en\/"},{"@type":"ListItem","position":2,"name":"Shop online","item":"https:\/\/www.arteartesania.com\/en\/shop\/"},{"@type":"ListItem","position":3,"name":"925 Silver or Oxidized Silver 925 &#8216;Window&#8217; necklace with 18 Kt Gold detail"}]},{"@type":"WebSite","@id":"https:\/\/www.arteartesania.com\/en\/#website","url":"https:\/\/www.arteartesania.com\/en\/","name":"Arteartesania","description":"Original selecci\u00f3n de Artesan\u00eda Contempor\u00e1nea de Autor","publisher":{"@id":"https:\/\/www.arteartesania.com\/en\/#organization"},"potentialAction":[{"@type":"SearchAction","target":{"@type":"EntryPoint","urlTemplate":"https:\/\/www.arteartesania.com\/en\/?s={search_term_string}"},"query-input":{"@type":"PropertyValueSpecification","valueRequired":true,"valueName":"search_term_string"}}],"inLanguage":"en-US"},{"@type":"Organization","@id":"https:\/\/www.arteartesania.com\/en\/#organization","name":"Arteartesania","url":"https:\/\/www.arteartesania.com\/en\/","logo":{"@type":"ImageObject","inLanguage":"en-US","@id":"https:\/\/www.arteartesania.com\/en\/#\/schema\/logo\/image\/","url":"https:\/\/www.arteartesania.com\/wp-content\/uploads\/2019\/12\/cropped-logofooter.png","contentUrl":"https:\/\/www.arteartesania.com\/wp-content\/uploads\/2019\/12\/cropped-logofooter.png","width":539,"height":58,"caption":"Arteartesania"},"image":{"@id":"https:\/\/www.arteartesania.com\/en\/#\/schema\/logo\/image\/"}}]}},"_links":{"self":[{"href":"https:\/\/www.arteartesania.com\/en\/wp-json\/wp\/v2\/product\/10603"}],"collection":[{"href":"https:\/\/www.arteartesania.com\/en\/wp-json\/wp\/v2\/product"}],"about":[{"href":"https:\/\/www.arteartesania.com\/en\/wp-json\/wp\/v2\/types\/product"}],"replies":[{"embeddable":true,"href":"https:\/\/www.arteartesania.com\/en\/wp-json\/wp\/v2\/comments?post=10603"}],"wp:featuredmedia":[{"embeddable":true,"href":"https:\/\/www.arteartesania.com\/en\/wp-json\/wp\/v2\/media\/10587"}],"wp:attachment":[{"href":"https:\/\/www.arteartesania.com\/en\/wp-json\/wp\/v2\/media?parent=10603"}],"wp:term":[{"taxonomy":"product_cat","embeddable":true,"href":"https:\/\/www.arteartesania.com\/en\/wp-json\/wp\/v2\/product_cat?post=10603"},{"taxonomy":"product_tag","embeddable":true,"href":"https:\/\/www.arteartesania.com\/en\/wp-json\/wp\/v2\/product_tag?post=10603"}],"curies":[{"name":"wp","href":"https:\/\/api.w.org\/{rel}","templated":true}]}}