{"id":9575,"date":"2021-03-22T11:33:13","date_gmt":"2021-03-22T10:53:31","guid":{"rendered":"https:\/\/www.arteartesania.com\/?post_type=product&#038;p=9575"},"modified":"2021-08-26T14:20:51","modified_gmt":"2021-08-26T12:20:51","slug":"patinierte-silberne-manschettenknoepfe","status":"publish","type":"product","link":"https:\/\/www.arteartesania.com\/de\/producto\/patinierte-silberne-manschettenknoepfe\/","title":{"rendered":"Manschettenkn\u00f6pfe und Krawattennadel-Set &#8222;Goldtrinker&#8220; Silber patiniert 18 K Gold"},"content":{"rendered":"<p style=\"text-align: center\"><em>Patinierte silberne <strong>Manschettenkn\u00f6pfe und Krawattennadel<\/strong><\/em><\/p>\n<p style=\"text-align: center\">Handgefertigte St\u00fccke von <a href=\"https:\/\/www.arteartesania.com\/de\/kuenstler\/carlos-tellechea\/\">Carlos Tellechea<\/a>\u00a0aus Sterlingsilber mit 18 Karat Golddetails.<br \/>\nSie haben eine schwarze Farbe, da eine Patina (Oxidation) auf sie aufgebracht wurde, die das Material verdunkelt.<\/p>\n<p><em>Es gibt auch eine Krawattenklammer aus der gleichen Kollektion.<\/em><\/p>\n","protected":false},"excerpt":{"rendered":"<p>ST\u00dcCK: Patinierte silberne Manschettenkn\u00f6pfe und Krawattennadel<br \/>\nMATERIAL: Patiniertes Silber mit 18 Kt Gold Details<br \/>\nGR\u00d6SSE: 0,3 x 2,3 x 2,5 cm<br \/>\nAUTOR: <a href=\"https:\/\/www.arteartesania.com\/de\/kuenstler\/carlos-tellechea\/\">Carlos Tellechea<\/a><\/p>\n","protected":false},"featured_media":11024,"comment_status":"closed","ping_status":"closed","template":"","meta":{"_acf_changed":false,"inline_featured_image":false},"product_cat":[218,249,243],"product_tag":[350],"class_list":{"0":"post-9575","1":"product","2":"type-product","3":"status-publish","4":"has-post-thumbnail","6":"product_cat-carlos-tellechea-de","7":"product_cat-maenner","8":"product_cat-schmuck","9":"product_tag-carlostellechea-soller-mallorca-joyeria-arteartesania-de","11":"first","12":"instock","13":"shipping-taxable","14":"purchasable","15":"product-type-variable"},"acf":[],"yoast_head":"<!-- This site is optimized with the Yoast SEO plugin v23.6 - https:\/\/yoast.com\/wordpress\/plugins\/seo\/ -->\n<title>Manschettenkn\u00f6pfe und Krawattennadel-Set &quot;Goldtrinker&quot; Silber patiniert 18 K Gold - Arteartesania - Produkte<\/title>\n<meta name=\"description\" content=\"Patinierte silberne Manschettenkn\u00f6pfe (geschw\u00e4rzt) mit achtzehn Karat Golddetails. Handgefertigte St\u00fccke von Carlos Tellechea. Preis: 95 \u20ac\" \/>\n<meta name=\"robots\" content=\"index, follow, max-snippet:-1, max-image-preview:large, max-video-preview:-1\" \/>\n<link rel=\"canonical\" href=\"https:\/\/www.arteartesania.com\/de\/producto\/patinierte-silberne-manschettenknoepfe\/\" \/>\n<meta property=\"og:locale\" content=\"de_DE\" \/>\n<meta property=\"og:type\" content=\"article\" \/>\n<meta property=\"og:title\" content=\"Manschettenkn\u00f6pfe und Krawattennadel-Set &quot;Goldtrinker&quot; Silber patiniert 18 K Gold - Arteartesania - Produkte\" \/>\n<meta property=\"og:description\" content=\"Patinierte silberne Manschettenkn\u00f6pfe (geschw\u00e4rzt) mit achtzehn Karat Golddetails. Handgefertigte St\u00fccke von Carlos Tellechea. Preis: 95 \u20ac\" \/>\n<meta property=\"og:url\" content=\"https:\/\/www.arteartesania.com\/de\/producto\/patinierte-silberne-manschettenknoepfe\/\" \/>\n<meta property=\"og:site_name\" content=\"Arteartesania\" \/>\n<meta property=\"article:modified_time\" content=\"2021-08-26T12:20:51+00:00\" \/>\n<meta property=\"og:image\" content=\"https:\/\/www.arteartesania.com\/wp-content\/uploads\/2021\/03\/IMG_5858-2.jpg\" \/>\n\t<meta property=\"og:image:width\" content=\"2369\" \/>\n\t<meta property=\"og:image:height\" content=\"2555\" \/>\n\t<meta property=\"og:image:type\" content=\"image\/jpeg\" \/>\n<meta name=\"twitter:card\" content=\"summary_large_image\" \/>\n<meta name=\"twitter:label1\" content=\"Gesch\u00e4tzte Lesezeit\" \/>\n\t<meta name=\"twitter:data1\" content=\"1\u00a0Minute\" \/>\n<script type=\"application\/ld+json\" class=\"yoast-schema-graph\">{\"@context\":\"https:\/\/schema.org\",\"@graph\":[{\"@type\":\"WebPage\",\"@id\":\"https:\/\/www.arteartesania.com\/de\/producto\/patinierte-silberne-manschettenknoepfe\/\",\"url\":\"https:\/\/www.arteartesania.com\/de\/producto\/patinierte-silberne-manschettenknoepfe\/\",\"name\":\"Manschettenkn\u00f6pfe und Krawattennadel-Set \\\"Goldtrinker\\\" Silber patiniert 18 K Gold - Arteartesania - Produkte\",\"isPartOf\":{\"@id\":\"https:\/\/www.arteartesania.com\/de\/#website\"},\"primaryImageOfPage\":{\"@id\":\"https:\/\/www.arteartesania.com\/de\/producto\/patinierte-silberne-manschettenknoepfe\/#primaryimage\"},\"image\":{\"@id\":\"https:\/\/www.arteartesania.com\/de\/producto\/patinierte-silberne-manschettenknoepfe\/#primaryimage\"},\"thumbnailUrl\":\"https:\/\/www.arteartesania.com\/wp-content\/uploads\/2021\/03\/IMG_5858-2.jpg\",\"datePublished\":\"2021-03-22T10:53:31+00:00\",\"dateModified\":\"2021-08-26T12:20:51+00:00\",\"description\":\"Patinierte silberne Manschettenkn\u00f6pfe (geschw\u00e4rzt) mit achtzehn Karat Golddetails. Handgefertigte St\u00fccke von Carlos Tellechea. Preis: 95 \u20ac\",\"breadcrumb\":{\"@id\":\"https:\/\/www.arteartesania.com\/de\/producto\/patinierte-silberne-manschettenknoepfe\/#breadcrumb\"},\"inLanguage\":\"de\",\"potentialAction\":[{\"@type\":\"ReadAction\",\"target\":[\"https:\/\/www.arteartesania.com\/de\/producto\/patinierte-silberne-manschettenknoepfe\/\"]}]},{\"@type\":\"ImageObject\",\"inLanguage\":\"de\",\"@id\":\"https:\/\/www.arteartesania.com\/de\/producto\/patinierte-silberne-manschettenknoepfe\/#primaryimage\",\"url\":\"https:\/\/www.arteartesania.com\/wp-content\/uploads\/2021\/03\/IMG_5858-2.jpg\",\"contentUrl\":\"https:\/\/www.arteartesania.com\/wp-content\/uploads\/2021\/03\/IMG_5858-2.jpg\",\"width\":2369,\"height\":2555,\"caption\":\"gemelos de plata y oro, carlos tellechea, joyas con p\u00e1tina, joyer\u00eda para hombre, gemelos plata originales, conjunto gemelos y pisacorbatas artesanales\"},{\"@type\":\"BreadcrumbList\",\"@id\":\"https:\/\/www.arteartesania.com\/de\/producto\/patinierte-silberne-manschettenknoepfe\/#breadcrumb\",\"itemListElement\":[{\"@type\":\"ListItem\",\"position\":1,\"name\":\"Portada\",\"item\":\"https:\/\/www.arteartesania.com\/de\/\"},{\"@type\":\"ListItem\",\"position\":2,\"name\":\"Shop online\",\"item\":\"https:\/\/www.arteartesania.com\/de\/online-bastelladen\/\"},{\"@type\":\"ListItem\",\"position\":3,\"name\":\"Manschettenkn\u00f6pfe und Krawattennadel-Set \u00abGoldtrinker\u00bb Silber patiniert 18 K Gold\"}]},{\"@type\":\"WebSite\",\"@id\":\"https:\/\/www.arteartesania.com\/de\/#website\",\"url\":\"https:\/\/www.arteartesania.com\/de\/\",\"name\":\"Arteartesania\",\"description\":\"Original selecci\u00f3n de Artesan\u00eda Contempor\u00e1nea de Autor\",\"publisher\":{\"@id\":\"https:\/\/www.arteartesania.com\/de\/#organization\"},\"potentialAction\":[{\"@type\":\"SearchAction\",\"target\":{\"@type\":\"EntryPoint\",\"urlTemplate\":\"https:\/\/www.arteartesania.com\/de\/?s={search_term_string}\"},\"query-input\":{\"@type\":\"PropertyValueSpecification\",\"valueRequired\":true,\"valueName\":\"search_term_string\"}}],\"inLanguage\":\"de\"},{\"@type\":\"Organization\",\"@id\":\"https:\/\/www.arteartesania.com\/de\/#organization\",\"name\":\"Arteartesania\",\"url\":\"https:\/\/www.arteartesania.com\/de\/\",\"logo\":{\"@type\":\"ImageObject\",\"inLanguage\":\"de\",\"@id\":\"https:\/\/www.arteartesania.com\/de\/#\/schema\/logo\/image\/\",\"url\":\"https:\/\/www.arteartesania.com\/wp-content\/uploads\/2019\/12\/cropped-logofooter.png\",\"contentUrl\":\"https:\/\/www.arteartesania.com\/wp-content\/uploads\/2019\/12\/cropped-logofooter.png\",\"width\":539,\"height\":58,\"caption\":\"Arteartesania\"},\"image\":{\"@id\":\"https:\/\/www.arteartesania.com\/de\/#\/schema\/logo\/image\/\"}}]}<\/script>\n<!-- \/ Yoast SEO plugin. -->","yoast_head_json":{"title":"Manschettenkn\u00f6pfe und Krawattennadel-Set \"Goldtrinker\" Silber patiniert 18 K Gold - Arteartesania - Produkte","description":"Patinierte silberne Manschettenkn\u00f6pfe (geschw\u00e4rzt) mit achtzehn Karat Golddetails. Handgefertigte St\u00fccke von Carlos Tellechea. Preis: 95 \u20ac","robots":{"index":"index","follow":"follow","max-snippet":"max-snippet:-1","max-image-preview":"max-image-preview:large","max-video-preview":"max-video-preview:-1"},"canonical":"https:\/\/www.arteartesania.com\/de\/producto\/patinierte-silberne-manschettenknoepfe\/","og_locale":"de_DE","og_type":"article","og_title":"Manschettenkn\u00f6pfe und Krawattennadel-Set \"Goldtrinker\" Silber patiniert 18 K Gold - Arteartesania - Produkte","og_description":"Patinierte silberne Manschettenkn\u00f6pfe (geschw\u00e4rzt) mit achtzehn Karat Golddetails. Handgefertigte St\u00fccke von Carlos Tellechea. Preis: 95 \u20ac","og_url":"https:\/\/www.arteartesania.com\/de\/producto\/patinierte-silberne-manschettenknoepfe\/","og_site_name":"Arteartesania","article_modified_time":"2021-08-26T12:20:51+00:00","og_image":[{"width":2369,"height":2555,"url":"https:\/\/www.arteartesania.com\/wp-content\/uploads\/2021\/03\/IMG_5858-2.jpg","type":"image\/jpeg"}],"twitter_card":"summary_large_image","twitter_misc":{"Gesch\u00e4tzte Lesezeit":"1\u00a0Minute"},"schema":{"@context":"https:\/\/schema.org","@graph":[{"@type":"WebPage","@id":"https:\/\/www.arteartesania.com\/de\/producto\/patinierte-silberne-manschettenknoepfe\/","url":"https:\/\/www.arteartesania.com\/de\/producto\/patinierte-silberne-manschettenknoepfe\/","name":"Manschettenkn\u00f6pfe und Krawattennadel-Set \"Goldtrinker\" Silber patiniert 18 K Gold - Arteartesania - Produkte","isPartOf":{"@id":"https:\/\/www.arteartesania.com\/de\/#website"},"primaryImageOfPage":{"@id":"https:\/\/www.arteartesania.com\/de\/producto\/patinierte-silberne-manschettenknoepfe\/#primaryimage"},"image":{"@id":"https:\/\/www.arteartesania.com\/de\/producto\/patinierte-silberne-manschettenknoepfe\/#primaryimage"},"thumbnailUrl":"https:\/\/www.arteartesania.com\/wp-content\/uploads\/2021\/03\/IMG_5858-2.jpg","datePublished":"2021-03-22T10:53:31+00:00","dateModified":"2021-08-26T12:20:51+00:00","description":"Patinierte silberne Manschettenkn\u00f6pfe (geschw\u00e4rzt) mit achtzehn Karat Golddetails. Handgefertigte St\u00fccke von Carlos Tellechea. Preis: 95 \u20ac","breadcrumb":{"@id":"https:\/\/www.arteartesania.com\/de\/producto\/patinierte-silberne-manschettenknoepfe\/#breadcrumb"},"inLanguage":"de","potentialAction":[{"@type":"ReadAction","target":["https:\/\/www.arteartesania.com\/de\/producto\/patinierte-silberne-manschettenknoepfe\/"]}]},{"@type":"ImageObject","inLanguage":"de","@id":"https:\/\/www.arteartesania.com\/de\/producto\/patinierte-silberne-manschettenknoepfe\/#primaryimage","url":"https:\/\/www.arteartesania.com\/wp-content\/uploads\/2021\/03\/IMG_5858-2.jpg","contentUrl":"https:\/\/www.arteartesania.com\/wp-content\/uploads\/2021\/03\/IMG_5858-2.jpg","width":2369,"height":2555,"caption":"gemelos de plata y oro, carlos tellechea, joyas con p\u00e1tina, joyer\u00eda para hombre, gemelos plata originales, conjunto gemelos y pisacorbatas artesanales"},{"@type":"BreadcrumbList","@id":"https:\/\/www.arteartesania.com\/de\/producto\/patinierte-silberne-manschettenknoepfe\/#breadcrumb","itemListElement":[{"@type":"ListItem","position":1,"name":"Portada","item":"https:\/\/www.arteartesania.com\/de\/"},{"@type":"ListItem","position":2,"name":"Shop online","item":"https:\/\/www.arteartesania.com\/de\/online-bastelladen\/"},{"@type":"ListItem","position":3,"name":"Manschettenkn\u00f6pfe und Krawattennadel-Set \u00abGoldtrinker\u00bb Silber patiniert 18 K Gold"}]},{"@type":"WebSite","@id":"https:\/\/www.arteartesania.com\/de\/#website","url":"https:\/\/www.arteartesania.com\/de\/","name":"Arteartesania","description":"Original selecci\u00f3n de Artesan\u00eda Contempor\u00e1nea de Autor","publisher":{"@id":"https:\/\/www.arteartesania.com\/de\/#organization"},"potentialAction":[{"@type":"SearchAction","target":{"@type":"EntryPoint","urlTemplate":"https:\/\/www.arteartesania.com\/de\/?s={search_term_string}"},"query-input":{"@type":"PropertyValueSpecification","valueRequired":true,"valueName":"search_term_string"}}],"inLanguage":"de"},{"@type":"Organization","@id":"https:\/\/www.arteartesania.com\/de\/#organization","name":"Arteartesania","url":"https:\/\/www.arteartesania.com\/de\/","logo":{"@type":"ImageObject","inLanguage":"de","@id":"https:\/\/www.arteartesania.com\/de\/#\/schema\/logo\/image\/","url":"https:\/\/www.arteartesania.com\/wp-content\/uploads\/2019\/12\/cropped-logofooter.png","contentUrl":"https:\/\/www.arteartesania.com\/wp-content\/uploads\/2019\/12\/cropped-logofooter.png","width":539,"height":58,"caption":"Arteartesania"},"image":{"@id":"https:\/\/www.arteartesania.com\/de\/#\/schema\/logo\/image\/"}}]}},"_links":{"self":[{"href":"https:\/\/www.arteartesania.com\/de\/wp-json\/wp\/v2\/product\/9575"}],"collection":[{"href":"https:\/\/www.arteartesania.com\/de\/wp-json\/wp\/v2\/product"}],"about":[{"href":"https:\/\/www.arteartesania.com\/de\/wp-json\/wp\/v2\/types\/product"}],"replies":[{"embeddable":true,"href":"https:\/\/www.arteartesania.com\/de\/wp-json\/wp\/v2\/comments?post=9575"}],"wp:featuredmedia":[{"embeddable":true,"href":"https:\/\/www.arteartesania.com\/de\/wp-json\/wp\/v2\/media\/11024"}],"wp:attachment":[{"href":"https:\/\/www.arteartesania.com\/de\/wp-json\/wp\/v2\/media?parent=9575"}],"wp:term":[{"taxonomy":"product_cat","embeddable":true,"href":"https:\/\/www.arteartesania.com\/de\/wp-json\/wp\/v2\/product_cat?post=9575"},{"taxonomy":"product_tag","embeddable":true,"href":"https:\/\/www.arteartesania.com\/de\/wp-json\/wp\/v2\/product_tag?post=9575"}],"curies":[{"name":"wp","href":"https:\/\/api.w.org\/{rel}","templated":true}]}}