{"id":9502,"date":"2021-03-18T17:25:47","date_gmt":"2021-03-18T18:14:16","guid":{"rendered":"https:\/\/www.arteartesania.com\/?post_type=product&#038;p=9502"},"modified":"2021-03-19T10:35:33","modified_gmt":"2021-03-19T09:35:33","slug":"sammlung-edelsteine-%e2%80%8b%e2%80%8baus-mallorca-autor-carlos-tellechea","status":"publish","type":"product","link":"https:\/\/www.arteartesania.com\/de\/producto\/sammlung-edelsteine-%e2%80%8b%e2%80%8baus-mallorca-autor-carlos-tellechea\/","title":{"rendered":"Sammlung Edelsteine \u200b\u200baus Mallorca.  Autor Carlos Tellechea"},"content":{"rendered":"<p>Sammlung Edelsteine \u200b\u200baus Mallorca<\/p>\n<p>Mallorca Steinbrosche Set in Bronze \/ Alpaka<\/p>\n<p>Material: Strandstein, Alpaka und \/ oder Bronze<\/p>\n<p>Autor Carlos Tellechea<\/p>\n","protected":false},"excerpt":{"rendered":"<p>Sammlung Edelsteine \u200b\u200baus Mallorca<\/p>\n<p>Mallorca Steinbrosche Set in Bronze \/ Alpaka<\/p>\n<p>Material: Strandstein, Alpaka und \/ oder Bronze<\/p>\n<p>Autor Carlos Tellechea<\/p>\n","protected":false},"featured_media":9492,"comment_status":"closed","ping_status":"closed","template":"","meta":{"_acf_changed":false,"inline_featured_image":false},"product_cat":[213,247,218,243],"product_tag":[350],"class_list":{"0":"post-9502","1":"product","2":"type-product","3":"status-publish","4":"has-post-thumbnail","6":"product_cat-art-de","7":"product_cat-broschen","8":"product_cat-carlos-tellechea-de","9":"product_cat-schmuck","10":"product_tag-carlostellechea-soller-mallorca-joyeria-arteartesania-de","12":"first","13":"instock","14":"shipping-taxable","15":"purchasable","16":"product-type-simple"},"acf":[],"yoast_head":"<!-- This site is optimized with the Yoast SEO plugin v23.6 - https:\/\/yoast.com\/wordpress\/plugins\/seo\/ -->\n<title>Sammlung Edelsteine \u200b\u200baus Mallorca. Autor Carlos Tellechea - Arteartesania<\/title>\n<meta name=\"robots\" content=\"index, follow, max-snippet:-1, max-image-preview:large, max-video-preview:-1\" \/>\n<link rel=\"canonical\" href=\"https:\/\/www.arteartesania.com\/de\/producto\/sammlung-edelsteine-%e2%80%8b%e2%80%8baus-mallorca-autor-carlos-tellechea\/\" \/>\n<meta property=\"og:locale\" content=\"de_DE\" \/>\n<meta property=\"og:type\" content=\"article\" \/>\n<meta property=\"og:title\" content=\"Sammlung Edelsteine \u200b\u200baus Mallorca. Autor Carlos Tellechea - Arteartesania\" \/>\n<meta property=\"og:description\" content=\"Sammlung Edelsteine \u200b\u200baus Mallorca  Mallorca Steinbrosche Set in Bronze \/ Alpaka  Material: Strandstein, Alpaka und \/ oder Bronze  Autor Carlos Tellechea\" \/>\n<meta property=\"og:url\" content=\"https:\/\/www.arteartesania.com\/de\/producto\/sammlung-edelsteine-%e2%80%8b%e2%80%8baus-mallorca-autor-carlos-tellechea\/\" \/>\n<meta property=\"og:site_name\" content=\"Arteartesania\" \/>\n<meta property=\"article:modified_time\" content=\"2021-03-19T09:35:33+00:00\" \/>\n<meta property=\"og:image\" content=\"https:\/\/www.arteartesania.com\/wp-content\/uploads\/2021\/03\/BROCHE-PIEDRAS-PLAYA-BRONCE.jpeg\" \/>\n\t<meta property=\"og:image:width\" content=\"2328\" \/>\n\t<meta property=\"og:image:height\" content=\"2557\" \/>\n\t<meta property=\"og:image:type\" content=\"image\/jpeg\" \/>\n<meta name=\"twitter:card\" content=\"summary_large_image\" \/>\n<script type=\"application\/ld+json\" class=\"yoast-schema-graph\">{\"@context\":\"https:\/\/schema.org\",\"@graph\":[{\"@type\":\"WebPage\",\"@id\":\"https:\/\/www.arteartesania.com\/de\/producto\/sammlung-edelsteine-%e2%80%8b%e2%80%8baus-mallorca-autor-carlos-tellechea\/\",\"url\":\"https:\/\/www.arteartesania.com\/de\/producto\/sammlung-edelsteine-%e2%80%8b%e2%80%8baus-mallorca-autor-carlos-tellechea\/\",\"name\":\"Sammlung Edelsteine \u200b\u200baus Mallorca. Autor Carlos Tellechea - Arteartesania\",\"isPartOf\":{\"@id\":\"https:\/\/www.arteartesania.com\/de\/#website\"},\"primaryImageOfPage\":{\"@id\":\"https:\/\/www.arteartesania.com\/de\/producto\/sammlung-edelsteine-%e2%80%8b%e2%80%8baus-mallorca-autor-carlos-tellechea\/#primaryimage\"},\"image\":{\"@id\":\"https:\/\/www.arteartesania.com\/de\/producto\/sammlung-edelsteine-%e2%80%8b%e2%80%8baus-mallorca-autor-carlos-tellechea\/#primaryimage\"},\"thumbnailUrl\":\"https:\/\/www.arteartesania.com\/wp-content\/uploads\/2021\/03\/BROCHE-PIEDRAS-PLAYA-BRONCE.jpeg\",\"datePublished\":\"2021-03-18T18:14:16+00:00\",\"dateModified\":\"2021-03-19T09:35:33+00:00\",\"breadcrumb\":{\"@id\":\"https:\/\/www.arteartesania.com\/de\/producto\/sammlung-edelsteine-%e2%80%8b%e2%80%8baus-mallorca-autor-carlos-tellechea\/#breadcrumb\"},\"inLanguage\":\"de\",\"potentialAction\":[{\"@type\":\"ReadAction\",\"target\":[\"https:\/\/www.arteartesania.com\/de\/producto\/sammlung-edelsteine-%e2%80%8b%e2%80%8baus-mallorca-autor-carlos-tellechea\/\"]}]},{\"@type\":\"ImageObject\",\"inLanguage\":\"de\",\"@id\":\"https:\/\/www.arteartesania.com\/de\/producto\/sammlung-edelsteine-%e2%80%8b%e2%80%8baus-mallorca-autor-carlos-tellechea\/#primaryimage\",\"url\":\"https:\/\/www.arteartesania.com\/wp-content\/uploads\/2021\/03\/BROCHE-PIEDRAS-PLAYA-BRONCE.jpeg\",\"contentUrl\":\"https:\/\/www.arteartesania.com\/wp-content\/uploads\/2021\/03\/BROCHE-PIEDRAS-PLAYA-BRONCE.jpeg\",\"width\":2328,\"height\":2557,\"caption\":\"ROCHE PIEDRAS PLAYA BRONCE\"},{\"@type\":\"BreadcrumbList\",\"@id\":\"https:\/\/www.arteartesania.com\/de\/producto\/sammlung-edelsteine-%e2%80%8b%e2%80%8baus-mallorca-autor-carlos-tellechea\/#breadcrumb\",\"itemListElement\":[{\"@type\":\"ListItem\",\"position\":1,\"name\":\"Portada\",\"item\":\"https:\/\/www.arteartesania.com\/de\/\"},{\"@type\":\"ListItem\",\"position\":2,\"name\":\"Shop online\",\"item\":\"https:\/\/www.arteartesania.com\/de\/online-bastelladen\/\"},{\"@type\":\"ListItem\",\"position\":3,\"name\":\"Sammlung Edelsteine \u200b\u200baus Mallorca. Autor Carlos Tellechea\"}]},{\"@type\":\"WebSite\",\"@id\":\"https:\/\/www.arteartesania.com\/de\/#website\",\"url\":\"https:\/\/www.arteartesania.com\/de\/\",\"name\":\"Arteartesania\",\"description\":\"Original selecci\u00f3n de Artesan\u00eda Contempor\u00e1nea de Autor\",\"publisher\":{\"@id\":\"https:\/\/www.arteartesania.com\/de\/#organization\"},\"potentialAction\":[{\"@type\":\"SearchAction\",\"target\":{\"@type\":\"EntryPoint\",\"urlTemplate\":\"https:\/\/www.arteartesania.com\/de\/?s={search_term_string}\"},\"query-input\":{\"@type\":\"PropertyValueSpecification\",\"valueRequired\":true,\"valueName\":\"search_term_string\"}}],\"inLanguage\":\"de\"},{\"@type\":\"Organization\",\"@id\":\"https:\/\/www.arteartesania.com\/de\/#organization\",\"name\":\"Arteartesania\",\"url\":\"https:\/\/www.arteartesania.com\/de\/\",\"logo\":{\"@type\":\"ImageObject\",\"inLanguage\":\"de\",\"@id\":\"https:\/\/www.arteartesania.com\/de\/#\/schema\/logo\/image\/\",\"url\":\"https:\/\/www.arteartesania.com\/wp-content\/uploads\/2019\/12\/cropped-logofooter.png\",\"contentUrl\":\"https:\/\/www.arteartesania.com\/wp-content\/uploads\/2019\/12\/cropped-logofooter.png\",\"width\":539,\"height\":58,\"caption\":\"Arteartesania\"},\"image\":{\"@id\":\"https:\/\/www.arteartesania.com\/de\/#\/schema\/logo\/image\/\"}}]}<\/script>\n<!-- \/ Yoast SEO plugin. -->","yoast_head_json":{"title":"Sammlung Edelsteine \u200b\u200baus Mallorca. Autor Carlos Tellechea - Arteartesania","robots":{"index":"index","follow":"follow","max-snippet":"max-snippet:-1","max-image-preview":"max-image-preview:large","max-video-preview":"max-video-preview:-1"},"canonical":"https:\/\/www.arteartesania.com\/de\/producto\/sammlung-edelsteine-%e2%80%8b%e2%80%8baus-mallorca-autor-carlos-tellechea\/","og_locale":"de_DE","og_type":"article","og_title":"Sammlung Edelsteine \u200b\u200baus Mallorca. Autor Carlos Tellechea - Arteartesania","og_description":"Sammlung Edelsteine \u200b\u200baus Mallorca  Mallorca Steinbrosche Set in Bronze \/ Alpaka  Material: Strandstein, Alpaka und \/ oder Bronze  Autor Carlos Tellechea","og_url":"https:\/\/www.arteartesania.com\/de\/producto\/sammlung-edelsteine-%e2%80%8b%e2%80%8baus-mallorca-autor-carlos-tellechea\/","og_site_name":"Arteartesania","article_modified_time":"2021-03-19T09:35:33+00:00","og_image":[{"width":2328,"height":2557,"url":"https:\/\/www.arteartesania.com\/wp-content\/uploads\/2021\/03\/BROCHE-PIEDRAS-PLAYA-BRONCE.jpeg","type":"image\/jpeg"}],"twitter_card":"summary_large_image","schema":{"@context":"https:\/\/schema.org","@graph":[{"@type":"WebPage","@id":"https:\/\/www.arteartesania.com\/de\/producto\/sammlung-edelsteine-%e2%80%8b%e2%80%8baus-mallorca-autor-carlos-tellechea\/","url":"https:\/\/www.arteartesania.com\/de\/producto\/sammlung-edelsteine-%e2%80%8b%e2%80%8baus-mallorca-autor-carlos-tellechea\/","name":"Sammlung Edelsteine \u200b\u200baus Mallorca. Autor Carlos Tellechea - Arteartesania","isPartOf":{"@id":"https:\/\/www.arteartesania.com\/de\/#website"},"primaryImageOfPage":{"@id":"https:\/\/www.arteartesania.com\/de\/producto\/sammlung-edelsteine-%e2%80%8b%e2%80%8baus-mallorca-autor-carlos-tellechea\/#primaryimage"},"image":{"@id":"https:\/\/www.arteartesania.com\/de\/producto\/sammlung-edelsteine-%e2%80%8b%e2%80%8baus-mallorca-autor-carlos-tellechea\/#primaryimage"},"thumbnailUrl":"https:\/\/www.arteartesania.com\/wp-content\/uploads\/2021\/03\/BROCHE-PIEDRAS-PLAYA-BRONCE.jpeg","datePublished":"2021-03-18T18:14:16+00:00","dateModified":"2021-03-19T09:35:33+00:00","breadcrumb":{"@id":"https:\/\/www.arteartesania.com\/de\/producto\/sammlung-edelsteine-%e2%80%8b%e2%80%8baus-mallorca-autor-carlos-tellechea\/#breadcrumb"},"inLanguage":"de","potentialAction":[{"@type":"ReadAction","target":["https:\/\/www.arteartesania.com\/de\/producto\/sammlung-edelsteine-%e2%80%8b%e2%80%8baus-mallorca-autor-carlos-tellechea\/"]}]},{"@type":"ImageObject","inLanguage":"de","@id":"https:\/\/www.arteartesania.com\/de\/producto\/sammlung-edelsteine-%e2%80%8b%e2%80%8baus-mallorca-autor-carlos-tellechea\/#primaryimage","url":"https:\/\/www.arteartesania.com\/wp-content\/uploads\/2021\/03\/BROCHE-PIEDRAS-PLAYA-BRONCE.jpeg","contentUrl":"https:\/\/www.arteartesania.com\/wp-content\/uploads\/2021\/03\/BROCHE-PIEDRAS-PLAYA-BRONCE.jpeg","width":2328,"height":2557,"caption":"ROCHE PIEDRAS PLAYA BRONCE"},{"@type":"BreadcrumbList","@id":"https:\/\/www.arteartesania.com\/de\/producto\/sammlung-edelsteine-%e2%80%8b%e2%80%8baus-mallorca-autor-carlos-tellechea\/#breadcrumb","itemListElement":[{"@type":"ListItem","position":1,"name":"Portada","item":"https:\/\/www.arteartesania.com\/de\/"},{"@type":"ListItem","position":2,"name":"Shop online","item":"https:\/\/www.arteartesania.com\/de\/online-bastelladen\/"},{"@type":"ListItem","position":3,"name":"Sammlung Edelsteine \u200b\u200baus Mallorca. Autor Carlos Tellechea"}]},{"@type":"WebSite","@id":"https:\/\/www.arteartesania.com\/de\/#website","url":"https:\/\/www.arteartesania.com\/de\/","name":"Arteartesania","description":"Original selecci\u00f3n de Artesan\u00eda Contempor\u00e1nea de Autor","publisher":{"@id":"https:\/\/www.arteartesania.com\/de\/#organization"},"potentialAction":[{"@type":"SearchAction","target":{"@type":"EntryPoint","urlTemplate":"https:\/\/www.arteartesania.com\/de\/?s={search_term_string}"},"query-input":{"@type":"PropertyValueSpecification","valueRequired":true,"valueName":"search_term_string"}}],"inLanguage":"de"},{"@type":"Organization","@id":"https:\/\/www.arteartesania.com\/de\/#organization","name":"Arteartesania","url":"https:\/\/www.arteartesania.com\/de\/","logo":{"@type":"ImageObject","inLanguage":"de","@id":"https:\/\/www.arteartesania.com\/de\/#\/schema\/logo\/image\/","url":"https:\/\/www.arteartesania.com\/wp-content\/uploads\/2019\/12\/cropped-logofooter.png","contentUrl":"https:\/\/www.arteartesania.com\/wp-content\/uploads\/2019\/12\/cropped-logofooter.png","width":539,"height":58,"caption":"Arteartesania"},"image":{"@id":"https:\/\/www.arteartesania.com\/de\/#\/schema\/logo\/image\/"}}]}},"_links":{"self":[{"href":"https:\/\/www.arteartesania.com\/de\/wp-json\/wp\/v2\/product\/9502"}],"collection":[{"href":"https:\/\/www.arteartesania.com\/de\/wp-json\/wp\/v2\/product"}],"about":[{"href":"https:\/\/www.arteartesania.com\/de\/wp-json\/wp\/v2\/types\/product"}],"replies":[{"embeddable":true,"href":"https:\/\/www.arteartesania.com\/de\/wp-json\/wp\/v2\/comments?post=9502"}],"wp:featuredmedia":[{"embeddable":true,"href":"https:\/\/www.arteartesania.com\/de\/wp-json\/wp\/v2\/media\/9492"}],"wp:attachment":[{"href":"https:\/\/www.arteartesania.com\/de\/wp-json\/wp\/v2\/media?parent=9502"}],"wp:term":[{"taxonomy":"product_cat","embeddable":true,"href":"https:\/\/www.arteartesania.com\/de\/wp-json\/wp\/v2\/product_cat?post=9502"},{"taxonomy":"product_tag","embeddable":true,"href":"https:\/\/www.arteartesania.com\/de\/wp-json\/wp\/v2\/product_tag?post=9502"}],"curies":[{"name":"wp","href":"https:\/\/api.w.org\/{rel}","templated":true}]}}