{"id":9446,"date":"2021-03-16T13:17:57","date_gmt":"2021-03-16T12:19:30","guid":{"rendered":"https:\/\/www.arteartesania.com\/?post_type=product&#038;p=9446"},"modified":"2021-03-16T13:19:31","modified_gmt":"2021-03-16T12:19:31","slug":"keum-boo-ring-offen","status":"publish","type":"product","link":"https:\/\/www.arteartesania.com\/de\/producto\/keum-boo-ring-offen\/","title":{"rendered":"Keum-Boo-Ring offen"},"content":{"rendered":"<p>Keum-Boo-Ring aus Sterlingsilber mit 18 Kt Gold-Inlays. Die &#8222;Keum-Boo&#8220; -Technik erm\u00f6glicht das Einbetten von Goldfragmenten in das Silber unter Anwendung von W\u00e4rme und Druck, so dass es implementiert wird.<\/p>\n<p>Dieser Ring ist komplett handgefertigt von Bernat Fortesa.<\/p>\n<p>Die Gr\u00f6\u00dfe ist leicht einstellbar.<\/p>\n","protected":false},"excerpt":{"rendered":"<p>MATERIALIEN: Sterling Silber mit 18 Karat Gold Inlays von Keum-Boo.<br \/>\nGR\u00d6SSE: 20 (einstellbar)<br \/>\nAUTOR: Bernat Fortesa<\/p>\n","protected":false},"featured_media":9425,"comment_status":"closed","ping_status":"closed","template":"","meta":{"_acf_changed":false,"inline_featured_image":false},"product_brand":[],"product_cat":[244,243],"product_tag":[439],"class_list":{"0":"post-9446","1":"product","2":"type-product","3":"status-publish","4":"has-post-thumbnail","6":"product_cat-ringe","7":"product_cat-schmuck","8":"product_tag-anillo-de","10":"first","11":"onbackorder","12":"shipping-taxable","13":"purchasable","14":"product-type-simple"},"acf":[],"yoast_head":"<!-- This site is optimized with the Yoast SEO plugin v27.6 - https:\/\/yoast.com\/product\/yoast-seo-wordpress\/ -->\n<title>Keum-Boo-Ring offen - Arteartesania<\/title>\n<meta name=\"robots\" content=\"index, follow, max-snippet:-1, max-image-preview:large, max-video-preview:-1\" \/>\n<link rel=\"canonical\" href=\"https:\/\/www.arteartesania.com\/de\/producto\/keum-boo-ring-offen\/\" \/>\n<meta property=\"og:locale\" content=\"de_DE\" \/>\n<meta property=\"og:type\" content=\"article\" \/>\n<meta property=\"og:title\" content=\"Keum-Boo-Ring offen - Arteartesania\" \/>\n<meta property=\"og:description\" content=\"MATERIALIEN: Sterling Silber mit 18 Karat Gold Inlays von Keum-Boo. GR\u00d6SSE: 20 (einstellbar) AUTOR: Bernat Fortesa\" \/>\n<meta property=\"og:url\" content=\"https:\/\/www.arteartesania.com\/de\/producto\/keum-boo-ring-offen\/\" \/>\n<meta property=\"og:site_name\" content=\"Arteartesania\" \/>\n<meta property=\"article:modified_time\" content=\"2021-03-16T12:19:31+00:00\" \/>\n<meta property=\"og:image\" content=\"https:\/\/www.arteartesania.com\/wp-content\/uploads\/2020\/10\/ANILLO_KOOMBOO_ABIERTO_4.jpg\" \/>\n\t<meta property=\"og:image:width\" content=\"2560\" \/>\n\t<meta property=\"og:image:height\" content=\"2560\" \/>\n\t<meta property=\"og:image:type\" content=\"image\/jpeg\" \/>\n<meta name=\"twitter:card\" content=\"summary_large_image\" \/>\n<script type=\"application\/ld+json\" class=\"yoast-schema-graph\">{\"@context\":\"https:\\\/\\\/schema.org\",\"@graph\":[{\"@type\":\"WebPage\",\"@id\":\"https:\\\/\\\/www.arteartesania.com\\\/de\\\/producto\\\/keum-boo-ring-offen\\\/\",\"url\":\"https:\\\/\\\/www.arteartesania.com\\\/de\\\/producto\\\/keum-boo-ring-offen\\\/\",\"name\":\"Keum-Boo-Ring offen - Arteartesania\",\"isPartOf\":{\"@id\":\"https:\\\/\\\/www.arteartesania.com\\\/de\\\/#website\"},\"primaryImageOfPage\":{\"@id\":\"https:\\\/\\\/www.arteartesania.com\\\/de\\\/producto\\\/keum-boo-ring-offen\\\/#primaryimage\"},\"image\":{\"@id\":\"https:\\\/\\\/www.arteartesania.com\\\/de\\\/producto\\\/keum-boo-ring-offen\\\/#primaryimage\"},\"thumbnailUrl\":\"https:\\\/\\\/www.arteartesania.com\\\/wp-content\\\/uploads\\\/2020\\\/10\\\/ANILLO_KOOMBOO_ABIERTO_4.jpg\",\"datePublished\":\"2021-03-16T12:19:30+00:00\",\"dateModified\":\"2021-03-16T12:19:31+00:00\",\"breadcrumb\":{\"@id\":\"https:\\\/\\\/www.arteartesania.com\\\/de\\\/producto\\\/keum-boo-ring-offen\\\/#breadcrumb\"},\"inLanguage\":\"de\",\"potentialAction\":[{\"@type\":\"ReadAction\",\"target\":[\"https:\\\/\\\/www.arteartesania.com\\\/de\\\/producto\\\/keum-boo-ring-offen\\\/\"]}]},{\"@type\":\"ImageObject\",\"inLanguage\":\"de\",\"@id\":\"https:\\\/\\\/www.arteartesania.com\\\/de\\\/producto\\\/keum-boo-ring-offen\\\/#primaryimage\",\"url\":\"https:\\\/\\\/www.arteartesania.com\\\/wp-content\\\/uploads\\\/2020\\\/10\\\/ANILLO_KOOMBOO_ABIERTO_4.jpg\",\"contentUrl\":\"https:\\\/\\\/www.arteartesania.com\\\/wp-content\\\/uploads\\\/2020\\\/10\\\/ANILLO_KOOMBOO_ABIERTO_4.jpg\",\"width\":2560,\"height\":2560,\"caption\":\"joyer\u00eda artesanal de autor\"},{\"@type\":\"BreadcrumbList\",\"@id\":\"https:\\\/\\\/www.arteartesania.com\\\/de\\\/producto\\\/keum-boo-ring-offen\\\/#breadcrumb\",\"itemListElement\":[{\"@type\":\"ListItem\",\"position\":1,\"name\":\"Portada\",\"item\":\"https:\\\/\\\/www.arteartesania.com\\\/de\\\/\"},{\"@type\":\"ListItem\",\"position\":2,\"name\":\"Shop online\",\"item\":\"https:\\\/\\\/www.arteartesania.com\\\/de\\\/online-bastelladen\\\/\"},{\"@type\":\"ListItem\",\"position\":3,\"name\":\"Keum-Boo-Ring offen\"}]},{\"@type\":\"WebSite\",\"@id\":\"https:\\\/\\\/www.arteartesania.com\\\/de\\\/#website\",\"url\":\"https:\\\/\\\/www.arteartesania.com\\\/de\\\/\",\"name\":\"Arteartesania\",\"description\":\"Original selecci\u00f3n de Artesan\u00eda Contempor\u00e1nea de Autor\",\"publisher\":{\"@id\":\"https:\\\/\\\/www.arteartesania.com\\\/de\\\/#organization\"},\"potentialAction\":[{\"@type\":\"SearchAction\",\"target\":{\"@type\":\"EntryPoint\",\"urlTemplate\":\"https:\\\/\\\/www.arteartesania.com\\\/de\\\/?s={search_term_string}\"},\"query-input\":{\"@type\":\"PropertyValueSpecification\",\"valueRequired\":true,\"valueName\":\"search_term_string\"}}],\"inLanguage\":\"de\"},{\"@type\":\"Organization\",\"@id\":\"https:\\\/\\\/www.arteartesania.com\\\/de\\\/#organization\",\"name\":\"Arteartesania\",\"url\":\"https:\\\/\\\/www.arteartesania.com\\\/de\\\/\",\"logo\":{\"@type\":\"ImageObject\",\"inLanguage\":\"de\",\"@id\":\"https:\\\/\\\/www.arteartesania.com\\\/de\\\/#\\\/schema\\\/logo\\\/image\\\/\",\"url\":\"https:\\\/\\\/www.arteartesania.com\\\/wp-content\\\/uploads\\\/2019\\\/12\\\/cropped-logofooter.png\",\"contentUrl\":\"https:\\\/\\\/www.arteartesania.com\\\/wp-content\\\/uploads\\\/2019\\\/12\\\/cropped-logofooter.png\",\"width\":539,\"height\":58,\"caption\":\"Arteartesania\"},\"image\":{\"@id\":\"https:\\\/\\\/www.arteartesania.com\\\/de\\\/#\\\/schema\\\/logo\\\/image\\\/\"}}]}<\/script>\n<!-- \/ Yoast SEO plugin. -->","yoast_head_json":{"title":"Keum-Boo-Ring offen - Arteartesania","robots":{"index":"index","follow":"follow","max-snippet":"max-snippet:-1","max-image-preview":"max-image-preview:large","max-video-preview":"max-video-preview:-1"},"canonical":"https:\/\/www.arteartesania.com\/de\/producto\/keum-boo-ring-offen\/","og_locale":"de_DE","og_type":"article","og_title":"Keum-Boo-Ring offen - Arteartesania","og_description":"MATERIALIEN: Sterling Silber mit 18 Karat Gold Inlays von Keum-Boo. GR\u00d6SSE: 20 (einstellbar) AUTOR: Bernat Fortesa","og_url":"https:\/\/www.arteartesania.com\/de\/producto\/keum-boo-ring-offen\/","og_site_name":"Arteartesania","article_modified_time":"2021-03-16T12:19:31+00:00","og_image":[{"width":2560,"height":2560,"url":"https:\/\/www.arteartesania.com\/wp-content\/uploads\/2020\/10\/ANILLO_KOOMBOO_ABIERTO_4.jpg","type":"image\/jpeg"}],"twitter_card":"summary_large_image","schema":{"@context":"https:\/\/schema.org","@graph":[{"@type":"WebPage","@id":"https:\/\/www.arteartesania.com\/de\/producto\/keum-boo-ring-offen\/","url":"https:\/\/www.arteartesania.com\/de\/producto\/keum-boo-ring-offen\/","name":"Keum-Boo-Ring offen - Arteartesania","isPartOf":{"@id":"https:\/\/www.arteartesania.com\/de\/#website"},"primaryImageOfPage":{"@id":"https:\/\/www.arteartesania.com\/de\/producto\/keum-boo-ring-offen\/#primaryimage"},"image":{"@id":"https:\/\/www.arteartesania.com\/de\/producto\/keum-boo-ring-offen\/#primaryimage"},"thumbnailUrl":"https:\/\/www.arteartesania.com\/wp-content\/uploads\/2020\/10\/ANILLO_KOOMBOO_ABIERTO_4.jpg","datePublished":"2021-03-16T12:19:30+00:00","dateModified":"2021-03-16T12:19:31+00:00","breadcrumb":{"@id":"https:\/\/www.arteartesania.com\/de\/producto\/keum-boo-ring-offen\/#breadcrumb"},"inLanguage":"de","potentialAction":[{"@type":"ReadAction","target":["https:\/\/www.arteartesania.com\/de\/producto\/keum-boo-ring-offen\/"]}]},{"@type":"ImageObject","inLanguage":"de","@id":"https:\/\/www.arteartesania.com\/de\/producto\/keum-boo-ring-offen\/#primaryimage","url":"https:\/\/www.arteartesania.com\/wp-content\/uploads\/2020\/10\/ANILLO_KOOMBOO_ABIERTO_4.jpg","contentUrl":"https:\/\/www.arteartesania.com\/wp-content\/uploads\/2020\/10\/ANILLO_KOOMBOO_ABIERTO_4.jpg","width":2560,"height":2560,"caption":"joyer\u00eda artesanal de autor"},{"@type":"BreadcrumbList","@id":"https:\/\/www.arteartesania.com\/de\/producto\/keum-boo-ring-offen\/#breadcrumb","itemListElement":[{"@type":"ListItem","position":1,"name":"Portada","item":"https:\/\/www.arteartesania.com\/de\/"},{"@type":"ListItem","position":2,"name":"Shop online","item":"https:\/\/www.arteartesania.com\/de\/online-bastelladen\/"},{"@type":"ListItem","position":3,"name":"Keum-Boo-Ring offen"}]},{"@type":"WebSite","@id":"https:\/\/www.arteartesania.com\/de\/#website","url":"https:\/\/www.arteartesania.com\/de\/","name":"Arteartesania","description":"Original selecci\u00f3n de Artesan\u00eda Contempor\u00e1nea de Autor","publisher":{"@id":"https:\/\/www.arteartesania.com\/de\/#organization"},"potentialAction":[{"@type":"SearchAction","target":{"@type":"EntryPoint","urlTemplate":"https:\/\/www.arteartesania.com\/de\/?s={search_term_string}"},"query-input":{"@type":"PropertyValueSpecification","valueRequired":true,"valueName":"search_term_string"}}],"inLanguage":"de"},{"@type":"Organization","@id":"https:\/\/www.arteartesania.com\/de\/#organization","name":"Arteartesania","url":"https:\/\/www.arteartesania.com\/de\/","logo":{"@type":"ImageObject","inLanguage":"de","@id":"https:\/\/www.arteartesania.com\/de\/#\/schema\/logo\/image\/","url":"https:\/\/www.arteartesania.com\/wp-content\/uploads\/2019\/12\/cropped-logofooter.png","contentUrl":"https:\/\/www.arteartesania.com\/wp-content\/uploads\/2019\/12\/cropped-logofooter.png","width":539,"height":58,"caption":"Arteartesania"},"image":{"@id":"https:\/\/www.arteartesania.com\/de\/#\/schema\/logo\/image\/"}}]}},"_links":{"self":[{"href":"https:\/\/www.arteartesania.com\/de\/wp-json\/wp\/v2\/product\/9446","targetHints":{"allow":["GET"]}}],"collection":[{"href":"https:\/\/www.arteartesania.com\/de\/wp-json\/wp\/v2\/product"}],"about":[{"href":"https:\/\/www.arteartesania.com\/de\/wp-json\/wp\/v2\/types\/product"}],"replies":[{"embeddable":true,"href":"https:\/\/www.arteartesania.com\/de\/wp-json\/wp\/v2\/comments?post=9446"}],"wp:featuredmedia":[{"embeddable":true,"href":"https:\/\/www.arteartesania.com\/de\/wp-json\/wp\/v2\/media\/9425"}],"wp:attachment":[{"href":"https:\/\/www.arteartesania.com\/de\/wp-json\/wp\/v2\/media?parent=9446"}],"wp:term":[{"taxonomy":"product_brand","embeddable":true,"href":"https:\/\/www.arteartesania.com\/de\/wp-json\/wp\/v2\/product_brand?post=9446"},{"taxonomy":"product_cat","embeddable":true,"href":"https:\/\/www.arteartesania.com\/de\/wp-json\/wp\/v2\/product_cat?post=9446"},{"taxonomy":"product_tag","embeddable":true,"href":"https:\/\/www.arteartesania.com\/de\/wp-json\/wp\/v2\/product_tag?post=9446"}],"curies":[{"name":"wp","href":"https:\/\/api.w.org\/{rel}","templated":true}]}}