{"id":9137,"date":"2021-01-15T22:25:41","date_gmt":"2021-01-15T21:34:43","guid":{"rendered":"https:\/\/www.arteartesania.com\/?post_type=product&#038;p=9137"},"modified":"2021-01-15T22:34:43","modified_gmt":"2021-01-15T21:34:43","slug":"in-oel-gemalte-tische-verfasser-jordi-carreras","status":"publish","type":"product","link":"https:\/\/www.arteartesania.com\/de\/producto\/in-oel-gemalte-tische-verfasser-jordi-carreras\/","title":{"rendered":"In \u00d6l gemalte Tische   Verfasser: Jordi Carreras"},"content":{"rendered":"<p>In \u00d6l gemalte Tische JORDI CARRERAS<\/p>\n<p>&#8222;Baum&#8220;<\/p>\n<p>Ma\u00dfe: 11 x 21 cm<\/p>\n<p>Jahr: 2020<\/p>\n<p>Verfasser: Jordi Carreras<\/p>\n<p>Jordi Carreras ist in der Lage, seine k\u00fcnstlerische Ausdruckskraft effektiv zu man\u00f6vrieren, fast ohne Ressourcen. Seine Herangehensweise an den einfachsten Teil der Sch\u00f6nheit ist so elementar, dass Ihnen die Namen vieler klassischer Maler schnell durch den Kopf gehen, wenn Sie beispielsweise versuchen, das zu erkl\u00e4ren Verwendung von Farbe in Ihrer Arbeit<\/p>\n","protected":false},"excerpt":{"rendered":"<p>Jordi Carreras ist in der Lage, seine k\u00fcnstlerische Ausdruckskraft effektiv zu man\u00f6vrieren, fast ohne Ressourcen. Seine Herangehensweise an den einfachsten Teil der Sch\u00f6nheit ist so elementar, dass Ihnen die Namen vieler klassischer Maler schnell durch den Kopf gehen, wenn Sie beispielsweise versuchen, das zu erkl\u00e4ren Verwendung von Farbe in Ihrer Arbeit<\/p>\n","protected":false},"featured_media":9134,"comment_status":"closed","ping_status":"closed","template":"","meta":{"_acf_changed":false,"inline_featured_image":false},"product_brand":[],"product_cat":[213,257,221],"product_tag":[456,457,458,459],"class_list":{"0":"post-9137","1":"product","2":"type-product","3":"status-publish","4":"has-post-thumbnail","6":"product_cat-art-de","7":"product_cat-gemaelde","8":"product_cat-jordi-carreras-de","9":"product_tag-arte-de","10":"product_tag-jordi-carreras-de","11":"product_tag-oleo-de","12":"product_tag-pintura-de","14":"first","15":"outofstock","16":"shipping-taxable","17":"purchasable","18":"product-type-simple"},"acf":[],"yoast_head":"<!-- This site is optimized with the Yoast SEO plugin v27.6 - https:\/\/yoast.com\/product\/yoast-seo-wordpress\/ -->\n<title>In \u00d6l gemalte Tische  Verfasser: Jordi Carreras - Arteartesania<\/title>\n<meta name=\"robots\" content=\"index, follow, max-snippet:-1, max-image-preview:large, max-video-preview:-1\" \/>\n<link rel=\"canonical\" href=\"https:\/\/www.arteartesania.com\/de\/producto\/in-oel-gemalte-tische-verfasser-jordi-carreras\/\" \/>\n<meta property=\"og:locale\" content=\"de_DE\" \/>\n<meta property=\"og:type\" content=\"article\" \/>\n<meta property=\"og:title\" content=\"In \u00d6l gemalte Tische  Verfasser: Jordi Carreras - Arteartesania\" \/>\n<meta property=\"og:description\" content=\"Jordi Carreras ist in der Lage, seine k\u00fcnstlerische Ausdruckskraft effektiv zu man\u00f6vrieren, fast ohne Ressourcen. Seine Herangehensweise an den einfachsten Teil der Sch\u00f6nheit ist so elementar, dass Ihnen die Namen vieler klassischer Maler schnell durch den Kopf gehen, wenn Sie beispielsweise versuchen, das zu erkl\u00e4ren Verwendung von Farbe in Ihrer Arbeit\" \/>\n<meta property=\"og:url\" content=\"https:\/\/www.arteartesania.com\/de\/producto\/in-oel-gemalte-tische-verfasser-jordi-carreras\/\" \/>\n<meta property=\"og:site_name\" content=\"Arteartesania\" \/>\n<meta property=\"og:image\" content=\"https:\/\/www.arteartesania.com\/wp-content\/uploads\/2021\/01\/JORDI_CARRERAS.jpg\" \/>\n\t<meta property=\"og:image:width\" content=\"1983\" \/>\n\t<meta property=\"og:image:height\" content=\"2560\" \/>\n\t<meta property=\"og:image:type\" content=\"image\/jpeg\" \/>\n<meta name=\"twitter:card\" content=\"summary_large_image\" \/>\n<script type=\"application\/ld+json\" class=\"yoast-schema-graph\">{\"@context\":\"https:\\\/\\\/schema.org\",\"@graph\":[{\"@type\":\"WebPage\",\"@id\":\"https:\\\/\\\/www.arteartesania.com\\\/de\\\/producto\\\/in-oel-gemalte-tische-verfasser-jordi-carreras\\\/\",\"url\":\"https:\\\/\\\/www.arteartesania.com\\\/de\\\/producto\\\/in-oel-gemalte-tische-verfasser-jordi-carreras\\\/\",\"name\":\"In \u00d6l gemalte Tische Verfasser: Jordi Carreras - Arteartesania\",\"isPartOf\":{\"@id\":\"https:\\\/\\\/www.arteartesania.com\\\/de\\\/#website\"},\"primaryImageOfPage\":{\"@id\":\"https:\\\/\\\/www.arteartesania.com\\\/de\\\/producto\\\/in-oel-gemalte-tische-verfasser-jordi-carreras\\\/#primaryimage\"},\"image\":{\"@id\":\"https:\\\/\\\/www.arteartesania.com\\\/de\\\/producto\\\/in-oel-gemalte-tische-verfasser-jordi-carreras\\\/#primaryimage\"},\"thumbnailUrl\":\"https:\\\/\\\/www.arteartesania.com\\\/wp-content\\\/uploads\\\/2021\\\/01\\\/JORDI_CARRERAS.jpg\",\"datePublished\":\"2021-01-15T21:34:43+00:00\",\"breadcrumb\":{\"@id\":\"https:\\\/\\\/www.arteartesania.com\\\/de\\\/producto\\\/in-oel-gemalte-tische-verfasser-jordi-carreras\\\/#breadcrumb\"},\"inLanguage\":\"de\",\"potentialAction\":[{\"@type\":\"ReadAction\",\"target\":[\"https:\\\/\\\/www.arteartesania.com\\\/de\\\/producto\\\/in-oel-gemalte-tische-verfasser-jordi-carreras\\\/\"]}]},{\"@type\":\"ImageObject\",\"inLanguage\":\"de\",\"@id\":\"https:\\\/\\\/www.arteartesania.com\\\/de\\\/producto\\\/in-oel-gemalte-tische-verfasser-jordi-carreras\\\/#primaryimage\",\"url\":\"https:\\\/\\\/www.arteartesania.com\\\/wp-content\\\/uploads\\\/2021\\\/01\\\/JORDI_CARRERAS.jpg\",\"contentUrl\":\"https:\\\/\\\/www.arteartesania.com\\\/wp-content\\\/uploads\\\/2021\\\/01\\\/JORDI_CARRERAS.jpg\",\"width\":1983,\"height\":2560,\"caption\":\"JORDI CARRERAS\"},{\"@type\":\"BreadcrumbList\",\"@id\":\"https:\\\/\\\/www.arteartesania.com\\\/de\\\/producto\\\/in-oel-gemalte-tische-verfasser-jordi-carreras\\\/#breadcrumb\",\"itemListElement\":[{\"@type\":\"ListItem\",\"position\":1,\"name\":\"Portada\",\"item\":\"https:\\\/\\\/www.arteartesania.com\\\/de\\\/\"},{\"@type\":\"ListItem\",\"position\":2,\"name\":\"Shop online\",\"item\":\"https:\\\/\\\/www.arteartesania.com\\\/de\\\/online-bastelladen\\\/\"},{\"@type\":\"ListItem\",\"position\":3,\"name\":\"In \u00d6l gemalte Tische Verfasser: Jordi Carreras\"}]},{\"@type\":\"WebSite\",\"@id\":\"https:\\\/\\\/www.arteartesania.com\\\/de\\\/#website\",\"url\":\"https:\\\/\\\/www.arteartesania.com\\\/de\\\/\",\"name\":\"Arteartesania\",\"description\":\"Original selecci\u00f3n de Artesan\u00eda Contempor\u00e1nea de Autor\",\"publisher\":{\"@id\":\"https:\\\/\\\/www.arteartesania.com\\\/de\\\/#organization\"},\"potentialAction\":[{\"@type\":\"SearchAction\",\"target\":{\"@type\":\"EntryPoint\",\"urlTemplate\":\"https:\\\/\\\/www.arteartesania.com\\\/de\\\/?s={search_term_string}\"},\"query-input\":{\"@type\":\"PropertyValueSpecification\",\"valueRequired\":true,\"valueName\":\"search_term_string\"}}],\"inLanguage\":\"de\"},{\"@type\":\"Organization\",\"@id\":\"https:\\\/\\\/www.arteartesania.com\\\/de\\\/#organization\",\"name\":\"Arteartesania\",\"url\":\"https:\\\/\\\/www.arteartesania.com\\\/de\\\/\",\"logo\":{\"@type\":\"ImageObject\",\"inLanguage\":\"de\",\"@id\":\"https:\\\/\\\/www.arteartesania.com\\\/de\\\/#\\\/schema\\\/logo\\\/image\\\/\",\"url\":\"https:\\\/\\\/www.arteartesania.com\\\/wp-content\\\/uploads\\\/2019\\\/12\\\/cropped-logofooter.png\",\"contentUrl\":\"https:\\\/\\\/www.arteartesania.com\\\/wp-content\\\/uploads\\\/2019\\\/12\\\/cropped-logofooter.png\",\"width\":539,\"height\":58,\"caption\":\"Arteartesania\"},\"image\":{\"@id\":\"https:\\\/\\\/www.arteartesania.com\\\/de\\\/#\\\/schema\\\/logo\\\/image\\\/\"}}]}<\/script>\n<!-- \/ Yoast SEO plugin. -->","yoast_head_json":{"title":"In \u00d6l gemalte Tische  Verfasser: Jordi Carreras - Arteartesania","robots":{"index":"index","follow":"follow","max-snippet":"max-snippet:-1","max-image-preview":"max-image-preview:large","max-video-preview":"max-video-preview:-1"},"canonical":"https:\/\/www.arteartesania.com\/de\/producto\/in-oel-gemalte-tische-verfasser-jordi-carreras\/","og_locale":"de_DE","og_type":"article","og_title":"In \u00d6l gemalte Tische  Verfasser: Jordi Carreras - Arteartesania","og_description":"Jordi Carreras ist in der Lage, seine k\u00fcnstlerische Ausdruckskraft effektiv zu man\u00f6vrieren, fast ohne Ressourcen. Seine Herangehensweise an den einfachsten Teil der Sch\u00f6nheit ist so elementar, dass Ihnen die Namen vieler klassischer Maler schnell durch den Kopf gehen, wenn Sie beispielsweise versuchen, das zu erkl\u00e4ren Verwendung von Farbe in Ihrer Arbeit","og_url":"https:\/\/www.arteartesania.com\/de\/producto\/in-oel-gemalte-tische-verfasser-jordi-carreras\/","og_site_name":"Arteartesania","og_image":[{"width":1983,"height":2560,"url":"https:\/\/www.arteartesania.com\/wp-content\/uploads\/2021\/01\/JORDI_CARRERAS.jpg","type":"image\/jpeg"}],"twitter_card":"summary_large_image","schema":{"@context":"https:\/\/schema.org","@graph":[{"@type":"WebPage","@id":"https:\/\/www.arteartesania.com\/de\/producto\/in-oel-gemalte-tische-verfasser-jordi-carreras\/","url":"https:\/\/www.arteartesania.com\/de\/producto\/in-oel-gemalte-tische-verfasser-jordi-carreras\/","name":"In \u00d6l gemalte Tische Verfasser: Jordi Carreras - Arteartesania","isPartOf":{"@id":"https:\/\/www.arteartesania.com\/de\/#website"},"primaryImageOfPage":{"@id":"https:\/\/www.arteartesania.com\/de\/producto\/in-oel-gemalte-tische-verfasser-jordi-carreras\/#primaryimage"},"image":{"@id":"https:\/\/www.arteartesania.com\/de\/producto\/in-oel-gemalte-tische-verfasser-jordi-carreras\/#primaryimage"},"thumbnailUrl":"https:\/\/www.arteartesania.com\/wp-content\/uploads\/2021\/01\/JORDI_CARRERAS.jpg","datePublished":"2021-01-15T21:34:43+00:00","breadcrumb":{"@id":"https:\/\/www.arteartesania.com\/de\/producto\/in-oel-gemalte-tische-verfasser-jordi-carreras\/#breadcrumb"},"inLanguage":"de","potentialAction":[{"@type":"ReadAction","target":["https:\/\/www.arteartesania.com\/de\/producto\/in-oel-gemalte-tische-verfasser-jordi-carreras\/"]}]},{"@type":"ImageObject","inLanguage":"de","@id":"https:\/\/www.arteartesania.com\/de\/producto\/in-oel-gemalte-tische-verfasser-jordi-carreras\/#primaryimage","url":"https:\/\/www.arteartesania.com\/wp-content\/uploads\/2021\/01\/JORDI_CARRERAS.jpg","contentUrl":"https:\/\/www.arteartesania.com\/wp-content\/uploads\/2021\/01\/JORDI_CARRERAS.jpg","width":1983,"height":2560,"caption":"JORDI CARRERAS"},{"@type":"BreadcrumbList","@id":"https:\/\/www.arteartesania.com\/de\/producto\/in-oel-gemalte-tische-verfasser-jordi-carreras\/#breadcrumb","itemListElement":[{"@type":"ListItem","position":1,"name":"Portada","item":"https:\/\/www.arteartesania.com\/de\/"},{"@type":"ListItem","position":2,"name":"Shop online","item":"https:\/\/www.arteartesania.com\/de\/online-bastelladen\/"},{"@type":"ListItem","position":3,"name":"In \u00d6l gemalte Tische Verfasser: Jordi Carreras"}]},{"@type":"WebSite","@id":"https:\/\/www.arteartesania.com\/de\/#website","url":"https:\/\/www.arteartesania.com\/de\/","name":"Arteartesania","description":"Original selecci\u00f3n de Artesan\u00eda Contempor\u00e1nea de Autor","publisher":{"@id":"https:\/\/www.arteartesania.com\/de\/#organization"},"potentialAction":[{"@type":"SearchAction","target":{"@type":"EntryPoint","urlTemplate":"https:\/\/www.arteartesania.com\/de\/?s={search_term_string}"},"query-input":{"@type":"PropertyValueSpecification","valueRequired":true,"valueName":"search_term_string"}}],"inLanguage":"de"},{"@type":"Organization","@id":"https:\/\/www.arteartesania.com\/de\/#organization","name":"Arteartesania","url":"https:\/\/www.arteartesania.com\/de\/","logo":{"@type":"ImageObject","inLanguage":"de","@id":"https:\/\/www.arteartesania.com\/de\/#\/schema\/logo\/image\/","url":"https:\/\/www.arteartesania.com\/wp-content\/uploads\/2019\/12\/cropped-logofooter.png","contentUrl":"https:\/\/www.arteartesania.com\/wp-content\/uploads\/2019\/12\/cropped-logofooter.png","width":539,"height":58,"caption":"Arteartesania"},"image":{"@id":"https:\/\/www.arteartesania.com\/de\/#\/schema\/logo\/image\/"}}]}},"_links":{"self":[{"href":"https:\/\/www.arteartesania.com\/de\/wp-json\/wp\/v2\/product\/9137","targetHints":{"allow":["GET"]}}],"collection":[{"href":"https:\/\/www.arteartesania.com\/de\/wp-json\/wp\/v2\/product"}],"about":[{"href":"https:\/\/www.arteartesania.com\/de\/wp-json\/wp\/v2\/types\/product"}],"replies":[{"embeddable":true,"href":"https:\/\/www.arteartesania.com\/de\/wp-json\/wp\/v2\/comments?post=9137"}],"wp:featuredmedia":[{"embeddable":true,"href":"https:\/\/www.arteartesania.com\/de\/wp-json\/wp\/v2\/media\/9134"}],"wp:attachment":[{"href":"https:\/\/www.arteartesania.com\/de\/wp-json\/wp\/v2\/media?parent=9137"}],"wp:term":[{"taxonomy":"product_brand","embeddable":true,"href":"https:\/\/www.arteartesania.com\/de\/wp-json\/wp\/v2\/product_brand?post=9137"},{"taxonomy":"product_cat","embeddable":true,"href":"https:\/\/www.arteartesania.com\/de\/wp-json\/wp\/v2\/product_cat?post=9137"},{"taxonomy":"product_tag","embeddable":true,"href":"https:\/\/www.arteartesania.com\/de\/wp-json\/wp\/v2\/product_tag?post=9137"}],"curies":[{"name":"wp","href":"https:\/\/api.w.org\/{rel}","templated":true}]}}