{"id":9016,"date":"2020-12-26T17:27:24","date_gmt":"2020-12-26T16:28:48","guid":{"rendered":"https:\/\/www.arteartesania.com\/?post_type=product&#038;p=9016"},"modified":"2020-12-26T17:28:48","modified_gmt":"2020-12-26T16:28:48","slug":"bronze-patina-brosche-chumberas-collection-die-kleinen","status":"publish","type":"product","link":"https:\/\/www.arteartesania.com\/de\/producto\/bronze-patina-brosche-chumberas-collection-die-kleinen\/","title":{"rendered":"Bronze Patina Brosche &#8222;CHUMBERAS Collection&#8220; (Die Kleinen)"},"content":{"rendered":"<p>Bronze Patina Brosche &#8222;CHUMBERAS Collection&#8220;<br \/>\n(Die Kleinen)<\/p>\n<p>Material: Messing, Kupferoxidpatina<\/p>\n<p>Handgemachte St\u00fccke<\/p>\n<p>Verfasser: Carlos Tellechea<\/p>\n<p>#KAKTUS<\/p>\n","protected":false},"excerpt":{"rendered":"<p>Bronze Patina Brosche &#8222;CHUMBERAS Collection&#8220;<br \/>\n(Die Kleinen)<\/p>\n<p>Material: Messing, Kupferoxidpatina<\/p>\n<p>Handgemachte St\u00fccke<\/p>\n<p>Verfasser: Carlos Tellechea<\/p>\n<p>#KAKTUS<\/p>\n","protected":false},"featured_media":9002,"comment_status":"closed","ping_status":"closed","template":"","meta":{"_acf_changed":false,"inline_featured_image":false},"product_cat":[247,218,243],"product_tag":[350,440],"class_list":{"0":"post-9016","1":"product","2":"type-product","3":"status-publish","4":"has-post-thumbnail","6":"product_cat-broschen","7":"product_cat-carlos-tellechea-de","8":"product_cat-schmuck","9":"product_tag-carlostellechea-soller-mallorca-joyeria-arteartesania-de","10":"product_tag-chumbera-de","12":"first","13":"instock","14":"shipping-taxable","15":"purchasable","16":"product-type-simple"},"acf":[],"yoast_head":"<!-- This site is optimized with the Yoast SEO plugin v23.6 - https:\/\/yoast.com\/wordpress\/plugins\/seo\/ -->\n<title>Bronze Patina Brosche &quot;CHUMBERAS Collection&quot; (Die Kleinen) - Arteartesania<\/title>\n<meta name=\"robots\" content=\"index, follow, max-snippet:-1, max-image-preview:large, max-video-preview:-1\" \/>\n<link rel=\"canonical\" href=\"https:\/\/www.arteartesania.com\/de\/producto\/bronze-patina-brosche-chumberas-collection-die-kleinen\/\" \/>\n<meta property=\"og:locale\" content=\"de_DE\" \/>\n<meta property=\"og:type\" content=\"article\" \/>\n<meta property=\"og:title\" content=\"Bronze Patina Brosche &quot;CHUMBERAS Collection&quot; (Die Kleinen) - Arteartesania\" \/>\n<meta property=\"og:description\" content=\"Bronze Patina Brosche &quot;CHUMBERAS Collection&quot; (Die Kleinen)  Material: Messing, Kupferoxidpatina  Handgemachte St\u00fccke  Verfasser: Carlos Tellechea  #KAKTUS\" \/>\n<meta property=\"og:url\" content=\"https:\/\/www.arteartesania.com\/de\/producto\/bronze-patina-brosche-chumberas-collection-die-kleinen\/\" \/>\n<meta property=\"og:site_name\" content=\"Arteartesania\" \/>\n<meta property=\"og:image\" content=\"https:\/\/www.arteartesania.com\/wp-content\/uploads\/2020\/12\/BROCHE-PEQ-CHUMBERA-2.jpg\" \/>\n\t<meta property=\"og:image:width\" content=\"2560\" \/>\n\t<meta property=\"og:image:height\" content=\"2341\" \/>\n\t<meta property=\"og:image:type\" content=\"image\/jpeg\" \/>\n<meta name=\"twitter:card\" content=\"summary_large_image\" \/>\n<script type=\"application\/ld+json\" class=\"yoast-schema-graph\">{\"@context\":\"https:\/\/schema.org\",\"@graph\":[{\"@type\":\"WebPage\",\"@id\":\"https:\/\/www.arteartesania.com\/de\/producto\/bronze-patina-brosche-chumberas-collection-die-kleinen\/\",\"url\":\"https:\/\/www.arteartesania.com\/de\/producto\/bronze-patina-brosche-chumberas-collection-die-kleinen\/\",\"name\":\"Bronze Patina Brosche \\\"CHUMBERAS Collection\\\" (Die Kleinen) - Arteartesania\",\"isPartOf\":{\"@id\":\"https:\/\/www.arteartesania.com\/de\/#website\"},\"primaryImageOfPage\":{\"@id\":\"https:\/\/www.arteartesania.com\/de\/producto\/bronze-patina-brosche-chumberas-collection-die-kleinen\/#primaryimage\"},\"image\":{\"@id\":\"https:\/\/www.arteartesania.com\/de\/producto\/bronze-patina-brosche-chumberas-collection-die-kleinen\/#primaryimage\"},\"thumbnailUrl\":\"https:\/\/www.arteartesania.com\/wp-content\/uploads\/2020\/12\/BROCHE-PEQ-CHUMBERA-2.jpg\",\"datePublished\":\"2020-12-26T16:28:48+00:00\",\"dateModified\":\"2020-12-26T16:28:48+00:00\",\"breadcrumb\":{\"@id\":\"https:\/\/www.arteartesania.com\/de\/producto\/bronze-patina-brosche-chumberas-collection-die-kleinen\/#breadcrumb\"},\"inLanguage\":\"de\",\"potentialAction\":[{\"@type\":\"ReadAction\",\"target\":[\"https:\/\/www.arteartesania.com\/de\/producto\/bronze-patina-brosche-chumberas-collection-die-kleinen\/\"]}]},{\"@type\":\"ImageObject\",\"inLanguage\":\"de\",\"@id\":\"https:\/\/www.arteartesania.com\/de\/producto\/bronze-patina-brosche-chumberas-collection-die-kleinen\/#primaryimage\",\"url\":\"https:\/\/www.arteartesania.com\/wp-content\/uploads\/2020\/12\/BROCHE-PEQ-CHUMBERA-2.jpg\",\"contentUrl\":\"https:\/\/www.arteartesania.com\/wp-content\/uploads\/2020\/12\/BROCHE-PEQ-CHUMBERA-2.jpg\",\"width\":2560,\"height\":2341,\"caption\":\"BROCHE PEQ CHUMBERA BRONCE\"},{\"@type\":\"BreadcrumbList\",\"@id\":\"https:\/\/www.arteartesania.com\/de\/producto\/bronze-patina-brosche-chumberas-collection-die-kleinen\/#breadcrumb\",\"itemListElement\":[{\"@type\":\"ListItem\",\"position\":1,\"name\":\"Portada\",\"item\":\"https:\/\/www.arteartesania.com\/de\/\"},{\"@type\":\"ListItem\",\"position\":2,\"name\":\"Shop online\",\"item\":\"https:\/\/www.arteartesania.com\/de\/online-bastelladen\/\"},{\"@type\":\"ListItem\",\"position\":3,\"name\":\"Bronze Patina Brosche \u00abCHUMBERAS Collection\u00bb (Die Kleinen)\"}]},{\"@type\":\"WebSite\",\"@id\":\"https:\/\/www.arteartesania.com\/de\/#website\",\"url\":\"https:\/\/www.arteartesania.com\/de\/\",\"name\":\"Arteartesania\",\"description\":\"Original selecci\u00f3n de Artesan\u00eda Contempor\u00e1nea de Autor\",\"publisher\":{\"@id\":\"https:\/\/www.arteartesania.com\/de\/#organization\"},\"potentialAction\":[{\"@type\":\"SearchAction\",\"target\":{\"@type\":\"EntryPoint\",\"urlTemplate\":\"https:\/\/www.arteartesania.com\/de\/?s={search_term_string}\"},\"query-input\":{\"@type\":\"PropertyValueSpecification\",\"valueRequired\":true,\"valueName\":\"search_term_string\"}}],\"inLanguage\":\"de\"},{\"@type\":\"Organization\",\"@id\":\"https:\/\/www.arteartesania.com\/de\/#organization\",\"name\":\"Arteartesania\",\"url\":\"https:\/\/www.arteartesania.com\/de\/\",\"logo\":{\"@type\":\"ImageObject\",\"inLanguage\":\"de\",\"@id\":\"https:\/\/www.arteartesania.com\/de\/#\/schema\/logo\/image\/\",\"url\":\"https:\/\/www.arteartesania.com\/wp-content\/uploads\/2019\/12\/cropped-logofooter.png\",\"contentUrl\":\"https:\/\/www.arteartesania.com\/wp-content\/uploads\/2019\/12\/cropped-logofooter.png\",\"width\":539,\"height\":58,\"caption\":\"Arteartesania\"},\"image\":{\"@id\":\"https:\/\/www.arteartesania.com\/de\/#\/schema\/logo\/image\/\"}}]}<\/script>\n<!-- \/ Yoast SEO plugin. -->","yoast_head_json":{"title":"Bronze Patina Brosche \"CHUMBERAS Collection\" (Die Kleinen) - Arteartesania","robots":{"index":"index","follow":"follow","max-snippet":"max-snippet:-1","max-image-preview":"max-image-preview:large","max-video-preview":"max-video-preview:-1"},"canonical":"https:\/\/www.arteartesania.com\/de\/producto\/bronze-patina-brosche-chumberas-collection-die-kleinen\/","og_locale":"de_DE","og_type":"article","og_title":"Bronze Patina Brosche \"CHUMBERAS Collection\" (Die Kleinen) - Arteartesania","og_description":"Bronze Patina Brosche \"CHUMBERAS Collection\" (Die Kleinen)  Material: Messing, Kupferoxidpatina  Handgemachte St\u00fccke  Verfasser: Carlos Tellechea  #KAKTUS","og_url":"https:\/\/www.arteartesania.com\/de\/producto\/bronze-patina-brosche-chumberas-collection-die-kleinen\/","og_site_name":"Arteartesania","og_image":[{"width":2560,"height":2341,"url":"https:\/\/www.arteartesania.com\/wp-content\/uploads\/2020\/12\/BROCHE-PEQ-CHUMBERA-2.jpg","type":"image\/jpeg"}],"twitter_card":"summary_large_image","schema":{"@context":"https:\/\/schema.org","@graph":[{"@type":"WebPage","@id":"https:\/\/www.arteartesania.com\/de\/producto\/bronze-patina-brosche-chumberas-collection-die-kleinen\/","url":"https:\/\/www.arteartesania.com\/de\/producto\/bronze-patina-brosche-chumberas-collection-die-kleinen\/","name":"Bronze Patina Brosche \"CHUMBERAS Collection\" (Die Kleinen) - Arteartesania","isPartOf":{"@id":"https:\/\/www.arteartesania.com\/de\/#website"},"primaryImageOfPage":{"@id":"https:\/\/www.arteartesania.com\/de\/producto\/bronze-patina-brosche-chumberas-collection-die-kleinen\/#primaryimage"},"image":{"@id":"https:\/\/www.arteartesania.com\/de\/producto\/bronze-patina-brosche-chumberas-collection-die-kleinen\/#primaryimage"},"thumbnailUrl":"https:\/\/www.arteartesania.com\/wp-content\/uploads\/2020\/12\/BROCHE-PEQ-CHUMBERA-2.jpg","datePublished":"2020-12-26T16:28:48+00:00","dateModified":"2020-12-26T16:28:48+00:00","breadcrumb":{"@id":"https:\/\/www.arteartesania.com\/de\/producto\/bronze-patina-brosche-chumberas-collection-die-kleinen\/#breadcrumb"},"inLanguage":"de","potentialAction":[{"@type":"ReadAction","target":["https:\/\/www.arteartesania.com\/de\/producto\/bronze-patina-brosche-chumberas-collection-die-kleinen\/"]}]},{"@type":"ImageObject","inLanguage":"de","@id":"https:\/\/www.arteartesania.com\/de\/producto\/bronze-patina-brosche-chumberas-collection-die-kleinen\/#primaryimage","url":"https:\/\/www.arteartesania.com\/wp-content\/uploads\/2020\/12\/BROCHE-PEQ-CHUMBERA-2.jpg","contentUrl":"https:\/\/www.arteartesania.com\/wp-content\/uploads\/2020\/12\/BROCHE-PEQ-CHUMBERA-2.jpg","width":2560,"height":2341,"caption":"BROCHE PEQ CHUMBERA BRONCE"},{"@type":"BreadcrumbList","@id":"https:\/\/www.arteartesania.com\/de\/producto\/bronze-patina-brosche-chumberas-collection-die-kleinen\/#breadcrumb","itemListElement":[{"@type":"ListItem","position":1,"name":"Portada","item":"https:\/\/www.arteartesania.com\/de\/"},{"@type":"ListItem","position":2,"name":"Shop online","item":"https:\/\/www.arteartesania.com\/de\/online-bastelladen\/"},{"@type":"ListItem","position":3,"name":"Bronze Patina Brosche \u00abCHUMBERAS Collection\u00bb (Die Kleinen)"}]},{"@type":"WebSite","@id":"https:\/\/www.arteartesania.com\/de\/#website","url":"https:\/\/www.arteartesania.com\/de\/","name":"Arteartesania","description":"Original selecci\u00f3n de Artesan\u00eda Contempor\u00e1nea de Autor","publisher":{"@id":"https:\/\/www.arteartesania.com\/de\/#organization"},"potentialAction":[{"@type":"SearchAction","target":{"@type":"EntryPoint","urlTemplate":"https:\/\/www.arteartesania.com\/de\/?s={search_term_string}"},"query-input":{"@type":"PropertyValueSpecification","valueRequired":true,"valueName":"search_term_string"}}],"inLanguage":"de"},{"@type":"Organization","@id":"https:\/\/www.arteartesania.com\/de\/#organization","name":"Arteartesania","url":"https:\/\/www.arteartesania.com\/de\/","logo":{"@type":"ImageObject","inLanguage":"de","@id":"https:\/\/www.arteartesania.com\/de\/#\/schema\/logo\/image\/","url":"https:\/\/www.arteartesania.com\/wp-content\/uploads\/2019\/12\/cropped-logofooter.png","contentUrl":"https:\/\/www.arteartesania.com\/wp-content\/uploads\/2019\/12\/cropped-logofooter.png","width":539,"height":58,"caption":"Arteartesania"},"image":{"@id":"https:\/\/www.arteartesania.com\/de\/#\/schema\/logo\/image\/"}}]}},"_links":{"self":[{"href":"https:\/\/www.arteartesania.com\/de\/wp-json\/wp\/v2\/product\/9016"}],"collection":[{"href":"https:\/\/www.arteartesania.com\/de\/wp-json\/wp\/v2\/product"}],"about":[{"href":"https:\/\/www.arteartesania.com\/de\/wp-json\/wp\/v2\/types\/product"}],"replies":[{"embeddable":true,"href":"https:\/\/www.arteartesania.com\/de\/wp-json\/wp\/v2\/comments?post=9016"}],"wp:featuredmedia":[{"embeddable":true,"href":"https:\/\/www.arteartesania.com\/de\/wp-json\/wp\/v2\/media\/9002"}],"wp:attachment":[{"href":"https:\/\/www.arteartesania.com\/de\/wp-json\/wp\/v2\/media?parent=9016"}],"wp:term":[{"taxonomy":"product_cat","embeddable":true,"href":"https:\/\/www.arteartesania.com\/de\/wp-json\/wp\/v2\/product_cat?post=9016"},{"taxonomy":"product_tag","embeddable":true,"href":"https:\/\/www.arteartesania.com\/de\/wp-json\/wp\/v2\/product_tag?post=9016"}],"curies":[{"name":"wp","href":"https:\/\/api.w.org\/{rel}","templated":true}]}}