{"id":8402,"date":"2020-10-17T11:44:29","date_gmt":"2020-10-17T09:47:09","guid":{"rendered":"https:\/\/www.arteartesania.com\/?post_type=product&#038;p=8402"},"modified":"2020-10-17T11:47:09","modified_gmt":"2020-10-17T09:47:09","slug":"armband-goldblaetter","status":"publish","type":"product","link":"https:\/\/www.arteartesania.com\/de\/producto\/armband-goldblaetter\/","title":{"rendered":"Armband &#8222;Goldbl\u00e4tter&#8220;"},"content":{"rendered":"<p>ST\u00dcCK: Armband aus der Kollektion &#8222;Goldbl\u00e4tter&#8220;<br \/>\nMATERIAL: 925 Silber mit 22 Karat Goldapplikation<br \/>\nAUTOR: Carlos Tellechea<\/p>\n<p>Da es sich um handgefertigte St\u00fccke handelt, gibt es KEINE zwei identischen St\u00fccke, sie haben alle kleine Variationen.<\/p>\n<p>&nbsp;<\/p>\n","protected":false},"excerpt":{"rendered":"<p>ST\u00dcCK: Armband aus der Kollektion &#8222;Goldbl\u00e4tter&#8220; MATERIAL: 925 Silber mit 22 Karat Goldapplikation AUTOR: Carlos Tellechea Da es sich um handgefertigte St\u00fccke handelt, gibt es KEINE zwei identischen St\u00fccke, sie haben alle kleine Variationen. &nbsp;<\/p>\n","protected":false},"featured_media":8410,"comment_status":"closed","ping_status":"closed","template":"","meta":{"_acf_changed":false,"inline_featured_image":false},"product_cat":[246,218,243],"product_tag":[350],"class_list":{"0":"post-8402","1":"product","2":"type-product","3":"status-publish","4":"has-post-thumbnail","6":"product_cat-armreifen","7":"product_cat-carlos-tellechea-de","8":"product_cat-schmuck","9":"product_tag-carlostellechea-soller-mallorca-joyeria-arteartesania-de","11":"first","12":"instock","13":"shipping-taxable","14":"purchasable","15":"product-type-variable"},"acf":[],"yoast_head":"<!-- This site is optimized with the Yoast SEO plugin v23.6 - https:\/\/yoast.com\/wordpress\/plugins\/seo\/ -->\n<title>Armband &quot;Goldbl\u00e4tter&quot; - Arteartesania<\/title>\n<meta name=\"robots\" content=\"index, follow, max-snippet:-1, max-image-preview:large, max-video-preview:-1\" \/>\n<link rel=\"canonical\" href=\"https:\/\/www.arteartesania.com\/de\/producto\/armband-goldblaetter\/\" \/>\n<meta property=\"og:locale\" content=\"de_DE\" \/>\n<meta property=\"og:type\" content=\"article\" \/>\n<meta property=\"og:title\" content=\"Armband &quot;Goldbl\u00e4tter&quot; - Arteartesania\" \/>\n<meta property=\"og:description\" content=\"ST\u00dcCK: Armband aus der Kollektion &#8222;Goldbl\u00e4tter&#8220; MATERIAL: 925 Silber mit 22 Karat Goldapplikation AUTOR: Carlos Tellechea Da es sich um handgefertigte St\u00fccke handelt, gibt es KEINE zwei identischen St\u00fccke, sie haben alle kleine Variationen. &nbsp;\" \/>\n<meta property=\"og:url\" content=\"https:\/\/www.arteartesania.com\/de\/producto\/armband-goldblaetter\/\" \/>\n<meta property=\"og:site_name\" content=\"Arteartesania\" \/>\n<meta property=\"og:image\" content=\"https:\/\/www.arteartesania.com\/wp-content\/uploads\/2020\/10\/BRAZALETE_HOJAS_GRANDE01_OROjpeg.jpg\" \/>\n\t<meta property=\"og:image:width\" content=\"2560\" \/>\n\t<meta property=\"og:image:height\" content=\"2560\" \/>\n\t<meta property=\"og:image:type\" content=\"image\/jpeg\" \/>\n<meta name=\"twitter:card\" content=\"summary_large_image\" \/>\n<script type=\"application\/ld+json\" class=\"yoast-schema-graph\">{\"@context\":\"https:\/\/schema.org\",\"@graph\":[{\"@type\":\"WebPage\",\"@id\":\"https:\/\/www.arteartesania.com\/de\/producto\/armband-goldblaetter\/\",\"url\":\"https:\/\/www.arteartesania.com\/de\/producto\/armband-goldblaetter\/\",\"name\":\"Armband \\\"Goldbl\u00e4tter\\\" - Arteartesania\",\"isPartOf\":{\"@id\":\"https:\/\/www.arteartesania.com\/de\/#website\"},\"primaryImageOfPage\":{\"@id\":\"https:\/\/www.arteartesania.com\/de\/producto\/armband-goldblaetter\/#primaryimage\"},\"image\":{\"@id\":\"https:\/\/www.arteartesania.com\/de\/producto\/armband-goldblaetter\/#primaryimage\"},\"thumbnailUrl\":\"https:\/\/www.arteartesania.com\/wp-content\/uploads\/2020\/10\/BRAZALETE_HOJAS_GRANDE01_OROjpeg.jpg\",\"datePublished\":\"2020-10-17T09:47:09+00:00\",\"dateModified\":\"2020-10-17T09:47:09+00:00\",\"breadcrumb\":{\"@id\":\"https:\/\/www.arteartesania.com\/de\/producto\/armband-goldblaetter\/#breadcrumb\"},\"inLanguage\":\"de\",\"potentialAction\":[{\"@type\":\"ReadAction\",\"target\":[\"https:\/\/www.arteartesania.com\/de\/producto\/armband-goldblaetter\/\"]}]},{\"@type\":\"ImageObject\",\"inLanguage\":\"de\",\"@id\":\"https:\/\/www.arteartesania.com\/de\/producto\/armband-goldblaetter\/#primaryimage\",\"url\":\"https:\/\/www.arteartesania.com\/wp-content\/uploads\/2020\/10\/BRAZALETE_HOJAS_GRANDE01_OROjpeg.jpg\",\"contentUrl\":\"https:\/\/www.arteartesania.com\/wp-content\/uploads\/2020\/10\/BRAZALETE_HOJAS_GRANDE01_OROjpeg.jpg\",\"width\":2560,\"height\":2560,\"caption\":\"joyer\u00eda artesanal de autor\"},{\"@type\":\"BreadcrumbList\",\"@id\":\"https:\/\/www.arteartesania.com\/de\/producto\/armband-goldblaetter\/#breadcrumb\",\"itemListElement\":[{\"@type\":\"ListItem\",\"position\":1,\"name\":\"Portada\",\"item\":\"https:\/\/www.arteartesania.com\/de\/\"},{\"@type\":\"ListItem\",\"position\":2,\"name\":\"Shop online\",\"item\":\"https:\/\/www.arteartesania.com\/de\/online-bastelladen\/\"},{\"@type\":\"ListItem\",\"position\":3,\"name\":\"Armband \u00abGoldbl\u00e4tter\u00bb\"}]},{\"@type\":\"WebSite\",\"@id\":\"https:\/\/www.arteartesania.com\/de\/#website\",\"url\":\"https:\/\/www.arteartesania.com\/de\/\",\"name\":\"Arteartesania\",\"description\":\"Original selecci\u00f3n de Artesan\u00eda Contempor\u00e1nea de Autor\",\"publisher\":{\"@id\":\"https:\/\/www.arteartesania.com\/de\/#organization\"},\"potentialAction\":[{\"@type\":\"SearchAction\",\"target\":{\"@type\":\"EntryPoint\",\"urlTemplate\":\"https:\/\/www.arteartesania.com\/de\/?s={search_term_string}\"},\"query-input\":{\"@type\":\"PropertyValueSpecification\",\"valueRequired\":true,\"valueName\":\"search_term_string\"}}],\"inLanguage\":\"de\"},{\"@type\":\"Organization\",\"@id\":\"https:\/\/www.arteartesania.com\/de\/#organization\",\"name\":\"Arteartesania\",\"url\":\"https:\/\/www.arteartesania.com\/de\/\",\"logo\":{\"@type\":\"ImageObject\",\"inLanguage\":\"de\",\"@id\":\"https:\/\/www.arteartesania.com\/de\/#\/schema\/logo\/image\/\",\"url\":\"https:\/\/www.arteartesania.com\/wp-content\/uploads\/2019\/12\/cropped-logofooter.png\",\"contentUrl\":\"https:\/\/www.arteartesania.com\/wp-content\/uploads\/2019\/12\/cropped-logofooter.png\",\"width\":539,\"height\":58,\"caption\":\"Arteartesania\"},\"image\":{\"@id\":\"https:\/\/www.arteartesania.com\/de\/#\/schema\/logo\/image\/\"}}]}<\/script>\n<!-- \/ Yoast SEO plugin. -->","yoast_head_json":{"title":"Armband \"Goldbl\u00e4tter\" - Arteartesania","robots":{"index":"index","follow":"follow","max-snippet":"max-snippet:-1","max-image-preview":"max-image-preview:large","max-video-preview":"max-video-preview:-1"},"canonical":"https:\/\/www.arteartesania.com\/de\/producto\/armband-goldblaetter\/","og_locale":"de_DE","og_type":"article","og_title":"Armband \"Goldbl\u00e4tter\" - Arteartesania","og_description":"ST\u00dcCK: Armband aus der Kollektion &#8222;Goldbl\u00e4tter&#8220; MATERIAL: 925 Silber mit 22 Karat Goldapplikation AUTOR: Carlos Tellechea Da es sich um handgefertigte St\u00fccke handelt, gibt es KEINE zwei identischen St\u00fccke, sie haben alle kleine Variationen. &nbsp;","og_url":"https:\/\/www.arteartesania.com\/de\/producto\/armband-goldblaetter\/","og_site_name":"Arteartesania","og_image":[{"width":2560,"height":2560,"url":"https:\/\/www.arteartesania.com\/wp-content\/uploads\/2020\/10\/BRAZALETE_HOJAS_GRANDE01_OROjpeg.jpg","type":"image\/jpeg"}],"twitter_card":"summary_large_image","schema":{"@context":"https:\/\/schema.org","@graph":[{"@type":"WebPage","@id":"https:\/\/www.arteartesania.com\/de\/producto\/armband-goldblaetter\/","url":"https:\/\/www.arteartesania.com\/de\/producto\/armband-goldblaetter\/","name":"Armband \"Goldbl\u00e4tter\" - Arteartesania","isPartOf":{"@id":"https:\/\/www.arteartesania.com\/de\/#website"},"primaryImageOfPage":{"@id":"https:\/\/www.arteartesania.com\/de\/producto\/armband-goldblaetter\/#primaryimage"},"image":{"@id":"https:\/\/www.arteartesania.com\/de\/producto\/armband-goldblaetter\/#primaryimage"},"thumbnailUrl":"https:\/\/www.arteartesania.com\/wp-content\/uploads\/2020\/10\/BRAZALETE_HOJAS_GRANDE01_OROjpeg.jpg","datePublished":"2020-10-17T09:47:09+00:00","dateModified":"2020-10-17T09:47:09+00:00","breadcrumb":{"@id":"https:\/\/www.arteartesania.com\/de\/producto\/armband-goldblaetter\/#breadcrumb"},"inLanguage":"de","potentialAction":[{"@type":"ReadAction","target":["https:\/\/www.arteartesania.com\/de\/producto\/armband-goldblaetter\/"]}]},{"@type":"ImageObject","inLanguage":"de","@id":"https:\/\/www.arteartesania.com\/de\/producto\/armband-goldblaetter\/#primaryimage","url":"https:\/\/www.arteartesania.com\/wp-content\/uploads\/2020\/10\/BRAZALETE_HOJAS_GRANDE01_OROjpeg.jpg","contentUrl":"https:\/\/www.arteartesania.com\/wp-content\/uploads\/2020\/10\/BRAZALETE_HOJAS_GRANDE01_OROjpeg.jpg","width":2560,"height":2560,"caption":"joyer\u00eda artesanal de autor"},{"@type":"BreadcrumbList","@id":"https:\/\/www.arteartesania.com\/de\/producto\/armband-goldblaetter\/#breadcrumb","itemListElement":[{"@type":"ListItem","position":1,"name":"Portada","item":"https:\/\/www.arteartesania.com\/de\/"},{"@type":"ListItem","position":2,"name":"Shop online","item":"https:\/\/www.arteartesania.com\/de\/online-bastelladen\/"},{"@type":"ListItem","position":3,"name":"Armband \u00abGoldbl\u00e4tter\u00bb"}]},{"@type":"WebSite","@id":"https:\/\/www.arteartesania.com\/de\/#website","url":"https:\/\/www.arteartesania.com\/de\/","name":"Arteartesania","description":"Original selecci\u00f3n de Artesan\u00eda Contempor\u00e1nea de Autor","publisher":{"@id":"https:\/\/www.arteartesania.com\/de\/#organization"},"potentialAction":[{"@type":"SearchAction","target":{"@type":"EntryPoint","urlTemplate":"https:\/\/www.arteartesania.com\/de\/?s={search_term_string}"},"query-input":{"@type":"PropertyValueSpecification","valueRequired":true,"valueName":"search_term_string"}}],"inLanguage":"de"},{"@type":"Organization","@id":"https:\/\/www.arteartesania.com\/de\/#organization","name":"Arteartesania","url":"https:\/\/www.arteartesania.com\/de\/","logo":{"@type":"ImageObject","inLanguage":"de","@id":"https:\/\/www.arteartesania.com\/de\/#\/schema\/logo\/image\/","url":"https:\/\/www.arteartesania.com\/wp-content\/uploads\/2019\/12\/cropped-logofooter.png","contentUrl":"https:\/\/www.arteartesania.com\/wp-content\/uploads\/2019\/12\/cropped-logofooter.png","width":539,"height":58,"caption":"Arteartesania"},"image":{"@id":"https:\/\/www.arteartesania.com\/de\/#\/schema\/logo\/image\/"}}]}},"_links":{"self":[{"href":"https:\/\/www.arteartesania.com\/de\/wp-json\/wp\/v2\/product\/8402"}],"collection":[{"href":"https:\/\/www.arteartesania.com\/de\/wp-json\/wp\/v2\/product"}],"about":[{"href":"https:\/\/www.arteartesania.com\/de\/wp-json\/wp\/v2\/types\/product"}],"replies":[{"embeddable":true,"href":"https:\/\/www.arteartesania.com\/de\/wp-json\/wp\/v2\/comments?post=8402"}],"wp:featuredmedia":[{"embeddable":true,"href":"https:\/\/www.arteartesania.com\/de\/wp-json\/wp\/v2\/media\/8410"}],"wp:attachment":[{"href":"https:\/\/www.arteartesania.com\/de\/wp-json\/wp\/v2\/media?parent=8402"}],"wp:term":[{"taxonomy":"product_cat","embeddable":true,"href":"https:\/\/www.arteartesania.com\/de\/wp-json\/wp\/v2\/product_cat?post=8402"},{"taxonomy":"product_tag","embeddable":true,"href":"https:\/\/www.arteartesania.com\/de\/wp-json\/wp\/v2\/product_tag?post=8402"}],"curies":[{"name":"wp","href":"https:\/\/api.w.org\/{rel}","templated":true}]}}