{"id":8367,"date":"2020-10-16T14:59:05","date_gmt":"2020-10-16T13:00:15","guid":{"rendered":"https:\/\/www.arteartesania.com\/?post_type=product&#038;p=8367"},"modified":"2021-10-01T11:53:08","modified_gmt":"2021-10-01T09:53:08","slug":"silberohrringe-mit-ebenholzeinlagen-2","status":"publish","type":"product","link":"https:\/\/www.arteartesania.com\/de\/producto\/silberohrringe-mit-ebenholzeinlagen-2\/","title":{"rendered":"Silberohrringe mit Ebenholzeinlagen"},"content":{"rendered":"<p>ST\u00dcCK: Ohrringe aus Silber mit Ebenholz-Intarsien<br \/>\nMATERIAL: 925er Silber und Ebenholz<\/p>\n<p><em><strong>Gro\u00dfe Ohrringe:<\/strong><\/em><\/p>\n<p>Gesamtl\u00e4nge; 3,5 cm<\/p>\n<p>Ebenholz L\u00e4nge: 2,5 cm<\/p>\n<p><strong><em>Mittlere Ohrringe:<\/em><\/strong><\/p>\n<p>Gesamtl\u00e4nge: 2,5cm<\/p>\n<p>Ebenholz L\u00e4nge: 1,5 cm<\/p>\n<p>AUTOR: Carlos Tellechea<\/p>\n","protected":false},"excerpt":{"rendered":"<p>ST\u00dcCK: Ohrringe aus Silber mit Ebenholz-Intarsien<br \/>\nMATERIAL: 925er Silber und Ebenholz<\/p>\n<p><em><strong>Gro\u00dfe Ohrringe:<\/strong><\/em><\/p>\n<p>Gesamtl\u00e4nge; 3,5 cm<\/p>\n<p>Ebenholz L\u00e4nge: 2,5 cm<\/p>\n<p><strong><em>Mittlere Ohrringe:<\/em><\/strong><\/p>\n<p>Gesamtl\u00e4nge: 2,5cm<\/p>\n<p>Ebenholz L\u00e4nge: 1,5 cm<\/p>\n<p>AUTOR: Carlos Tellechea<\/p>\n","protected":false},"featured_media":8351,"comment_status":"closed","ping_status":"closed","template":"","meta":{"_acf_changed":false,"inline_featured_image":false},"product_cat":[218,250,243],"product_tag":[350],"class_list":{"0":"post-8367","1":"product","2":"type-product","3":"status-publish","4":"has-post-thumbnail","6":"product_cat-carlos-tellechea-de","7":"product_cat-ohrringe","8":"product_cat-schmuck","9":"product_tag-carlostellechea-soller-mallorca-joyeria-arteartesania-de","11":"first","12":"instock","13":"sold-individually","14":"shipping-taxable","15":"purchasable","16":"product-type-variable"},"acf":[],"yoast_head":"<!-- This site is optimized with the Yoast SEO plugin v23.6 - https:\/\/yoast.com\/wordpress\/plugins\/seo\/ -->\n<title>Silberohrringe mit Ebenholzeinlagen - Arteartesania<\/title>\n<meta name=\"robots\" content=\"index, follow, max-snippet:-1, max-image-preview:large, max-video-preview:-1\" \/>\n<link rel=\"canonical\" href=\"https:\/\/www.arteartesania.com\/de\/producto\/silberohrringe-mit-ebenholzeinlagen-2\/\" \/>\n<meta property=\"og:locale\" content=\"de_DE\" \/>\n<meta property=\"og:type\" content=\"article\" \/>\n<meta property=\"og:title\" content=\"Silberohrringe mit Ebenholzeinlagen - Arteartesania\" \/>\n<meta property=\"og:description\" content=\"ST\u00dcCK: Ohrringe aus Silber mit Ebenholz-Intarsien MATERIAL: 925er Silber und Ebenholz  Gro\u00dfe Ohrringe:  Gesamtl\u00e4nge; 3,5 cm  Ebenholz L\u00e4nge: 2,5 cm  Mittlere Ohrringe:  Gesamtl\u00e4nge: 2,5cm  Ebenholz L\u00e4nge: 1,5 cm  AUTOR: Carlos Tellechea\" \/>\n<meta property=\"og:url\" content=\"https:\/\/www.arteartesania.com\/de\/producto\/silberohrringe-mit-ebenholzeinlagen-2\/\" \/>\n<meta property=\"og:site_name\" content=\"Arteartesania\" \/>\n<meta property=\"article:modified_time\" content=\"2021-10-01T09:53:08+00:00\" \/>\n<meta property=\"og:image\" content=\"https:\/\/www.arteartesania.com\/wp-content\/uploads\/2020\/10\/PENDIENTES_PLATA_E\u0301BANO_GANCHO_GRANDES_2.jpg\" \/>\n\t<meta property=\"og:image:width\" content=\"1000\" \/>\n\t<meta property=\"og:image:height\" content=\"1000\" \/>\n\t<meta property=\"og:image:type\" content=\"image\/jpeg\" \/>\n<meta name=\"twitter:card\" content=\"summary_large_image\" \/>\n<meta name=\"twitter:label1\" content=\"Gesch\u00e4tzte Lesezeit\" \/>\n\t<meta name=\"twitter:data1\" content=\"1\u00a0Minute\" \/>\n<script type=\"application\/ld+json\" class=\"yoast-schema-graph\">{\"@context\":\"https:\/\/schema.org\",\"@graph\":[{\"@type\":\"WebPage\",\"@id\":\"https:\/\/www.arteartesania.com\/de\/producto\/silberohrringe-mit-ebenholzeinlagen-2\/\",\"url\":\"https:\/\/www.arteartesania.com\/de\/producto\/silberohrringe-mit-ebenholzeinlagen-2\/\",\"name\":\"Silberohrringe mit Ebenholzeinlagen - Arteartesania\",\"isPartOf\":{\"@id\":\"https:\/\/www.arteartesania.com\/de\/#website\"},\"primaryImageOfPage\":{\"@id\":\"https:\/\/www.arteartesania.com\/de\/producto\/silberohrringe-mit-ebenholzeinlagen-2\/#primaryimage\"},\"image\":{\"@id\":\"https:\/\/www.arteartesania.com\/de\/producto\/silberohrringe-mit-ebenholzeinlagen-2\/#primaryimage\"},\"thumbnailUrl\":\"https:\/\/www.arteartesania.com\/wp-content\/uploads\/2020\/10\/PENDIENTES_PLATA_E\u0301BANO_GANCHO_GRANDES_2.jpg\",\"datePublished\":\"2020-10-16T13:00:15+00:00\",\"dateModified\":\"2021-10-01T09:53:08+00:00\",\"breadcrumb\":{\"@id\":\"https:\/\/www.arteartesania.com\/de\/producto\/silberohrringe-mit-ebenholzeinlagen-2\/#breadcrumb\"},\"inLanguage\":\"de\",\"potentialAction\":[{\"@type\":\"ReadAction\",\"target\":[\"https:\/\/www.arteartesania.com\/de\/producto\/silberohrringe-mit-ebenholzeinlagen-2\/\"]}]},{\"@type\":\"ImageObject\",\"inLanguage\":\"de\",\"@id\":\"https:\/\/www.arteartesania.com\/de\/producto\/silberohrringe-mit-ebenholzeinlagen-2\/#primaryimage\",\"url\":\"https:\/\/www.arteartesania.com\/wp-content\/uploads\/2020\/10\/PENDIENTES_PLATA_E\u0301BANO_GANCHO_GRANDES_2.jpg\",\"contentUrl\":\"https:\/\/www.arteartesania.com\/wp-content\/uploads\/2020\/10\/PENDIENTES_PLATA_E\u0301BANO_GANCHO_GRANDES_2.jpg\",\"width\":1000,\"height\":1000},{\"@type\":\"BreadcrumbList\",\"@id\":\"https:\/\/www.arteartesania.com\/de\/producto\/silberohrringe-mit-ebenholzeinlagen-2\/#breadcrumb\",\"itemListElement\":[{\"@type\":\"ListItem\",\"position\":1,\"name\":\"Portada\",\"item\":\"https:\/\/www.arteartesania.com\/de\/\"},{\"@type\":\"ListItem\",\"position\":2,\"name\":\"Shop online\",\"item\":\"https:\/\/www.arteartesania.com\/de\/online-bastelladen\/\"},{\"@type\":\"ListItem\",\"position\":3,\"name\":\"Silberohrringe mit Ebenholzeinlagen\"}]},{\"@type\":\"WebSite\",\"@id\":\"https:\/\/www.arteartesania.com\/de\/#website\",\"url\":\"https:\/\/www.arteartesania.com\/de\/\",\"name\":\"Arteartesania\",\"description\":\"Original selecci\u00f3n de Artesan\u00eda Contempor\u00e1nea de Autor\",\"publisher\":{\"@id\":\"https:\/\/www.arteartesania.com\/de\/#organization\"},\"potentialAction\":[{\"@type\":\"SearchAction\",\"target\":{\"@type\":\"EntryPoint\",\"urlTemplate\":\"https:\/\/www.arteartesania.com\/de\/?s={search_term_string}\"},\"query-input\":{\"@type\":\"PropertyValueSpecification\",\"valueRequired\":true,\"valueName\":\"search_term_string\"}}],\"inLanguage\":\"de\"},{\"@type\":\"Organization\",\"@id\":\"https:\/\/www.arteartesania.com\/de\/#organization\",\"name\":\"Arteartesania\",\"url\":\"https:\/\/www.arteartesania.com\/de\/\",\"logo\":{\"@type\":\"ImageObject\",\"inLanguage\":\"de\",\"@id\":\"https:\/\/www.arteartesania.com\/de\/#\/schema\/logo\/image\/\",\"url\":\"https:\/\/www.arteartesania.com\/wp-content\/uploads\/2019\/12\/cropped-logofooter.png\",\"contentUrl\":\"https:\/\/www.arteartesania.com\/wp-content\/uploads\/2019\/12\/cropped-logofooter.png\",\"width\":539,\"height\":58,\"caption\":\"Arteartesania\"},\"image\":{\"@id\":\"https:\/\/www.arteartesania.com\/de\/#\/schema\/logo\/image\/\"}}]}<\/script>\n<!-- \/ Yoast SEO plugin. -->","yoast_head_json":{"title":"Silberohrringe mit Ebenholzeinlagen - Arteartesania","robots":{"index":"index","follow":"follow","max-snippet":"max-snippet:-1","max-image-preview":"max-image-preview:large","max-video-preview":"max-video-preview:-1"},"canonical":"https:\/\/www.arteartesania.com\/de\/producto\/silberohrringe-mit-ebenholzeinlagen-2\/","og_locale":"de_DE","og_type":"article","og_title":"Silberohrringe mit Ebenholzeinlagen - Arteartesania","og_description":"ST\u00dcCK: Ohrringe aus Silber mit Ebenholz-Intarsien MATERIAL: 925er Silber und Ebenholz  Gro\u00dfe Ohrringe:  Gesamtl\u00e4nge; 3,5 cm  Ebenholz L\u00e4nge: 2,5 cm  Mittlere Ohrringe:  Gesamtl\u00e4nge: 2,5cm  Ebenholz L\u00e4nge: 1,5 cm  AUTOR: Carlos Tellechea","og_url":"https:\/\/www.arteartesania.com\/de\/producto\/silberohrringe-mit-ebenholzeinlagen-2\/","og_site_name":"Arteartesania","article_modified_time":"2021-10-01T09:53:08+00:00","og_image":[{"width":1000,"height":1000,"url":"https:\/\/www.arteartesania.com\/wp-content\/uploads\/2020\/10\/PENDIENTES_PLATA_E\u0301BANO_GANCHO_GRANDES_2.jpg","type":"image\/jpeg"}],"twitter_card":"summary_large_image","twitter_misc":{"Gesch\u00e4tzte Lesezeit":"1\u00a0Minute"},"schema":{"@context":"https:\/\/schema.org","@graph":[{"@type":"WebPage","@id":"https:\/\/www.arteartesania.com\/de\/producto\/silberohrringe-mit-ebenholzeinlagen-2\/","url":"https:\/\/www.arteartesania.com\/de\/producto\/silberohrringe-mit-ebenholzeinlagen-2\/","name":"Silberohrringe mit Ebenholzeinlagen - Arteartesania","isPartOf":{"@id":"https:\/\/www.arteartesania.com\/de\/#website"},"primaryImageOfPage":{"@id":"https:\/\/www.arteartesania.com\/de\/producto\/silberohrringe-mit-ebenholzeinlagen-2\/#primaryimage"},"image":{"@id":"https:\/\/www.arteartesania.com\/de\/producto\/silberohrringe-mit-ebenholzeinlagen-2\/#primaryimage"},"thumbnailUrl":"https:\/\/www.arteartesania.com\/wp-content\/uploads\/2020\/10\/PENDIENTES_PLATA_E\u0301BANO_GANCHO_GRANDES_2.jpg","datePublished":"2020-10-16T13:00:15+00:00","dateModified":"2021-10-01T09:53:08+00:00","breadcrumb":{"@id":"https:\/\/www.arteartesania.com\/de\/producto\/silberohrringe-mit-ebenholzeinlagen-2\/#breadcrumb"},"inLanguage":"de","potentialAction":[{"@type":"ReadAction","target":["https:\/\/www.arteartesania.com\/de\/producto\/silberohrringe-mit-ebenholzeinlagen-2\/"]}]},{"@type":"ImageObject","inLanguage":"de","@id":"https:\/\/www.arteartesania.com\/de\/producto\/silberohrringe-mit-ebenholzeinlagen-2\/#primaryimage","url":"https:\/\/www.arteartesania.com\/wp-content\/uploads\/2020\/10\/PENDIENTES_PLATA_E\u0301BANO_GANCHO_GRANDES_2.jpg","contentUrl":"https:\/\/www.arteartesania.com\/wp-content\/uploads\/2020\/10\/PENDIENTES_PLATA_E\u0301BANO_GANCHO_GRANDES_2.jpg","width":1000,"height":1000},{"@type":"BreadcrumbList","@id":"https:\/\/www.arteartesania.com\/de\/producto\/silberohrringe-mit-ebenholzeinlagen-2\/#breadcrumb","itemListElement":[{"@type":"ListItem","position":1,"name":"Portada","item":"https:\/\/www.arteartesania.com\/de\/"},{"@type":"ListItem","position":2,"name":"Shop online","item":"https:\/\/www.arteartesania.com\/de\/online-bastelladen\/"},{"@type":"ListItem","position":3,"name":"Silberohrringe mit Ebenholzeinlagen"}]},{"@type":"WebSite","@id":"https:\/\/www.arteartesania.com\/de\/#website","url":"https:\/\/www.arteartesania.com\/de\/","name":"Arteartesania","description":"Original selecci\u00f3n de Artesan\u00eda Contempor\u00e1nea de Autor","publisher":{"@id":"https:\/\/www.arteartesania.com\/de\/#organization"},"potentialAction":[{"@type":"SearchAction","target":{"@type":"EntryPoint","urlTemplate":"https:\/\/www.arteartesania.com\/de\/?s={search_term_string}"},"query-input":{"@type":"PropertyValueSpecification","valueRequired":true,"valueName":"search_term_string"}}],"inLanguage":"de"},{"@type":"Organization","@id":"https:\/\/www.arteartesania.com\/de\/#organization","name":"Arteartesania","url":"https:\/\/www.arteartesania.com\/de\/","logo":{"@type":"ImageObject","inLanguage":"de","@id":"https:\/\/www.arteartesania.com\/de\/#\/schema\/logo\/image\/","url":"https:\/\/www.arteartesania.com\/wp-content\/uploads\/2019\/12\/cropped-logofooter.png","contentUrl":"https:\/\/www.arteartesania.com\/wp-content\/uploads\/2019\/12\/cropped-logofooter.png","width":539,"height":58,"caption":"Arteartesania"},"image":{"@id":"https:\/\/www.arteartesania.com\/de\/#\/schema\/logo\/image\/"}}]}},"_links":{"self":[{"href":"https:\/\/www.arteartesania.com\/de\/wp-json\/wp\/v2\/product\/8367"}],"collection":[{"href":"https:\/\/www.arteartesania.com\/de\/wp-json\/wp\/v2\/product"}],"about":[{"href":"https:\/\/www.arteartesania.com\/de\/wp-json\/wp\/v2\/types\/product"}],"replies":[{"embeddable":true,"href":"https:\/\/www.arteartesania.com\/de\/wp-json\/wp\/v2\/comments?post=8367"}],"wp:featuredmedia":[{"embeddable":true,"href":"https:\/\/www.arteartesania.com\/de\/wp-json\/wp\/v2\/media\/8351"}],"wp:attachment":[{"href":"https:\/\/www.arteartesania.com\/de\/wp-json\/wp\/v2\/media?parent=8367"}],"wp:term":[{"taxonomy":"product_cat","embeddable":true,"href":"https:\/\/www.arteartesania.com\/de\/wp-json\/wp\/v2\/product_cat?post=8367"},{"taxonomy":"product_tag","embeddable":true,"href":"https:\/\/www.arteartesania.com\/de\/wp-json\/wp\/v2\/product_tag?post=8367"}],"curies":[{"name":"wp","href":"https:\/\/api.w.org\/{rel}","templated":true}]}}