{"id":8004,"date":"2020-09-22T19:00:05","date_gmt":"2020-09-22T17:01:31","guid":{"rendered":"https:\/\/www.arteartesania.com\/?post_type=product&#038;p=8004"},"modified":"2020-09-22T19:07:54","modified_gmt":"2020-09-22T17:07:54","slug":"offener-ring-mit-granat-in-gold","status":"publish","type":"product","link":"https:\/\/www.arteartesania.com\/de\/producto\/offener-ring-mit-granat-in-gold\/","title":{"rendered":"Offener Ring mit Granat in Gold"},"content":{"rendered":"<p>ST\u00dcCK: Offener Ring mit Granat in Gold<\/p>\n<p>MATERIAL: 925er Silber mit geschnitztem Granat, eingefasst in 18 Karat Gold.<\/p>\n<p>GR\u00d6SSE: 15 (16 mm)<\/p>\n<p>AUTOR: Bernat Fortesa<\/p>\n","protected":false},"excerpt":{"rendered":"<p>ST\u00dcCK: Offener Ring mit Granat in Gold<\/p>\n<p>MATERIAL: 925er Silber mit geschnitztem Granat, eingefasst in 18 Karat Gold.<\/p>\n<p>GR\u00d6SSE: 15 (16 mm)<\/p>\n<p>AUTOR: Bernat Fortesa<\/p>\n","protected":false},"featured_media":7993,"comment_status":"closed","ping_status":"closed","template":"","meta":{"_acf_changed":false,"inline_featured_image":false},"product_cat":[244,243],"product_tag":[350],"class_list":{"0":"post-8004","1":"product","2":"type-product","3":"status-publish","4":"has-post-thumbnail","6":"product_cat-ringe","7":"product_cat-schmuck","8":"product_tag-carlostellechea-soller-mallorca-joyeria-arteartesania-de","10":"first","11":"instock","12":"shipping-taxable","13":"purchasable","14":"product-type-simple"},"acf":[],"yoast_head":"<!-- This site is optimized with the Yoast SEO plugin v23.6 - https:\/\/yoast.com\/wordpress\/plugins\/seo\/ -->\n<title>Offener Ring mit Granat in Gold - Arteartesania<\/title>\n<meta name=\"robots\" content=\"index, follow, max-snippet:-1, max-image-preview:large, max-video-preview:-1\" \/>\n<link rel=\"canonical\" href=\"https:\/\/www.arteartesania.com\/de\/producto\/offener-ring-mit-granat-in-gold\/\" \/>\n<meta property=\"og:locale\" content=\"de_DE\" \/>\n<meta property=\"og:type\" content=\"article\" \/>\n<meta property=\"og:title\" content=\"Offener Ring mit Granat in Gold - Arteartesania\" \/>\n<meta property=\"og:description\" content=\"ST\u00dcCK: Offener Ring mit Granat in Gold  MATERIAL: 925er Silber mit geschnitztem Granat, eingefasst in 18 Karat Gold.  GR\u00d6SSE: 15 (16 mm)  AUTOR: Bernat Fortesa\" \/>\n<meta property=\"og:url\" content=\"https:\/\/www.arteartesania.com\/de\/producto\/offener-ring-mit-granat-in-gold\/\" \/>\n<meta property=\"og:site_name\" content=\"Arteartesania\" \/>\n<meta property=\"article:modified_time\" content=\"2020-09-22T17:07:54+00:00\" \/>\n<meta property=\"og:image\" content=\"https:\/\/www.arteartesania.com\/wp-content\/uploads\/2020\/09\/IMG_2585-1024x683.jpg\" \/>\n\t<meta property=\"og:image:width\" content=\"1024\" \/>\n\t<meta property=\"og:image:height\" content=\"683\" \/>\n\t<meta property=\"og:image:type\" content=\"image\/jpeg\" \/>\n<meta name=\"twitter:card\" content=\"summary_large_image\" \/>\n<script type=\"application\/ld+json\" class=\"yoast-schema-graph\">{\"@context\":\"https:\/\/schema.org\",\"@graph\":[{\"@type\":\"WebPage\",\"@id\":\"https:\/\/www.arteartesania.com\/de\/producto\/offener-ring-mit-granat-in-gold\/\",\"url\":\"https:\/\/www.arteartesania.com\/de\/producto\/offener-ring-mit-granat-in-gold\/\",\"name\":\"Offener Ring mit Granat in Gold - Arteartesania\",\"isPartOf\":{\"@id\":\"https:\/\/www.arteartesania.com\/de\/#website\"},\"primaryImageOfPage\":{\"@id\":\"https:\/\/www.arteartesania.com\/de\/producto\/offener-ring-mit-granat-in-gold\/#primaryimage\"},\"image\":{\"@id\":\"https:\/\/www.arteartesania.com\/de\/producto\/offener-ring-mit-granat-in-gold\/#primaryimage\"},\"thumbnailUrl\":\"https:\/\/www.arteartesania.com\/wp-content\/uploads\/2020\/09\/IMG_2585.jpg\",\"datePublished\":\"2020-09-22T17:01:31+00:00\",\"dateModified\":\"2020-09-22T17:07:54+00:00\",\"breadcrumb\":{\"@id\":\"https:\/\/www.arteartesania.com\/de\/producto\/offener-ring-mit-granat-in-gold\/#breadcrumb\"},\"inLanguage\":\"de\",\"potentialAction\":[{\"@type\":\"ReadAction\",\"target\":[\"https:\/\/www.arteartesania.com\/de\/producto\/offener-ring-mit-granat-in-gold\/\"]}]},{\"@type\":\"ImageObject\",\"inLanguage\":\"de\",\"@id\":\"https:\/\/www.arteartesania.com\/de\/producto\/offener-ring-mit-granat-in-gold\/#primaryimage\",\"url\":\"https:\/\/www.arteartesania.com\/wp-content\/uploads\/2020\/09\/IMG_2585.jpg\",\"contentUrl\":\"https:\/\/www.arteartesania.com\/wp-content\/uploads\/2020\/09\/IMG_2585.jpg\",\"width\":2560,\"height\":1707},{\"@type\":\"BreadcrumbList\",\"@id\":\"https:\/\/www.arteartesania.com\/de\/producto\/offener-ring-mit-granat-in-gold\/#breadcrumb\",\"itemListElement\":[{\"@type\":\"ListItem\",\"position\":1,\"name\":\"Portada\",\"item\":\"https:\/\/www.arteartesania.com\/de\/\"},{\"@type\":\"ListItem\",\"position\":2,\"name\":\"Shop online\",\"item\":\"https:\/\/www.arteartesania.com\/de\/online-bastelladen\/\"},{\"@type\":\"ListItem\",\"position\":3,\"name\":\"Offener Ring mit Granat in Gold\"}]},{\"@type\":\"WebSite\",\"@id\":\"https:\/\/www.arteartesania.com\/de\/#website\",\"url\":\"https:\/\/www.arteartesania.com\/de\/\",\"name\":\"Arteartesania\",\"description\":\"Original selecci\u00f3n de Artesan\u00eda Contempor\u00e1nea de Autor\",\"publisher\":{\"@id\":\"https:\/\/www.arteartesania.com\/de\/#organization\"},\"potentialAction\":[{\"@type\":\"SearchAction\",\"target\":{\"@type\":\"EntryPoint\",\"urlTemplate\":\"https:\/\/www.arteartesania.com\/de\/?s={search_term_string}\"},\"query-input\":{\"@type\":\"PropertyValueSpecification\",\"valueRequired\":true,\"valueName\":\"search_term_string\"}}],\"inLanguage\":\"de\"},{\"@type\":\"Organization\",\"@id\":\"https:\/\/www.arteartesania.com\/de\/#organization\",\"name\":\"Arteartesania\",\"url\":\"https:\/\/www.arteartesania.com\/de\/\",\"logo\":{\"@type\":\"ImageObject\",\"inLanguage\":\"de\",\"@id\":\"https:\/\/www.arteartesania.com\/de\/#\/schema\/logo\/image\/\",\"url\":\"https:\/\/www.arteartesania.com\/wp-content\/uploads\/2019\/12\/cropped-logofooter.png\",\"contentUrl\":\"https:\/\/www.arteartesania.com\/wp-content\/uploads\/2019\/12\/cropped-logofooter.png\",\"width\":539,\"height\":58,\"caption\":\"Arteartesania\"},\"image\":{\"@id\":\"https:\/\/www.arteartesania.com\/de\/#\/schema\/logo\/image\/\"}}]}<\/script>\n<!-- \/ Yoast SEO plugin. -->","yoast_head_json":{"title":"Offener Ring mit Granat in Gold - Arteartesania","robots":{"index":"index","follow":"follow","max-snippet":"max-snippet:-1","max-image-preview":"max-image-preview:large","max-video-preview":"max-video-preview:-1"},"canonical":"https:\/\/www.arteartesania.com\/de\/producto\/offener-ring-mit-granat-in-gold\/","og_locale":"de_DE","og_type":"article","og_title":"Offener Ring mit Granat in Gold - Arteartesania","og_description":"ST\u00dcCK: Offener Ring mit Granat in Gold  MATERIAL: 925er Silber mit geschnitztem Granat, eingefasst in 18 Karat Gold.  GR\u00d6SSE: 15 (16 mm)  AUTOR: Bernat Fortesa","og_url":"https:\/\/www.arteartesania.com\/de\/producto\/offener-ring-mit-granat-in-gold\/","og_site_name":"Arteartesania","article_modified_time":"2020-09-22T17:07:54+00:00","og_image":[{"width":1024,"height":683,"url":"https:\/\/www.arteartesania.com\/wp-content\/uploads\/2020\/09\/IMG_2585-1024x683.jpg","type":"image\/jpeg"}],"twitter_card":"summary_large_image","schema":{"@context":"https:\/\/schema.org","@graph":[{"@type":"WebPage","@id":"https:\/\/www.arteartesania.com\/de\/producto\/offener-ring-mit-granat-in-gold\/","url":"https:\/\/www.arteartesania.com\/de\/producto\/offener-ring-mit-granat-in-gold\/","name":"Offener Ring mit Granat in Gold - Arteartesania","isPartOf":{"@id":"https:\/\/www.arteartesania.com\/de\/#website"},"primaryImageOfPage":{"@id":"https:\/\/www.arteartesania.com\/de\/producto\/offener-ring-mit-granat-in-gold\/#primaryimage"},"image":{"@id":"https:\/\/www.arteartesania.com\/de\/producto\/offener-ring-mit-granat-in-gold\/#primaryimage"},"thumbnailUrl":"https:\/\/www.arteartesania.com\/wp-content\/uploads\/2020\/09\/IMG_2585.jpg","datePublished":"2020-09-22T17:01:31+00:00","dateModified":"2020-09-22T17:07:54+00:00","breadcrumb":{"@id":"https:\/\/www.arteartesania.com\/de\/producto\/offener-ring-mit-granat-in-gold\/#breadcrumb"},"inLanguage":"de","potentialAction":[{"@type":"ReadAction","target":["https:\/\/www.arteartesania.com\/de\/producto\/offener-ring-mit-granat-in-gold\/"]}]},{"@type":"ImageObject","inLanguage":"de","@id":"https:\/\/www.arteartesania.com\/de\/producto\/offener-ring-mit-granat-in-gold\/#primaryimage","url":"https:\/\/www.arteartesania.com\/wp-content\/uploads\/2020\/09\/IMG_2585.jpg","contentUrl":"https:\/\/www.arteartesania.com\/wp-content\/uploads\/2020\/09\/IMG_2585.jpg","width":2560,"height":1707},{"@type":"BreadcrumbList","@id":"https:\/\/www.arteartesania.com\/de\/producto\/offener-ring-mit-granat-in-gold\/#breadcrumb","itemListElement":[{"@type":"ListItem","position":1,"name":"Portada","item":"https:\/\/www.arteartesania.com\/de\/"},{"@type":"ListItem","position":2,"name":"Shop online","item":"https:\/\/www.arteartesania.com\/de\/online-bastelladen\/"},{"@type":"ListItem","position":3,"name":"Offener Ring mit Granat in Gold"}]},{"@type":"WebSite","@id":"https:\/\/www.arteartesania.com\/de\/#website","url":"https:\/\/www.arteartesania.com\/de\/","name":"Arteartesania","description":"Original selecci\u00f3n de Artesan\u00eda Contempor\u00e1nea de Autor","publisher":{"@id":"https:\/\/www.arteartesania.com\/de\/#organization"},"potentialAction":[{"@type":"SearchAction","target":{"@type":"EntryPoint","urlTemplate":"https:\/\/www.arteartesania.com\/de\/?s={search_term_string}"},"query-input":{"@type":"PropertyValueSpecification","valueRequired":true,"valueName":"search_term_string"}}],"inLanguage":"de"},{"@type":"Organization","@id":"https:\/\/www.arteartesania.com\/de\/#organization","name":"Arteartesania","url":"https:\/\/www.arteartesania.com\/de\/","logo":{"@type":"ImageObject","inLanguage":"de","@id":"https:\/\/www.arteartesania.com\/de\/#\/schema\/logo\/image\/","url":"https:\/\/www.arteartesania.com\/wp-content\/uploads\/2019\/12\/cropped-logofooter.png","contentUrl":"https:\/\/www.arteartesania.com\/wp-content\/uploads\/2019\/12\/cropped-logofooter.png","width":539,"height":58,"caption":"Arteartesania"},"image":{"@id":"https:\/\/www.arteartesania.com\/de\/#\/schema\/logo\/image\/"}}]}},"_links":{"self":[{"href":"https:\/\/www.arteartesania.com\/de\/wp-json\/wp\/v2\/product\/8004"}],"collection":[{"href":"https:\/\/www.arteartesania.com\/de\/wp-json\/wp\/v2\/product"}],"about":[{"href":"https:\/\/www.arteartesania.com\/de\/wp-json\/wp\/v2\/types\/product"}],"replies":[{"embeddable":true,"href":"https:\/\/www.arteartesania.com\/de\/wp-json\/wp\/v2\/comments?post=8004"}],"wp:featuredmedia":[{"embeddable":true,"href":"https:\/\/www.arteartesania.com\/de\/wp-json\/wp\/v2\/media\/7993"}],"wp:attachment":[{"href":"https:\/\/www.arteartesania.com\/de\/wp-json\/wp\/v2\/media?parent=8004"}],"wp:term":[{"taxonomy":"product_cat","embeddable":true,"href":"https:\/\/www.arteartesania.com\/de\/wp-json\/wp\/v2\/product_cat?post=8004"},{"taxonomy":"product_tag","embeddable":true,"href":"https:\/\/www.arteartesania.com\/de\/wp-json\/wp\/v2\/product_tag?post=8004"}],"curies":[{"name":"wp","href":"https:\/\/api.w.org\/{rel}","templated":true}]}}