{"id":7612,"date":"2020-07-23T12:54:36","date_gmt":"2020-07-23T11:02:55","guid":{"rendered":"https:\/\/www.arteartesania.com\/?post_type=product&#038;p=7612"},"modified":"2020-07-23T13:02:55","modified_gmt":"2020-07-23T11:02:55","slug":"grosse-runde-schuessel-verfasser-jose-luis-bazan","status":"publish","type":"product","link":"https:\/\/www.arteartesania.com\/de\/producto\/grosse-runde-schuessel-verfasser-jose-luis-bazan\/","title":{"rendered":"GROSSE RUNDE SCH\u00dcSSEL   Verfasser: Jose Luis Bazan"},"content":{"rendered":"<p>GROSSE RUNDE SCH\u00dcSSEL<br \/>\nMaterial: Gemustertes, h\u00e4ngendes und polychromes Leder<br \/>\nImpfhaut<\/p>\n<p>Gr\u00f6\u00dfe: 19 x 19 x 4 cm<\/p>\n<p>Verfasser: Jose Luis Bazan<\/p>\n","protected":false},"excerpt":{"rendered":"<p>GROSSE RUNDE SCH\u00dcSSEL<br \/>\nMaterial: Gemustertes, h\u00e4ngendes und polychromes Leder<br \/>\nImpfhaut<\/p>\n<p>Gr\u00f6\u00dfe: 19 x 19 x 4 cm<\/p>\n<p>Verfasser: Jose Luis Bazan<\/p>\n","protected":false},"featured_media":7607,"comment_status":"closed","ping_status":"closed","template":"","meta":{"_acf_changed":false,"inline_featured_image":false},"product_cat":[213,252],"product_tag":[350,486],"class_list":{"0":"post-7612","1":"product","2":"type-product","3":"status-publish","4":"has-post-thumbnail","6":"product_cat-art-de","7":"product_cat-objekte","8":"product_tag-carlostellechea-soller-mallorca-joyeria-arteartesania-de","9":"product_tag-objetos-de","11":"first","12":"outofstock","13":"shipping-taxable","14":"purchasable","15":"product-type-simple"},"acf":[],"yoast_head":"<!-- This site is optimized with the Yoast SEO plugin v23.6 - https:\/\/yoast.com\/wordpress\/plugins\/seo\/ -->\n<title>GROSSE RUNDE SCH\u00dcSSEL  Verfasser: Jose Luis Bazan - Arteartesania<\/title>\n<meta name=\"robots\" content=\"index, follow, max-snippet:-1, max-image-preview:large, max-video-preview:-1\" \/>\n<link rel=\"canonical\" href=\"https:\/\/www.arteartesania.com\/de\/producto\/grosse-runde-schuessel-verfasser-jose-luis-bazan\/\" \/>\n<meta property=\"og:locale\" content=\"de_DE\" \/>\n<meta property=\"og:type\" content=\"article\" \/>\n<meta property=\"og:title\" content=\"GROSSE RUNDE SCH\u00dcSSEL  Verfasser: Jose Luis Bazan - Arteartesania\" \/>\n<meta property=\"og:description\" content=\"GROSSE RUNDE SCH\u00dcSSEL Material: Gemustertes, h\u00e4ngendes und polychromes Leder Impfhaut  Gr\u00f6\u00dfe: 19 x 19 x 4 cm  Verfasser: Jose Luis Bazan\" \/>\n<meta property=\"og:url\" content=\"https:\/\/www.arteartesania.com\/de\/producto\/grosse-runde-schuessel-verfasser-jose-luis-bazan\/\" \/>\n<meta property=\"og:site_name\" content=\"Arteartesania\" \/>\n<meta property=\"og:image\" content=\"https:\/\/www.arteartesania.com\/wp-content\/uploads\/2020\/07\/cuencos-leweve-4-ByN-3.jpg\" \/>\n\t<meta property=\"og:image:width\" content=\"2560\" \/>\n\t<meta property=\"og:image:height\" content=\"1707\" \/>\n\t<meta property=\"og:image:type\" content=\"image\/jpeg\" \/>\n<meta name=\"twitter:card\" content=\"summary_large_image\" \/>\n<script type=\"application\/ld+json\" class=\"yoast-schema-graph\">{\"@context\":\"https:\/\/schema.org\",\"@graph\":[{\"@type\":\"WebPage\",\"@id\":\"https:\/\/www.arteartesania.com\/de\/producto\/grosse-runde-schuessel-verfasser-jose-luis-bazan\/\",\"url\":\"https:\/\/www.arteartesania.com\/de\/producto\/grosse-runde-schuessel-verfasser-jose-luis-bazan\/\",\"name\":\"GROSSE RUNDE SCH\u00dcSSEL Verfasser: Jose Luis Bazan - Arteartesania\",\"isPartOf\":{\"@id\":\"https:\/\/www.arteartesania.com\/de\/#website\"},\"primaryImageOfPage\":{\"@id\":\"https:\/\/www.arteartesania.com\/de\/producto\/grosse-runde-schuessel-verfasser-jose-luis-bazan\/#primaryimage\"},\"image\":{\"@id\":\"https:\/\/www.arteartesania.com\/de\/producto\/grosse-runde-schuessel-verfasser-jose-luis-bazan\/#primaryimage\"},\"thumbnailUrl\":\"https:\/\/www.arteartesania.com\/wp-content\/uploads\/2020\/07\/cuencos-leweve-4-ByN-3.jpg\",\"datePublished\":\"2020-07-23T11:02:55+00:00\",\"dateModified\":\"2020-07-23T11:02:55+00:00\",\"breadcrumb\":{\"@id\":\"https:\/\/www.arteartesania.com\/de\/producto\/grosse-runde-schuessel-verfasser-jose-luis-bazan\/#breadcrumb\"},\"inLanguage\":\"de\",\"potentialAction\":[{\"@type\":\"ReadAction\",\"target\":[\"https:\/\/www.arteartesania.com\/de\/producto\/grosse-runde-schuessel-verfasser-jose-luis-bazan\/\"]}]},{\"@type\":\"ImageObject\",\"inLanguage\":\"de\",\"@id\":\"https:\/\/www.arteartesania.com\/de\/producto\/grosse-runde-schuessel-verfasser-jose-luis-bazan\/#primaryimage\",\"url\":\"https:\/\/www.arteartesania.com\/wp-content\/uploads\/2020\/07\/cuencos-leweve-4-ByN-3.jpg\",\"contentUrl\":\"https:\/\/www.arteartesania.com\/wp-content\/uploads\/2020\/07\/cuencos-leweve-4-ByN-3.jpg\",\"width\":2560,\"height\":1707},{\"@type\":\"BreadcrumbList\",\"@id\":\"https:\/\/www.arteartesania.com\/de\/producto\/grosse-runde-schuessel-verfasser-jose-luis-bazan\/#breadcrumb\",\"itemListElement\":[{\"@type\":\"ListItem\",\"position\":1,\"name\":\"Portada\",\"item\":\"https:\/\/www.arteartesania.com\/de\/\"},{\"@type\":\"ListItem\",\"position\":2,\"name\":\"Shop online\",\"item\":\"https:\/\/www.arteartesania.com\/de\/online-bastelladen\/\"},{\"@type\":\"ListItem\",\"position\":3,\"name\":\"GROSSE RUNDE SCH\u00dcSSEL Verfasser: Jose Luis Bazan\"}]},{\"@type\":\"WebSite\",\"@id\":\"https:\/\/www.arteartesania.com\/de\/#website\",\"url\":\"https:\/\/www.arteartesania.com\/de\/\",\"name\":\"Arteartesania\",\"description\":\"Original selecci\u00f3n de Artesan\u00eda Contempor\u00e1nea de Autor\",\"publisher\":{\"@id\":\"https:\/\/www.arteartesania.com\/de\/#organization\"},\"potentialAction\":[{\"@type\":\"SearchAction\",\"target\":{\"@type\":\"EntryPoint\",\"urlTemplate\":\"https:\/\/www.arteartesania.com\/de\/?s={search_term_string}\"},\"query-input\":{\"@type\":\"PropertyValueSpecification\",\"valueRequired\":true,\"valueName\":\"search_term_string\"}}],\"inLanguage\":\"de\"},{\"@type\":\"Organization\",\"@id\":\"https:\/\/www.arteartesania.com\/de\/#organization\",\"name\":\"Arteartesania\",\"url\":\"https:\/\/www.arteartesania.com\/de\/\",\"logo\":{\"@type\":\"ImageObject\",\"inLanguage\":\"de\",\"@id\":\"https:\/\/www.arteartesania.com\/de\/#\/schema\/logo\/image\/\",\"url\":\"https:\/\/www.arteartesania.com\/wp-content\/uploads\/2019\/12\/cropped-logofooter.png\",\"contentUrl\":\"https:\/\/www.arteartesania.com\/wp-content\/uploads\/2019\/12\/cropped-logofooter.png\",\"width\":539,\"height\":58,\"caption\":\"Arteartesania\"},\"image\":{\"@id\":\"https:\/\/www.arteartesania.com\/de\/#\/schema\/logo\/image\/\"}}]}<\/script>\n<!-- \/ Yoast SEO plugin. -->","yoast_head_json":{"title":"GROSSE RUNDE SCH\u00dcSSEL  Verfasser: Jose Luis Bazan - Arteartesania","robots":{"index":"index","follow":"follow","max-snippet":"max-snippet:-1","max-image-preview":"max-image-preview:large","max-video-preview":"max-video-preview:-1"},"canonical":"https:\/\/www.arteartesania.com\/de\/producto\/grosse-runde-schuessel-verfasser-jose-luis-bazan\/","og_locale":"de_DE","og_type":"article","og_title":"GROSSE RUNDE SCH\u00dcSSEL  Verfasser: Jose Luis Bazan - Arteartesania","og_description":"GROSSE RUNDE SCH\u00dcSSEL Material: Gemustertes, h\u00e4ngendes und polychromes Leder Impfhaut  Gr\u00f6\u00dfe: 19 x 19 x 4 cm  Verfasser: Jose Luis Bazan","og_url":"https:\/\/www.arteartesania.com\/de\/producto\/grosse-runde-schuessel-verfasser-jose-luis-bazan\/","og_site_name":"Arteartesania","og_image":[{"width":2560,"height":1707,"url":"https:\/\/www.arteartesania.com\/wp-content\/uploads\/2020\/07\/cuencos-leweve-4-ByN-3.jpg","type":"image\/jpeg"}],"twitter_card":"summary_large_image","schema":{"@context":"https:\/\/schema.org","@graph":[{"@type":"WebPage","@id":"https:\/\/www.arteartesania.com\/de\/producto\/grosse-runde-schuessel-verfasser-jose-luis-bazan\/","url":"https:\/\/www.arteartesania.com\/de\/producto\/grosse-runde-schuessel-verfasser-jose-luis-bazan\/","name":"GROSSE RUNDE SCH\u00dcSSEL Verfasser: Jose Luis Bazan - Arteartesania","isPartOf":{"@id":"https:\/\/www.arteartesania.com\/de\/#website"},"primaryImageOfPage":{"@id":"https:\/\/www.arteartesania.com\/de\/producto\/grosse-runde-schuessel-verfasser-jose-luis-bazan\/#primaryimage"},"image":{"@id":"https:\/\/www.arteartesania.com\/de\/producto\/grosse-runde-schuessel-verfasser-jose-luis-bazan\/#primaryimage"},"thumbnailUrl":"https:\/\/www.arteartesania.com\/wp-content\/uploads\/2020\/07\/cuencos-leweve-4-ByN-3.jpg","datePublished":"2020-07-23T11:02:55+00:00","dateModified":"2020-07-23T11:02:55+00:00","breadcrumb":{"@id":"https:\/\/www.arteartesania.com\/de\/producto\/grosse-runde-schuessel-verfasser-jose-luis-bazan\/#breadcrumb"},"inLanguage":"de","potentialAction":[{"@type":"ReadAction","target":["https:\/\/www.arteartesania.com\/de\/producto\/grosse-runde-schuessel-verfasser-jose-luis-bazan\/"]}]},{"@type":"ImageObject","inLanguage":"de","@id":"https:\/\/www.arteartesania.com\/de\/producto\/grosse-runde-schuessel-verfasser-jose-luis-bazan\/#primaryimage","url":"https:\/\/www.arteartesania.com\/wp-content\/uploads\/2020\/07\/cuencos-leweve-4-ByN-3.jpg","contentUrl":"https:\/\/www.arteartesania.com\/wp-content\/uploads\/2020\/07\/cuencos-leweve-4-ByN-3.jpg","width":2560,"height":1707},{"@type":"BreadcrumbList","@id":"https:\/\/www.arteartesania.com\/de\/producto\/grosse-runde-schuessel-verfasser-jose-luis-bazan\/#breadcrumb","itemListElement":[{"@type":"ListItem","position":1,"name":"Portada","item":"https:\/\/www.arteartesania.com\/de\/"},{"@type":"ListItem","position":2,"name":"Shop online","item":"https:\/\/www.arteartesania.com\/de\/online-bastelladen\/"},{"@type":"ListItem","position":3,"name":"GROSSE RUNDE SCH\u00dcSSEL Verfasser: Jose Luis Bazan"}]},{"@type":"WebSite","@id":"https:\/\/www.arteartesania.com\/de\/#website","url":"https:\/\/www.arteartesania.com\/de\/","name":"Arteartesania","description":"Original selecci\u00f3n de Artesan\u00eda Contempor\u00e1nea de Autor","publisher":{"@id":"https:\/\/www.arteartesania.com\/de\/#organization"},"potentialAction":[{"@type":"SearchAction","target":{"@type":"EntryPoint","urlTemplate":"https:\/\/www.arteartesania.com\/de\/?s={search_term_string}"},"query-input":{"@type":"PropertyValueSpecification","valueRequired":true,"valueName":"search_term_string"}}],"inLanguage":"de"},{"@type":"Organization","@id":"https:\/\/www.arteartesania.com\/de\/#organization","name":"Arteartesania","url":"https:\/\/www.arteartesania.com\/de\/","logo":{"@type":"ImageObject","inLanguage":"de","@id":"https:\/\/www.arteartesania.com\/de\/#\/schema\/logo\/image\/","url":"https:\/\/www.arteartesania.com\/wp-content\/uploads\/2019\/12\/cropped-logofooter.png","contentUrl":"https:\/\/www.arteartesania.com\/wp-content\/uploads\/2019\/12\/cropped-logofooter.png","width":539,"height":58,"caption":"Arteartesania"},"image":{"@id":"https:\/\/www.arteartesania.com\/de\/#\/schema\/logo\/image\/"}}]}},"_links":{"self":[{"href":"https:\/\/www.arteartesania.com\/de\/wp-json\/wp\/v2\/product\/7612"}],"collection":[{"href":"https:\/\/www.arteartesania.com\/de\/wp-json\/wp\/v2\/product"}],"about":[{"href":"https:\/\/www.arteartesania.com\/de\/wp-json\/wp\/v2\/types\/product"}],"replies":[{"embeddable":true,"href":"https:\/\/www.arteartesania.com\/de\/wp-json\/wp\/v2\/comments?post=7612"}],"wp:featuredmedia":[{"embeddable":true,"href":"https:\/\/www.arteartesania.com\/de\/wp-json\/wp\/v2\/media\/7607"}],"wp:attachment":[{"href":"https:\/\/www.arteartesania.com\/de\/wp-json\/wp\/v2\/media?parent=7612"}],"wp:term":[{"taxonomy":"product_cat","embeddable":true,"href":"https:\/\/www.arteartesania.com\/de\/wp-json\/wp\/v2\/product_cat?post=7612"},{"taxonomy":"product_tag","embeddable":true,"href":"https:\/\/www.arteartesania.com\/de\/wp-json\/wp\/v2\/product_tag?post=7612"}],"curies":[{"name":"wp","href":"https:\/\/api.w.org\/{rel}","templated":true}]}}